{"id":6675,"date":"2023-12-20T11:35:33","date_gmt":"2023-12-20T10:35:33","guid":{"rendered":"https:\/\/greencottage.be\/elegantie-in-het-koning-boudewijnstadion-voor-uw-professionele-evenementen\/"},"modified":"2024-03-11T14:44:09","modified_gmt":"2024-03-11T13:44:09","slug":"elegantie-in-het-koning-boudewijnstadion-voor-uw-professionele-evenementen","status":"publish","type":"page","link":"https:\/\/greencottage.be\/nl\/elegantie-in-het-koning-boudewijnstadion-voor-uw-professionele-evenementen\/","title":{"rendered":"Elegantie in het Koning Boudewijnstadion voor uw professionele evenementen!"},"content":{"rendered":"\n<div class=\"wp-block-columns is-layout-flex wp-container-core-columns-is-layout-9d6595d7 wp-block-columns-is-layout-flex\">\n<div class=\"wp-block-column is-vertically-aligned-top is-layout-flow wp-block-column-is-layout-flow\">\n<figure class=\"wp-block-image size-large\"><img loading=\"lazy\" decoding=\"async\" width=\"1024\" height=\"577\" src=\"https:\/\/greencottage.be\/wp-content\/uploads\/2023\/11\/Piste-terminee-1024x577.png\" alt=\"\" class=\"wp-image-6517\" srcset=\"https:\/\/greencottage.be\/wp-content\/uploads\/2023\/11\/Piste-terminee-1024x577.png 1024w, https:\/\/greencottage.be\/wp-content\/uploads\/2023\/11\/Piste-terminee-600x338.png 600w, https:\/\/greencottage.be\/wp-content\/uploads\/2023\/11\/Piste-terminee-768x432.png 768w, https:\/\/greencottage.be\/wp-content\/uploads\/2023\/11\/Piste-terminee-1536x865.png 1536w, https:\/\/greencottage.be\/wp-content\/uploads\/2023\/11\/Piste-terminee-2048x1153.png 2048w, https:\/\/greencottage.be\/wp-content\/uploads\/2023\/11\/Piste-terminee-1200x676.png 1200w\" sizes=\"auto, (max-width: 1024px) 100vw, 1024px\" \/><\/figure>\n<\/div>\n\n\n\n<div class=\"wp-block-column is-layout-flow wp-block-column-is-layout-flow\">\n<h2 class=\"wp-block-heading\">Ontdek het prestige van het Koning Boudewijnstadion:<\/h2>\n\n\n\n<p>Uniek prestige: Mythische plek doordrenkt van geschiedenis.<br\/>&gt;Flexibele capaciteit: van 50 tot 200 personen.<br\/>Centrale ligging: gemakkelijke toegang tot het hart van Brussel.<\/p>\n\n\n\n<p><strong>Boek voor uitzonderlijke professionele evenementen!<\/strong><\/p>\n<\/div>\n<\/div>\n\n<div class=\"wp-block-columns are-vertically-aligned-center callToAction has-background is-layout-flex wp-container-core-columns-is-layout-9d6595d7 wp-block-columns-is-layout-flex\" style=\"background-color:#f1f1f1\">\n<div class=\"wp-block-column is-vertically-aligned-center is-layout-flow wp-block-column-is-layout-flow\" style=\"flex-basis:66.66%\">\n<h2 class=\"wp-block-heading has-text-align-left\" id=\"schedule-a-visit\" style=\"font-size:25px;line-height:1.15\"><strong>Green Cottage <\/strong>&#8220;BUDGET&#8221;<\/h2>\n\n\n\n<p>Ik zou graag meer informatie willen hebben over de mogelijkheid om een \u200b\u200bseminarie te organiseren in het <strong>&#8220;Koning Boudewijnstadion&#8221;<\/strong>.<\/p>\n<\/div>\n\n\n\n<div class=\"wp-block-column is-vertically-aligned-center is-layout-flow wp-block-column-is-layout-flow\" style=\"flex-basis:33.33%\">\n<div class=\"wp-block-buttons is-layout-flex wp-block-buttons-is-layout-flex\">\n<div class=\"wp-block-button has-custom-width wp-block-button__width-100 has-custom-font-size\" style=\"font-size:15px\"><a class=\"wp-block-button__link wp-element-button\" href=\"https:\/\/greencottage.be\/nl\/contacteer-de-green-cottage\/\" target=\"_blank\" rel=\"noreferrer noopener\">Organiseer mijn seminar<\/a><\/div>\n<\/div>\n<\/div>\n<\/div>\n\n<hr class=\"wp-block-separator has-alpha-channel-opacity\"\/>\n\n<div class=\"wp-block-columns is-layout-flex wp-container-core-columns-is-layout-9d6595d7 wp-block-columns-is-layout-flex\">\n<div class=\"wp-block-column is-layout-flow wp-block-column-is-layout-flow\">\n<h2 class=\"wp-block-heading\"><strong>Ontdek de exclusiviteit in het Koning Boudewijnstadion voor uw bedrijfsevenementen<\/strong><\/h2>\n\n\n\n<p>The Green Cottage biedt u ook de spanning van Brussel, Greencottage.be biedt u een unieke kans om een \u200b\u200buitzonderlijke dimensie te geven aan uw bedrijfsevenementen. Met trots kondigen wij de toevoeging aan van twee nieuwe prestigieuze zalen in het Mythische Koning Boudewijnstadion, die een onge\u00ebvenaarde ervaring bieden voor uw seminaries, conferenties en professionele bijeenkomsten.<\/p>\n<\/div>\n\n\n\n<div class=\"wp-block-column is-layout-flow wp-block-column-is-layout-flow\">\n<p><\/p>\n\n\n\n<figure class=\"wp-block-image size-full\"><img loading=\"lazy\" decoding=\"async\" width=\"864\" height=\"486\" src=\"https:\/\/greencottage.be\/wp-content\/uploads\/2023\/12\/stade02.jpg\" alt=\"\" class=\"wp-image-6574\" srcset=\"https:\/\/greencottage.be\/wp-content\/uploads\/2023\/12\/stade02.jpg 864w, https:\/\/greencottage.be\/wp-content\/uploads\/2023\/12\/stade02-600x338.jpg 600w, https:\/\/greencottage.be\/wp-content\/uploads\/2023\/12\/stade02-768x432.jpg 768w\" sizes=\"auto, (max-width: 864px) 100vw, 864px\" \/><\/figure>\n<\/div>\n<\/div>\n\n<div class=\"wp-block-columns are-vertically-aligned-center callToAction has-background is-layout-flex wp-container-core-columns-is-layout-9d6595d7 wp-block-columns-is-layout-flex\" style=\"background-color:#f1f1f1\">\n<div class=\"wp-block-column is-vertically-aligned-center is-layout-flow wp-block-column-is-layout-flow\" style=\"flex-basis:66.66%\">\n<h2 class=\"wp-block-heading has-text-align-left\" id=\"schedule-a-visit\" style=\"font-size:25px;line-height:1.15\">Vraag een gepersonaliseerde offerte aan voor uw seminarie in het Koning Boudewijnstadion!<\/h2>\n<\/div>\n\n\n\n<div class=\"wp-block-column is-vertically-aligned-center is-layout-flow wp-block-column-is-layout-flow\" style=\"flex-basis:33.33%\">\n<div class=\"wp-block-buttons is-layout-flex wp-block-buttons-is-layout-flex\">\n<div class=\"wp-block-button has-custom-width wp-block-button__width-100 has-custom-font-size\" style=\"font-size:15px\"><a class=\"wp-block-button__link wp-element-button\" href=\"https:\/\/greencottage.be\/nl\/contacteer-de-green-cottage\/\" target=\"_blank\" rel=\"noreferrer noopener\">Organiseer mijn seminar<\/a><\/div>\n<\/div>\n<\/div>\n<\/div>\n\n<hr class=\"wp-block-separator has-alpha-channel-opacity\"\/>\n\n<div class=\"wp-block-columns is-layout-flex wp-container-core-columns-is-layout-9d6595d7 wp-block-columns-is-layout-flex\">\n<div class=\"wp-block-column is-vertically-aligned-top is-layout-flow wp-block-column-is-layout-flow\">\n<figure class=\"wp-block-image size-full\"><img loading=\"lazy\" decoding=\"async\" width=\"888\" height=\"500\" src=\"https:\/\/greencottage.be\/wp-content\/uploads\/2023\/12\/stade03.jpg\" alt=\"\" class=\"wp-image-6577\" srcset=\"https:\/\/greencottage.be\/wp-content\/uploads\/2023\/12\/stade03.jpg 888w, https:\/\/greencottage.be\/wp-content\/uploads\/2023\/12\/stade03-600x338.jpg 600w, https:\/\/greencottage.be\/wp-content\/uploads\/2023\/12\/stade03-768x432.jpg 768w\" sizes=\"auto, (max-width: 888px) 100vw, 888px\" \/><\/figure>\n<\/div>\n\n\n\n<div class=\"wp-block-column is-layout-flow wp-block-column-is-layout-flow\">\n<h3 class=\"wp-block-heading\">1. Onge\u00ebvenaard prestige<\/h3>\n\n\n\n<p>Stel je voor dat je collega\u2019s, klanten en partners versteld staan \u200b\u200bvan de prestigieuze sfeer van het Koning Boudewijnstadion, een plek doordrenkt van geschiedenis en grandeur. Laat u meevoeren door de unieke uitstraling van deze legendarische locatie, die een ideaal decor biedt voor memorabele bedrijfsevenementen.<\/p>\n<\/div>\n<\/div>\n\n<hr class=\"wp-block-separator has-alpha-channel-opacity\"\/>\n\n<div class=\"wp-block-columns is-layout-flex wp-container-core-columns-is-layout-9d6595d7 wp-block-columns-is-layout-flex\">\n<div class=\"wp-block-column is-vertically-aligned-top is-layout-flow wp-block-column-is-layout-flow\">\n<figure class=\"wp-block-image size-full\"><img loading=\"lazy\" decoding=\"async\" width=\"768\" height=\"494\" src=\"https:\/\/greencottage.be\/wp-content\/uploads\/2023\/12\/stade04.jpg\" alt=\"\" class=\"wp-image-6580\" srcset=\"https:\/\/greencottage.be\/wp-content\/uploads\/2023\/12\/stade04.jpg 768w, https:\/\/greencottage.be\/wp-content\/uploads\/2023\/12\/stade04-600x386.jpg 600w\" sizes=\"auto, (max-width: 768px) 100vw, 768px\" \/><\/figure>\n<\/div>\n\n\n\n<div class=\"wp-block-column is-layout-flow wp-block-column-is-layout-flow\">\n<h3 class=\"wp-block-heading\">2. Flexibele ontvangstcapaciteiten<\/h3>\n\n\n\n<p>Met onze twee nieuwe zalen bieden wij flexibele ontvangstcapaciteiten om aan uw specifieke behoeften te voldoen. Of uw evenement nu 50 personen of maximaal 200 gasten samenbrengt, onze ruimtes kunnen worden aangepast om de perfecte sfeer te cre\u00ebren. Profiteer van de veelzijdigheid van onze faciliteiten om uw ervaring te personaliseren en indruk te maken op uw gasten.<\/p>\n<\/div>\n<\/div>\n\n<hr class=\"wp-block-separator has-alpha-channel-opacity\"\/>\n\n<div class=\"wp-block-columns is-layout-flex wp-container-core-columns-is-layout-9d6595d7 wp-block-columns-is-layout-flex\">\n<div class=\"wp-block-column is-vertically-aligned-top is-layout-flow wp-block-column-is-layout-flow\">\n<figure class=\"wp-block-image size-full\"><img loading=\"lazy\" decoding=\"async\" width=\"768\" height=\"494\" src=\"https:\/\/greencottage.be\/wp-content\/uploads\/2023\/12\/stade05.jpg\" alt=\"\" class=\"wp-image-6583\" srcset=\"https:\/\/greencottage.be\/wp-content\/uploads\/2023\/12\/stade05.jpg 768w, https:\/\/greencottage.be\/wp-content\/uploads\/2023\/12\/stade05-600x386.jpg 600w\" sizes=\"auto, (max-width: 768px) 100vw, 768px\" \/><\/figure>\n<\/div>\n\n\n\n<div class=\"wp-block-column is-layout-flow wp-block-column-is-layout-flow\">\n<h3 class=\"wp-block-heading\">3. Strategische ligging in het hart van Brussel<\/h3>\n\n\n\n<p>Duik in het hart van de actie! Het Koning Boudewijnstadion, genesteld in het centrum van Brussel, biedt een optimale bereikbaarheid en maakt het reizen voor uw gasten gemakkelijker. Geniet van de opwinding van de stad en cre\u00eber onvergetelijke momenten in een exclusieve en prestigieuze omgeving.<\/p>\n<\/div>\n<\/div>\n\n<hr class=\"wp-block-separator has-alpha-channel-opacity\"\/>\n\n<figure class=\"wp-block-image size-large\"><img loading=\"lazy\" decoding=\"async\" width=\"1024\" height=\"683\" src=\"https:\/\/greencottage.be\/wp-content\/uploads\/2023\/12\/stadium-meeting-1024x683.jpg\" alt=\"\" class=\"wp-image-6589\" srcset=\"https:\/\/greencottage.be\/wp-content\/uploads\/2023\/12\/stadium-meeting-1024x683.jpg 1024w, https:\/\/greencottage.be\/wp-content\/uploads\/2023\/12\/stadium-meeting-600x400.jpg 600w, https:\/\/greencottage.be\/wp-content\/uploads\/2023\/12\/stadium-meeting-768x512.jpg 768w, https:\/\/greencottage.be\/wp-content\/uploads\/2023\/12\/stadium-meeting-1536x1024.jpg 1536w, https:\/\/greencottage.be\/wp-content\/uploads\/2023\/12\/stadium-meeting-2048x1365.jpg 2048w, https:\/\/greencottage.be\/wp-content\/uploads\/2023\/12\/stadium-meeting-1200x800.jpg 1200w\" sizes=\"auto, (max-width: 1024px) 100vw, 1024px\" \/><\/figure>\n\n<p>Reserveer nu om de beschikbaarheid van deze exclusieve ruimtes te garanderen en uw bedrijfsevenementen een onderscheidend tintje te geven in het Mythische Koning Boudewijnstadion. Laten we van elk moment een onvergetelijke ervaring maken.<\/p>\n","protected":false},"excerpt":{"rendered":"<p>Ontdek het prestige van het Koning Boudewijnstadion: Uniek prestige: Mythische plek doordrenkt van geschiedenis.&gt;Flexibele capaciteit: van 50 tot 200 personen.Centrale ligging: gemakkelijke toegang tot het hart van Brussel. Boek voor uitzonderlijke professionele evenementen! Green Cottage &#8220;BUDGET&#8221; Ik zou graag meer informatie willen hebben over de mogelijkheid om een \u200b\u200bseminarie te organiseren in het &#8220;Koning Boudewijnstadion&#8221;. [&hellip;]<\/p>\n","protected":false},"author":6,"featured_media":6518,"parent":0,"menu_order":0,"comment_status":"closed","ping_status":"closed","template":"","meta":{"_genesis_hide_title":false,"_genesis_hide_breadcrumbs":false,"_genesis_hide_singular_image":false,"_genesis_hide_footer_widgets":false,"_genesis_custom_body_class":"","_genesis_custom_post_class":"","_genesis_layout":"","footnotes":""},"class_list":{"0":"post-6675","1":"page","2":"type-page","3":"status-publish","4":"has-post-thumbnail","6":"entry"},"yoast_head":"<!-- This site is optimized with the Yoast SEO plugin v27.5 - https:\/\/yoast.com\/product\/yoast-seo-wordpress\/ -->\n<title>Elegantie in het Koning Boudewijnstadion voor uw professionele evenementen!<\/title>\n<meta name=\"robots\" content=\"index, follow, max-snippet:-1, max-image-preview:large, max-video-preview:-1\" \/>\n<link rel=\"canonical\" href=\"https:\/\/greencottage.be\/nl\/elegantie-in-het-koning-boudewijnstadion-voor-uw-professionele-evenementen\/\" \/>\n<meta property=\"og:locale\" content=\"nl_BE\" \/>\n<meta property=\"og:type\" content=\"article\" \/>\n<meta property=\"og:title\" content=\"Elegantie in het Koning Boudewijnstadion voor uw professionele evenementen!\" \/>\n<meta property=\"og:description\" content=\"Ontdek het prestige van het Koning Boudewijnstadion: Uniek prestige: Mythische plek doordrenkt van geschiedenis.&gt;Flexibele capaciteit: van 50 tot 200 personen.Centrale ligging: gemakkelijke toegang tot het hart van Brussel. Boek voor uitzonderlijke professionele evenementen! Green Cottage &#8220;BUDGET&#8221; Ik zou graag meer informatie willen hebben over de mogelijkheid om een \u200b\u200bseminarie te organiseren in het &#8220;Koning Boudewijnstadion&#8221;. [&hellip;]\" \/>\n<meta property=\"og:url\" content=\"https:\/\/greencottage.be\/nl\/elegantie-in-het-koning-boudewijnstadion-voor-uw-professionele-evenementen\/\" \/>\n<meta property=\"og:site_name\" content=\"Green Cottage\" \/>\n<meta property=\"article:publisher\" content=\"https:\/\/www.facebook.com\/www.greencottage.be\" \/>\n<meta property=\"article:modified_time\" content=\"2024-03-11T13:44:09+00:00\" \/>\n<meta property=\"og:image\" content=\"https:\/\/greencottage.be\/wp-content\/uploads\/2023\/11\/Piste-terminee-1024x577.png\" \/>\n\t<meta property=\"og:image:width\" content=\"1024\" \/>\n\t<meta property=\"og:image:height\" content=\"577\" \/>\n\t<meta property=\"og:image:type\" content=\"image\/png\" \/>\n<meta name=\"twitter:card\" content=\"summary_large_image\" \/>\n<meta name=\"twitter:label1\" content=\"Geschatte leestijd\" \/>\n\t<meta name=\"twitter:data1\" content=\"2 minutes\" \/>\n<script type=\"application\/ld+json\" class=\"yoast-schema-graph\">{\"@context\":\"https:\\\/\\\/schema.org\",\"@graph\":[{\"@type\":\"WebPage\",\"@id\":\"https:\\\/\\\/greencottage.be\\\/nl\\\/elegantie-in-het-koning-boudewijnstadion-voor-uw-professionele-evenementen\\\/\",\"url\":\"https:\\\/\\\/greencottage.be\\\/nl\\\/elegantie-in-het-koning-boudewijnstadion-voor-uw-professionele-evenementen\\\/\",\"name\":\"Elegantie in het Koning Boudewijnstadion voor uw professionele evenementen!\",\"isPartOf\":{\"@id\":\"https:\\\/\\\/greencottage.be\\\/nl\\\/#website\"},\"primaryImageOfPage\":{\"@id\":\"https:\\\/\\\/greencottage.be\\\/nl\\\/elegantie-in-het-koning-boudewijnstadion-voor-uw-professionele-evenementen\\\/#primaryimage\"},\"image\":{\"@id\":\"https:\\\/\\\/greencottage.be\\\/nl\\\/elegantie-in-het-koning-boudewijnstadion-voor-uw-professionele-evenementen\\\/#primaryimage\"},\"thumbnailUrl\":\"https:\\\/\\\/greencottage.be\\\/wp-content\\\/uploads\\\/2023\\\/11\\\/Piste-terminee.png\",\"datePublished\":\"2023-12-20T10:35:33+00:00\",\"dateModified\":\"2024-03-11T13:44:09+00:00\",\"breadcrumb\":{\"@id\":\"https:\\\/\\\/greencottage.be\\\/nl\\\/elegantie-in-het-koning-boudewijnstadion-voor-uw-professionele-evenementen\\\/#breadcrumb\"},\"inLanguage\":\"nl-BE\",\"potentialAction\":[{\"@type\":\"ReadAction\",\"target\":[\"https:\\\/\\\/greencottage.be\\\/nl\\\/elegantie-in-het-koning-boudewijnstadion-voor-uw-professionele-evenementen\\\/\"]}]},{\"@type\":\"ImageObject\",\"inLanguage\":\"nl-BE\",\"@id\":\"https:\\\/\\\/greencottage.be\\\/nl\\\/elegantie-in-het-koning-boudewijnstadion-voor-uw-professionele-evenementen\\\/#primaryimage\",\"url\":\"https:\\\/\\\/greencottage.be\\\/wp-content\\\/uploads\\\/2023\\\/11\\\/Piste-terminee.png\",\"contentUrl\":\"https:\\\/\\\/greencottage.be\\\/wp-content\\\/uploads\\\/2023\\\/11\\\/Piste-terminee.png\",\"width\":4000,\"height\":2252,\"caption\":\"Stade s\u00e9minaire\"},{\"@type\":\"BreadcrumbList\",\"@id\":\"https:\\\/\\\/greencottage.be\\\/nl\\\/elegantie-in-het-koning-boudewijnstadion-voor-uw-professionele-evenementen\\\/#breadcrumb\",\"itemListElement\":[{\"@type\":\"ListItem\",\"position\":1,\"name\":\"Accueil\",\"item\":\"https:\\\/\\\/greencottage.be\\\/nl\\\/\"},{\"@type\":\"ListItem\",\"position\":2,\"name\":\"Elegantie in het Koning Boudewijnstadion voor uw professionele evenementen!\"}]},{\"@type\":\"WebSite\",\"@id\":\"https:\\\/\\\/greencottage.be\\\/nl\\\/#website\",\"url\":\"https:\\\/\\\/greencottage.be\\\/nl\\\/\",\"name\":\"Green Cottage\",\"description\":\"Salle de r\u00e9union \\\/ S\u00e9minaire au vert \u00e0 proximit\u00e9 de Bruxelles\",\"publisher\":{\"@id\":\"https:\\\/\\\/greencottage.be\\\/nl\\\/#organization\"},\"potentialAction\":[{\"@type\":\"SearchAction\",\"target\":{\"@type\":\"EntryPoint\",\"urlTemplate\":\"https:\\\/\\\/greencottage.be\\\/nl\\\/?s={search_term_string}\"},\"query-input\":{\"@type\":\"PropertyValueSpecification\",\"valueRequired\":true,\"valueName\":\"search_term_string\"}}],\"inLanguage\":\"nl-BE\"},{\"@type\":\"Organization\",\"@id\":\"https:\\\/\\\/greencottage.be\\\/nl\\\/#organization\",\"name\":\"Green Cottage\",\"url\":\"https:\\\/\\\/greencottage.be\\\/nl\\\/\",\"logo\":{\"@type\":\"ImageObject\",\"inLanguage\":\"nl-BE\",\"@id\":\"https:\\\/\\\/greencottage.be\\\/nl\\\/#\\\/schema\\\/logo\\\/image\\\/\",\"url\":\"https:\\\/\\\/greencottage.be\\\/wp-content\\\/uploads\\\/2023\\\/11\\\/cropped-Greencottage_logo-01.png\",\"contentUrl\":\"https:\\\/\\\/greencottage.be\\\/wp-content\\\/uploads\\\/2023\\\/11\\\/cropped-Greencottage_logo-01.png\",\"width\":400,\"height\":302,\"caption\":\"Green Cottage\"},\"image\":{\"@id\":\"https:\\\/\\\/greencottage.be\\\/nl\\\/#\\\/schema\\\/logo\\\/image\\\/\"},\"sameAs\":[\"https:\\\/\\\/www.facebook.com\\\/www.greencottage.be\"]}]}<\/script>\n<!-- \/ Yoast SEO plugin. -->","yoast_head_json":{"title":"Elegantie in het Koning Boudewijnstadion voor uw professionele evenementen!","robots":{"index":"index","follow":"follow","max-snippet":"max-snippet:-1","max-image-preview":"max-image-preview:large","max-video-preview":"max-video-preview:-1"},"canonical":"https:\/\/greencottage.be\/nl\/elegantie-in-het-koning-boudewijnstadion-voor-uw-professionele-evenementen\/","og_locale":"nl_BE","og_type":"article","og_title":"Elegantie in het Koning Boudewijnstadion voor uw professionele evenementen!","og_description":"Ontdek het prestige van het Koning Boudewijnstadion: Uniek prestige: Mythische plek doordrenkt van geschiedenis.&gt;Flexibele capaciteit: van 50 tot 200 personen.Centrale ligging: gemakkelijke toegang tot het hart van Brussel. Boek voor uitzonderlijke professionele evenementen! Green Cottage &#8220;BUDGET&#8221; Ik zou graag meer informatie willen hebben over de mogelijkheid om een \u200b\u200bseminarie te organiseren in het &#8220;Koning Boudewijnstadion&#8221;. [&hellip;]","og_url":"https:\/\/greencottage.be\/nl\/elegantie-in-het-koning-boudewijnstadion-voor-uw-professionele-evenementen\/","og_site_name":"Green Cottage","article_publisher":"https:\/\/www.facebook.com\/www.greencottage.be","article_modified_time":"2024-03-11T13:44:09+00:00","og_image":[{"width":1024,"height":577,"url":"https:\/\/greencottage.be\/wp-content\/uploads\/2023\/11\/Piste-terminee-1024x577.png","type":"image\/png"}],"twitter_card":"summary_large_image","twitter_misc":{"Geschatte leestijd":"2 minutes"},"schema":{"@context":"https:\/\/schema.org","@graph":[{"@type":"WebPage","@id":"https:\/\/greencottage.be\/nl\/elegantie-in-het-koning-boudewijnstadion-voor-uw-professionele-evenementen\/","url":"https:\/\/greencottage.be\/nl\/elegantie-in-het-koning-boudewijnstadion-voor-uw-professionele-evenementen\/","name":"Elegantie in het Koning Boudewijnstadion voor uw professionele evenementen!","isPartOf":{"@id":"https:\/\/greencottage.be\/nl\/#website"},"primaryImageOfPage":{"@id":"https:\/\/greencottage.be\/nl\/elegantie-in-het-koning-boudewijnstadion-voor-uw-professionele-evenementen\/#primaryimage"},"image":{"@id":"https:\/\/greencottage.be\/nl\/elegantie-in-het-koning-boudewijnstadion-voor-uw-professionele-evenementen\/#primaryimage"},"thumbnailUrl":"https:\/\/greencottage.be\/wp-content\/uploads\/2023\/11\/Piste-terminee.png","datePublished":"2023-12-20T10:35:33+00:00","dateModified":"2024-03-11T13:44:09+00:00","breadcrumb":{"@id":"https:\/\/greencottage.be\/nl\/elegantie-in-het-koning-boudewijnstadion-voor-uw-professionele-evenementen\/#breadcrumb"},"inLanguage":"nl-BE","potentialAction":[{"@type":"ReadAction","target":["https:\/\/greencottage.be\/nl\/elegantie-in-het-koning-boudewijnstadion-voor-uw-professionele-evenementen\/"]}]},{"@type":"ImageObject","inLanguage":"nl-BE","@id":"https:\/\/greencottage.be\/nl\/elegantie-in-het-koning-boudewijnstadion-voor-uw-professionele-evenementen\/#primaryimage","url":"https:\/\/greencottage.be\/wp-content\/uploads\/2023\/11\/Piste-terminee.png","contentUrl":"https:\/\/greencottage.be\/wp-content\/uploads\/2023\/11\/Piste-terminee.png","width":4000,"height":2252,"caption":"Stade s\u00e9minaire"},{"@type":"BreadcrumbList","@id":"https:\/\/greencottage.be\/nl\/elegantie-in-het-koning-boudewijnstadion-voor-uw-professionele-evenementen\/#breadcrumb","itemListElement":[{"@type":"ListItem","position":1,"name":"Accueil","item":"https:\/\/greencottage.be\/nl\/"},{"@type":"ListItem","position":2,"name":"Elegantie in het Koning Boudewijnstadion voor uw professionele evenementen!"}]},{"@type":"WebSite","@id":"https:\/\/greencottage.be\/nl\/#website","url":"https:\/\/greencottage.be\/nl\/","name":"Green Cottage","description":"Salle de r\u00e9union \/ S\u00e9minaire au vert \u00e0 proximit\u00e9 de Bruxelles","publisher":{"@id":"https:\/\/greencottage.be\/nl\/#organization"},"potentialAction":[{"@type":"SearchAction","target":{"@type":"EntryPoint","urlTemplate":"https:\/\/greencottage.be\/nl\/?s={search_term_string}"},"query-input":{"@type":"PropertyValueSpecification","valueRequired":true,"valueName":"search_term_string"}}],"inLanguage":"nl-BE"},{"@type":"Organization","@id":"https:\/\/greencottage.be\/nl\/#organization","name":"Green Cottage","url":"https:\/\/greencottage.be\/nl\/","logo":{"@type":"ImageObject","inLanguage":"nl-BE","@id":"https:\/\/greencottage.be\/nl\/#\/schema\/logo\/image\/","url":"https:\/\/greencottage.be\/wp-content\/uploads\/2023\/11\/cropped-Greencottage_logo-01.png","contentUrl":"https:\/\/greencottage.be\/wp-content\/uploads\/2023\/11\/cropped-Greencottage_logo-01.png","width":400,"height":302,"caption":"Green Cottage"},"image":{"@id":"https:\/\/greencottage.be\/nl\/#\/schema\/logo\/image\/"},"sameAs":["https:\/\/www.facebook.com\/www.greencottage.be"]}]}},"_links":{"self":[{"href":"https:\/\/greencottage.be\/nl\/wp-json\/wp\/v2\/pages\/6675","targetHints":{"allow":["GET"]}}],"collection":[{"href":"https:\/\/greencottage.be\/nl\/wp-json\/wp\/v2\/pages"}],"about":[{"href":"https:\/\/greencottage.be\/nl\/wp-json\/wp\/v2\/types\/page"}],"author":[{"embeddable":true,"href":"https:\/\/greencottage.be\/nl\/wp-json\/wp\/v2\/users\/6"}],"replies":[{"embeddable":true,"href":"https:\/\/greencottage.be\/nl\/wp-json\/wp\/v2\/comments?post=6675"}],"version-history":[{"count":2,"href":"https:\/\/greencottage.be\/nl\/wp-json\/wp\/v2\/pages\/6675\/revisions"}],"predecessor-version":[{"id":6678,"href":"https:\/\/greencottage.be\/nl\/wp-json\/wp\/v2\/pages\/6675\/revisions\/6678"}],"wp:featuredmedia":[{"embeddable":true,"href":"https:\/\/greencottage.be\/nl\/wp-json\/wp\/v2\/media\/6518"}],"wp:attachment":[{"href":"https:\/\/greencottage.be\/nl\/wp-json\/wp\/v2\/media?parent=6675"}],"curies":[{"name":"wp","href":"https:\/\/api.w.org\/{rel}","templated":true}]}}