{"id":5906,"date":"2022-11-08T10:36:09","date_gmt":"2022-11-08T09:36:09","guid":{"rendered":"https:\/\/greencottage.be\/uitzonderlijke-internationale-seminaries\/"},"modified":"2025-09-29T15:14:16","modified_gmt":"2025-09-29T13:14:16","slug":"uitzonderlijke-internationale-seminaries","status":"publish","type":"page","link":"https:\/\/greencottage.be\/nl\/uitzonderlijke-internationale-seminaries\/","title":{"rendered":"Uitzonderlijke internationale seminaries"},"content":{"rendered":"\n<div class=\"wp-block-columns is-layout-flex wp-container-core-columns-is-layout-9d6595d7 wp-block-columns-is-layout-flex\">\n<div class=\"wp-block-column is-vertically-aligned-top is-layout-flow wp-block-column-is-layout-flow\">\n<figure class=\"wp-block-image size-large\"><img loading=\"lazy\" decoding=\"async\" width=\"1024\" height=\"683\" src=\"https:\/\/greencottage.be\/wp-content\/uploads\/2022\/11\/green-essaouira-hall-1024x683.jpg\" alt=\"\" class=\"wp-image-4719\" srcset=\"https:\/\/greencottage.be\/wp-content\/uploads\/2022\/11\/green-essaouira-hall-1024x683.jpg 1024w, https:\/\/greencottage.be\/wp-content\/uploads\/2022\/11\/green-essaouira-hall-600x400.jpg 600w, https:\/\/greencottage.be\/wp-content\/uploads\/2022\/11\/green-essaouira-hall-768x512.jpg 768w, https:\/\/greencottage.be\/wp-content\/uploads\/2022\/11\/green-essaouira-hall.jpg 1080w\" sizes=\"auto, (max-width: 1024px) 100vw, 1024px\" \/><\/figure>\n<\/div>\n\n\n\n<div class=\"wp-block-column is-layout-flow wp-block-column-is-layout-flow\">\n<p>Green Cottage Essaouira &#8220;ARUBA ESSAOUIRA&#8221; is een prachtige karaktervol domein die trouw blijft aan de authentieke geest van oude kasba&#8217;s, terwijl het tegelijkertijd beschikt over alle moderne voorzieningen voor uw seminaries en teamuitjes. Authenticiteit en rust maken deze plek de ideale plek voor uw vergaderingen, een teamuitje midden in de natuur en het versterken van uw banden op een bijzondere plek. <br\/><br\/>Uw collega&#8217;s zullen genieten van de sereniteit en gastvrijheid van deze magische en aantrekkelijke plek.<\/p>\n<\/div>\n<\/div>\n\n<div class=\"wp-block-columns are-vertically-aligned-center callToAction has-background is-layout-flex wp-container-core-columns-is-layout-9d6595d7 wp-block-columns-is-layout-flex\" style=\"background-color:#f1f1f1\">\n<div class=\"wp-block-column is-vertically-aligned-center is-layout-flow wp-block-column-is-layout-flow\" style=\"flex-basis:66.66%\">\n<h2 class=\"wp-block-heading has-text-align-left\" id=\"schedule-a-visit\" style=\"font-size:25px;line-height:1.15\"><strong>Green Cottage Essaouira <\/strong><br\/><strong>&#8220;ARUBA ESSAOUIRA&#8221;<\/strong><\/h2>\n\n\n\n<p>Ik wens meer informatie over de mogelijkheid om een seminar te organiseren op de <strong>Green Cottage Essaouira<\/strong>.<\/p>\n<\/div>\n\n\n\n<div class=\"wp-block-column is-vertically-aligned-center is-layout-flow wp-block-column-is-layout-flow\" style=\"flex-basis:33.33%\">\n<div class=\"wp-block-buttons is-layout-flex wp-block-buttons-is-layout-flex\">\n<div class=\"wp-block-button has-custom-width wp-block-button__width-100 has-custom-font-size\" style=\"font-size:15px\"><a class=\"wp-block-button__link wp-element-button\" href=\"https:\/\/aruba-essaouira.com\/\" target=\"_blank\" rel=\"noreferrer noopener\">Mijn seminarie organiseren<\/a><\/div>\n<\/div>\n<\/div>\n<\/div>\n\n<hr class=\"wp-block-separator has-alpha-channel-opacity\"\/>\n\n<figure class=\"wp-block-image size-large\"><img loading=\"lazy\" decoding=\"async\" width=\"1024\" height=\"683\" src=\"https:\/\/greencottage.be\/wp-content\/uploads\/2022\/11\/green-essaouira-piscine-1024x683.jpg\" alt=\"\" class=\"wp-image-4718\" srcset=\"https:\/\/greencottage.be\/wp-content\/uploads\/2022\/11\/green-essaouira-piscine-1024x683.jpg 1024w, https:\/\/greencottage.be\/wp-content\/uploads\/2022\/11\/green-essaouira-piscine-600x400.jpg 600w, https:\/\/greencottage.be\/wp-content\/uploads\/2022\/11\/green-essaouira-piscine-768x512.jpg 768w, https:\/\/greencottage.be\/wp-content\/uploads\/2022\/11\/green-essaouira-piscine-1536x1024.jpg 1536w, https:\/\/greencottage.be\/wp-content\/uploads\/2022\/11\/green-essaouira-piscine-1200x800.jpg 1200w, https:\/\/greencottage.be\/wp-content\/uploads\/2022\/11\/green-essaouira-piscine.jpg 1620w\" sizes=\"auto, (max-width: 1024px) 100vw, 1024px\" \/><\/figure>\n\n<hr class=\"wp-block-separator has-alpha-channel-opacity\"\/>\n\n<div class=\"wp-block-columns is-layout-flex wp-container-core-columns-is-layout-9d6595d7 wp-block-columns-is-layout-flex\">\n<div class=\"wp-block-column is-layout-flow wp-block-column-is-layout-flow\">\n<p><strong>Diensten<\/strong><\/p>\n\n\n\n<p>Motiverend seminarie met teamuitje in Essaouira, Marokko!<\/p>\n\n\n\n<ul class=\"wp-block-list\">\n<li>Exclusieve accommodaties, priv\u00e9omgeving.<\/li>\n\n\n\n<li>Gratis WiFi, voldienst ervaring.<\/li>\n\n\n\n<li>5 ruime kamers, eigen badkamers.<\/li>\n\n\n\n<li>Groot terras, barbecueinstellingen.<\/li>\n\n\n\n<li>Poolhouse, petanquebaan.<\/li>\n\n\n\n<li>Op maat gemaakte teamuitjesactiviteiten.<\/li>\n\n\n\n<li>Ontspanningsopties: yogacursus, massages.<\/li>\n\n\n\n<li>Werk en plezier gecombineerd.<\/li>\n\n\n\n<li>Authentieke Marokkaanse gastvrijheid.<\/li>\n\n\n\n<li>Versterk de teambanden.<\/li>\n<\/ul>\n<\/div>\n\n\n\n<div class=\"wp-block-column is-layout-flow wp-block-column-is-layout-flow\">\n<p><\/p>\n\n\n\n<figure class=\"wp-block-image size-large\"><img loading=\"lazy\" decoding=\"async\" width=\"1024\" height=\"683\" src=\"https:\/\/greencottage.be\/wp-content\/uploads\/2022\/11\/green-essaouira-salle-a-manger-1024x683.jpg\" alt=\"\" class=\"wp-image-4720\" srcset=\"https:\/\/greencottage.be\/wp-content\/uploads\/2022\/11\/green-essaouira-salle-a-manger-1024x683.jpg 1024w, https:\/\/greencottage.be\/wp-content\/uploads\/2022\/11\/green-essaouira-salle-a-manger-600x400.jpg 600w, https:\/\/greencottage.be\/wp-content\/uploads\/2022\/11\/green-essaouira-salle-a-manger-768x512.jpg 768w, https:\/\/greencottage.be\/wp-content\/uploads\/2022\/11\/green-essaouira-salle-a-manger.jpg 1080w\" sizes=\"auto, (max-width: 1024px) 100vw, 1024px\" \/><\/figure>\n<\/div>\n<\/div>\n\n<div class=\"wp-block-columns are-vertically-aligned-center callToAction has-background is-layout-flex wp-container-core-columns-is-layout-9d6595d7 wp-block-columns-is-layout-flex\" style=\"background-color:#f1f1f1\">\n<div class=\"wp-block-column is-vertically-aligned-center is-layout-flow wp-block-column-is-layout-flow\" style=\"flex-basis:66.66%\">\n<h2 class=\"wp-block-heading has-text-align-left\" id=\"schedule-a-visit\" style=\"font-size:25px;line-height:1.15\">Vraag een gepersonaliseerde offerte aan voor een inspirerende ervaring in Marokko !<\/h2>\n<\/div>\n\n\n\n<div class=\"wp-block-column is-vertically-aligned-center is-layout-flow wp-block-column-is-layout-flow\" style=\"flex-basis:33.33%\">\n<div class=\"wp-block-buttons is-layout-flex wp-block-buttons-is-layout-flex\">\n<div class=\"wp-block-button has-custom-width wp-block-button__width-100 has-custom-font-size\" style=\"font-size:15px\"><a class=\"wp-block-button__link wp-element-button\" href=\"https:\/\/aruba-essaouira.com\/\" target=\"_blank\" rel=\"noreferrer noopener\">En mijn ervaring organiseren<\/a><\/div>\n<\/div>\n<\/div>\n<\/div>\n\n<hr class=\"wp-block-separator has-alpha-channel-opacity\"\/>\n\n<div class=\"wp-block-columns is-layout-flex wp-container-core-columns-is-layout-9d6595d7 wp-block-columns-is-layout-flex\">\n<div class=\"wp-block-column is-vertically-aligned-top is-layout-flow wp-block-column-is-layout-flow\">\n<figure class=\"wp-block-image size-large\"><img loading=\"lazy\" decoding=\"async\" width=\"1024\" height=\"683\" src=\"https:\/\/greencottage.be\/wp-content\/uploads\/2022\/11\/green-essaouira-golf-1024x683.jpg\" alt=\"\" class=\"wp-image-4728\" srcset=\"https:\/\/greencottage.be\/wp-content\/uploads\/2022\/11\/green-essaouira-golf-1024x683.jpg 1024w, https:\/\/greencottage.be\/wp-content\/uploads\/2022\/11\/green-essaouira-golf-600x400.jpg 600w, https:\/\/greencottage.be\/wp-content\/uploads\/2022\/11\/green-essaouira-golf-768x512.jpg 768w, https:\/\/greencottage.be\/wp-content\/uploads\/2022\/11\/green-essaouira-golf-1200x801.jpg 1200w, https:\/\/greencottage.be\/wp-content\/uploads\/2022\/11\/green-essaouira-golf.jpg 1280w\" sizes=\"auto, (max-width: 1024px) 100vw, 1024px\" \/><\/figure>\n<\/div>\n\n\n\n<div class=\"wp-block-column is-layout-flow wp-block-column-is-layout-flow\">\n<p>Green Cottage Essaouira is perfect voor uw zakenreizen. <\/p>\n\n\n\n<p>Midden in het platteland en weg van nieuwsgierige ogen, de ideale locatie op 15 kilometer van de golfbaan van Mogador, de weelderige omgeving gekleurd door bougainvillea, olijfbomen, arganbomen en andere bloemen van de regio zijn allemaal aspecten die uw klanten, partners en collega&#8217;s zullen behagen. <\/p>\n\n\n\n<p>Een geslaagd verblijf voor al uw buitenlandse delegaties. Uw missies en professionele verblijven zullen ongetwijfeld onvergetelijk zijn op deze magische plek.<\/p>\n<\/div>\n<\/div>\n\n<hr class=\"wp-block-separator has-alpha-channel-opacity\"\/>\n\n<p><\/p>\n","protected":false},"excerpt":{"rendered":"<p>Green Cottage Essaouira &#8220;ARUBA ESSAOUIRA&#8221; is een prachtige karaktervol domein die trouw blijft aan de authentieke geest van oude kasba&#8217;s, terwijl het tegelijkertijd beschikt over alle moderne voorzieningen voor uw seminaries en teamuitjes. Authenticiteit en rust maken deze plek de ideale plek voor uw vergaderingen, een teamuitje midden in de natuur en het versterken van [&hellip;]<\/p>\n","protected":false},"author":6,"featured_media":5780,"parent":0,"menu_order":0,"comment_status":"closed","ping_status":"closed","template":"","meta":{"_genesis_hide_title":false,"_genesis_hide_breadcrumbs":false,"_genesis_hide_singular_image":false,"_genesis_hide_footer_widgets":false,"_genesis_custom_body_class":"","_genesis_custom_post_class":"","_genesis_layout":"","footnotes":""},"class_list":{"0":"post-5906","1":"page","2":"type-page","3":"status-publish","4":"has-post-thumbnail","6":"entry"},"yoast_head":"<!-- This site is optimized with the Yoast SEO plugin v27.5 - https:\/\/yoast.com\/product\/yoast-seo-wordpress\/ -->\n<title>Uitzonderlijke internationale seminaries<\/title>\n<meta name=\"robots\" content=\"index, follow, max-snippet:-1, max-image-preview:large, max-video-preview:-1\" \/>\n<link rel=\"canonical\" href=\"https:\/\/greencottage.be\/nl\/uitzonderlijke-internationale-seminaries\/\" \/>\n<meta property=\"og:locale\" content=\"nl_BE\" \/>\n<meta property=\"og:type\" content=\"article\" \/>\n<meta property=\"og:title\" content=\"Uitzonderlijke internationale seminaries\" \/>\n<meta property=\"og:description\" content=\"Green Cottage Essaouira &#8220;ARUBA ESSAOUIRA&#8221; is een prachtige karaktervol domein die trouw blijft aan de authentieke geest van oude kasba&#8217;s, terwijl het tegelijkertijd beschikt over alle moderne voorzieningen voor uw seminaries en teamuitjes. Authenticiteit en rust maken deze plek de ideale plek voor uw vergaderingen, een teamuitje midden in de natuur en het versterken van [&hellip;]\" \/>\n<meta property=\"og:url\" content=\"https:\/\/greencottage.be\/nl\/uitzonderlijke-internationale-seminaries\/\" \/>\n<meta property=\"og:site_name\" content=\"Green Cottage\" \/>\n<meta property=\"article:publisher\" content=\"https:\/\/www.facebook.com\/www.greencottage.be\" \/>\n<meta property=\"article:modified_time\" content=\"2025-09-29T13:14:16+00:00\" \/>\n<meta property=\"og:image\" content=\"https:\/\/greencottage.be\/wp-content\/uploads\/2022\/11\/green-essaouira-header.jpg\" \/>\n\t<meta property=\"og:image:width\" content=\"1620\" \/>\n\t<meta property=\"og:image:height\" content=\"1080\" \/>\n\t<meta property=\"og:image:type\" content=\"image\/jpeg\" \/>\n<meta name=\"twitter:card\" content=\"summary_large_image\" \/>\n<meta name=\"twitter:label1\" content=\"Geschatte leestijd\" \/>\n\t<meta name=\"twitter:data1\" content=\"1 minute\" \/>\n<script type=\"application\/ld+json\" class=\"yoast-schema-graph\">{\"@context\":\"https:\\\/\\\/schema.org\",\"@graph\":[{\"@type\":\"WebPage\",\"@id\":\"https:\\\/\\\/greencottage.be\\\/nl\\\/uitzonderlijke-internationale-seminaries\\\/\",\"url\":\"https:\\\/\\\/greencottage.be\\\/nl\\\/uitzonderlijke-internationale-seminaries\\\/\",\"name\":\"Uitzonderlijke internationale seminaries\",\"isPartOf\":{\"@id\":\"https:\\\/\\\/greencottage.be\\\/nl\\\/#website\"},\"primaryImageOfPage\":{\"@id\":\"https:\\\/\\\/greencottage.be\\\/nl\\\/uitzonderlijke-internationale-seminaries\\\/#primaryimage\"},\"image\":{\"@id\":\"https:\\\/\\\/greencottage.be\\\/nl\\\/uitzonderlijke-internationale-seminaries\\\/#primaryimage\"},\"thumbnailUrl\":\"https:\\\/\\\/greencottage.be\\\/wp-content\\\/uploads\\\/2022\\\/11\\\/green-essaouira-header.jpg\",\"datePublished\":\"2022-11-08T09:36:09+00:00\",\"dateModified\":\"2025-09-29T13:14:16+00:00\",\"breadcrumb\":{\"@id\":\"https:\\\/\\\/greencottage.be\\\/nl\\\/uitzonderlijke-internationale-seminaries\\\/#breadcrumb\"},\"inLanguage\":\"nl-BE\",\"potentialAction\":[{\"@type\":\"ReadAction\",\"target\":[\"https:\\\/\\\/greencottage.be\\\/nl\\\/uitzonderlijke-internationale-seminaries\\\/\"]}]},{\"@type\":\"ImageObject\",\"inLanguage\":\"nl-BE\",\"@id\":\"https:\\\/\\\/greencottage.be\\\/nl\\\/uitzonderlijke-internationale-seminaries\\\/#primaryimage\",\"url\":\"https:\\\/\\\/greencottage.be\\\/wp-content\\\/uploads\\\/2022\\\/11\\\/green-essaouira-header.jpg\",\"contentUrl\":\"https:\\\/\\\/greencottage.be\\\/wp-content\\\/uploads\\\/2022\\\/11\\\/green-essaouira-header.jpg\",\"width\":1620,\"height\":1080,\"caption\":\"Green Essaouira Header\"},{\"@type\":\"BreadcrumbList\",\"@id\":\"https:\\\/\\\/greencottage.be\\\/nl\\\/uitzonderlijke-internationale-seminaries\\\/#breadcrumb\",\"itemListElement\":[{\"@type\":\"ListItem\",\"position\":1,\"name\":\"Accueil\",\"item\":\"https:\\\/\\\/greencottage.be\\\/nl\\\/\"},{\"@type\":\"ListItem\",\"position\":2,\"name\":\"Uitzonderlijke internationale seminaries\"}]},{\"@type\":\"WebSite\",\"@id\":\"https:\\\/\\\/greencottage.be\\\/nl\\\/#website\",\"url\":\"https:\\\/\\\/greencottage.be\\\/nl\\\/\",\"name\":\"Green Cottage\",\"description\":\"Salle de r\u00e9union \\\/ S\u00e9minaire au vert \u00e0 proximit\u00e9 de Bruxelles\",\"publisher\":{\"@id\":\"https:\\\/\\\/greencottage.be\\\/nl\\\/#organization\"},\"potentialAction\":[{\"@type\":\"SearchAction\",\"target\":{\"@type\":\"EntryPoint\",\"urlTemplate\":\"https:\\\/\\\/greencottage.be\\\/nl\\\/?s={search_term_string}\"},\"query-input\":{\"@type\":\"PropertyValueSpecification\",\"valueRequired\":true,\"valueName\":\"search_term_string\"}}],\"inLanguage\":\"nl-BE\"},{\"@type\":\"Organization\",\"@id\":\"https:\\\/\\\/greencottage.be\\\/nl\\\/#organization\",\"name\":\"Green Cottage\",\"url\":\"https:\\\/\\\/greencottage.be\\\/nl\\\/\",\"logo\":{\"@type\":\"ImageObject\",\"inLanguage\":\"nl-BE\",\"@id\":\"https:\\\/\\\/greencottage.be\\\/nl\\\/#\\\/schema\\\/logo\\\/image\\\/\",\"url\":\"https:\\\/\\\/greencottage.be\\\/wp-content\\\/uploads\\\/2023\\\/11\\\/cropped-Greencottage_logo-01.png\",\"contentUrl\":\"https:\\\/\\\/greencottage.be\\\/wp-content\\\/uploads\\\/2023\\\/11\\\/cropped-Greencottage_logo-01.png\",\"width\":400,\"height\":302,\"caption\":\"Green Cottage\"},\"image\":{\"@id\":\"https:\\\/\\\/greencottage.be\\\/nl\\\/#\\\/schema\\\/logo\\\/image\\\/\"},\"sameAs\":[\"https:\\\/\\\/www.facebook.com\\\/www.greencottage.be\"]}]}<\/script>\n<!-- \/ Yoast SEO plugin. -->","yoast_head_json":{"title":"Uitzonderlijke internationale seminaries","robots":{"index":"index","follow":"follow","max-snippet":"max-snippet:-1","max-image-preview":"max-image-preview:large","max-video-preview":"max-video-preview:-1"},"canonical":"https:\/\/greencottage.be\/nl\/uitzonderlijke-internationale-seminaries\/","og_locale":"nl_BE","og_type":"article","og_title":"Uitzonderlijke internationale seminaries","og_description":"Green Cottage Essaouira &#8220;ARUBA ESSAOUIRA&#8221; is een prachtige karaktervol domein die trouw blijft aan de authentieke geest van oude kasba&#8217;s, terwijl het tegelijkertijd beschikt over alle moderne voorzieningen voor uw seminaries en teamuitjes. Authenticiteit en rust maken deze plek de ideale plek voor uw vergaderingen, een teamuitje midden in de natuur en het versterken van [&hellip;]","og_url":"https:\/\/greencottage.be\/nl\/uitzonderlijke-internationale-seminaries\/","og_site_name":"Green Cottage","article_publisher":"https:\/\/www.facebook.com\/www.greencottage.be","article_modified_time":"2025-09-29T13:14:16+00:00","og_image":[{"width":1620,"height":1080,"url":"https:\/\/greencottage.be\/wp-content\/uploads\/2022\/11\/green-essaouira-header.jpg","type":"image\/jpeg"}],"twitter_card":"summary_large_image","twitter_misc":{"Geschatte leestijd":"1 minute"},"schema":{"@context":"https:\/\/schema.org","@graph":[{"@type":"WebPage","@id":"https:\/\/greencottage.be\/nl\/uitzonderlijke-internationale-seminaries\/","url":"https:\/\/greencottage.be\/nl\/uitzonderlijke-internationale-seminaries\/","name":"Uitzonderlijke internationale seminaries","isPartOf":{"@id":"https:\/\/greencottage.be\/nl\/#website"},"primaryImageOfPage":{"@id":"https:\/\/greencottage.be\/nl\/uitzonderlijke-internationale-seminaries\/#primaryimage"},"image":{"@id":"https:\/\/greencottage.be\/nl\/uitzonderlijke-internationale-seminaries\/#primaryimage"},"thumbnailUrl":"https:\/\/greencottage.be\/wp-content\/uploads\/2022\/11\/green-essaouira-header.jpg","datePublished":"2022-11-08T09:36:09+00:00","dateModified":"2025-09-29T13:14:16+00:00","breadcrumb":{"@id":"https:\/\/greencottage.be\/nl\/uitzonderlijke-internationale-seminaries\/#breadcrumb"},"inLanguage":"nl-BE","potentialAction":[{"@type":"ReadAction","target":["https:\/\/greencottage.be\/nl\/uitzonderlijke-internationale-seminaries\/"]}]},{"@type":"ImageObject","inLanguage":"nl-BE","@id":"https:\/\/greencottage.be\/nl\/uitzonderlijke-internationale-seminaries\/#primaryimage","url":"https:\/\/greencottage.be\/wp-content\/uploads\/2022\/11\/green-essaouira-header.jpg","contentUrl":"https:\/\/greencottage.be\/wp-content\/uploads\/2022\/11\/green-essaouira-header.jpg","width":1620,"height":1080,"caption":"Green Essaouira Header"},{"@type":"BreadcrumbList","@id":"https:\/\/greencottage.be\/nl\/uitzonderlijke-internationale-seminaries\/#breadcrumb","itemListElement":[{"@type":"ListItem","position":1,"name":"Accueil","item":"https:\/\/greencottage.be\/nl\/"},{"@type":"ListItem","position":2,"name":"Uitzonderlijke internationale seminaries"}]},{"@type":"WebSite","@id":"https:\/\/greencottage.be\/nl\/#website","url":"https:\/\/greencottage.be\/nl\/","name":"Green Cottage","description":"Salle de r\u00e9union \/ S\u00e9minaire au vert \u00e0 proximit\u00e9 de Bruxelles","publisher":{"@id":"https:\/\/greencottage.be\/nl\/#organization"},"potentialAction":[{"@type":"SearchAction","target":{"@type":"EntryPoint","urlTemplate":"https:\/\/greencottage.be\/nl\/?s={search_term_string}"},"query-input":{"@type":"PropertyValueSpecification","valueRequired":true,"valueName":"search_term_string"}}],"inLanguage":"nl-BE"},{"@type":"Organization","@id":"https:\/\/greencottage.be\/nl\/#organization","name":"Green Cottage","url":"https:\/\/greencottage.be\/nl\/","logo":{"@type":"ImageObject","inLanguage":"nl-BE","@id":"https:\/\/greencottage.be\/nl\/#\/schema\/logo\/image\/","url":"https:\/\/greencottage.be\/wp-content\/uploads\/2023\/11\/cropped-Greencottage_logo-01.png","contentUrl":"https:\/\/greencottage.be\/wp-content\/uploads\/2023\/11\/cropped-Greencottage_logo-01.png","width":400,"height":302,"caption":"Green Cottage"},"image":{"@id":"https:\/\/greencottage.be\/nl\/#\/schema\/logo\/image\/"},"sameAs":["https:\/\/www.facebook.com\/www.greencottage.be"]}]}},"_links":{"self":[{"href":"https:\/\/greencottage.be\/nl\/wp-json\/wp\/v2\/pages\/5906","targetHints":{"allow":["GET"]}}],"collection":[{"href":"https:\/\/greencottage.be\/nl\/wp-json\/wp\/v2\/pages"}],"about":[{"href":"https:\/\/greencottage.be\/nl\/wp-json\/wp\/v2\/types\/page"}],"author":[{"embeddable":true,"href":"https:\/\/greencottage.be\/nl\/wp-json\/wp\/v2\/users\/6"}],"replies":[{"embeddable":true,"href":"https:\/\/greencottage.be\/nl\/wp-json\/wp\/v2\/comments?post=5906"}],"version-history":[{"count":5,"href":"https:\/\/greencottage.be\/nl\/wp-json\/wp\/v2\/pages\/5906\/revisions"}],"predecessor-version":[{"id":7618,"href":"https:\/\/greencottage.be\/nl\/wp-json\/wp\/v2\/pages\/5906\/revisions\/7618"}],"wp:featuredmedia":[{"embeddable":true,"href":"https:\/\/greencottage.be\/nl\/wp-json\/wp\/v2\/media\/5780"}],"wp:attachment":[{"href":"https:\/\/greencottage.be\/nl\/wp-json\/wp\/v2\/media?parent=5906"}],"curies":[{"name":"wp","href":"https:\/\/api.w.org\/{rel}","templated":true}]}}