{"id":4655,"date":"2022-06-22T15:40:47","date_gmt":"2022-06-22T13:40:47","guid":{"rendered":"https:\/\/greencottage.be\/?page_id=4655"},"modified":"2025-09-29T15:14:16","modified_gmt":"2025-09-29T13:14:16","slug":"milieuverantwoorde-locatie-voor-vergaderingen-seminaries","status":"publish","type":"page","link":"https:\/\/greencottage.be\/nl\/milieuverantwoorde-locatie-voor-vergaderingen-seminaries\/","title":{"rendered":"Milieuverantwoorde locatie voor vergaderingen &#038; seminaries"},"content":{"rendered":"\n<h1 class=\"wp-block-heading\">Seminars, vergaderingen en teambuilding op een ecologisch verantwoorde locatie<\/h1>\n\n<p>Green Cottage wil je een <strong>ecologisch verantwoorde<\/strong> locatie bieden voor vergaderingen, <strong>seminars <\/strong>en <strong>teambuildingevenementen<\/strong>.<br\/>Om ervoor te zorgen dat jouw bedrijfsevenementen in lijn zijn met jouw MVO-verplichtingen, moeten wij ook actie ondernemen: een ecologisch verantwoorde locatie worden!<br\/><br\/>Net als jij zijn wij toegewijd aan een <strong>ecologisch verantwoorde<\/strong> weg om de organisatie van <strong>seminars <\/strong>en <strong>teambuildings<\/strong> met respect voor het milieu aan te moedigen.<br\/><br\/>De sterke punten van Green Cottage op het gebied van <strong>ecologisch verantwoorde<\/strong> verplichtingen zijn :<\/p>\n\n<ul class=\"wp-block-list\"><li>nabijheid: zo dicht bij Brussel en zo dicht bij de natuur,<\/li><li>biodiversiteit: het landgoed is 40.000 m\u00b2 bos, een toevluchtsoord voor flora en fauna,<\/li><li>low-tech<strong> teambuildingactiviteiten<\/strong> met een lage ecologische voetafdruk,<\/li><li>de jacht op plastic verpakkingen en afval,<\/li><li>vegetarische alternatieven voor meer <strong>ecologisch verantwoorde<\/strong> maaltijden.<\/li><\/ul>\n\n<p>We zijn op weg. We zijn niet perfect.<br\/>We hebben nog veel projecten en verbeterpunten om Green Cottage nog <strong>eco-verantwoordelijker<\/strong> te maken en ons nog meer in te zetten voor de overgang.<\/p>\n\n<div style=\"height:30px\" aria-hidden=\"true\" class=\"wp-block-spacer\"><\/div>\n\n<hr class=\"wp-block-separator has-alpha-channel-opacity\"\/>\n\n<div class=\"wp-block-media-text alignwide is-stacked-on-mobile is-image-fill\" id=\"seminaire-residentiel\"><figure class=\"wp-block-media-text__media\" style=\"background-image:url(https:\/\/greencottage.be\/wp-content\/uploads\/2022\/06\/abeille-un-havre-de-biodiversite-1024x684.jpg);background-position:70% 47%\"><img loading=\"lazy\" decoding=\"async\" width=\"1024\" height=\"684\" src=\"https:\/\/greencottage.be\/wp-content\/uploads\/2022\/06\/abeille-un-havre-de-biodiversite-1024x684.jpg\" alt=\"\" class=\"wp-image-4578 size-full\" srcset=\"https:\/\/greencottage.be\/wp-content\/uploads\/2022\/06\/abeille-un-havre-de-biodiversite-1024x684.jpg 1024w, https:\/\/greencottage.be\/wp-content\/uploads\/2022\/06\/abeille-un-havre-de-biodiversite-600x400.jpg 600w, https:\/\/greencottage.be\/wp-content\/uploads\/2022\/06\/abeille-un-havre-de-biodiversite-768x513.jpg 768w, https:\/\/greencottage.be\/wp-content\/uploads\/2022\/06\/abeille-un-havre-de-biodiversite-1536x1026.jpg 1536w, https:\/\/greencottage.be\/wp-content\/uploads\/2022\/06\/abeille-un-havre-de-biodiversite-1200x801.jpg 1200w, https:\/\/greencottage.be\/wp-content\/uploads\/2022\/06\/abeille-un-havre-de-biodiversite.jpg 1900w\" sizes=\"auto, (max-width: 1024px) 100vw, 1024px\" \/><\/figure><div class=\"wp-block-media-text__content\">\n<h2 class=\"wp-block-heading\">Een toevluchtsoord voor biodiversiteit<\/h2>\n\n\n\n<p>4 hectare is een groot gebied!<br\/>Green Cottage heeft het voorrecht zich te bevinden in een paradijs voor vogels, kleine zoogdieren, herten, amfibie\u00ebn, reptielen, insecten&#8230; om nog maar te zwijgen van alle plantensoorten die zich voor onze ogen ontvouwen.<br\/>Een regelmatig onderhouden vijver dient als pleisterplaats voor Egyptische ganzen, Canadese eenden, wilde eenden, enz.<br\/>Elk jaar komen kinderen van de naburige school de rijkdom van het landgoed ontdekken.<br\/><br\/>We beschikken over een drinkwaterbron.<br\/>We zijn aangesloten op een microzuiveringsinstallatie.<br\/>We passen duurzame beheerstechnieken toe en hebben de laatste gebaren die aan samenhang ontbraken, achterwege gelaten.<\/p>\n\n\n\n<p>Sinds de oprichting van <a href=\"https:\/\/greencottage.be\/fr\/location-seminaire-residentiel-au-vert\/\" target=\"_blank\" rel=\"noreferrer noopener\">Green Cottage<\/a> hebben we een groot aantal bomen herplant.<br\/>Een van onze toekomstige projecten is het inventariseren van alle biodiversiteit die zich op onze plek heeft gevestigd!<\/p>\n\n\n\n<div style=\"height:30px\" aria-hidden=\"true\" class=\"wp-block-spacer\"><\/div>\n<\/div><\/div>\n\n<div style=\"height:30px\" aria-hidden=\"true\" class=\"wp-block-spacer\"><\/div>\n\n<hr class=\"wp-block-separator has-alpha-channel-opacity\"\/>\n\n<div class=\"wp-block-media-text alignwide has-media-on-the-right is-stacked-on-mobile is-image-fill\" id=\"seminaire-residentiel\"><figure class=\"wp-block-media-text__media\" style=\"background-image:url(https:\/\/greencottage.be\/wp-content\/uploads\/2022\/06\/un-chemin-vers-le-zero-dechet-1024x683.jpg);background-position:50% 50%\"><img loading=\"lazy\" decoding=\"async\" width=\"1024\" height=\"683\" src=\"https:\/\/greencottage.be\/wp-content\/uploads\/2022\/06\/un-chemin-vers-le-zero-dechet-1024x683.jpg\" alt=\"\" class=\"wp-image-4579 size-full\" srcset=\"https:\/\/greencottage.be\/wp-content\/uploads\/2022\/06\/un-chemin-vers-le-zero-dechet-1024x683.jpg 1024w, https:\/\/greencottage.be\/wp-content\/uploads\/2022\/06\/un-chemin-vers-le-zero-dechet-600x400.jpg 600w, https:\/\/greencottage.be\/wp-content\/uploads\/2022\/06\/un-chemin-vers-le-zero-dechet-768x513.jpg 768w, https:\/\/greencottage.be\/wp-content\/uploads\/2022\/06\/un-chemin-vers-le-zero-dechet-1536x1025.jpg 1536w, https:\/\/greencottage.be\/wp-content\/uploads\/2022\/06\/un-chemin-vers-le-zero-dechet-1200x801.jpg 1200w, https:\/\/greencottage.be\/wp-content\/uploads\/2022\/06\/un-chemin-vers-le-zero-dechet.jpg 1900w\" sizes=\"auto, (max-width: 1024px) 100vw, 1024px\" \/><\/figure><div class=\"wp-block-media-text__content\">\n<h2 class=\"wp-block-heading\">De weg naar nul afval.<\/h2>\n\n\n\n<p>We zijn begonnen met het elimineren van alle plastic flessen. We kiezen voor glazen flessen of aluminium blikjes voor maximale herbruikbaarheid of recycleerbaarheid.<br\/>We bieden systematisch een gezonde versie van je snacks en maaltijden aan.<br\/>Bulkaankopen, lokale leveranciers, thuisbereiding: waar mogelijk geven we de voorkeur aan deze keuzes.<br\/>Voedselafval wordt gerecycleerd.<br\/>Bij annulering worden de maaltijden geschonken aan Brusselse liefdadigheidsinstellingen.<\/p>\n\n\n\n<div style=\"height:30px\" aria-hidden=\"true\" class=\"wp-block-spacer\"><\/div>\n<\/div><\/div>\n\n<div style=\"height:30px\" aria-hidden=\"true\" class=\"wp-block-spacer\"><\/div>\n\n<hr class=\"wp-block-separator has-alpha-channel-opacity\"\/>\n\n<div class=\"wp-block-media-text alignwide is-stacked-on-mobile is-image-fill\" id=\"seminaire-residentiel\"><figure class=\"wp-block-media-text__media\" style=\"background-image:url(https:\/\/greencottage.be\/wp-content\/uploads\/2022\/06\/activites-low-tech-respectueuse-de-l-environnement-1024x683.jpg);background-position:50% 50%\"><img loading=\"lazy\" decoding=\"async\" width=\"1024\" height=\"683\" src=\"https:\/\/greencottage.be\/wp-content\/uploads\/2022\/06\/activites-low-tech-respectueuse-de-l-environnement-1024x683.jpg\" alt=\"\" class=\"wp-image-4580 size-full\" srcset=\"https:\/\/greencottage.be\/wp-content\/uploads\/2022\/06\/activites-low-tech-respectueuse-de-l-environnement-1024x683.jpg 1024w, https:\/\/greencottage.be\/wp-content\/uploads\/2022\/06\/activites-low-tech-respectueuse-de-l-environnement-600x400.jpg 600w, https:\/\/greencottage.be\/wp-content\/uploads\/2022\/06\/activites-low-tech-respectueuse-de-l-environnement-768x512.jpg 768w, https:\/\/greencottage.be\/wp-content\/uploads\/2022\/06\/activites-low-tech-respectueuse-de-l-environnement-1536x1024.jpg 1536w, https:\/\/greencottage.be\/wp-content\/uploads\/2022\/06\/activites-low-tech-respectueuse-de-l-environnement-1200x800.jpg 1200w, https:\/\/greencottage.be\/wp-content\/uploads\/2022\/06\/activites-low-tech-respectueuse-de-l-environnement.jpg 1900w\" sizes=\"auto, (max-width: 1024px) 100vw, 1024px\" \/><\/figure><div class=\"wp-block-media-text__content\">\n<h2 class=\"wp-block-heading\">Low-tech, milieuvriendelijke activiteiten<\/h2>\n\n\n\n<p>Bij Green Cottage hebben we gekozen voor <a href=\"https:\/\/greencottage.be\/fr\/teambuilding-au-vert-bruxelles\/\" target=\"_blank\" rel=\"noreferrer noopener\"><strong>teambuilding<\/strong><\/a> activiteiten.<\/p>\n\n\n\n<p>Eenvoudige activiteiten, waarbij gebruik wordt gemaakt van natuurlijke hulpbronnen, met weinig transformatie, energie en afval van productie tot gebruik.<br\/>Schapen drijven, een ritje met een paardenkoets, vuurlopen&#8230; zijn meer <strong>eco-verantwoorde<\/strong> activiteiten die je kunt combineren met je milieubewustzijnsessies.<br\/>Kleiduivenschieten van zijn kant maakt gebruik van technologie om&#8230; geen afval meer te produceren (de klei wordt niet gebroken en dus ook niet vervangen!)<\/p>\n\n\n\n<div style=\"height:30px\" aria-hidden=\"true\" class=\"wp-block-spacer\"><\/div>\n<\/div><\/div>\n\n<div style=\"height:30px\" aria-hidden=\"true\" class=\"wp-block-spacer\"><\/div>\n\n<hr class=\"wp-block-separator has-alpha-channel-opacity\"\/>\n\n<div class=\"wp-block-media-text alignwide has-media-on-the-right is-stacked-on-mobile is-image-fill\" id=\"seminaire-residentiel\"><figure class=\"wp-block-media-text__media\" style=\"background-image:url(https:\/\/greencottage.be\/wp-content\/uploads\/2022\/06\/alternatives-vegetariennes-pour-eslres-repas-683x1024.jpg);background-position:50% 50%\"><img loading=\"lazy\" decoding=\"async\" width=\"683\" height=\"1024\" src=\"https:\/\/greencottage.be\/wp-content\/uploads\/2022\/06\/alternatives-vegetariennes-pour-eslres-repas-683x1024.jpg\" alt=\"\" class=\"wp-image-4581 size-full\" srcset=\"https:\/\/greencottage.be\/wp-content\/uploads\/2022\/06\/alternatives-vegetariennes-pour-eslres-repas-683x1024.jpg 683w, https:\/\/greencottage.be\/wp-content\/uploads\/2022\/06\/alternatives-vegetariennes-pour-eslres-repas-400x600.jpg 400w, https:\/\/greencottage.be\/wp-content\/uploads\/2022\/06\/alternatives-vegetariennes-pour-eslres-repas-768x1152.jpg 768w, https:\/\/greencottage.be\/wp-content\/uploads\/2022\/06\/alternatives-vegetariennes-pour-eslres-repas-1024x1536.jpg 1024w, https:\/\/greencottage.be\/wp-content\/uploads\/2022\/06\/alternatives-vegetariennes-pour-eslres-repas-1365x2048.jpg 1365w, https:\/\/greencottage.be\/wp-content\/uploads\/2022\/06\/alternatives-vegetariennes-pour-eslres-repas-800x1200.jpg 800w, https:\/\/greencottage.be\/wp-content\/uploads\/2022\/06\/alternatives-vegetariennes-pour-eslres-repas-scaled.jpg 1707w\" sizes=\"auto, (max-width: 683px) 100vw, 683px\" \/><\/figure><div class=\"wp-block-media-text__content\">\n<h2 class=\"wp-block-heading\">Vegetarische alternatieven voor maaltijden<\/h2>\n\n\n\n<p>De barbecue is een steunpilaar van onze feestgewoonten en toch&#8230;<br\/>We bieden systematisch vegetarische bijgerechten aan om je uit te nodigen een andere keuken te ontdekken en om tegemoet te komen aan de behoeften van degenen die de stap al gezet hebben! Samen met jou kunnen we de menu&#8217;s zo aanpassen dat<a href=\"https:\/\/greencottage.be\/fr\/location-salle-catering\/\" target=\"_blank\" rel=\"noreferrer noopener\">de maaltijd zo koolstofarm mogelijk is<\/a>.<\/p>\n<\/div><\/div>\n\n<div style=\"height:30px\" aria-hidden=\"true\" class=\"wp-block-spacer\"><\/div>\n\n<hr class=\"wp-block-separator has-alpha-channel-opacity\"\/>\n\n<h2 class=\"wp-block-heading\">Hoe zit het met uw inzet voor een milieuverantwoord seminar<\/h2>\n\n<p><em>We hebben werk te doen.<br\/>We hebben ook jouw hulp nodig.<br\/><br\/><strong>Mobiliteit <\/strong>: carpool, huur een bus, gebruik het openbaar vervoer om bij ons te komen. Ultieme uitdaging: kom te voet!<\/em><\/p>\n\n<p><em><strong>Voeding <\/strong>: geef toe aan de verleiding van vegetarische alternatieven en laat ons de aangeboden vleesporties verminderen. Accepteer snacks 100% lowiggen. Laten we voorverpakte porties afschaffen.<\/em><\/p>\n\n<p><em><strong>Energie<\/strong>: doe alsof je thuis bent, let op alles! Doe de lichten achter je uit. Doe het raam dicht als je de verwarming aanzet, zet je computer uit&#8230; Al deze kleine gebaren tellen ook!<\/em><\/p>\n\n<p><em><strong>Dialoog<\/strong>: waarom er niet over praten? Hoe ver wilt u<\/em><a href=\"https:\/\/greencottage.be\/fr\/seminaire-au-vert-bruxelles\/\" target=\"_blank\" rel=\"noreferrer noopener\"><strong>uw seminar <\/strong><\/a><strong><em>eco-verantwoordelijk<\/em><\/strong> zijn<em> en hoe ver moet respect voor het milieu gaan in uw seminar?<\/em><\/p>\n\n<figure class=\"wp-block-image size-large\"><img loading=\"lazy\" decoding=\"async\" width=\"1024\" height=\"668\" src=\"https:\/\/greencottage.be\/wp-content\/uploads\/2022\/06\/zero-waste-1024x668.jpg\" alt=\"\" class=\"wp-image-4576\" srcset=\"https:\/\/greencottage.be\/wp-content\/uploads\/2022\/06\/zero-waste-1024x668.jpg 1024w, https:\/\/greencottage.be\/wp-content\/uploads\/2022\/06\/zero-waste-600x391.jpg 600w, https:\/\/greencottage.be\/wp-content\/uploads\/2022\/06\/zero-waste-768x501.jpg 768w, https:\/\/greencottage.be\/wp-content\/uploads\/2022\/06\/zero-waste-1536x1002.jpg 1536w, https:\/\/greencottage.be\/wp-content\/uploads\/2022\/06\/zero-waste-1200x783.jpg 1200w, https:\/\/greencottage.be\/wp-content\/uploads\/2022\/06\/zero-waste.jpg 1900w\" sizes=\"auto, (max-width: 1024px) 100vw, 1024px\" \/><\/figure>\n","protected":false},"excerpt":{"rendered":"<p>Seminars, vergaderingen en teambuilding op een ecologisch verantwoorde locatie Green Cottage wil je een ecologisch verantwoorde locatie bieden voor vergaderingen, seminars en teambuildingevenementen.Om ervoor te zorgen dat jouw bedrijfsevenementen in lijn zijn met jouw MVO-verplichtingen, moeten wij ook actie ondernemen: een ecologisch verantwoorde locatie worden! Net als jij zijn wij toegewijd aan een ecologisch verantwoorde [&hellip;]<\/p>\n","protected":false},"author":6,"featured_media":4577,"parent":0,"menu_order":0,"comment_status":"closed","ping_status":"closed","template":"","meta":{"_genesis_hide_title":false,"_genesis_hide_breadcrumbs":false,"_genesis_hide_singular_image":false,"_genesis_hide_footer_widgets":false,"_genesis_custom_body_class":"","_genesis_custom_post_class":"","_genesis_layout":"","footnotes":""},"class_list":{"0":"post-4655","1":"page","2":"type-page","3":"status-publish","4":"has-post-thumbnail","6":"entry"},"yoast_head":"<!-- This site is optimized with the Yoast SEO plugin v27.5 - https:\/\/yoast.com\/product\/yoast-seo-wordpress\/ -->\n<title>Milieuverantwoorde locatie voor vergaderingen &amp; seminaries<\/title>\n<meta name=\"description\" content=\"Net als jij zetten wij ons in voor een milieuvriendelijke aanpak bij het organiseren van seminars en teambuildingevenementen.\" \/>\n<meta name=\"robots\" content=\"index, follow, max-snippet:-1, max-image-preview:large, max-video-preview:-1\" \/>\n<link rel=\"canonical\" href=\"https:\/\/greencottage.be\/nl\/milieuverantwoorde-locatie-voor-vergaderingen-seminaries\/\" \/>\n<meta property=\"og:locale\" content=\"nl_BE\" \/>\n<meta property=\"og:type\" content=\"article\" \/>\n<meta property=\"og:title\" content=\"Milieuverantwoorde locatie voor vergaderingen &amp; seminaries\" \/>\n<meta property=\"og:description\" content=\"Net als jij zetten wij ons in voor een milieuvriendelijke aanpak bij het organiseren van seminars en teambuildingevenementen.\" \/>\n<meta property=\"og:url\" content=\"https:\/\/greencottage.be\/nl\/milieuverantwoorde-locatie-voor-vergaderingen-seminaries\/\" \/>\n<meta property=\"og:site_name\" content=\"Green Cottage\" \/>\n<meta property=\"article:publisher\" content=\"https:\/\/www.facebook.com\/www.greencottage.be\" \/>\n<meta property=\"article:modified_time\" content=\"2025-09-29T13:14:16+00:00\" \/>\n<meta property=\"og:image\" content=\"https:\/\/greencottage.be\/wp-content\/uploads\/2022\/06\/un-havre-de-biodiversite.jpg\" \/>\n\t<meta property=\"og:image:width\" content=\"1900\" \/>\n\t<meta property=\"og:image:height\" content=\"1267\" \/>\n\t<meta property=\"og:image:type\" content=\"image\/jpeg\" \/>\n<meta name=\"twitter:card\" content=\"summary_large_image\" \/>\n<meta name=\"twitter:label1\" content=\"Geschatte leestijd\" \/>\n\t<meta name=\"twitter:data1\" content=\"5 minutes\" \/>\n<script type=\"application\/ld+json\" class=\"yoast-schema-graph\">{\"@context\":\"https:\\\/\\\/schema.org\",\"@graph\":[{\"@type\":\"WebPage\",\"@id\":\"https:\\\/\\\/greencottage.be\\\/nl\\\/milieuverantwoorde-locatie-voor-vergaderingen-seminaries\\\/\",\"url\":\"https:\\\/\\\/greencottage.be\\\/nl\\\/milieuverantwoorde-locatie-voor-vergaderingen-seminaries\\\/\",\"name\":\"Milieuverantwoorde locatie voor vergaderingen & seminaries\",\"isPartOf\":{\"@id\":\"https:\\\/\\\/greencottage.be\\\/nl\\\/#website\"},\"primaryImageOfPage\":{\"@id\":\"https:\\\/\\\/greencottage.be\\\/nl\\\/milieuverantwoorde-locatie-voor-vergaderingen-seminaries\\\/#primaryimage\"},\"image\":{\"@id\":\"https:\\\/\\\/greencottage.be\\\/nl\\\/milieuverantwoorde-locatie-voor-vergaderingen-seminaries\\\/#primaryimage\"},\"thumbnailUrl\":\"https:\\\/\\\/greencottage.be\\\/wp-content\\\/uploads\\\/2022\\\/06\\\/un-havre-de-biodiversite.jpg\",\"datePublished\":\"2022-06-22T13:40:47+00:00\",\"dateModified\":\"2025-09-29T13:14:16+00:00\",\"description\":\"Net als jij zetten wij ons in voor een milieuvriendelijke aanpak bij het organiseren van seminars en teambuildingevenementen.\",\"breadcrumb\":{\"@id\":\"https:\\\/\\\/greencottage.be\\\/nl\\\/milieuverantwoorde-locatie-voor-vergaderingen-seminaries\\\/#breadcrumb\"},\"inLanguage\":\"nl-BE\",\"potentialAction\":[{\"@type\":\"ReadAction\",\"target\":[\"https:\\\/\\\/greencottage.be\\\/nl\\\/milieuverantwoorde-locatie-voor-vergaderingen-seminaries\\\/\"]}]},{\"@type\":\"ImageObject\",\"inLanguage\":\"nl-BE\",\"@id\":\"https:\\\/\\\/greencottage.be\\\/nl\\\/milieuverantwoorde-locatie-voor-vergaderingen-seminaries\\\/#primaryimage\",\"url\":\"https:\\\/\\\/greencottage.be\\\/wp-content\\\/uploads\\\/2022\\\/06\\\/un-havre-de-biodiversite.jpg\",\"contentUrl\":\"https:\\\/\\\/greencottage.be\\\/wp-content\\\/uploads\\\/2022\\\/06\\\/un-havre-de-biodiversite.jpg\",\"width\":1900,\"height\":1267,\"caption\":\"Un Havre De Biodiversite\"},{\"@type\":\"BreadcrumbList\",\"@id\":\"https:\\\/\\\/greencottage.be\\\/nl\\\/milieuverantwoorde-locatie-voor-vergaderingen-seminaries\\\/#breadcrumb\",\"itemListElement\":[{\"@type\":\"ListItem\",\"position\":1,\"name\":\"Accueil\",\"item\":\"https:\\\/\\\/greencottage.be\\\/nl\\\/\"},{\"@type\":\"ListItem\",\"position\":2,\"name\":\"Milieuverantwoorde locatie voor vergaderingen &#038; seminaries\"}]},{\"@type\":\"WebSite\",\"@id\":\"https:\\\/\\\/greencottage.be\\\/nl\\\/#website\",\"url\":\"https:\\\/\\\/greencottage.be\\\/nl\\\/\",\"name\":\"Green Cottage\",\"description\":\"Salle de r\u00e9union \\\/ S\u00e9minaire au vert \u00e0 proximit\u00e9 de Bruxelles\",\"publisher\":{\"@id\":\"https:\\\/\\\/greencottage.be\\\/nl\\\/#organization\"},\"potentialAction\":[{\"@type\":\"SearchAction\",\"target\":{\"@type\":\"EntryPoint\",\"urlTemplate\":\"https:\\\/\\\/greencottage.be\\\/nl\\\/?s={search_term_string}\"},\"query-input\":{\"@type\":\"PropertyValueSpecification\",\"valueRequired\":true,\"valueName\":\"search_term_string\"}}],\"inLanguage\":\"nl-BE\"},{\"@type\":\"Organization\",\"@id\":\"https:\\\/\\\/greencottage.be\\\/nl\\\/#organization\",\"name\":\"Green Cottage\",\"url\":\"https:\\\/\\\/greencottage.be\\\/nl\\\/\",\"logo\":{\"@type\":\"ImageObject\",\"inLanguage\":\"nl-BE\",\"@id\":\"https:\\\/\\\/greencottage.be\\\/nl\\\/#\\\/schema\\\/logo\\\/image\\\/\",\"url\":\"https:\\\/\\\/greencottage.be\\\/wp-content\\\/uploads\\\/2023\\\/11\\\/cropped-Greencottage_logo-01.png\",\"contentUrl\":\"https:\\\/\\\/greencottage.be\\\/wp-content\\\/uploads\\\/2023\\\/11\\\/cropped-Greencottage_logo-01.png\",\"width\":400,\"height\":302,\"caption\":\"Green Cottage\"},\"image\":{\"@id\":\"https:\\\/\\\/greencottage.be\\\/nl\\\/#\\\/schema\\\/logo\\\/image\\\/\"},\"sameAs\":[\"https:\\\/\\\/www.facebook.com\\\/www.greencottage.be\"]}]}<\/script>\n<!-- \/ Yoast SEO plugin. -->","yoast_head_json":{"title":"Milieuverantwoorde locatie voor vergaderingen & seminaries","description":"Net als jij zetten wij ons in voor een milieuvriendelijke aanpak bij het organiseren van seminars en teambuildingevenementen.","robots":{"index":"index","follow":"follow","max-snippet":"max-snippet:-1","max-image-preview":"max-image-preview:large","max-video-preview":"max-video-preview:-1"},"canonical":"https:\/\/greencottage.be\/nl\/milieuverantwoorde-locatie-voor-vergaderingen-seminaries\/","og_locale":"nl_BE","og_type":"article","og_title":"Milieuverantwoorde locatie voor vergaderingen & seminaries","og_description":"Net als jij zetten wij ons in voor een milieuvriendelijke aanpak bij het organiseren van seminars en teambuildingevenementen.","og_url":"https:\/\/greencottage.be\/nl\/milieuverantwoorde-locatie-voor-vergaderingen-seminaries\/","og_site_name":"Green Cottage","article_publisher":"https:\/\/www.facebook.com\/www.greencottage.be","article_modified_time":"2025-09-29T13:14:16+00:00","og_image":[{"width":1900,"height":1267,"url":"https:\/\/greencottage.be\/wp-content\/uploads\/2022\/06\/un-havre-de-biodiversite.jpg","type":"image\/jpeg"}],"twitter_card":"summary_large_image","twitter_misc":{"Geschatte leestijd":"5 minutes"},"schema":{"@context":"https:\/\/schema.org","@graph":[{"@type":"WebPage","@id":"https:\/\/greencottage.be\/nl\/milieuverantwoorde-locatie-voor-vergaderingen-seminaries\/","url":"https:\/\/greencottage.be\/nl\/milieuverantwoorde-locatie-voor-vergaderingen-seminaries\/","name":"Milieuverantwoorde locatie voor vergaderingen & seminaries","isPartOf":{"@id":"https:\/\/greencottage.be\/nl\/#website"},"primaryImageOfPage":{"@id":"https:\/\/greencottage.be\/nl\/milieuverantwoorde-locatie-voor-vergaderingen-seminaries\/#primaryimage"},"image":{"@id":"https:\/\/greencottage.be\/nl\/milieuverantwoorde-locatie-voor-vergaderingen-seminaries\/#primaryimage"},"thumbnailUrl":"https:\/\/greencottage.be\/wp-content\/uploads\/2022\/06\/un-havre-de-biodiversite.jpg","datePublished":"2022-06-22T13:40:47+00:00","dateModified":"2025-09-29T13:14:16+00:00","description":"Net als jij zetten wij ons in voor een milieuvriendelijke aanpak bij het organiseren van seminars en teambuildingevenementen.","breadcrumb":{"@id":"https:\/\/greencottage.be\/nl\/milieuverantwoorde-locatie-voor-vergaderingen-seminaries\/#breadcrumb"},"inLanguage":"nl-BE","potentialAction":[{"@type":"ReadAction","target":["https:\/\/greencottage.be\/nl\/milieuverantwoorde-locatie-voor-vergaderingen-seminaries\/"]}]},{"@type":"ImageObject","inLanguage":"nl-BE","@id":"https:\/\/greencottage.be\/nl\/milieuverantwoorde-locatie-voor-vergaderingen-seminaries\/#primaryimage","url":"https:\/\/greencottage.be\/wp-content\/uploads\/2022\/06\/un-havre-de-biodiversite.jpg","contentUrl":"https:\/\/greencottage.be\/wp-content\/uploads\/2022\/06\/un-havre-de-biodiversite.jpg","width":1900,"height":1267,"caption":"Un Havre De Biodiversite"},{"@type":"BreadcrumbList","@id":"https:\/\/greencottage.be\/nl\/milieuverantwoorde-locatie-voor-vergaderingen-seminaries\/#breadcrumb","itemListElement":[{"@type":"ListItem","position":1,"name":"Accueil","item":"https:\/\/greencottage.be\/nl\/"},{"@type":"ListItem","position":2,"name":"Milieuverantwoorde locatie voor vergaderingen &#038; seminaries"}]},{"@type":"WebSite","@id":"https:\/\/greencottage.be\/nl\/#website","url":"https:\/\/greencottage.be\/nl\/","name":"Green Cottage","description":"Salle de r\u00e9union \/ S\u00e9minaire au vert \u00e0 proximit\u00e9 de Bruxelles","publisher":{"@id":"https:\/\/greencottage.be\/nl\/#organization"},"potentialAction":[{"@type":"SearchAction","target":{"@type":"EntryPoint","urlTemplate":"https:\/\/greencottage.be\/nl\/?s={search_term_string}"},"query-input":{"@type":"PropertyValueSpecification","valueRequired":true,"valueName":"search_term_string"}}],"inLanguage":"nl-BE"},{"@type":"Organization","@id":"https:\/\/greencottage.be\/nl\/#organization","name":"Green Cottage","url":"https:\/\/greencottage.be\/nl\/","logo":{"@type":"ImageObject","inLanguage":"nl-BE","@id":"https:\/\/greencottage.be\/nl\/#\/schema\/logo\/image\/","url":"https:\/\/greencottage.be\/wp-content\/uploads\/2023\/11\/cropped-Greencottage_logo-01.png","contentUrl":"https:\/\/greencottage.be\/wp-content\/uploads\/2023\/11\/cropped-Greencottage_logo-01.png","width":400,"height":302,"caption":"Green Cottage"},"image":{"@id":"https:\/\/greencottage.be\/nl\/#\/schema\/logo\/image\/"},"sameAs":["https:\/\/www.facebook.com\/www.greencottage.be"]}]}},"_links":{"self":[{"href":"https:\/\/greencottage.be\/nl\/wp-json\/wp\/v2\/pages\/4655","targetHints":{"allow":["GET"]}}],"collection":[{"href":"https:\/\/greencottage.be\/nl\/wp-json\/wp\/v2\/pages"}],"about":[{"href":"https:\/\/greencottage.be\/nl\/wp-json\/wp\/v2\/types\/page"}],"author":[{"embeddable":true,"href":"https:\/\/greencottage.be\/nl\/wp-json\/wp\/v2\/users\/6"}],"replies":[{"embeddable":true,"href":"https:\/\/greencottage.be\/nl\/wp-json\/wp\/v2\/comments?post=4655"}],"version-history":[{"count":3,"href":"https:\/\/greencottage.be\/nl\/wp-json\/wp\/v2\/pages\/4655\/revisions"}],"predecessor-version":[{"id":7620,"href":"https:\/\/greencottage.be\/nl\/wp-json\/wp\/v2\/pages\/4655\/revisions\/7620"}],"wp:featuredmedia":[{"embeddable":true,"href":"https:\/\/greencottage.be\/nl\/wp-json\/wp\/v2\/media\/4577"}],"wp:attachment":[{"href":"https:\/\/greencottage.be\/nl\/wp-json\/wp\/v2\/media?parent=4655"}],"curies":[{"name":"wp","href":"https:\/\/api.w.org\/{rel}","templated":true}]}}