{"id":2384,"date":"2020-06-25T16:58:00","date_gmt":"2020-06-25T14:58:00","guid":{"rendered":"https:\/\/greencottage.be\/?page_id=2384"},"modified":"2021-03-17T15:32:24","modified_gmt":"2021-03-17T14:32:24","slug":"activiteiten-buitengewoon-paardenkoetsrit","status":"publish","type":"page","link":"https:\/\/greencottage.be\/nl\/team-buildings\/activiteiten-buitengewoon-paardenkoetsrit\/","title":{"rendered":"Paardenkoetstocht"},"content":{"rendered":"\n<blockquote class=\"wp-block-quote is-layout-flow wp-block-quote-is-layout-flow\"><p>Digitale detox &#8211; fun &#8211; discovery &#8211; outdoor<\/p><\/blockquote>\n\n\n\n<p>Geniet van een moment van ontspanning en gezelligheid tijdens een landelijke wandeling die uw team zal verenigen. Gelegen in het hart van het Vlaamse platteland, ontdekt u de charmes van de regio terwijl u geniet van het moment en deze ervaring deelt in teamverband.<\/p>\n\n\n\n<figure class=\"wp-block-image size-large\"><img loading=\"lazy\" decoding=\"async\" width=\"600\" height=\"600\" src=\"https:\/\/greencottage.be\/wp-content\/uploads\/2020\/06\/Teambuilding_digitalde\u0301tox_excursion-en-Cale\u0300che-1.jpg\" alt=\"\" class=\"wp-image-2391\" srcset=\"https:\/\/greencottage.be\/wp-content\/uploads\/2020\/06\/Teambuilding_digitalde\u0301tox_excursion-en-Cale\u0300che-1.jpg 600w, https:\/\/greencottage.be\/wp-content\/uploads\/2020\/06\/Teambuilding_digitalde\u0301tox_excursion-en-Cale\u0300che-1-330x330.jpg 330w, https:\/\/greencottage.be\/wp-content\/uploads\/2020\/06\/Teambuilding_digitalde\u0301tox_excursion-en-Cale\u0300che-1-50x50.jpg 50w\" sizes=\"auto, (max-width: 600px) 100vw, 600px\" \/><\/figure>\n","protected":false},"excerpt":{"rendered":"<p>Digitale detox &#8211; fun &#8211; discovery &#8211; outdoor Geniet van een moment van ontspanning en gezelligheid tijdens een landelijke wandeling die uw team zal verenigen. Gelegen in het hart van het Vlaamse platteland, ontdekt u de charmes van de regio terwijl u geniet van het moment en deze ervaring deelt in teamverband.<\/p>\n","protected":false},"author":1,"featured_media":2348,"parent":903,"menu_order":0,"comment_status":"closed","ping_status":"closed","template":"","meta":{"_genesis_hide_title":false,"_genesis_hide_breadcrumbs":false,"_genesis_hide_singular_image":false,"_genesis_hide_footer_widgets":false,"_genesis_custom_body_class":"","_genesis_custom_post_class":"","_genesis_layout":"","footnotes":""},"class_list":{"0":"post-2384","1":"page","2":"type-page","3":"status-publish","4":"has-post-thumbnail","6":"entry"},"yoast_head":"<!-- This site is optimized with the Yoast SEO plugin v27.5 - https:\/\/yoast.com\/product\/yoast-seo-wordpress\/ -->\n<title>Teambuilding - Buitengewone activiteiten : paardenkoetsrit !<\/title>\n<meta name=\"description\" content=\"Een buitengewone teambuilding voor uw teams? Een ritje in een paardenkoets midden in de natuur EN op enkele kilometers van Brussel. De teambuildingformule van Green Cottage!\" \/>\n<meta name=\"robots\" content=\"index, follow, max-snippet:-1, max-image-preview:large, max-video-preview:-1\" \/>\n<link rel=\"canonical\" href=\"https:\/\/greencottage.be\/nl\/team-buildings\/activiteiten-buitengewoon-paardenkoetsrit\/\" \/>\n<meta property=\"og:locale\" content=\"nl_BE\" \/>\n<meta property=\"og:type\" content=\"article\" \/>\n<meta property=\"og:title\" content=\"Teambuilding - Buitengewone activiteiten : paardenkoetsrit !\" \/>\n<meta property=\"og:description\" content=\"Een buitengewone teambuilding voor uw teams? Een ritje in een paardenkoets midden in de natuur EN op enkele kilometers van Brussel. De teambuildingformule van Green Cottage!\" \/>\n<meta property=\"og:url\" content=\"https:\/\/greencottage.be\/nl\/team-buildings\/activiteiten-buitengewoon-paardenkoetsrit\/\" \/>\n<meta property=\"og:site_name\" content=\"Green Cottage\" \/>\n<meta property=\"article:publisher\" content=\"https:\/\/www.facebook.com\/www.greencottage.be\" \/>\n<meta property=\"article:modified_time\" content=\"2021-03-17T14:32:24+00:00\" \/>\n<meta property=\"og:image\" content=\"https:\/\/greencottage.be\/wp-content\/uploads\/2020\/06\/Teambuilding_digital-de\u0301tox_tour-en-cale\u0300che-scaled.jpg\" \/>\n\t<meta property=\"og:image:width\" content=\"2560\" \/>\n\t<meta property=\"og:image:height\" content=\"1707\" \/>\n\t<meta property=\"og:image:type\" content=\"image\/jpeg\" \/>\n<meta name=\"twitter:card\" content=\"summary_large_image\" \/>\n<meta name=\"twitter:label1\" content=\"Geschatte leestijd\" \/>\n\t<meta name=\"twitter:data1\" content=\"1 minute\" \/>\n<script type=\"application\/ld+json\" class=\"yoast-schema-graph\">{\"@context\":\"https:\\\/\\\/schema.org\",\"@graph\":[{\"@type\":\"WebPage\",\"@id\":\"https:\\\/\\\/greencottage.be\\\/nl\\\/team-buildings\\\/activiteiten-buitengewoon-paardenkoetsrit\\\/\",\"url\":\"https:\\\/\\\/greencottage.be\\\/nl\\\/team-buildings\\\/activiteiten-buitengewoon-paardenkoetsrit\\\/\",\"name\":\"Teambuilding - Buitengewone activiteiten : paardenkoetsrit !\",\"isPartOf\":{\"@id\":\"https:\\\/\\\/greencottage.be\\\/nl\\\/#website\"},\"primaryImageOfPage\":{\"@id\":\"https:\\\/\\\/greencottage.be\\\/nl\\\/team-buildings\\\/activiteiten-buitengewoon-paardenkoetsrit\\\/#primaryimage\"},\"image\":{\"@id\":\"https:\\\/\\\/greencottage.be\\\/nl\\\/team-buildings\\\/activiteiten-buitengewoon-paardenkoetsrit\\\/#primaryimage\"},\"thumbnailUrl\":\"https:\\\/\\\/greencottage.be\\\/wp-content\\\/uploads\\\/2020\\\/06\\\/Teambuilding_digital-de\u0301tox_tour-en-cale\u0300che-scaled.jpg\",\"datePublished\":\"2020-06-25T14:58:00+00:00\",\"dateModified\":\"2021-03-17T14:32:24+00:00\",\"description\":\"Een buitengewone teambuilding voor uw teams? Een ritje in een paardenkoets midden in de natuur EN op enkele kilometers van Brussel. De teambuildingformule van Green Cottage!\",\"breadcrumb\":{\"@id\":\"https:\\\/\\\/greencottage.be\\\/nl\\\/team-buildings\\\/activiteiten-buitengewoon-paardenkoetsrit\\\/#breadcrumb\"},\"inLanguage\":\"nl-BE\",\"potentialAction\":[{\"@type\":\"ReadAction\",\"target\":[\"https:\\\/\\\/greencottage.be\\\/nl\\\/team-buildings\\\/activiteiten-buitengewoon-paardenkoetsrit\\\/\"]}]},{\"@type\":\"ImageObject\",\"inLanguage\":\"nl-BE\",\"@id\":\"https:\\\/\\\/greencottage.be\\\/nl\\\/team-buildings\\\/activiteiten-buitengewoon-paardenkoetsrit\\\/#primaryimage\",\"url\":\"https:\\\/\\\/greencottage.be\\\/wp-content\\\/uploads\\\/2020\\\/06\\\/Teambuilding_digital-de\u0301tox_tour-en-cale\u0300che-scaled.jpg\",\"contentUrl\":\"https:\\\/\\\/greencottage.be\\\/wp-content\\\/uploads\\\/2020\\\/06\\\/Teambuilding_digital-de\u0301tox_tour-en-cale\u0300che-scaled.jpg\",\"width\":2560,\"height\":1707,\"caption\":\"Teambuilding Digital D\u00e9tox Tour En Cal\u00e8che\"},{\"@type\":\"BreadcrumbList\",\"@id\":\"https:\\\/\\\/greencottage.be\\\/nl\\\/team-buildings\\\/activiteiten-buitengewoon-paardenkoetsrit\\\/#breadcrumb\",\"itemListElement\":[{\"@type\":\"ListItem\",\"position\":1,\"name\":\"Accueil\",\"item\":\"https:\\\/\\\/greencottage.be\\\/nl\\\/\"},{\"@type\":\"ListItem\",\"position\":2,\"name\":\"Teambuildings in het groen vlak bij Brussel\",\"item\":\"https:\\\/\\\/greencottage.be\\\/nl\\\/team-buildings\\\/\"},{\"@type\":\"ListItem\",\"position\":3,\"name\":\"Paardenkoetstocht\"}]},{\"@type\":\"WebSite\",\"@id\":\"https:\\\/\\\/greencottage.be\\\/nl\\\/#website\",\"url\":\"https:\\\/\\\/greencottage.be\\\/nl\\\/\",\"name\":\"Green Cottage\",\"description\":\"Salle de r\u00e9union \\\/ S\u00e9minaire au vert \u00e0 proximit\u00e9 de Bruxelles\",\"publisher\":{\"@id\":\"https:\\\/\\\/greencottage.be\\\/nl\\\/#organization\"},\"potentialAction\":[{\"@type\":\"SearchAction\",\"target\":{\"@type\":\"EntryPoint\",\"urlTemplate\":\"https:\\\/\\\/greencottage.be\\\/nl\\\/?s={search_term_string}\"},\"query-input\":{\"@type\":\"PropertyValueSpecification\",\"valueRequired\":true,\"valueName\":\"search_term_string\"}}],\"inLanguage\":\"nl-BE\"},{\"@type\":\"Organization\",\"@id\":\"https:\\\/\\\/greencottage.be\\\/nl\\\/#organization\",\"name\":\"Green Cottage\",\"url\":\"https:\\\/\\\/greencottage.be\\\/nl\\\/\",\"logo\":{\"@type\":\"ImageObject\",\"inLanguage\":\"nl-BE\",\"@id\":\"https:\\\/\\\/greencottage.be\\\/nl\\\/#\\\/schema\\\/logo\\\/image\\\/\",\"url\":\"https:\\\/\\\/greencottage.be\\\/wp-content\\\/uploads\\\/2023\\\/11\\\/cropped-Greencottage_logo-01.png\",\"contentUrl\":\"https:\\\/\\\/greencottage.be\\\/wp-content\\\/uploads\\\/2023\\\/11\\\/cropped-Greencottage_logo-01.png\",\"width\":400,\"height\":302,\"caption\":\"Green Cottage\"},\"image\":{\"@id\":\"https:\\\/\\\/greencottage.be\\\/nl\\\/#\\\/schema\\\/logo\\\/image\\\/\"},\"sameAs\":[\"https:\\\/\\\/www.facebook.com\\\/www.greencottage.be\"]}]}<\/script>\n<!-- \/ Yoast SEO plugin. -->","yoast_head_json":{"title":"Teambuilding - Buitengewone activiteiten : paardenkoetsrit !","description":"Een buitengewone teambuilding voor uw teams? Een ritje in een paardenkoets midden in de natuur EN op enkele kilometers van Brussel. De teambuildingformule van Green Cottage!","robots":{"index":"index","follow":"follow","max-snippet":"max-snippet:-1","max-image-preview":"max-image-preview:large","max-video-preview":"max-video-preview:-1"},"canonical":"https:\/\/greencottage.be\/nl\/team-buildings\/activiteiten-buitengewoon-paardenkoetsrit\/","og_locale":"nl_BE","og_type":"article","og_title":"Teambuilding - Buitengewone activiteiten : paardenkoetsrit !","og_description":"Een buitengewone teambuilding voor uw teams? Een ritje in een paardenkoets midden in de natuur EN op enkele kilometers van Brussel. De teambuildingformule van Green Cottage!","og_url":"https:\/\/greencottage.be\/nl\/team-buildings\/activiteiten-buitengewoon-paardenkoetsrit\/","og_site_name":"Green Cottage","article_publisher":"https:\/\/www.facebook.com\/www.greencottage.be","article_modified_time":"2021-03-17T14:32:24+00:00","og_image":[{"width":2560,"height":1707,"url":"https:\/\/greencottage.be\/wp-content\/uploads\/2020\/06\/Teambuilding_digital-de\u0301tox_tour-en-cale\u0300che-scaled.jpg","type":"image\/jpeg"}],"twitter_card":"summary_large_image","twitter_misc":{"Geschatte leestijd":"1 minute"},"schema":{"@context":"https:\/\/schema.org","@graph":[{"@type":"WebPage","@id":"https:\/\/greencottage.be\/nl\/team-buildings\/activiteiten-buitengewoon-paardenkoetsrit\/","url":"https:\/\/greencottage.be\/nl\/team-buildings\/activiteiten-buitengewoon-paardenkoetsrit\/","name":"Teambuilding - Buitengewone activiteiten : paardenkoetsrit !","isPartOf":{"@id":"https:\/\/greencottage.be\/nl\/#website"},"primaryImageOfPage":{"@id":"https:\/\/greencottage.be\/nl\/team-buildings\/activiteiten-buitengewoon-paardenkoetsrit\/#primaryimage"},"image":{"@id":"https:\/\/greencottage.be\/nl\/team-buildings\/activiteiten-buitengewoon-paardenkoetsrit\/#primaryimage"},"thumbnailUrl":"https:\/\/greencottage.be\/wp-content\/uploads\/2020\/06\/Teambuilding_digital-de\u0301tox_tour-en-cale\u0300che-scaled.jpg","datePublished":"2020-06-25T14:58:00+00:00","dateModified":"2021-03-17T14:32:24+00:00","description":"Een buitengewone teambuilding voor uw teams? Een ritje in een paardenkoets midden in de natuur EN op enkele kilometers van Brussel. De teambuildingformule van Green Cottage!","breadcrumb":{"@id":"https:\/\/greencottage.be\/nl\/team-buildings\/activiteiten-buitengewoon-paardenkoetsrit\/#breadcrumb"},"inLanguage":"nl-BE","potentialAction":[{"@type":"ReadAction","target":["https:\/\/greencottage.be\/nl\/team-buildings\/activiteiten-buitengewoon-paardenkoetsrit\/"]}]},{"@type":"ImageObject","inLanguage":"nl-BE","@id":"https:\/\/greencottage.be\/nl\/team-buildings\/activiteiten-buitengewoon-paardenkoetsrit\/#primaryimage","url":"https:\/\/greencottage.be\/wp-content\/uploads\/2020\/06\/Teambuilding_digital-de\u0301tox_tour-en-cale\u0300che-scaled.jpg","contentUrl":"https:\/\/greencottage.be\/wp-content\/uploads\/2020\/06\/Teambuilding_digital-de\u0301tox_tour-en-cale\u0300che-scaled.jpg","width":2560,"height":1707,"caption":"Teambuilding Digital D\u00e9tox Tour En Cal\u00e8che"},{"@type":"BreadcrumbList","@id":"https:\/\/greencottage.be\/nl\/team-buildings\/activiteiten-buitengewoon-paardenkoetsrit\/#breadcrumb","itemListElement":[{"@type":"ListItem","position":1,"name":"Accueil","item":"https:\/\/greencottage.be\/nl\/"},{"@type":"ListItem","position":2,"name":"Teambuildings in het groen vlak bij Brussel","item":"https:\/\/greencottage.be\/nl\/team-buildings\/"},{"@type":"ListItem","position":3,"name":"Paardenkoetstocht"}]},{"@type":"WebSite","@id":"https:\/\/greencottage.be\/nl\/#website","url":"https:\/\/greencottage.be\/nl\/","name":"Green Cottage","description":"Salle de r\u00e9union \/ S\u00e9minaire au vert \u00e0 proximit\u00e9 de Bruxelles","publisher":{"@id":"https:\/\/greencottage.be\/nl\/#organization"},"potentialAction":[{"@type":"SearchAction","target":{"@type":"EntryPoint","urlTemplate":"https:\/\/greencottage.be\/nl\/?s={search_term_string}"},"query-input":{"@type":"PropertyValueSpecification","valueRequired":true,"valueName":"search_term_string"}}],"inLanguage":"nl-BE"},{"@type":"Organization","@id":"https:\/\/greencottage.be\/nl\/#organization","name":"Green Cottage","url":"https:\/\/greencottage.be\/nl\/","logo":{"@type":"ImageObject","inLanguage":"nl-BE","@id":"https:\/\/greencottage.be\/nl\/#\/schema\/logo\/image\/","url":"https:\/\/greencottage.be\/wp-content\/uploads\/2023\/11\/cropped-Greencottage_logo-01.png","contentUrl":"https:\/\/greencottage.be\/wp-content\/uploads\/2023\/11\/cropped-Greencottage_logo-01.png","width":400,"height":302,"caption":"Green Cottage"},"image":{"@id":"https:\/\/greencottage.be\/nl\/#\/schema\/logo\/image\/"},"sameAs":["https:\/\/www.facebook.com\/www.greencottage.be"]}]}},"_links":{"self":[{"href":"https:\/\/greencottage.be\/nl\/wp-json\/wp\/v2\/pages\/2384","targetHints":{"allow":["GET"]}}],"collection":[{"href":"https:\/\/greencottage.be\/nl\/wp-json\/wp\/v2\/pages"}],"about":[{"href":"https:\/\/greencottage.be\/nl\/wp-json\/wp\/v2\/types\/page"}],"author":[{"embeddable":true,"href":"https:\/\/greencottage.be\/nl\/wp-json\/wp\/v2\/users\/1"}],"replies":[{"embeddable":true,"href":"https:\/\/greencottage.be\/nl\/wp-json\/wp\/v2\/comments?post=2384"}],"version-history":[{"count":1,"href":"https:\/\/greencottage.be\/nl\/wp-json\/wp\/v2\/pages\/2384\/revisions"}],"predecessor-version":[{"id":2392,"href":"https:\/\/greencottage.be\/nl\/wp-json\/wp\/v2\/pages\/2384\/revisions\/2392"}],"up":[{"embeddable":true,"href":"https:\/\/greencottage.be\/nl\/wp-json\/wp\/v2\/pages\/903"}],"wp:featuredmedia":[{"embeddable":true,"href":"https:\/\/greencottage.be\/nl\/wp-json\/wp\/v2\/media\/2348"}],"wp:attachment":[{"href":"https:\/\/greencottage.be\/nl\/wp-json\/wp\/v2\/media?parent=2384"}],"curies":[{"name":"wp","href":"https:\/\/api.w.org\/{rel}","templated":true}]}}