{"id":2383,"date":"2020-06-25T16:56:56","date_gmt":"2020-06-25T14:56:56","guid":{"rendered":"https:\/\/greencottage.be\/?page_id=2383"},"modified":"2021-03-17T15:31:02","modified_gmt":"2021-03-17T14:31:02","slug":"activiteiten-buitengewoon-kleiduifschieten","status":"publish","type":"page","link":"https:\/\/greencottage.be\/nl\/team-buildings\/activiteiten-buitengewoon-kleiduifschieten\/","title":{"rendered":"Kleiduifschieten"},"content":{"rendered":"\n<blockquote class=\"wp-block-quote is-layout-flow wp-block-quote-is-layout-flow\"><p>Digitale detox &#8211; concentratie &#8211; rust &#8211; precisie &#8211; buitenplezier (duur 1u&gt;1u30)<\/p><\/blockquote>\n\n\n\n<p>Ga de strijd aan met je vrienden en collega&#8217;s in een test van vaardigheid die je reflexen op de proef zal stellen! Een unieke teamactiviteit, die je de kans geeft om je collega&#8217;s uit te dagen in het hart van ons schitterende domein.<\/p>\n\n\n\n<figure class=\"wp-block-image size-large\"><img loading=\"lazy\" decoding=\"async\" width=\"600\" height=\"600\" src=\"https:\/\/greencottage.be\/wp-content\/uploads\/2018\/06\/Clay-1.jpg\" alt=\"\" class=\"wp-image-1071\" srcset=\"https:\/\/greencottage.be\/wp-content\/uploads\/2018\/06\/Clay-1.jpg 600w, https:\/\/greencottage.be\/wp-content\/uploads\/2018\/06\/Clay-1-330x330.jpg 330w, https:\/\/greencottage.be\/wp-content\/uploads\/2018\/06\/Clay-1-50x50.jpg 50w, https:\/\/greencottage.be\/wp-content\/uploads\/2018\/06\/Clay-1-300x300.jpg 300w\" sizes=\"auto, (max-width: 600px) 100vw, 600px\" \/><figcaption>Kleiduifschieten<\/figcaption><\/figure>\n","protected":false},"excerpt":{"rendered":"<p>Digitale detox &#8211; concentratie &#8211; rust &#8211; precisie &#8211; buitenplezier (duur 1u&gt;1u30) Ga de strijd aan met je vrienden en collega&#8217;s in een test van vaardigheid die je reflexen op de proef zal stellen! Een unieke teamactiviteit, die je de kans geeft om je collega&#8217;s uit te dagen in het hart van ons schitterende domein.<\/p>\n","protected":false},"author":1,"featured_media":2372,"parent":903,"menu_order":0,"comment_status":"closed","ping_status":"closed","template":"","meta":{"_genesis_hide_title":false,"_genesis_hide_breadcrumbs":false,"_genesis_hide_singular_image":false,"_genesis_hide_footer_widgets":false,"_genesis_custom_body_class":"","_genesis_custom_post_class":"","_genesis_layout":"","footnotes":""},"class_list":{"0":"post-2383","1":"page","2":"type-page","3":"status-publish","4":"has-post-thumbnail","6":"entry"},"yoast_head":"<!-- This site is optimized with the Yoast SEO plugin v27.5 - https:\/\/yoast.com\/product\/yoast-seo-wordpress\/ -->\n<title>Teambuilding: Buitengewone activiteiten : kleiduifschieten<\/title>\n<meta name=\"description\" content=\"Een buitengewone teambuilding voor uw teams? Bouw aan de concentratie van uw medewerkers. Een teambuilding van 100% digitale detox en de natuur. Kleiduifschieten!\" \/>\n<meta name=\"robots\" content=\"index, follow, max-snippet:-1, max-image-preview:large, max-video-preview:-1\" \/>\n<link rel=\"canonical\" href=\"https:\/\/greencottage.be\/nl\/team-buildings\/activiteiten-buitengewoon-kleiduifschieten\/\" \/>\n<meta property=\"og:locale\" content=\"nl_BE\" \/>\n<meta property=\"og:type\" content=\"article\" \/>\n<meta property=\"og:title\" content=\"Teambuilding: Buitengewone activiteiten : kleiduifschieten\" \/>\n<meta property=\"og:description\" content=\"Een buitengewone teambuilding voor uw teams? Bouw aan de concentratie van uw medewerkers. Een teambuilding van 100% digitale detox en de natuur. Kleiduifschieten!\" \/>\n<meta property=\"og:url\" content=\"https:\/\/greencottage.be\/nl\/team-buildings\/activiteiten-buitengewoon-kleiduifschieten\/\" \/>\n<meta property=\"og:site_name\" content=\"Green Cottage\" \/>\n<meta property=\"article:publisher\" content=\"https:\/\/www.facebook.com\/www.greencottage.be\" \/>\n<meta property=\"article:modified_time\" content=\"2021-03-17T14:31:02+00:00\" \/>\n<meta property=\"og:image\" content=\"https:\/\/greencottage.be\/wp-content\/uploads\/2020\/06\/Teambuilding_adresse_tirauxclays-scaled.jpg\" \/>\n\t<meta property=\"og:image:width\" content=\"2560\" \/>\n\t<meta property=\"og:image:height\" content=\"1707\" \/>\n\t<meta property=\"og:image:type\" content=\"image\/jpeg\" \/>\n<meta name=\"twitter:card\" content=\"summary_large_image\" \/>\n<meta name=\"twitter:label1\" content=\"Geschatte leestijd\" \/>\n\t<meta name=\"twitter:data1\" content=\"1 minute\" \/>\n<script type=\"application\/ld+json\" class=\"yoast-schema-graph\">{\"@context\":\"https:\\\/\\\/schema.org\",\"@graph\":[{\"@type\":\"WebPage\",\"@id\":\"https:\\\/\\\/greencottage.be\\\/nl\\\/team-buildings\\\/activiteiten-buitengewoon-kleiduifschieten\\\/\",\"url\":\"https:\\\/\\\/greencottage.be\\\/nl\\\/team-buildings\\\/activiteiten-buitengewoon-kleiduifschieten\\\/\",\"name\":\"Teambuilding: Buitengewone activiteiten : kleiduifschieten\",\"isPartOf\":{\"@id\":\"https:\\\/\\\/greencottage.be\\\/nl\\\/#website\"},\"primaryImageOfPage\":{\"@id\":\"https:\\\/\\\/greencottage.be\\\/nl\\\/team-buildings\\\/activiteiten-buitengewoon-kleiduifschieten\\\/#primaryimage\"},\"image\":{\"@id\":\"https:\\\/\\\/greencottage.be\\\/nl\\\/team-buildings\\\/activiteiten-buitengewoon-kleiduifschieten\\\/#primaryimage\"},\"thumbnailUrl\":\"https:\\\/\\\/greencottage.be\\\/wp-content\\\/uploads\\\/2020\\\/06\\\/Teambuilding_adresse_tirauxclays-scaled.jpg\",\"datePublished\":\"2020-06-25T14:56:56+00:00\",\"dateModified\":\"2021-03-17T14:31:02+00:00\",\"description\":\"Een buitengewone teambuilding voor uw teams? Bouw aan de concentratie van uw medewerkers. Een teambuilding van 100% digitale detox en de natuur. Kleiduifschieten!\",\"breadcrumb\":{\"@id\":\"https:\\\/\\\/greencottage.be\\\/nl\\\/team-buildings\\\/activiteiten-buitengewoon-kleiduifschieten\\\/#breadcrumb\"},\"inLanguage\":\"nl-BE\",\"potentialAction\":[{\"@type\":\"ReadAction\",\"target\":[\"https:\\\/\\\/greencottage.be\\\/nl\\\/team-buildings\\\/activiteiten-buitengewoon-kleiduifschieten\\\/\"]}]},{\"@type\":\"ImageObject\",\"inLanguage\":\"nl-BE\",\"@id\":\"https:\\\/\\\/greencottage.be\\\/nl\\\/team-buildings\\\/activiteiten-buitengewoon-kleiduifschieten\\\/#primaryimage\",\"url\":\"https:\\\/\\\/greencottage.be\\\/wp-content\\\/uploads\\\/2020\\\/06\\\/Teambuilding_adresse_tirauxclays-scaled.jpg\",\"contentUrl\":\"https:\\\/\\\/greencottage.be\\\/wp-content\\\/uploads\\\/2020\\\/06\\\/Teambuilding_adresse_tirauxclays-scaled.jpg\",\"width\":2560,\"height\":1707,\"caption\":\"Teambuilding Adresse Tir aux clays\"},{\"@type\":\"BreadcrumbList\",\"@id\":\"https:\\\/\\\/greencottage.be\\\/nl\\\/team-buildings\\\/activiteiten-buitengewoon-kleiduifschieten\\\/#breadcrumb\",\"itemListElement\":[{\"@type\":\"ListItem\",\"position\":1,\"name\":\"Accueil\",\"item\":\"https:\\\/\\\/greencottage.be\\\/nl\\\/\"},{\"@type\":\"ListItem\",\"position\":2,\"name\":\"Teambuildings in het groen vlak bij Brussel\",\"item\":\"https:\\\/\\\/greencottage.be\\\/nl\\\/team-buildings\\\/\"},{\"@type\":\"ListItem\",\"position\":3,\"name\":\"Kleiduifschieten\"}]},{\"@type\":\"WebSite\",\"@id\":\"https:\\\/\\\/greencottage.be\\\/nl\\\/#website\",\"url\":\"https:\\\/\\\/greencottage.be\\\/nl\\\/\",\"name\":\"Green Cottage\",\"description\":\"Salle de r\u00e9union \\\/ S\u00e9minaire au vert \u00e0 proximit\u00e9 de Bruxelles\",\"publisher\":{\"@id\":\"https:\\\/\\\/greencottage.be\\\/nl\\\/#organization\"},\"potentialAction\":[{\"@type\":\"SearchAction\",\"target\":{\"@type\":\"EntryPoint\",\"urlTemplate\":\"https:\\\/\\\/greencottage.be\\\/nl\\\/?s={search_term_string}\"},\"query-input\":{\"@type\":\"PropertyValueSpecification\",\"valueRequired\":true,\"valueName\":\"search_term_string\"}}],\"inLanguage\":\"nl-BE\"},{\"@type\":\"Organization\",\"@id\":\"https:\\\/\\\/greencottage.be\\\/nl\\\/#organization\",\"name\":\"Green Cottage\",\"url\":\"https:\\\/\\\/greencottage.be\\\/nl\\\/\",\"logo\":{\"@type\":\"ImageObject\",\"inLanguage\":\"nl-BE\",\"@id\":\"https:\\\/\\\/greencottage.be\\\/nl\\\/#\\\/schema\\\/logo\\\/image\\\/\",\"url\":\"https:\\\/\\\/greencottage.be\\\/wp-content\\\/uploads\\\/2023\\\/11\\\/cropped-Greencottage_logo-01.png\",\"contentUrl\":\"https:\\\/\\\/greencottage.be\\\/wp-content\\\/uploads\\\/2023\\\/11\\\/cropped-Greencottage_logo-01.png\",\"width\":400,\"height\":302,\"caption\":\"Green Cottage\"},\"image\":{\"@id\":\"https:\\\/\\\/greencottage.be\\\/nl\\\/#\\\/schema\\\/logo\\\/image\\\/\"},\"sameAs\":[\"https:\\\/\\\/www.facebook.com\\\/www.greencottage.be\"]}]}<\/script>\n<!-- \/ Yoast SEO plugin. -->","yoast_head_json":{"title":"Teambuilding: Buitengewone activiteiten : kleiduifschieten","description":"Een buitengewone teambuilding voor uw teams? Bouw aan de concentratie van uw medewerkers. Een teambuilding van 100% digitale detox en de natuur. Kleiduifschieten!","robots":{"index":"index","follow":"follow","max-snippet":"max-snippet:-1","max-image-preview":"max-image-preview:large","max-video-preview":"max-video-preview:-1"},"canonical":"https:\/\/greencottage.be\/nl\/team-buildings\/activiteiten-buitengewoon-kleiduifschieten\/","og_locale":"nl_BE","og_type":"article","og_title":"Teambuilding: Buitengewone activiteiten : kleiduifschieten","og_description":"Een buitengewone teambuilding voor uw teams? Bouw aan de concentratie van uw medewerkers. Een teambuilding van 100% digitale detox en de natuur. Kleiduifschieten!","og_url":"https:\/\/greencottage.be\/nl\/team-buildings\/activiteiten-buitengewoon-kleiduifschieten\/","og_site_name":"Green Cottage","article_publisher":"https:\/\/www.facebook.com\/www.greencottage.be","article_modified_time":"2021-03-17T14:31:02+00:00","og_image":[{"width":2560,"height":1707,"url":"https:\/\/greencottage.be\/wp-content\/uploads\/2020\/06\/Teambuilding_adresse_tirauxclays-scaled.jpg","type":"image\/jpeg"}],"twitter_card":"summary_large_image","twitter_misc":{"Geschatte leestijd":"1 minute"},"schema":{"@context":"https:\/\/schema.org","@graph":[{"@type":"WebPage","@id":"https:\/\/greencottage.be\/nl\/team-buildings\/activiteiten-buitengewoon-kleiduifschieten\/","url":"https:\/\/greencottage.be\/nl\/team-buildings\/activiteiten-buitengewoon-kleiduifschieten\/","name":"Teambuilding: Buitengewone activiteiten : kleiduifschieten","isPartOf":{"@id":"https:\/\/greencottage.be\/nl\/#website"},"primaryImageOfPage":{"@id":"https:\/\/greencottage.be\/nl\/team-buildings\/activiteiten-buitengewoon-kleiduifschieten\/#primaryimage"},"image":{"@id":"https:\/\/greencottage.be\/nl\/team-buildings\/activiteiten-buitengewoon-kleiduifschieten\/#primaryimage"},"thumbnailUrl":"https:\/\/greencottage.be\/wp-content\/uploads\/2020\/06\/Teambuilding_adresse_tirauxclays-scaled.jpg","datePublished":"2020-06-25T14:56:56+00:00","dateModified":"2021-03-17T14:31:02+00:00","description":"Een buitengewone teambuilding voor uw teams? Bouw aan de concentratie van uw medewerkers. Een teambuilding van 100% digitale detox en de natuur. Kleiduifschieten!","breadcrumb":{"@id":"https:\/\/greencottage.be\/nl\/team-buildings\/activiteiten-buitengewoon-kleiduifschieten\/#breadcrumb"},"inLanguage":"nl-BE","potentialAction":[{"@type":"ReadAction","target":["https:\/\/greencottage.be\/nl\/team-buildings\/activiteiten-buitengewoon-kleiduifschieten\/"]}]},{"@type":"ImageObject","inLanguage":"nl-BE","@id":"https:\/\/greencottage.be\/nl\/team-buildings\/activiteiten-buitengewoon-kleiduifschieten\/#primaryimage","url":"https:\/\/greencottage.be\/wp-content\/uploads\/2020\/06\/Teambuilding_adresse_tirauxclays-scaled.jpg","contentUrl":"https:\/\/greencottage.be\/wp-content\/uploads\/2020\/06\/Teambuilding_adresse_tirauxclays-scaled.jpg","width":2560,"height":1707,"caption":"Teambuilding Adresse Tir aux clays"},{"@type":"BreadcrumbList","@id":"https:\/\/greencottage.be\/nl\/team-buildings\/activiteiten-buitengewoon-kleiduifschieten\/#breadcrumb","itemListElement":[{"@type":"ListItem","position":1,"name":"Accueil","item":"https:\/\/greencottage.be\/nl\/"},{"@type":"ListItem","position":2,"name":"Teambuildings in het groen vlak bij Brussel","item":"https:\/\/greencottage.be\/nl\/team-buildings\/"},{"@type":"ListItem","position":3,"name":"Kleiduifschieten"}]},{"@type":"WebSite","@id":"https:\/\/greencottage.be\/nl\/#website","url":"https:\/\/greencottage.be\/nl\/","name":"Green Cottage","description":"Salle de r\u00e9union \/ S\u00e9minaire au vert \u00e0 proximit\u00e9 de Bruxelles","publisher":{"@id":"https:\/\/greencottage.be\/nl\/#organization"},"potentialAction":[{"@type":"SearchAction","target":{"@type":"EntryPoint","urlTemplate":"https:\/\/greencottage.be\/nl\/?s={search_term_string}"},"query-input":{"@type":"PropertyValueSpecification","valueRequired":true,"valueName":"search_term_string"}}],"inLanguage":"nl-BE"},{"@type":"Organization","@id":"https:\/\/greencottage.be\/nl\/#organization","name":"Green Cottage","url":"https:\/\/greencottage.be\/nl\/","logo":{"@type":"ImageObject","inLanguage":"nl-BE","@id":"https:\/\/greencottage.be\/nl\/#\/schema\/logo\/image\/","url":"https:\/\/greencottage.be\/wp-content\/uploads\/2023\/11\/cropped-Greencottage_logo-01.png","contentUrl":"https:\/\/greencottage.be\/wp-content\/uploads\/2023\/11\/cropped-Greencottage_logo-01.png","width":400,"height":302,"caption":"Green Cottage"},"image":{"@id":"https:\/\/greencottage.be\/nl\/#\/schema\/logo\/image\/"},"sameAs":["https:\/\/www.facebook.com\/www.greencottage.be"]}]}},"_links":{"self":[{"href":"https:\/\/greencottage.be\/nl\/wp-json\/wp\/v2\/pages\/2383","targetHints":{"allow":["GET"]}}],"collection":[{"href":"https:\/\/greencottage.be\/nl\/wp-json\/wp\/v2\/pages"}],"about":[{"href":"https:\/\/greencottage.be\/nl\/wp-json\/wp\/v2\/types\/page"}],"author":[{"embeddable":true,"href":"https:\/\/greencottage.be\/nl\/wp-json\/wp\/v2\/users\/1"}],"replies":[{"embeddable":true,"href":"https:\/\/greencottage.be\/nl\/wp-json\/wp\/v2\/comments?post=2383"}],"version-history":[{"count":3,"href":"https:\/\/greencottage.be\/nl\/wp-json\/wp\/v2\/pages\/2383\/revisions"}],"predecessor-version":[{"id":3136,"href":"https:\/\/greencottage.be\/nl\/wp-json\/wp\/v2\/pages\/2383\/revisions\/3136"}],"up":[{"embeddable":true,"href":"https:\/\/greencottage.be\/nl\/wp-json\/wp\/v2\/pages\/903"}],"wp:featuredmedia":[{"embeddable":true,"href":"https:\/\/greencottage.be\/nl\/wp-json\/wp\/v2\/media\/2372"}],"wp:attachment":[{"href":"https:\/\/greencottage.be\/nl\/wp-json\/wp\/v2\/media?parent=2383"}],"curies":[{"name":"wp","href":"https:\/\/api.w.org\/{rel}","templated":true}]}}