{"id":2382,"date":"2020-06-25T16:55:58","date_gmt":"2020-06-25T14:55:58","guid":{"rendered":"https:\/\/greencottage.be\/?page_id=2382"},"modified":"2021-03-17T15:29:51","modified_gmt":"2021-03-17T14:29:51","slug":"activiteiten-buitengewoon-boogschieten","status":"publish","type":"page","link":"https:\/\/greencottage.be\/nl\/team-buildings\/activiteiten-buitengewoon-boogschieten\/","title":{"rendered":"Boogschieten"},"content":{"rendered":"\n<blockquote class=\"wp-block-quote is-layout-flow wp-block-quote-is-layout-flow\"><p>Digitale detox-Concentratie &#8211; rust- plezier buitenshuis (duur 1u)<\/p><\/blockquote>\n\n\n\n<p>Laat uw teams kennismaken met de oude kunst van het boogschieten! Precisiesport bij uitstek, deze discipline<br>zal elk van uw medewerkers aansporen om al hun concentratie en zelfcontrole te gebruiken. Vaardigheden die ontegensprekelijk nuttig zijn in alle organisaties!<\/p>\n\n\n\n<figure class=\"wp-block-image size-large\"><img loading=\"lazy\" decoding=\"async\" width=\"600\" height=\"600\" src=\"https:\/\/greencottage.be\/wp-content\/uploads\/2018\/06\/Archers-1.jpg\" alt=\"\" class=\"wp-image-1070\" srcset=\"https:\/\/greencottage.be\/wp-content\/uploads\/2018\/06\/Archers-1.jpg 600w, https:\/\/greencottage.be\/wp-content\/uploads\/2018\/06\/Archers-1-330x330.jpg 330w, https:\/\/greencottage.be\/wp-content\/uploads\/2018\/06\/Archers-1-50x50.jpg 50w, https:\/\/greencottage.be\/wp-content\/uploads\/2018\/06\/Archers-1-300x300.jpg 300w\" sizes=\"auto, (max-width: 600px) 100vw, 600px\" \/><figcaption>Boogschieten<\/figcaption><\/figure>\n","protected":false},"excerpt":{"rendered":"<p>Digitale detox-Concentratie &#8211; rust- plezier buitenshuis (duur 1u) Laat uw teams kennismaken met de oude kunst van het boogschieten! Precisiesport bij uitstek, deze disciplinezal elk van uw medewerkers aansporen om al hun concentratie en zelfcontrole te gebruiken. Vaardigheden die ontegensprekelijk nuttig zijn in alle organisaties!<\/p>\n","protected":false},"author":1,"featured_media":2374,"parent":903,"menu_order":0,"comment_status":"closed","ping_status":"closed","template":"","meta":{"_genesis_hide_title":false,"_genesis_hide_breadcrumbs":false,"_genesis_hide_singular_image":false,"_genesis_hide_footer_widgets":false,"_genesis_custom_body_class":"","_genesis_custom_post_class":"","_genesis_layout":"","footnotes":""},"class_list":{"0":"post-2382","1":"page","2":"type-page","3":"status-publish","4":"has-post-thumbnail","6":"entry"},"yoast_head":"<!-- This site is optimized with the Yoast SEO plugin v27.3 - https:\/\/yoast.com\/product\/yoast-seo-wordpress\/ -->\n<title>Teambuilding - Buitengewone activiteiten : word boogschutter !<\/title>\n<meta name=\"description\" content=\"Een buitengewone teambuilding voor uw teams? Ontwikkelen van zelfcontrole en precisie in teamverband tijdens het boogschieten in alle veiligheid!\" \/>\n<meta name=\"robots\" content=\"index, follow, max-snippet:-1, max-image-preview:large, max-video-preview:-1\" \/>\n<link rel=\"canonical\" href=\"https:\/\/greencottage.be\/nl\/team-buildings\/activiteiten-buitengewoon-boogschieten\/\" \/>\n<meta property=\"og:locale\" content=\"nl_BE\" \/>\n<meta property=\"og:type\" content=\"article\" \/>\n<meta property=\"og:title\" content=\"Teambuilding - Buitengewone activiteiten : word boogschutter !\" \/>\n<meta property=\"og:description\" content=\"Een buitengewone teambuilding voor uw teams? Ontwikkelen van zelfcontrole en precisie in teamverband tijdens het boogschieten in alle veiligheid!\" \/>\n<meta property=\"og:url\" content=\"https:\/\/greencottage.be\/nl\/team-buildings\/activiteiten-buitengewoon-boogschieten\/\" \/>\n<meta property=\"og:site_name\" content=\"Green Cottage\" \/>\n<meta property=\"article:publisher\" content=\"https:\/\/www.facebook.com\/www.greencottage.be\" \/>\n<meta property=\"article:modified_time\" content=\"2021-03-17T14:29:51+00:00\" \/>\n<meta property=\"og:image\" content=\"https:\/\/greencottage.be\/wp-content\/uploads\/2020\/06\/Teambuilding_concentration_tir\u00e0larc-scaled.jpg\" \/>\n\t<meta property=\"og:image:width\" content=\"2560\" \/>\n\t<meta property=\"og:image:height\" content=\"1707\" \/>\n\t<meta property=\"og:image:type\" content=\"image\/jpeg\" \/>\n<meta name=\"twitter:card\" content=\"summary_large_image\" \/>\n<meta name=\"twitter:label1\" content=\"Geschatte leestijd\" \/>\n\t<meta name=\"twitter:data1\" content=\"1 minute\" \/>\n<script type=\"application\/ld+json\" class=\"yoast-schema-graph\">{\"@context\":\"https:\\\/\\\/schema.org\",\"@graph\":[{\"@type\":\"WebPage\",\"@id\":\"https:\\\/\\\/greencottage.be\\\/nl\\\/team-buildings\\\/activiteiten-buitengewoon-boogschieten\\\/\",\"url\":\"https:\\\/\\\/greencottage.be\\\/nl\\\/team-buildings\\\/activiteiten-buitengewoon-boogschieten\\\/\",\"name\":\"Teambuilding - Buitengewone activiteiten : word boogschutter !\",\"isPartOf\":{\"@id\":\"https:\\\/\\\/greencottage.be\\\/nl\\\/#website\"},\"primaryImageOfPage\":{\"@id\":\"https:\\\/\\\/greencottage.be\\\/nl\\\/team-buildings\\\/activiteiten-buitengewoon-boogschieten\\\/#primaryimage\"},\"image\":{\"@id\":\"https:\\\/\\\/greencottage.be\\\/nl\\\/team-buildings\\\/activiteiten-buitengewoon-boogschieten\\\/#primaryimage\"},\"thumbnailUrl\":\"https:\\\/\\\/greencottage.be\\\/wp-content\\\/uploads\\\/2020\\\/06\\\/Teambuilding_concentration_tir\u00e0larc-scaled.jpg\",\"datePublished\":\"2020-06-25T14:55:58+00:00\",\"dateModified\":\"2021-03-17T14:29:51+00:00\",\"description\":\"Een buitengewone teambuilding voor uw teams? Ontwikkelen van zelfcontrole en precisie in teamverband tijdens het boogschieten in alle veiligheid!\",\"breadcrumb\":{\"@id\":\"https:\\\/\\\/greencottage.be\\\/nl\\\/team-buildings\\\/activiteiten-buitengewoon-boogschieten\\\/#breadcrumb\"},\"inLanguage\":\"nl-BE\",\"potentialAction\":[{\"@type\":\"ReadAction\",\"target\":[\"https:\\\/\\\/greencottage.be\\\/nl\\\/team-buildings\\\/activiteiten-buitengewoon-boogschieten\\\/\"]}]},{\"@type\":\"ImageObject\",\"inLanguage\":\"nl-BE\",\"@id\":\"https:\\\/\\\/greencottage.be\\\/nl\\\/team-buildings\\\/activiteiten-buitengewoon-boogschieten\\\/#primaryimage\",\"url\":\"https:\\\/\\\/greencottage.be\\\/wp-content\\\/uploads\\\/2020\\\/06\\\/Teambuilding_concentration_tir\u00e0larc-scaled.jpg\",\"contentUrl\":\"https:\\\/\\\/greencottage.be\\\/wp-content\\\/uploads\\\/2020\\\/06\\\/Teambuilding_concentration_tir\u00e0larc-scaled.jpg\",\"width\":2560,\"height\":1707,\"caption\":\"Teambuilding Concentration Tir \u00e0 l'arc\"},{\"@type\":\"BreadcrumbList\",\"@id\":\"https:\\\/\\\/greencottage.be\\\/nl\\\/team-buildings\\\/activiteiten-buitengewoon-boogschieten\\\/#breadcrumb\",\"itemListElement\":[{\"@type\":\"ListItem\",\"position\":1,\"name\":\"Accueil\",\"item\":\"https:\\\/\\\/greencottage.be\\\/nl\\\/\"},{\"@type\":\"ListItem\",\"position\":2,\"name\":\"Teambuildings in het groen vlak bij Brussel\",\"item\":\"https:\\\/\\\/greencottage.be\\\/nl\\\/team-buildings\\\/\"},{\"@type\":\"ListItem\",\"position\":3,\"name\":\"Boogschieten\"}]},{\"@type\":\"WebSite\",\"@id\":\"https:\\\/\\\/greencottage.be\\\/nl\\\/#website\",\"url\":\"https:\\\/\\\/greencottage.be\\\/nl\\\/\",\"name\":\"Green Cottage\",\"description\":\"Salle de r\u00e9union \\\/ S\u00e9minaire au vert \u00e0 proximit\u00e9 de Bruxelles\",\"publisher\":{\"@id\":\"https:\\\/\\\/greencottage.be\\\/nl\\\/#organization\"},\"potentialAction\":[{\"@type\":\"SearchAction\",\"target\":{\"@type\":\"EntryPoint\",\"urlTemplate\":\"https:\\\/\\\/greencottage.be\\\/nl\\\/?s={search_term_string}\"},\"query-input\":{\"@type\":\"PropertyValueSpecification\",\"valueRequired\":true,\"valueName\":\"search_term_string\"}}],\"inLanguage\":\"nl-BE\"},{\"@type\":\"Organization\",\"@id\":\"https:\\\/\\\/greencottage.be\\\/nl\\\/#organization\",\"name\":\"Green Cottage\",\"url\":\"https:\\\/\\\/greencottage.be\\\/nl\\\/\",\"logo\":{\"@type\":\"ImageObject\",\"inLanguage\":\"nl-BE\",\"@id\":\"https:\\\/\\\/greencottage.be\\\/nl\\\/#\\\/schema\\\/logo\\\/image\\\/\",\"url\":\"https:\\\/\\\/greencottage.be\\\/wp-content\\\/uploads\\\/2023\\\/11\\\/cropped-Greencottage_logo-01.png\",\"contentUrl\":\"https:\\\/\\\/greencottage.be\\\/wp-content\\\/uploads\\\/2023\\\/11\\\/cropped-Greencottage_logo-01.png\",\"width\":400,\"height\":302,\"caption\":\"Green Cottage\"},\"image\":{\"@id\":\"https:\\\/\\\/greencottage.be\\\/nl\\\/#\\\/schema\\\/logo\\\/image\\\/\"},\"sameAs\":[\"https:\\\/\\\/www.facebook.com\\\/www.greencottage.be\"]}]}<\/script>\n<!-- \/ Yoast SEO plugin. -->","yoast_head_json":{"title":"Teambuilding - Buitengewone activiteiten : word boogschutter !","description":"Een buitengewone teambuilding voor uw teams? Ontwikkelen van zelfcontrole en precisie in teamverband tijdens het boogschieten in alle veiligheid!","robots":{"index":"index","follow":"follow","max-snippet":"max-snippet:-1","max-image-preview":"max-image-preview:large","max-video-preview":"max-video-preview:-1"},"canonical":"https:\/\/greencottage.be\/nl\/team-buildings\/activiteiten-buitengewoon-boogschieten\/","og_locale":"nl_BE","og_type":"article","og_title":"Teambuilding - Buitengewone activiteiten : word boogschutter !","og_description":"Een buitengewone teambuilding voor uw teams? Ontwikkelen van zelfcontrole en precisie in teamverband tijdens het boogschieten in alle veiligheid!","og_url":"https:\/\/greencottage.be\/nl\/team-buildings\/activiteiten-buitengewoon-boogschieten\/","og_site_name":"Green Cottage","article_publisher":"https:\/\/www.facebook.com\/www.greencottage.be","article_modified_time":"2021-03-17T14:29:51+00:00","og_image":[{"width":2560,"height":1707,"url":"https:\/\/greencottage.be\/wp-content\/uploads\/2020\/06\/Teambuilding_concentration_tir\u00e0larc-scaled.jpg","type":"image\/jpeg"}],"twitter_card":"summary_large_image","twitter_misc":{"Geschatte leestijd":"1 minute"},"schema":{"@context":"https:\/\/schema.org","@graph":[{"@type":"WebPage","@id":"https:\/\/greencottage.be\/nl\/team-buildings\/activiteiten-buitengewoon-boogschieten\/","url":"https:\/\/greencottage.be\/nl\/team-buildings\/activiteiten-buitengewoon-boogschieten\/","name":"Teambuilding - Buitengewone activiteiten : word boogschutter !","isPartOf":{"@id":"https:\/\/greencottage.be\/nl\/#website"},"primaryImageOfPage":{"@id":"https:\/\/greencottage.be\/nl\/team-buildings\/activiteiten-buitengewoon-boogschieten\/#primaryimage"},"image":{"@id":"https:\/\/greencottage.be\/nl\/team-buildings\/activiteiten-buitengewoon-boogschieten\/#primaryimage"},"thumbnailUrl":"https:\/\/greencottage.be\/wp-content\/uploads\/2020\/06\/Teambuilding_concentration_tir\u00e0larc-scaled.jpg","datePublished":"2020-06-25T14:55:58+00:00","dateModified":"2021-03-17T14:29:51+00:00","description":"Een buitengewone teambuilding voor uw teams? Ontwikkelen van zelfcontrole en precisie in teamverband tijdens het boogschieten in alle veiligheid!","breadcrumb":{"@id":"https:\/\/greencottage.be\/nl\/team-buildings\/activiteiten-buitengewoon-boogschieten\/#breadcrumb"},"inLanguage":"nl-BE","potentialAction":[{"@type":"ReadAction","target":["https:\/\/greencottage.be\/nl\/team-buildings\/activiteiten-buitengewoon-boogschieten\/"]}]},{"@type":"ImageObject","inLanguage":"nl-BE","@id":"https:\/\/greencottage.be\/nl\/team-buildings\/activiteiten-buitengewoon-boogschieten\/#primaryimage","url":"https:\/\/greencottage.be\/wp-content\/uploads\/2020\/06\/Teambuilding_concentration_tir\u00e0larc-scaled.jpg","contentUrl":"https:\/\/greencottage.be\/wp-content\/uploads\/2020\/06\/Teambuilding_concentration_tir\u00e0larc-scaled.jpg","width":2560,"height":1707,"caption":"Teambuilding Concentration Tir \u00e0 l'arc"},{"@type":"BreadcrumbList","@id":"https:\/\/greencottage.be\/nl\/team-buildings\/activiteiten-buitengewoon-boogschieten\/#breadcrumb","itemListElement":[{"@type":"ListItem","position":1,"name":"Accueil","item":"https:\/\/greencottage.be\/nl\/"},{"@type":"ListItem","position":2,"name":"Teambuildings in het groen vlak bij Brussel","item":"https:\/\/greencottage.be\/nl\/team-buildings\/"},{"@type":"ListItem","position":3,"name":"Boogschieten"}]},{"@type":"WebSite","@id":"https:\/\/greencottage.be\/nl\/#website","url":"https:\/\/greencottage.be\/nl\/","name":"Green Cottage","description":"Salle de r\u00e9union \/ S\u00e9minaire au vert \u00e0 proximit\u00e9 de Bruxelles","publisher":{"@id":"https:\/\/greencottage.be\/nl\/#organization"},"potentialAction":[{"@type":"SearchAction","target":{"@type":"EntryPoint","urlTemplate":"https:\/\/greencottage.be\/nl\/?s={search_term_string}"},"query-input":{"@type":"PropertyValueSpecification","valueRequired":true,"valueName":"search_term_string"}}],"inLanguage":"nl-BE"},{"@type":"Organization","@id":"https:\/\/greencottage.be\/nl\/#organization","name":"Green Cottage","url":"https:\/\/greencottage.be\/nl\/","logo":{"@type":"ImageObject","inLanguage":"nl-BE","@id":"https:\/\/greencottage.be\/nl\/#\/schema\/logo\/image\/","url":"https:\/\/greencottage.be\/wp-content\/uploads\/2023\/11\/cropped-Greencottage_logo-01.png","contentUrl":"https:\/\/greencottage.be\/wp-content\/uploads\/2023\/11\/cropped-Greencottage_logo-01.png","width":400,"height":302,"caption":"Green Cottage"},"image":{"@id":"https:\/\/greencottage.be\/nl\/#\/schema\/logo\/image\/"},"sameAs":["https:\/\/www.facebook.com\/www.greencottage.be"]}]}},"_links":{"self":[{"href":"https:\/\/greencottage.be\/nl\/wp-json\/wp\/v2\/pages\/2382","targetHints":{"allow":["GET"]}}],"collection":[{"href":"https:\/\/greencottage.be\/nl\/wp-json\/wp\/v2\/pages"}],"about":[{"href":"https:\/\/greencottage.be\/nl\/wp-json\/wp\/v2\/types\/page"}],"author":[{"embeddable":true,"href":"https:\/\/greencottage.be\/nl\/wp-json\/wp\/v2\/users\/1"}],"replies":[{"embeddable":true,"href":"https:\/\/greencottage.be\/nl\/wp-json\/wp\/v2\/comments?post=2382"}],"version-history":[{"count":1,"href":"https:\/\/greencottage.be\/nl\/wp-json\/wp\/v2\/pages\/2382\/revisions"}],"predecessor-version":[{"id":2389,"href":"https:\/\/greencottage.be\/nl\/wp-json\/wp\/v2\/pages\/2382\/revisions\/2389"}],"up":[{"embeddable":true,"href":"https:\/\/greencottage.be\/nl\/wp-json\/wp\/v2\/pages\/903"}],"wp:featuredmedia":[{"embeddable":true,"href":"https:\/\/greencottage.be\/nl\/wp-json\/wp\/v2\/media\/2374"}],"wp:attachment":[{"href":"https:\/\/greencottage.be\/nl\/wp-json\/wp\/v2\/media?parent=2382"}],"curies":[{"name":"wp","href":"https:\/\/api.w.org\/{rel}","templated":true}]}}