{"id":2381,"date":"2020-06-25T16:55:14","date_gmt":"2020-06-25T14:55:14","guid":{"rendered":"https:\/\/greencottage.be\/?page_id=2381"},"modified":"2021-03-17T15:33:12","modified_gmt":"2021-03-17T14:33:12","slug":"activiteiten-buitengewoon-schapendrijven","status":"publish","type":"page","link":"https:\/\/greencottage.be\/nl\/team-buildings\/activiteiten-buitengewoon-schapendrijven\/","title":{"rendered":"Schapendrijven"},"content":{"rendered":"\n<blockquote class=\"wp-block-quote is-layout-flow wp-block-quote-is-layout-flow\"><p>Digitale detox &#8211; teamwork &#8211; samenwerken &#8211; ontspanning in de open lucht (duur 1u30)<\/p><\/blockquote>\n\n\n\n<p>Stimuleer de samenwerking en de samenhang van uw teams door middel van een buitengewone teamactiviteit!<br>Een unieke teambuilding activiteit die de co\u00f6rdinatie en de teamgeest van uw collega&#8217;s op de proef stelt!<\/p>\n\n\n\n<figure class=\"wp-block-image size-large\"><img loading=\"lazy\" decoding=\"async\" width=\"600\" height=\"600\" src=\"https:\/\/greencottage.be\/wp-content\/uploads\/2018\/03\/Sheepleading2.jpg\" alt=\"\" class=\"wp-image-793\" srcset=\"https:\/\/greencottage.be\/wp-content\/uploads\/2018\/03\/Sheepleading2.jpg 600w, https:\/\/greencottage.be\/wp-content\/uploads\/2018\/03\/Sheepleading2-330x330.jpg 330w, https:\/\/greencottage.be\/wp-content\/uploads\/2018\/03\/Sheepleading2-50x50.jpg 50w, https:\/\/greencottage.be\/wp-content\/uploads\/2018\/03\/Sheepleading2-300x300.jpg 300w\" sizes=\"auto, (max-width: 600px) 100vw, 600px\" \/><figcaption>Men\u00e9e de moutons<\/figcaption><\/figure>\n","protected":false},"excerpt":{"rendered":"<p>Digitale detox &#8211; teamwork &#8211; samenwerken &#8211; ontspanning in de open lucht (duur 1u30) Stimuleer de samenwerking en de samenhang van uw teams door middel van een buitengewone teamactiviteit!Een unieke teambuilding activiteit die de co\u00f6rdinatie en de teamgeest van uw collega&#8217;s op de proef stelt!<\/p>\n","protected":false},"author":1,"featured_media":2373,"parent":903,"menu_order":0,"comment_status":"closed","ping_status":"closed","template":"","meta":{"_genesis_hide_title":false,"_genesis_hide_breadcrumbs":false,"_genesis_hide_singular_image":false,"_genesis_hide_footer_widgets":false,"_genesis_custom_body_class":"","_genesis_custom_post_class":"","_genesis_layout":"","footnotes":""},"class_list":{"0":"post-2381","1":"page","2":"type-page","3":"status-publish","4":"has-post-thumbnail","6":"entry"},"yoast_head":"<!-- This site is optimized with the Yoast SEO plugin v27.5 - https:\/\/yoast.com\/product\/yoast-seo-wordpress\/ -->\n<title>Teambuilding - Buitengewone activiteiten : een kudde leiden !<\/title>\n<meta name=\"description\" content=\"Een buitengewone teambuilding voor uw teams? Ontwikkel je leiderschapsvaardigheden bij het ontdekken van de technieken van het schapendrijven! Uniek.\" \/>\n<meta name=\"robots\" content=\"index, follow, max-snippet:-1, max-image-preview:large, max-video-preview:-1\" \/>\n<link rel=\"canonical\" href=\"https:\/\/greencottage.be\/nl\/team-buildings\/activiteiten-buitengewoon-schapendrijven\/\" \/>\n<meta property=\"og:locale\" content=\"nl_BE\" \/>\n<meta property=\"og:type\" content=\"article\" \/>\n<meta property=\"og:title\" content=\"Teambuilding - Buitengewone activiteiten : een kudde leiden !\" \/>\n<meta property=\"og:description\" content=\"Een buitengewone teambuilding voor uw teams? Ontwikkel je leiderschapsvaardigheden bij het ontdekken van de technieken van het schapendrijven! Uniek.\" \/>\n<meta property=\"og:url\" content=\"https:\/\/greencottage.be\/nl\/team-buildings\/activiteiten-buitengewoon-schapendrijven\/\" \/>\n<meta property=\"og:site_name\" content=\"Green Cottage\" \/>\n<meta property=\"article:publisher\" content=\"https:\/\/www.facebook.com\/www.greencottage.be\" \/>\n<meta property=\"article:modified_time\" content=\"2021-03-17T14:33:12+00:00\" \/>\n<meta property=\"og:image\" content=\"https:\/\/greencottage.be\/wp-content\/uploads\/2020\/06\/Teambuilding_coh\u00e9sion_men\u00e9edemouton.jpg\" \/>\n\t<meta property=\"og:image:width\" content=\"939\" \/>\n\t<meta property=\"og:image:height\" content=\"587\" \/>\n\t<meta property=\"og:image:type\" content=\"image\/jpeg\" \/>\n<meta name=\"twitter:card\" content=\"summary_large_image\" \/>\n<meta name=\"twitter:label1\" content=\"Geschatte leestijd\" \/>\n\t<meta name=\"twitter:data1\" content=\"1 minute\" \/>\n<script type=\"application\/ld+json\" class=\"yoast-schema-graph\">{\"@context\":\"https:\\\/\\\/schema.org\",\"@graph\":[{\"@type\":\"WebPage\",\"@id\":\"https:\\\/\\\/greencottage.be\\\/nl\\\/team-buildings\\\/activiteiten-buitengewoon-schapendrijven\\\/\",\"url\":\"https:\\\/\\\/greencottage.be\\\/nl\\\/team-buildings\\\/activiteiten-buitengewoon-schapendrijven\\\/\",\"name\":\"Teambuilding - Buitengewone activiteiten : een kudde leiden !\",\"isPartOf\":{\"@id\":\"https:\\\/\\\/greencottage.be\\\/nl\\\/#website\"},\"primaryImageOfPage\":{\"@id\":\"https:\\\/\\\/greencottage.be\\\/nl\\\/team-buildings\\\/activiteiten-buitengewoon-schapendrijven\\\/#primaryimage\"},\"image\":{\"@id\":\"https:\\\/\\\/greencottage.be\\\/nl\\\/team-buildings\\\/activiteiten-buitengewoon-schapendrijven\\\/#primaryimage\"},\"thumbnailUrl\":\"https:\\\/\\\/greencottage.be\\\/wp-content\\\/uploads\\\/2020\\\/06\\\/Teambuilding_coh\u00e9sion_men\u00e9edemouton.jpg\",\"datePublished\":\"2020-06-25T14:55:14+00:00\",\"dateModified\":\"2021-03-17T14:33:12+00:00\",\"description\":\"Een buitengewone teambuilding voor uw teams? Ontwikkel je leiderschapsvaardigheden bij het ontdekken van de technieken van het schapendrijven! Uniek.\",\"breadcrumb\":{\"@id\":\"https:\\\/\\\/greencottage.be\\\/nl\\\/team-buildings\\\/activiteiten-buitengewoon-schapendrijven\\\/#breadcrumb\"},\"inLanguage\":\"nl-BE\",\"potentialAction\":[{\"@type\":\"ReadAction\",\"target\":[\"https:\\\/\\\/greencottage.be\\\/nl\\\/team-buildings\\\/activiteiten-buitengewoon-schapendrijven\\\/\"]}]},{\"@type\":\"ImageObject\",\"inLanguage\":\"nl-BE\",\"@id\":\"https:\\\/\\\/greencottage.be\\\/nl\\\/team-buildings\\\/activiteiten-buitengewoon-schapendrijven\\\/#primaryimage\",\"url\":\"https:\\\/\\\/greencottage.be\\\/wp-content\\\/uploads\\\/2020\\\/06\\\/Teambuilding_coh\u00e9sion_men\u00e9edemouton.jpg\",\"contentUrl\":\"https:\\\/\\\/greencottage.be\\\/wp-content\\\/uploads\\\/2020\\\/06\\\/Teambuilding_coh\u00e9sion_men\u00e9edemouton.jpg\",\"width\":939,\"height\":587,\"caption\":\"Teambuilding Coh\u00e9sion Men\u00e9e de mouton\"},{\"@type\":\"BreadcrumbList\",\"@id\":\"https:\\\/\\\/greencottage.be\\\/nl\\\/team-buildings\\\/activiteiten-buitengewoon-schapendrijven\\\/#breadcrumb\",\"itemListElement\":[{\"@type\":\"ListItem\",\"position\":1,\"name\":\"Accueil\",\"item\":\"https:\\\/\\\/greencottage.be\\\/nl\\\/\"},{\"@type\":\"ListItem\",\"position\":2,\"name\":\"Teambuildings in het groen vlak bij Brussel\",\"item\":\"https:\\\/\\\/greencottage.be\\\/nl\\\/team-buildings\\\/\"},{\"@type\":\"ListItem\",\"position\":3,\"name\":\"Schapendrijven\"}]},{\"@type\":\"WebSite\",\"@id\":\"https:\\\/\\\/greencottage.be\\\/nl\\\/#website\",\"url\":\"https:\\\/\\\/greencottage.be\\\/nl\\\/\",\"name\":\"Green Cottage\",\"description\":\"Salle de r\u00e9union \\\/ S\u00e9minaire au vert \u00e0 proximit\u00e9 de Bruxelles\",\"publisher\":{\"@id\":\"https:\\\/\\\/greencottage.be\\\/nl\\\/#organization\"},\"potentialAction\":[{\"@type\":\"SearchAction\",\"target\":{\"@type\":\"EntryPoint\",\"urlTemplate\":\"https:\\\/\\\/greencottage.be\\\/nl\\\/?s={search_term_string}\"},\"query-input\":{\"@type\":\"PropertyValueSpecification\",\"valueRequired\":true,\"valueName\":\"search_term_string\"}}],\"inLanguage\":\"nl-BE\"},{\"@type\":\"Organization\",\"@id\":\"https:\\\/\\\/greencottage.be\\\/nl\\\/#organization\",\"name\":\"Green Cottage\",\"url\":\"https:\\\/\\\/greencottage.be\\\/nl\\\/\",\"logo\":{\"@type\":\"ImageObject\",\"inLanguage\":\"nl-BE\",\"@id\":\"https:\\\/\\\/greencottage.be\\\/nl\\\/#\\\/schema\\\/logo\\\/image\\\/\",\"url\":\"https:\\\/\\\/greencottage.be\\\/wp-content\\\/uploads\\\/2023\\\/11\\\/cropped-Greencottage_logo-01.png\",\"contentUrl\":\"https:\\\/\\\/greencottage.be\\\/wp-content\\\/uploads\\\/2023\\\/11\\\/cropped-Greencottage_logo-01.png\",\"width\":400,\"height\":302,\"caption\":\"Green Cottage\"},\"image\":{\"@id\":\"https:\\\/\\\/greencottage.be\\\/nl\\\/#\\\/schema\\\/logo\\\/image\\\/\"},\"sameAs\":[\"https:\\\/\\\/www.facebook.com\\\/www.greencottage.be\"]}]}<\/script>\n<!-- \/ Yoast SEO plugin. -->","yoast_head_json":{"title":"Teambuilding - Buitengewone activiteiten : een kudde leiden !","description":"Een buitengewone teambuilding voor uw teams? Ontwikkel je leiderschapsvaardigheden bij het ontdekken van de technieken van het schapendrijven! Uniek.","robots":{"index":"index","follow":"follow","max-snippet":"max-snippet:-1","max-image-preview":"max-image-preview:large","max-video-preview":"max-video-preview:-1"},"canonical":"https:\/\/greencottage.be\/nl\/team-buildings\/activiteiten-buitengewoon-schapendrijven\/","og_locale":"nl_BE","og_type":"article","og_title":"Teambuilding - Buitengewone activiteiten : een kudde leiden !","og_description":"Een buitengewone teambuilding voor uw teams? Ontwikkel je leiderschapsvaardigheden bij het ontdekken van de technieken van het schapendrijven! Uniek.","og_url":"https:\/\/greencottage.be\/nl\/team-buildings\/activiteiten-buitengewoon-schapendrijven\/","og_site_name":"Green Cottage","article_publisher":"https:\/\/www.facebook.com\/www.greencottage.be","article_modified_time":"2021-03-17T14:33:12+00:00","og_image":[{"width":939,"height":587,"url":"https:\/\/greencottage.be\/wp-content\/uploads\/2020\/06\/Teambuilding_coh\u00e9sion_men\u00e9edemouton.jpg","type":"image\/jpeg"}],"twitter_card":"summary_large_image","twitter_misc":{"Geschatte leestijd":"1 minute"},"schema":{"@context":"https:\/\/schema.org","@graph":[{"@type":"WebPage","@id":"https:\/\/greencottage.be\/nl\/team-buildings\/activiteiten-buitengewoon-schapendrijven\/","url":"https:\/\/greencottage.be\/nl\/team-buildings\/activiteiten-buitengewoon-schapendrijven\/","name":"Teambuilding - Buitengewone activiteiten : een kudde leiden !","isPartOf":{"@id":"https:\/\/greencottage.be\/nl\/#website"},"primaryImageOfPage":{"@id":"https:\/\/greencottage.be\/nl\/team-buildings\/activiteiten-buitengewoon-schapendrijven\/#primaryimage"},"image":{"@id":"https:\/\/greencottage.be\/nl\/team-buildings\/activiteiten-buitengewoon-schapendrijven\/#primaryimage"},"thumbnailUrl":"https:\/\/greencottage.be\/wp-content\/uploads\/2020\/06\/Teambuilding_coh\u00e9sion_men\u00e9edemouton.jpg","datePublished":"2020-06-25T14:55:14+00:00","dateModified":"2021-03-17T14:33:12+00:00","description":"Een buitengewone teambuilding voor uw teams? Ontwikkel je leiderschapsvaardigheden bij het ontdekken van de technieken van het schapendrijven! Uniek.","breadcrumb":{"@id":"https:\/\/greencottage.be\/nl\/team-buildings\/activiteiten-buitengewoon-schapendrijven\/#breadcrumb"},"inLanguage":"nl-BE","potentialAction":[{"@type":"ReadAction","target":["https:\/\/greencottage.be\/nl\/team-buildings\/activiteiten-buitengewoon-schapendrijven\/"]}]},{"@type":"ImageObject","inLanguage":"nl-BE","@id":"https:\/\/greencottage.be\/nl\/team-buildings\/activiteiten-buitengewoon-schapendrijven\/#primaryimage","url":"https:\/\/greencottage.be\/wp-content\/uploads\/2020\/06\/Teambuilding_coh\u00e9sion_men\u00e9edemouton.jpg","contentUrl":"https:\/\/greencottage.be\/wp-content\/uploads\/2020\/06\/Teambuilding_coh\u00e9sion_men\u00e9edemouton.jpg","width":939,"height":587,"caption":"Teambuilding Coh\u00e9sion Men\u00e9e de mouton"},{"@type":"BreadcrumbList","@id":"https:\/\/greencottage.be\/nl\/team-buildings\/activiteiten-buitengewoon-schapendrijven\/#breadcrumb","itemListElement":[{"@type":"ListItem","position":1,"name":"Accueil","item":"https:\/\/greencottage.be\/nl\/"},{"@type":"ListItem","position":2,"name":"Teambuildings in het groen vlak bij Brussel","item":"https:\/\/greencottage.be\/nl\/team-buildings\/"},{"@type":"ListItem","position":3,"name":"Schapendrijven"}]},{"@type":"WebSite","@id":"https:\/\/greencottage.be\/nl\/#website","url":"https:\/\/greencottage.be\/nl\/","name":"Green Cottage","description":"Salle de r\u00e9union \/ S\u00e9minaire au vert \u00e0 proximit\u00e9 de Bruxelles","publisher":{"@id":"https:\/\/greencottage.be\/nl\/#organization"},"potentialAction":[{"@type":"SearchAction","target":{"@type":"EntryPoint","urlTemplate":"https:\/\/greencottage.be\/nl\/?s={search_term_string}"},"query-input":{"@type":"PropertyValueSpecification","valueRequired":true,"valueName":"search_term_string"}}],"inLanguage":"nl-BE"},{"@type":"Organization","@id":"https:\/\/greencottage.be\/nl\/#organization","name":"Green Cottage","url":"https:\/\/greencottage.be\/nl\/","logo":{"@type":"ImageObject","inLanguage":"nl-BE","@id":"https:\/\/greencottage.be\/nl\/#\/schema\/logo\/image\/","url":"https:\/\/greencottage.be\/wp-content\/uploads\/2023\/11\/cropped-Greencottage_logo-01.png","contentUrl":"https:\/\/greencottage.be\/wp-content\/uploads\/2023\/11\/cropped-Greencottage_logo-01.png","width":400,"height":302,"caption":"Green Cottage"},"image":{"@id":"https:\/\/greencottage.be\/nl\/#\/schema\/logo\/image\/"},"sameAs":["https:\/\/www.facebook.com\/www.greencottage.be"]}]}},"_links":{"self":[{"href":"https:\/\/greencottage.be\/nl\/wp-json\/wp\/v2\/pages\/2381","targetHints":{"allow":["GET"]}}],"collection":[{"href":"https:\/\/greencottage.be\/nl\/wp-json\/wp\/v2\/pages"}],"about":[{"href":"https:\/\/greencottage.be\/nl\/wp-json\/wp\/v2\/types\/page"}],"author":[{"embeddable":true,"href":"https:\/\/greencottage.be\/nl\/wp-json\/wp\/v2\/users\/1"}],"replies":[{"embeddable":true,"href":"https:\/\/greencottage.be\/nl\/wp-json\/wp\/v2\/comments?post=2381"}],"version-history":[{"count":1,"href":"https:\/\/greencottage.be\/nl\/wp-json\/wp\/v2\/pages\/2381\/revisions"}],"predecessor-version":[{"id":2388,"href":"https:\/\/greencottage.be\/nl\/wp-json\/wp\/v2\/pages\/2381\/revisions\/2388"}],"up":[{"embeddable":true,"href":"https:\/\/greencottage.be\/nl\/wp-json\/wp\/v2\/pages\/903"}],"wp:featuredmedia":[{"embeddable":true,"href":"https:\/\/greencottage.be\/nl\/wp-json\/wp\/v2\/media\/2373"}],"wp:attachment":[{"href":"https:\/\/greencottage.be\/nl\/wp-json\/wp\/v2\/media?parent=2381"}],"curies":[{"name":"wp","href":"https:\/\/api.w.org\/{rel}","templated":true}]}}