{"id":2315,"date":"2020-05-27T23:50:54","date_gmt":"2020-05-27T21:50:54","guid":{"rendered":"https:\/\/greencottage.be\/?page_id=2315"},"modified":"2021-03-17T15:27:54","modified_gmt":"2021-03-17T14:27:54","slug":"sanitaire-maatregelen-uw-vergadering-seminarie-in-veiligheid","status":"publish","type":"page","link":"https:\/\/greencottage.be\/nl\/sanitaire-maatregelen-uw-vergadering-seminarie-in-veiligheid\/","title":{"rendered":"Sanitaire maatregelen : uw vergadering &#038; seminarie in veiligheid"},"content":{"rendered":"\n<figure class=\"wp-block-image size-full\"><img loading=\"lazy\" decoding=\"async\" width=\"1280\" height=\"1772\" src=\"https:\/\/greencottage.be\/wp-content\/uploads\/2020\/05\/green_cottage_covid_OK-e1591043981778.jpg\" alt=\"Sanitaire maatregelen voor uw vergadering &amp; seminarie\" class=\"wp-image-2317\" srcset=\"https:\/\/greencottage.be\/wp-content\/uploads\/2020\/05\/green_cottage_covid_OK-e1591043981778.jpg 1280w, https:\/\/greencottage.be\/wp-content\/uploads\/2020\/05\/green_cottage_covid_OK-e1591043981778-433x600.jpg 433w, https:\/\/greencottage.be\/wp-content\/uploads\/2020\/05\/green_cottage_covid_OK-e1591043981778-740x1024.jpg 740w, https:\/\/greencottage.be\/wp-content\/uploads\/2020\/05\/green_cottage_covid_OK-e1591043981778-768x1063.jpg 768w, https:\/\/greencottage.be\/wp-content\/uploads\/2020\/05\/green_cottage_covid_OK-e1591043981778-1110x1536.jpg 1110w, https:\/\/greencottage.be\/wp-content\/uploads\/2020\/05\/green_cottage_covid_OK-e1591043981778-867x1200.jpg 867w, https:\/\/greencottage.be\/wp-content\/uploads\/2020\/05\/green_cottage_covid_OK-e1591043981778-217x300.jpg 217w\" sizes=\"auto, (max-width: 1280px) 100vw, 1280px\" \/><\/figure>\n\n\n\n<div class=\"wp-block-file\"><a href=\"https:\/\/greencottage.be\/wp-content\/uploads\/2020\/05\/green_cottage_covid-1.pdf\" class=\"wp-block-file__button\" download>Downloaden<\/a><\/div>\n","protected":false},"excerpt":{"rendered":"","protected":false},"author":1,"featured_media":1350,"parent":0,"menu_order":0,"comment_status":"closed","ping_status":"closed","template":"","meta":{"_genesis_hide_title":false,"_genesis_hide_breadcrumbs":false,"_genesis_hide_singular_image":false,"_genesis_hide_footer_widgets":false,"_genesis_custom_body_class":"","_genesis_custom_post_class":"","_genesis_layout":"","footnotes":""},"class_list":{"0":"post-2315","1":"page","2":"type-page","3":"status-publish","4":"has-post-thumbnail","6":"entry"},"yoast_head":"<!-- This site is optimized with the Yoast SEO plugin v27.5 - https:\/\/yoast.com\/product\/yoast-seo-wordpress\/ -->\n<title>Sanitaire maatregelen : uw vergadering &amp; seminarie in veiligheid<\/title>\n<meta name=\"description\" content=\"Organiseer uw seminarie in overeenstemming met de gezondheids- en veiligheidsnormen voor uw collega&#039;s. Green Cottage heeft haar inrichting aangepast aan de nieuwste normen.\" \/>\n<meta name=\"robots\" content=\"index, follow, max-snippet:-1, max-image-preview:large, max-video-preview:-1\" \/>\n<link rel=\"canonical\" href=\"https:\/\/greencottage.be\/nl\/sanitaire-maatregelen-uw-vergadering-seminarie-in-veiligheid\/\" \/>\n<meta property=\"og:locale\" content=\"nl_BE\" \/>\n<meta property=\"og:type\" content=\"article\" \/>\n<meta property=\"og:title\" content=\"Sanitaire maatregelen : uw vergadering &amp; seminarie in veiligheid\" \/>\n<meta property=\"og:description\" content=\"Organiseer uw seminarie in overeenstemming met de gezondheids- en veiligheidsnormen voor uw collega&#039;s. Green Cottage heeft haar inrichting aangepast aan de nieuwste normen.\" \/>\n<meta property=\"og:url\" content=\"https:\/\/greencottage.be\/nl\/sanitaire-maatregelen-uw-vergadering-seminarie-in-veiligheid\/\" \/>\n<meta property=\"og:site_name\" content=\"Green Cottage\" \/>\n<meta property=\"article:publisher\" content=\"https:\/\/www.facebook.com\/www.greencottage.be\" \/>\n<meta property=\"article:modified_time\" content=\"2021-03-17T14:27:54+00:00\" \/>\n<meta property=\"og:image\" content=\"https:\/\/greencottage.be\/wp-content\/uploads\/2019\/06\/Green-Cottage-Beautiful-farm-building-for-luxurious-and-residential-seminars-unusual-team-activities..jpg\" \/>\n\t<meta property=\"og:image:width\" content=\"1600\" \/>\n\t<meta property=\"og:image:height\" content=\"1050\" \/>\n\t<meta property=\"og:image:type\" content=\"image\/jpeg\" \/>\n<meta name=\"twitter:card\" content=\"summary_large_image\" \/>\n<meta name=\"twitter:label1\" content=\"Geschatte leestijd\" \/>\n\t<meta name=\"twitter:data1\" content=\"1 minute\" \/>\n<script type=\"application\/ld+json\" class=\"yoast-schema-graph\">{\"@context\":\"https:\\\/\\\/schema.org\",\"@graph\":[{\"@type\":\"WebPage\",\"@id\":\"https:\\\/\\\/greencottage.be\\\/nl\\\/sanitaire-maatregelen-uw-vergadering-seminarie-in-veiligheid\\\/\",\"url\":\"https:\\\/\\\/greencottage.be\\\/nl\\\/sanitaire-maatregelen-uw-vergadering-seminarie-in-veiligheid\\\/\",\"name\":\"Sanitaire maatregelen : uw vergadering & seminarie in veiligheid\",\"isPartOf\":{\"@id\":\"https:\\\/\\\/greencottage.be\\\/nl\\\/#website\"},\"primaryImageOfPage\":{\"@id\":\"https:\\\/\\\/greencottage.be\\\/nl\\\/sanitaire-maatregelen-uw-vergadering-seminarie-in-veiligheid\\\/#primaryimage\"},\"image\":{\"@id\":\"https:\\\/\\\/greencottage.be\\\/nl\\\/sanitaire-maatregelen-uw-vergadering-seminarie-in-veiligheid\\\/#primaryimage\"},\"thumbnailUrl\":\"https:\\\/\\\/greencottage.be\\\/wp-content\\\/uploads\\\/2019\\\/06\\\/Green-Cottage-Beautiful-farm-building-for-luxurious-and-residential-seminars-unusual-team-activities..jpg\",\"datePublished\":\"2020-05-27T21:50:54+00:00\",\"dateModified\":\"2021-03-17T14:27:54+00:00\",\"description\":\"Organiseer uw seminarie in overeenstemming met de gezondheids- en veiligheidsnormen voor uw collega's. Green Cottage heeft haar inrichting aangepast aan de nieuwste normen.\",\"breadcrumb\":{\"@id\":\"https:\\\/\\\/greencottage.be\\\/nl\\\/sanitaire-maatregelen-uw-vergadering-seminarie-in-veiligheid\\\/#breadcrumb\"},\"inLanguage\":\"nl-BE\",\"potentialAction\":[{\"@type\":\"ReadAction\",\"target\":[\"https:\\\/\\\/greencottage.be\\\/nl\\\/sanitaire-maatregelen-uw-vergadering-seminarie-in-veiligheid\\\/\"]}]},{\"@type\":\"ImageObject\",\"inLanguage\":\"nl-BE\",\"@id\":\"https:\\\/\\\/greencottage.be\\\/nl\\\/sanitaire-maatregelen-uw-vergadering-seminarie-in-veiligheid\\\/#primaryimage\",\"url\":\"https:\\\/\\\/greencottage.be\\\/wp-content\\\/uploads\\\/2019\\\/06\\\/Green-Cottage-Beautiful-farm-building-for-luxurious-and-residential-seminars-unusual-team-activities..jpg\",\"contentUrl\":\"https:\\\/\\\/greencottage.be\\\/wp-content\\\/uploads\\\/2019\\\/06\\\/Green-Cottage-Beautiful-farm-building-for-luxurious-and-residential-seminars-unusual-team-activities..jpg\",\"width\":1600,\"height\":1050,\"caption\":\"Green Cottage - Beautiful farm building for luxurious and residential seminars - unusual team activities.\"},{\"@type\":\"BreadcrumbList\",\"@id\":\"https:\\\/\\\/greencottage.be\\\/nl\\\/sanitaire-maatregelen-uw-vergadering-seminarie-in-veiligheid\\\/#breadcrumb\",\"itemListElement\":[{\"@type\":\"ListItem\",\"position\":1,\"name\":\"Accueil\",\"item\":\"https:\\\/\\\/greencottage.be\\\/nl\\\/\"},{\"@type\":\"ListItem\",\"position\":2,\"name\":\"Sanitaire maatregelen : uw vergadering &#038; seminarie in veiligheid\"}]},{\"@type\":\"WebSite\",\"@id\":\"https:\\\/\\\/greencottage.be\\\/nl\\\/#website\",\"url\":\"https:\\\/\\\/greencottage.be\\\/nl\\\/\",\"name\":\"Green Cottage\",\"description\":\"Salle de r\u00e9union \\\/ S\u00e9minaire au vert \u00e0 proximit\u00e9 de Bruxelles\",\"publisher\":{\"@id\":\"https:\\\/\\\/greencottage.be\\\/nl\\\/#organization\"},\"potentialAction\":[{\"@type\":\"SearchAction\",\"target\":{\"@type\":\"EntryPoint\",\"urlTemplate\":\"https:\\\/\\\/greencottage.be\\\/nl\\\/?s={search_term_string}\"},\"query-input\":{\"@type\":\"PropertyValueSpecification\",\"valueRequired\":true,\"valueName\":\"search_term_string\"}}],\"inLanguage\":\"nl-BE\"},{\"@type\":\"Organization\",\"@id\":\"https:\\\/\\\/greencottage.be\\\/nl\\\/#organization\",\"name\":\"Green Cottage\",\"url\":\"https:\\\/\\\/greencottage.be\\\/nl\\\/\",\"logo\":{\"@type\":\"ImageObject\",\"inLanguage\":\"nl-BE\",\"@id\":\"https:\\\/\\\/greencottage.be\\\/nl\\\/#\\\/schema\\\/logo\\\/image\\\/\",\"url\":\"https:\\\/\\\/greencottage.be\\\/wp-content\\\/uploads\\\/2023\\\/11\\\/cropped-Greencottage_logo-01.png\",\"contentUrl\":\"https:\\\/\\\/greencottage.be\\\/wp-content\\\/uploads\\\/2023\\\/11\\\/cropped-Greencottage_logo-01.png\",\"width\":400,\"height\":302,\"caption\":\"Green Cottage\"},\"image\":{\"@id\":\"https:\\\/\\\/greencottage.be\\\/nl\\\/#\\\/schema\\\/logo\\\/image\\\/\"},\"sameAs\":[\"https:\\\/\\\/www.facebook.com\\\/www.greencottage.be\"]}]}<\/script>\n<!-- \/ Yoast SEO plugin. -->","yoast_head_json":{"title":"Sanitaire maatregelen : uw vergadering & seminarie in veiligheid","description":"Organiseer uw seminarie in overeenstemming met de gezondheids- en veiligheidsnormen voor uw collega's. Green Cottage heeft haar inrichting aangepast aan de nieuwste normen.","robots":{"index":"index","follow":"follow","max-snippet":"max-snippet:-1","max-image-preview":"max-image-preview:large","max-video-preview":"max-video-preview:-1"},"canonical":"https:\/\/greencottage.be\/nl\/sanitaire-maatregelen-uw-vergadering-seminarie-in-veiligheid\/","og_locale":"nl_BE","og_type":"article","og_title":"Sanitaire maatregelen : uw vergadering & seminarie in veiligheid","og_description":"Organiseer uw seminarie in overeenstemming met de gezondheids- en veiligheidsnormen voor uw collega's. Green Cottage heeft haar inrichting aangepast aan de nieuwste normen.","og_url":"https:\/\/greencottage.be\/nl\/sanitaire-maatregelen-uw-vergadering-seminarie-in-veiligheid\/","og_site_name":"Green Cottage","article_publisher":"https:\/\/www.facebook.com\/www.greencottage.be","article_modified_time":"2021-03-17T14:27:54+00:00","og_image":[{"width":1600,"height":1050,"url":"https:\/\/greencottage.be\/wp-content\/uploads\/2019\/06\/Green-Cottage-Beautiful-farm-building-for-luxurious-and-residential-seminars-unusual-team-activities..jpg","type":"image\/jpeg"}],"twitter_card":"summary_large_image","twitter_misc":{"Geschatte leestijd":"1 minute"},"schema":{"@context":"https:\/\/schema.org","@graph":[{"@type":"WebPage","@id":"https:\/\/greencottage.be\/nl\/sanitaire-maatregelen-uw-vergadering-seminarie-in-veiligheid\/","url":"https:\/\/greencottage.be\/nl\/sanitaire-maatregelen-uw-vergadering-seminarie-in-veiligheid\/","name":"Sanitaire maatregelen : uw vergadering & seminarie in veiligheid","isPartOf":{"@id":"https:\/\/greencottage.be\/nl\/#website"},"primaryImageOfPage":{"@id":"https:\/\/greencottage.be\/nl\/sanitaire-maatregelen-uw-vergadering-seminarie-in-veiligheid\/#primaryimage"},"image":{"@id":"https:\/\/greencottage.be\/nl\/sanitaire-maatregelen-uw-vergadering-seminarie-in-veiligheid\/#primaryimage"},"thumbnailUrl":"https:\/\/greencottage.be\/wp-content\/uploads\/2019\/06\/Green-Cottage-Beautiful-farm-building-for-luxurious-and-residential-seminars-unusual-team-activities..jpg","datePublished":"2020-05-27T21:50:54+00:00","dateModified":"2021-03-17T14:27:54+00:00","description":"Organiseer uw seminarie in overeenstemming met de gezondheids- en veiligheidsnormen voor uw collega's. Green Cottage heeft haar inrichting aangepast aan de nieuwste normen.","breadcrumb":{"@id":"https:\/\/greencottage.be\/nl\/sanitaire-maatregelen-uw-vergadering-seminarie-in-veiligheid\/#breadcrumb"},"inLanguage":"nl-BE","potentialAction":[{"@type":"ReadAction","target":["https:\/\/greencottage.be\/nl\/sanitaire-maatregelen-uw-vergadering-seminarie-in-veiligheid\/"]}]},{"@type":"ImageObject","inLanguage":"nl-BE","@id":"https:\/\/greencottage.be\/nl\/sanitaire-maatregelen-uw-vergadering-seminarie-in-veiligheid\/#primaryimage","url":"https:\/\/greencottage.be\/wp-content\/uploads\/2019\/06\/Green-Cottage-Beautiful-farm-building-for-luxurious-and-residential-seminars-unusual-team-activities..jpg","contentUrl":"https:\/\/greencottage.be\/wp-content\/uploads\/2019\/06\/Green-Cottage-Beautiful-farm-building-for-luxurious-and-residential-seminars-unusual-team-activities..jpg","width":1600,"height":1050,"caption":"Green Cottage - Beautiful farm building for luxurious and residential seminars - unusual team activities."},{"@type":"BreadcrumbList","@id":"https:\/\/greencottage.be\/nl\/sanitaire-maatregelen-uw-vergadering-seminarie-in-veiligheid\/#breadcrumb","itemListElement":[{"@type":"ListItem","position":1,"name":"Accueil","item":"https:\/\/greencottage.be\/nl\/"},{"@type":"ListItem","position":2,"name":"Sanitaire maatregelen : uw vergadering &#038; seminarie in veiligheid"}]},{"@type":"WebSite","@id":"https:\/\/greencottage.be\/nl\/#website","url":"https:\/\/greencottage.be\/nl\/","name":"Green Cottage","description":"Salle de r\u00e9union \/ S\u00e9minaire au vert \u00e0 proximit\u00e9 de Bruxelles","publisher":{"@id":"https:\/\/greencottage.be\/nl\/#organization"},"potentialAction":[{"@type":"SearchAction","target":{"@type":"EntryPoint","urlTemplate":"https:\/\/greencottage.be\/nl\/?s={search_term_string}"},"query-input":{"@type":"PropertyValueSpecification","valueRequired":true,"valueName":"search_term_string"}}],"inLanguage":"nl-BE"},{"@type":"Organization","@id":"https:\/\/greencottage.be\/nl\/#organization","name":"Green Cottage","url":"https:\/\/greencottage.be\/nl\/","logo":{"@type":"ImageObject","inLanguage":"nl-BE","@id":"https:\/\/greencottage.be\/nl\/#\/schema\/logo\/image\/","url":"https:\/\/greencottage.be\/wp-content\/uploads\/2023\/11\/cropped-Greencottage_logo-01.png","contentUrl":"https:\/\/greencottage.be\/wp-content\/uploads\/2023\/11\/cropped-Greencottage_logo-01.png","width":400,"height":302,"caption":"Green Cottage"},"image":{"@id":"https:\/\/greencottage.be\/nl\/#\/schema\/logo\/image\/"},"sameAs":["https:\/\/www.facebook.com\/www.greencottage.be"]}]}},"_links":{"self":[{"href":"https:\/\/greencottage.be\/nl\/wp-json\/wp\/v2\/pages\/2315","targetHints":{"allow":["GET"]}}],"collection":[{"href":"https:\/\/greencottage.be\/nl\/wp-json\/wp\/v2\/pages"}],"about":[{"href":"https:\/\/greencottage.be\/nl\/wp-json\/wp\/v2\/types\/page"}],"author":[{"embeddable":true,"href":"https:\/\/greencottage.be\/nl\/wp-json\/wp\/v2\/users\/1"}],"replies":[{"embeddable":true,"href":"https:\/\/greencottage.be\/nl\/wp-json\/wp\/v2\/comments?post=2315"}],"version-history":[{"count":6,"href":"https:\/\/greencottage.be\/nl\/wp-json\/wp\/v2\/pages\/2315\/revisions"}],"predecessor-version":[{"id":2439,"href":"https:\/\/greencottage.be\/nl\/wp-json\/wp\/v2\/pages\/2315\/revisions\/2439"}],"wp:featuredmedia":[{"embeddable":true,"href":"https:\/\/greencottage.be\/nl\/wp-json\/wp\/v2\/media\/1350"}],"wp:attachment":[{"href":"https:\/\/greencottage.be\/nl\/wp-json\/wp\/v2\/media?parent=2315"}],"curies":[{"name":"wp","href":"https:\/\/api.w.org\/{rel}","templated":true}]}}