{"id":974,"date":"2018-03-01T03:05:44","date_gmt":"2018-03-01T02:05:44","guid":{"rendered":"https:\/\/greencottage.be\/?page_id=974"},"modified":"2025-09-29T15:06:49","modified_gmt":"2025-09-29T13:06:49","slug":"meeting-room-for-rent-brussels","status":"publish","type":"page","link":"https:\/\/greencottage.be\/en\/meeting-room-for-rent-brussels\/","title":{"rendered":"Meeting rooms &#038; social areas"},"content":{"rendered":"\n<blockquote class=\"wp-block-quote is-layout-flow wp-block-quote-is-layout-flow\">\n<p>An open fire structures and delimits the space between the living room and dining room<\/p>\n<\/blockquote>\n\n<p>The lounge welcomes your aperitifs by the open fire, and our bar is stocked with a wide range of soft drinks, wine, whisky and other spirits.<\/p>\n\n<p>For your meetings, seminars and conferences we also have the<a href=\"https:\/\/greencottage.be\/fr\/seminaires\/\">Espace Business and various room configurations<\/a>.<\/p>\n\n<figure class=\"wp-block-gallery has-nested-images columns-3 is-cropped wp-block-gallery-1 is-layout-flex wp-block-gallery-is-layout-flex\">\n<figure class=\"wp-block-image size-large\"><a href=\"https:\/\/greencottage.be\/wp-content\/uploads\/2020\/09\/Team-building-original-creation-de-cocktail-&#xE0;-Bruxelles.jpg\"><img decoding=\"async\" data-id=\"2649\" src=\"https:\/\/greencottage.be\/wp-content\/uploads\/2020\/09\/Team-building-original-creation-de-cocktail-a&#x300;-Bruxelles-683x1024.jpg\" alt=\"Original team building: cocktail creation in Brussels\" class=\"wp-image-2649\"\/><\/a><\/figure>\n\n\n\n<figure class=\"wp-block-image size-large\"><a href=\"https:\/\/greencottage.be\/wp-content\/uploads\/2020\/09\/Salles-vari&#xE9;es-pour-lorganisation-de-s&#xE9;minaire-&#xE0;-la-campagne-en-Belgique.jpg\"><img decoding=\"async\" data-id=\"2648\" src=\"https:\/\/greencottage.be\/wp-content\/uploads\/2020\/09\/Salles-varie&#x301;es-pour-lorganisation-de-se&#x301;minaire-a&#x300;-la-campagne-en-Belgique-685x1024.jpg\" alt=\"Various rooms for seminars in the Belgian countryside\" class=\"wp-image-2648\"\/><\/a><\/figure>\n\n\n\n<figure class=\"wp-block-image size-large\"><a href=\"https:\/\/greencottage.be\/wp-content\/uploads\/2020\/09\/Salles-de-r&#xE9;union-cosy-&#xE0;-Bruxelles.jpg\"><img decoding=\"async\" data-id=\"2647\" src=\"https:\/\/greencottage.be\/wp-content\/uploads\/2020\/09\/Salles-de-re&#x301;union-cosy-a&#x300;-Bruxelles-1024x683.jpg\" alt=\"Cosy meeting rooms in Brussels\" class=\"wp-image-2647\"\/><\/a><\/figure>\n\n\n\n<figure class=\"wp-block-image size-large\"><a href=\"https:\/\/greencottage.be\/wp-content\/uploads\/2020\/09\/Salle-de-s&#xE9;minaire-originale-proche-de-Bruxelles.jpg\"><img decoding=\"async\" data-id=\"2646\" src=\"https:\/\/greencottage.be\/wp-content\/uploads\/2020\/09\/Salle-de-se&#x301;minaire-originale-proche-de-Bruxelles-682x1024.jpg\" alt=\"Original seminar room near Brussels\" class=\"wp-image-2646\"\/><\/a><\/figure>\n\n\n\n<figure class=\"wp-block-image size-large\"><a href=\"https:\/\/greencottage.be\/wp-content\/uploads\/2020\/09\/Endroit-unique-pour-lorganisation-de-s&#xE9;minaires-proche-de-Bruxelles.jpg\"><img decoding=\"async\" data-id=\"2645\" src=\"https:\/\/greencottage.be\/wp-content\/uploads\/2020\/09\/Endroit-unique-pour-lorganisation-de-se&#x301;minaires-proche-de-Bruxelles-1024x683.jpg\" alt=\"Unique seminar venue near Brussels\" class=\"wp-image-2645\"\/><\/a><\/figure>\n\n\n\n<figure class=\"wp-block-image size-large\"><a href=\"https:\/\/greencottage.be\/wp-content\/uploads\/2020\/09\/Endroit-chaleureux-pour-s&#xE9;minaire-r&#xE9;sidentiel.jpg\"><img decoding=\"async\" data-id=\"2644\" src=\"https:\/\/greencottage.be\/wp-content\/uploads\/2020\/09\/Endroit-chaleureux-pour-se&#x301;minaire-re&#x301;sidentiel-1024x683.jpg\" alt=\"Cozy venue for residential seminars\" class=\"wp-image-2644\"\/><\/a><\/figure>\n\n\n\n<figure class=\"wp-block-image size-large\"><a href=\"https:\/\/greencottage.be\/wp-content\/uploads\/2020\/09\/Activit&#xE9;-team-building-de-d&#xE9;gustation.jpg\"><img decoding=\"async\" data-id=\"2643\" src=\"https:\/\/greencottage.be\/wp-content\/uploads\/2020\/09\/Activite&#x301;-team-building-de-de&#x301;gustation-1024x630.jpg\" alt=\"Team building tasting activity\" class=\"wp-image-2643\"\/><\/a><\/figure>\n<\/figure>\n","protected":false},"excerpt":{"rendered":"<p>An open fire structures and delimits the space between the living room and dining room The lounge welcomes your aperitifs by the open fire, and our bar is stocked with a wide range of soft drinks, wine, whisky and other spirits. For your meetings, seminars and conferences we also have theEspace Business and various room [&hellip;]<\/p>\n","protected":false},"author":1,"featured_media":579,"parent":0,"menu_order":0,"comment_status":"closed","ping_status":"closed","template":"","meta":{"_genesis_hide_title":false,"_genesis_hide_breadcrumbs":false,"_genesis_hide_singular_image":false,"_genesis_hide_footer_widgets":false,"_genesis_custom_body_class":"","_genesis_custom_post_class":"","_genesis_layout":"","footnotes":""},"class_list":{"0":"post-974","1":"page","2":"type-page","3":"status-publish","4":"has-post-thumbnail","6":"entry"},"yoast_head":"<!-- This site is optimized with the Yoast SEO plugin v27.4 - https:\/\/yoast.com\/product\/yoast-seo-wordpress\/ -->\n<title>Rental of MEETING and SEMINAR rooms<\/title>\n<meta name=\"description\" content=\"Fully equipped meeting room rental. A serene, friendly place to work. Perfect organization and quality. A place to work and relax.\" \/>\n<meta name=\"robots\" content=\"index, follow, max-snippet:-1, max-image-preview:large, max-video-preview:-1\" \/>\n<link rel=\"canonical\" href=\"https:\/\/greencottage.be\/en\/meeting-room-for-rent-brussels\/\" \/>\n<meta property=\"og:locale\" content=\"en_GB\" \/>\n<meta property=\"og:type\" content=\"article\" \/>\n<meta property=\"og:title\" content=\"Rental of MEETING and SEMINAR rooms\" \/>\n<meta property=\"og:description\" content=\"Fully equipped meeting room rental. A serene, friendly place to work. Perfect organization and quality. A place to work and relax.\" \/>\n<meta property=\"og:url\" content=\"https:\/\/greencottage.be\/en\/meeting-room-for-rent-brussels\/\" \/>\n<meta property=\"og:site_name\" content=\"Green Cottage\" \/>\n<meta property=\"article:publisher\" content=\"https:\/\/www.facebook.com\/www.greencottage.be\" \/>\n<meta property=\"article:modified_time\" content=\"2025-09-29T13:06:49+00:00\" \/>\n<meta property=\"og:image\" content=\"https:\/\/greencottage.be\/wp-content\/uploads\/2018\/02\/greencottage-chambre-d-hotes-bed-and-breakfast-bruxelles-aeroport-atomium-heysel-_10.jpg\" \/>\n\t<meta property=\"og:image:width\" content=\"1024\" \/>\n\t<meta property=\"og:image:height\" content=\"683\" \/>\n\t<meta property=\"og:image:type\" content=\"image\/jpeg\" \/>\n<meta name=\"twitter:card\" content=\"summary_large_image\" \/>\n<meta name=\"twitter:label1\" content=\"Estimated reading time\" \/>\n\t<meta name=\"twitter:data1\" content=\"2 minutes\" \/>\n<script type=\"application\/ld+json\" class=\"yoast-schema-graph\">{\"@context\":\"https:\\\/\\\/schema.org\",\"@graph\":[{\"@type\":\"WebPage\",\"@id\":\"https:\\\/\\\/greencottage.be\\\/en\\\/meeting-room-for-rent-brussels\\\/\",\"url\":\"https:\\\/\\\/greencottage.be\\\/en\\\/meeting-room-for-rent-brussels\\\/\",\"name\":\"Rental of MEETING and SEMINAR rooms\",\"isPartOf\":{\"@id\":\"https:\\\/\\\/greencottage.be\\\/en\\\/#website\"},\"primaryImageOfPage\":{\"@id\":\"https:\\\/\\\/greencottage.be\\\/en\\\/meeting-room-for-rent-brussels\\\/#primaryimage\"},\"image\":{\"@id\":\"https:\\\/\\\/greencottage.be\\\/en\\\/meeting-room-for-rent-brussels\\\/#primaryimage\"},\"thumbnailUrl\":\"https:\\\/\\\/greencottage.be\\\/wp-content\\\/uploads\\\/2018\\\/02\\\/greencottage-chambre-d-hotes-bed-and-breakfast-bruxelles-aeroport-atomium-heysel-_10.jpg\",\"datePublished\":\"2018-03-01T02:05:44+00:00\",\"dateModified\":\"2025-09-29T13:06:49+00:00\",\"description\":\"Fully equipped meeting room rental. A serene, friendly place to work. Perfect organization and quality. A place to work and relax.\",\"breadcrumb\":{\"@id\":\"https:\\\/\\\/greencottage.be\\\/en\\\/meeting-room-for-rent-brussels\\\/#breadcrumb\"},\"inLanguage\":\"en-GB\",\"potentialAction\":[{\"@type\":\"ReadAction\",\"target\":[\"https:\\\/\\\/greencottage.be\\\/en\\\/meeting-room-for-rent-brussels\\\/\"]}]},{\"@type\":\"ImageObject\",\"inLanguage\":\"en-GB\",\"@id\":\"https:\\\/\\\/greencottage.be\\\/en\\\/meeting-room-for-rent-brussels\\\/#primaryimage\",\"url\":\"https:\\\/\\\/greencottage.be\\\/wp-content\\\/uploads\\\/2018\\\/02\\\/greencottage-chambre-d-hotes-bed-and-breakfast-bruxelles-aeroport-atomium-heysel-_10.jpg\",\"contentUrl\":\"https:\\\/\\\/greencottage.be\\\/wp-content\\\/uploads\\\/2018\\\/02\\\/greencottage-chambre-d-hotes-bed-and-breakfast-bruxelles-aeroport-atomium-heysel-_10.jpg\",\"width\":1024,\"height\":683,\"caption\":\"Greencottage Chambre D Hotes Bed And Breakfast Bruxelles Aeroport Atomium Heysel\"},{\"@type\":\"BreadcrumbList\",\"@id\":\"https:\\\/\\\/greencottage.be\\\/en\\\/meeting-room-for-rent-brussels\\\/#breadcrumb\",\"itemListElement\":[{\"@type\":\"ListItem\",\"position\":1,\"name\":\"Accueil\",\"item\":\"https:\\\/\\\/greencottage.be\\\/en\\\/\"},{\"@type\":\"ListItem\",\"position\":2,\"name\":\"Meeting rooms &#038; social areas\"}]},{\"@type\":\"WebSite\",\"@id\":\"https:\\\/\\\/greencottage.be\\\/en\\\/#website\",\"url\":\"https:\\\/\\\/greencottage.be\\\/en\\\/\",\"name\":\"Green Cottage\",\"description\":\"Salle de r\u00e9union \\\/ S\u00e9minaire au vert \u00e0 proximit\u00e9 de Bruxelles\",\"publisher\":{\"@id\":\"https:\\\/\\\/greencottage.be\\\/en\\\/#organization\"},\"potentialAction\":[{\"@type\":\"SearchAction\",\"target\":{\"@type\":\"EntryPoint\",\"urlTemplate\":\"https:\\\/\\\/greencottage.be\\\/en\\\/?s={search_term_string}\"},\"query-input\":{\"@type\":\"PropertyValueSpecification\",\"valueRequired\":true,\"valueName\":\"search_term_string\"}}],\"inLanguage\":\"en-GB\"},{\"@type\":\"Organization\",\"@id\":\"https:\\\/\\\/greencottage.be\\\/en\\\/#organization\",\"name\":\"Green Cottage\",\"url\":\"https:\\\/\\\/greencottage.be\\\/en\\\/\",\"logo\":{\"@type\":\"ImageObject\",\"inLanguage\":\"en-GB\",\"@id\":\"https:\\\/\\\/greencottage.be\\\/en\\\/#\\\/schema\\\/logo\\\/image\\\/\",\"url\":\"https:\\\/\\\/greencottage.be\\\/wp-content\\\/uploads\\\/2023\\\/11\\\/cropped-Greencottage_logo-01.png\",\"contentUrl\":\"https:\\\/\\\/greencottage.be\\\/wp-content\\\/uploads\\\/2023\\\/11\\\/cropped-Greencottage_logo-01.png\",\"width\":400,\"height\":302,\"caption\":\"Green Cottage\"},\"image\":{\"@id\":\"https:\\\/\\\/greencottage.be\\\/en\\\/#\\\/schema\\\/logo\\\/image\\\/\"},\"sameAs\":[\"https:\\\/\\\/www.facebook.com\\\/www.greencottage.be\"]}]}<\/script>\n<!-- \/ Yoast SEO plugin. -->","yoast_head_json":{"title":"Rental of MEETING and SEMINAR rooms","description":"Fully equipped meeting room rental. A serene, friendly place to work. Perfect organization and quality. A place to work and relax.","robots":{"index":"index","follow":"follow","max-snippet":"max-snippet:-1","max-image-preview":"max-image-preview:large","max-video-preview":"max-video-preview:-1"},"canonical":"https:\/\/greencottage.be\/en\/meeting-room-for-rent-brussels\/","og_locale":"en_GB","og_type":"article","og_title":"Rental of MEETING and SEMINAR rooms","og_description":"Fully equipped meeting room rental. A serene, friendly place to work. Perfect organization and quality. A place to work and relax.","og_url":"https:\/\/greencottage.be\/en\/meeting-room-for-rent-brussels\/","og_site_name":"Green Cottage","article_publisher":"https:\/\/www.facebook.com\/www.greencottage.be","article_modified_time":"2025-09-29T13:06:49+00:00","og_image":[{"width":1024,"height":683,"url":"https:\/\/greencottage.be\/wp-content\/uploads\/2018\/02\/greencottage-chambre-d-hotes-bed-and-breakfast-bruxelles-aeroport-atomium-heysel-_10.jpg","type":"image\/jpeg"}],"twitter_card":"summary_large_image","twitter_misc":{"Estimated reading time":"2 minutes"},"schema":{"@context":"https:\/\/schema.org","@graph":[{"@type":"WebPage","@id":"https:\/\/greencottage.be\/en\/meeting-room-for-rent-brussels\/","url":"https:\/\/greencottage.be\/en\/meeting-room-for-rent-brussels\/","name":"Rental of MEETING and SEMINAR rooms","isPartOf":{"@id":"https:\/\/greencottage.be\/en\/#website"},"primaryImageOfPage":{"@id":"https:\/\/greencottage.be\/en\/meeting-room-for-rent-brussels\/#primaryimage"},"image":{"@id":"https:\/\/greencottage.be\/en\/meeting-room-for-rent-brussels\/#primaryimage"},"thumbnailUrl":"https:\/\/greencottage.be\/wp-content\/uploads\/2018\/02\/greencottage-chambre-d-hotes-bed-and-breakfast-bruxelles-aeroport-atomium-heysel-_10.jpg","datePublished":"2018-03-01T02:05:44+00:00","dateModified":"2025-09-29T13:06:49+00:00","description":"Fully equipped meeting room rental. A serene, friendly place to work. Perfect organization and quality. A place to work and relax.","breadcrumb":{"@id":"https:\/\/greencottage.be\/en\/meeting-room-for-rent-brussels\/#breadcrumb"},"inLanguage":"en-GB","potentialAction":[{"@type":"ReadAction","target":["https:\/\/greencottage.be\/en\/meeting-room-for-rent-brussels\/"]}]},{"@type":"ImageObject","inLanguage":"en-GB","@id":"https:\/\/greencottage.be\/en\/meeting-room-for-rent-brussels\/#primaryimage","url":"https:\/\/greencottage.be\/wp-content\/uploads\/2018\/02\/greencottage-chambre-d-hotes-bed-and-breakfast-bruxelles-aeroport-atomium-heysel-_10.jpg","contentUrl":"https:\/\/greencottage.be\/wp-content\/uploads\/2018\/02\/greencottage-chambre-d-hotes-bed-and-breakfast-bruxelles-aeroport-atomium-heysel-_10.jpg","width":1024,"height":683,"caption":"Greencottage Chambre D Hotes Bed And Breakfast Bruxelles Aeroport Atomium Heysel"},{"@type":"BreadcrumbList","@id":"https:\/\/greencottage.be\/en\/meeting-room-for-rent-brussels\/#breadcrumb","itemListElement":[{"@type":"ListItem","position":1,"name":"Accueil","item":"https:\/\/greencottage.be\/en\/"},{"@type":"ListItem","position":2,"name":"Meeting rooms &#038; social areas"}]},{"@type":"WebSite","@id":"https:\/\/greencottage.be\/en\/#website","url":"https:\/\/greencottage.be\/en\/","name":"Green Cottage","description":"Salle de r\u00e9union \/ S\u00e9minaire au vert \u00e0 proximit\u00e9 de Bruxelles","publisher":{"@id":"https:\/\/greencottage.be\/en\/#organization"},"potentialAction":[{"@type":"SearchAction","target":{"@type":"EntryPoint","urlTemplate":"https:\/\/greencottage.be\/en\/?s={search_term_string}"},"query-input":{"@type":"PropertyValueSpecification","valueRequired":true,"valueName":"search_term_string"}}],"inLanguage":"en-GB"},{"@type":"Organization","@id":"https:\/\/greencottage.be\/en\/#organization","name":"Green Cottage","url":"https:\/\/greencottage.be\/en\/","logo":{"@type":"ImageObject","inLanguage":"en-GB","@id":"https:\/\/greencottage.be\/en\/#\/schema\/logo\/image\/","url":"https:\/\/greencottage.be\/wp-content\/uploads\/2023\/11\/cropped-Greencottage_logo-01.png","contentUrl":"https:\/\/greencottage.be\/wp-content\/uploads\/2023\/11\/cropped-Greencottage_logo-01.png","width":400,"height":302,"caption":"Green Cottage"},"image":{"@id":"https:\/\/greencottage.be\/en\/#\/schema\/logo\/image\/"},"sameAs":["https:\/\/www.facebook.com\/www.greencottage.be"]}]}},"_links":{"self":[{"href":"https:\/\/greencottage.be\/en\/wp-json\/wp\/v2\/pages\/974","targetHints":{"allow":["GET"]}}],"collection":[{"href":"https:\/\/greencottage.be\/en\/wp-json\/wp\/v2\/pages"}],"about":[{"href":"https:\/\/greencottage.be\/en\/wp-json\/wp\/v2\/types\/page"}],"author":[{"embeddable":true,"href":"https:\/\/greencottage.be\/en\/wp-json\/wp\/v2\/users\/1"}],"replies":[{"embeddable":true,"href":"https:\/\/greencottage.be\/en\/wp-json\/wp\/v2\/comments?post=974"}],"version-history":[{"count":11,"href":"https:\/\/greencottage.be\/en\/wp-json\/wp\/v2\/pages\/974\/revisions"}],"predecessor-version":[{"id":7561,"href":"https:\/\/greencottage.be\/en\/wp-json\/wp\/v2\/pages\/974\/revisions\/7561"}],"wp:featuredmedia":[{"embeddable":true,"href":"https:\/\/greencottage.be\/en\/wp-json\/wp\/v2\/media\/579"}],"wp:attachment":[{"href":"https:\/\/greencottage.be\/en\/wp-json\/wp\/v2\/media?parent=974"}],"curies":[{"name":"wp","href":"https:\/\/api.w.org\/{rel}","templated":true}]}}