{"id":966,"date":"2018-03-01T02:49:38","date_gmt":"2018-03-01T01:49:38","guid":{"rendered":"https:\/\/greencottage.be\/?page_id=966"},"modified":"2025-09-29T15:06:49","modified_gmt":"2025-09-29T13:06:49","slug":"seminar-room-accomodation-in-the-green","status":"publish","type":"page","link":"https:\/\/greencottage.be\/en\/seminar-room-accomodation-in-the-green\/","title":{"rendered":"An estate in the heart of nature"},"content":{"rendered":"\n<blockquote class=\"wp-block-quote is-layout-flow wp-block-quote-is-layout-flow\">\n<p>The Green Cottage is located in the countryside just outside Brussels.<\/p>\n<\/blockquote>\n\n<p>In this beautiful Flemish countryside, you can enjoy long walks, sporty bike rides and the many routes available for joggers.<\/p>\n\n<figure class=\"wp-block-gallery has-nested-images columns-3 is-cropped wp-block-gallery-1 is-layout-flex wp-block-gallery-is-layout-flex\">\n<figure class=\"wp-block-image size-large\"><a href=\"https:\/\/greencottage.be\/wp-content\/uploads\/2020\/09\/Endroit-pour-s&#xE9;minaire-au-vert-pr&#xE8;s-de-Bruxelles.jpg\"><img decoding=\"async\" data-id=\"2538\" src=\"https:\/\/greencottage.be\/wp-content\/uploads\/2020\/09\/Endroit-pour-se&#x301;minaire-au-vert-pre&#x300;s-de-Bruxelles-1024x683.jpg\" alt=\"Green seminar location near Brussels\" class=\"wp-image-2538\"\/><\/a><\/figure>\n\n\n\n<figure class=\"wp-block-image size-large\"><a href=\"https:\/\/greencottage.be\/wp-content\/uploads\/2020\/09\/Endroit-pour-s&#xE9;minaire-dentreprise-&#xE0;-Bruxelles.jpg\"><img decoding=\"async\" data-id=\"2539\" src=\"https:\/\/greencottage.be\/wp-content\/uploads\/2020\/09\/Endroit-pour-se&#x301;minaire-dentreprise-a&#x300;-Bruxelles-1024x683.jpg\" alt=\"Corporate seminar venue in Brussels\" class=\"wp-image-2539\"\/><\/a><\/figure>\n\n\n\n<figure class=\"wp-block-image size-large\"><a href=\"https:\/\/greencottage.be\/wp-content\/uploads\/2020\/09\/Endroit-pour-s&#xE9;minaire-et-team-building-&#xE0;-la-campagne-pr&#xE8;s-de-Bruxelles.jpg\"><img decoding=\"async\" data-id=\"2540\" src=\"https:\/\/greencottage.be\/wp-content\/uploads\/2020\/09\/Endroit-pour-se&#x301;minaire-et-team-building-a&#x300;-la-campagne-pre&#x300;s-de-Bruxelles-1024x576.jpg\" alt=\"Seminar and team-building venue in the countryside near Brussels\" class=\"wp-image-2540\"\/><\/a><\/figure>\n\n\n\n<figure class=\"wp-block-image size-large\"><a href=\"https:\/\/greencottage.be\/wp-content\/uploads\/2020\/09\/S&#xE9;minaire-avec-activit&#xE9;s-team-buildings-originales-&#xE0;-Bruxelles.jpg\"><img decoding=\"async\" data-id=\"2541\" src=\"https:\/\/greencottage.be\/wp-content\/uploads\/2020\/09\/Se&#x301;minaire-avec-activite&#x301;s-team-buildings-originales-a&#x300;-Bruxelles-1024x682.jpg\" alt=\"Seminar with original team building activities in Brussels\" class=\"wp-image-2541\"\/><\/a><\/figure>\n\n\n\n<figure class=\"wp-block-image size-large\"><a href=\"https:\/\/greencottage.be\/wp-content\/uploads\/2020\/09\/S&#xE9;minaire-dentreprise-en-pleine-nature.jpg\"><img decoding=\"async\" data-id=\"2542\" src=\"https:\/\/greencottage.be\/wp-content\/uploads\/2020\/09\/Se&#x301;minaire-dentreprise-en-pleine-nature-1024x576.jpg\" alt=\"Company seminar in the heart of nature\" class=\"wp-image-2542\"\/><\/a><\/figure>\n\n\n\n<figure class=\"wp-block-image size-large\"><a href=\"https:\/\/greencottage.be\/wp-content\/uploads\/2020\/09\/S&#xE9;minaire-r&#xE9;sidentiel-au-vert-avec-petit-d&#xE9;jeuner.jpg\"><img decoding=\"async\" data-id=\"2543\" src=\"https:\/\/greencottage.be\/wp-content\/uploads\/2020\/09\/Se&#x301;minaire-re&#x301;sidentiel-au-vert-avec-petit-de&#x301;jeuner-1024x683.jpg\" alt=\"Green residential seminar with breakfast\" class=\"wp-image-2543\"\/><\/a><\/figure>\n\n\n\n<figure class=\"wp-block-image size-large\"><a href=\"https:\/\/greencottage.be\/wp-content\/uploads\/2020\/09\/Team-building-en-pleine-nature-proche-de-Bruxelles-1024x682.jpg\"><img loading=\"lazy\" decoding=\"async\" width=\"1024\" height=\"682\" data-id=\"2544\" src=\"https:\/\/greencottage.be\/wp-content\/uploads\/2020\/09\/Team-building-en-pleine-nature-proche-de-Bruxelles-1024x682.jpg\" alt=\"Team building in the heart of nature near Brussels\" class=\"wp-image-2544\" srcset=\"https:\/\/greencottage.be\/wp-content\/uploads\/2020\/09\/Team-building-en-pleine-nature-proche-de-Bruxelles-1024x682.jpg 1024w, https:\/\/greencottage.be\/wp-content\/uploads\/2020\/09\/Team-building-en-pleine-nature-proche-de-Bruxelles-600x400.jpg 600w, https:\/\/greencottage.be\/wp-content\/uploads\/2020\/09\/Team-building-en-pleine-nature-proche-de-Bruxelles-768x512.jpg 768w, https:\/\/greencottage.be\/wp-content\/uploads\/2020\/09\/Team-building-en-pleine-nature-proche-de-Bruxelles-1536x1023.jpg 1536w, https:\/\/greencottage.be\/wp-content\/uploads\/2020\/09\/Team-building-en-pleine-nature-proche-de-Bruxelles-1200x800.jpg 1200w, https:\/\/greencottage.be\/wp-content\/uploads\/2020\/09\/Team-building-en-pleine-nature-proche-de-Bruxelles-300x200.jpg 300w, https:\/\/greencottage.be\/wp-content\/uploads\/2020\/09\/Team-building-en-pleine-nature-proche-de-Bruxelles.jpg 1621w\" sizes=\"auto, (max-width: 1024px) 100vw, 1024px\" \/><\/a><\/figure>\n\n\n\n<figure class=\"wp-block-image size-large\"><a href=\"https:\/\/greencottage.be\/wp-content\/uploads\/2018\/02\/greencottage-chambre-d-hotes-bed-and-breakfast-bruxelles-aeroport-atomium-heysel-_DSF2815.jpg\"><img decoding=\"async\" src=\"https:\/\/greencottage.be\/wp-content\/uploads\/2018\/02\/greencottage-chambre-d-hotes-bed-and-breakfast-bruxelles-aeroport-atomium-heysel-_DSF2815.jpg\" alt=\"greencottage-bed-and-breakfast-brussels-aeroport-atomium-heysel-_DSF2815\"\/><\/a><\/figure>\n\n\n\n<figure class=\"wp-block-image size-large\"><a href=\"https:\/\/greencottage.be\/wp-content\/uploads\/2018\/02\/green-cottage-teambuildings-seminars-in-the-green-garden-outdoors-barbecue-business-1024x672.jpg\"><img loading=\"lazy\" decoding=\"async\" width=\"1024\" height=\"672\" data-id=\"631\" src=\"https:\/\/greencottage.be\/wp-content\/uploads\/2018\/02\/green-cottage-teambuildings-seminars-in-the-green-garden-outdoors-barbecue-business-1024x672.jpg\" alt=\"green-cottage-teambuildings-seminars-in-the-green-garden-outdoors-barbecue-business\" class=\"wp-image-631\" srcset=\"https:\/\/greencottage.be\/wp-content\/uploads\/2018\/02\/green-cottage-teambuildings-seminars-in-the-green-garden-outdoors-barbecue-business-1024x672.jpg 1024w, https:\/\/greencottage.be\/wp-content\/uploads\/2018\/02\/green-cottage-teambuildings-seminars-in-the-green-garden-outdoors-barbecue-business-600x394.jpg 600w, https:\/\/greencottage.be\/wp-content\/uploads\/2018\/02\/green-cottage-teambuildings-seminars-in-the-green-garden-outdoors-barbecue-business-768x504.jpg 768w, https:\/\/greencottage.be\/wp-content\/uploads\/2018\/02\/green-cottage-teambuildings-seminars-in-the-green-garden-outdoors-barbecue-business-1536x1008.jpg 1536w, https:\/\/greencottage.be\/wp-content\/uploads\/2018\/02\/green-cottage-teambuildings-seminars-in-the-green-garden-outdoors-barbecue-business.jpg 1600w, https:\/\/greencottage.be\/wp-content\/uploads\/2018\/02\/green-cottage-teambuildings-seminars-in-the-green-garden-outdoors-barbecue-business-1200x788.jpg 1200w, https:\/\/greencottage.be\/wp-content\/uploads\/2018\/02\/green-cottage-teambuildings-seminars-in-the-green-garden-outdoors-barbecue-business-300x197.jpg 300w\" sizes=\"auto, (max-width: 1024px) 100vw, 1024px\" \/><\/a><\/figure>\n\n\n\n<figure class=\"wp-block-image size-large\"><a href=\"https:\/\/greencottage.be\/wp-content\/uploads\/2018\/02\/greencottage-chambre-d-hotes-bed-and-breakfast-bruxelles-aeroport-atomium-heysel-_41-1.jpg\"><img decoding=\"async\" src=\"https:\/\/greencottage.be\/wp-content\/uploads\/2018\/02\/greencottage-chambre-d-hotes-bed-and-breakfast-bruxelles-aeroport-atomium-heysel-_41-1.jpg\" alt=\"greencottage-chambre-d-hotes-bed-and-breakfast-brussels-aeroport-atomium-heysel-_41\"\/><\/a><\/figure>\n\n\n\n<figure class=\"wp-block-image size-large\"><a href=\"https:\/\/greencottage.be\/wp-content\/uploads\/2018\/02\/greencottage-chambre-d-hotes-bed-and-breakfast-bruxelles-aeroport-atomium-heysel-_DSF2791.jpg\"><img decoding=\"async\" src=\"https:\/\/greencottage.be\/wp-content\/uploads\/2018\/02\/greencottage-chambre-d-hotes-bed-and-breakfast-bruxelles-aeroport-atomium-heysel-_DSF2791.jpg\" alt=\"greencottage-bed-and-breakfast-brussels-aeroport-atomium-heysel-_DSF2791\"\/><\/a><\/figure>\n\n\n\n<figure class=\"wp-block-image size-large\"><a href=\"https:\/\/greencottage.be\/wp-content\/uploads\/2018\/02\/greencottage-chambre-d-hotes-bed-and-breakfast-bruxelles-aeroport-atomium-heysel-_05.jpg\"><img decoding=\"async\" src=\"https:\/\/greencottage.be\/wp-content\/uploads\/2018\/02\/greencottage-chambre-d-hotes-bed-and-breakfast-bruxelles-aeroport-atomium-heysel-_05.jpg\" alt=\"greencottage-chambre-d-hotes-bed-and-breakfast-brussels-aeroport-atomium-heysel-_05\"\/><\/a><\/figure>\n<\/figure>\n","protected":false},"excerpt":{"rendered":"<p>The Green Cottage is located in the countryside just outside Brussels. In this beautiful Flemish countryside, you can enjoy long walks, sporty bike rides and the many routes available for joggers.<\/p>\n","protected":false},"author":1,"featured_media":632,"parent":0,"menu_order":0,"comment_status":"closed","ping_status":"closed","template":"","meta":{"_genesis_hide_title":false,"_genesis_hide_breadcrumbs":false,"_genesis_hide_singular_image":false,"_genesis_hide_footer_widgets":false,"_genesis_custom_body_class":"","_genesis_custom_post_class":"","_genesis_layout":"","footnotes":""},"class_list":{"0":"post-966","1":"page","2":"type-page","3":"status-publish","4":"has-post-thumbnail","6":"entry"},"yoast_head":"<!-- This site is optimized with the Yoast SEO plugin v27.5 - https:\/\/yoast.com\/product\/yoast-seo-wordpress\/ -->\n<title>Green Seminars &amp; Team Buildings near BRUSSELS | Green Cottage<\/title>\n<meta name=\"description\" content=\"GREEN COTTAGE: an estate in the heart of nature, close to Brussels, for your residential green seminars and team-building events - Catering &amp; accommodation package\" \/>\n<meta name=\"robots\" content=\"index, follow, max-snippet:-1, max-image-preview:large, max-video-preview:-1\" \/>\n<link rel=\"canonical\" href=\"https:\/\/greencottage.be\/en\/seminar-room-accomodation-in-the-green\/\" \/>\n<meta property=\"og:locale\" content=\"en_GB\" \/>\n<meta property=\"og:type\" content=\"article\" \/>\n<meta property=\"og:title\" content=\"Green Seminars &amp; Team Buildings near BRUSSELS | Green Cottage\" \/>\n<meta property=\"og:description\" content=\"GREEN COTTAGE: an estate in the heart of nature, close to Brussels, for your residential green seminars and team-building events - Catering &amp; accommodation package\" \/>\n<meta property=\"og:url\" content=\"https:\/\/greencottage.be\/en\/seminar-room-accomodation-in-the-green\/\" \/>\n<meta property=\"og:site_name\" content=\"Green Cottage\" \/>\n<meta property=\"article:publisher\" content=\"https:\/\/www.facebook.com\/www.greencottage.be\" \/>\n<meta property=\"article:modified_time\" content=\"2025-09-29T13:06:49+00:00\" \/>\n<meta property=\"og:image\" content=\"https:\/\/greencottage.be\/wp-content\/uploads\/2018\/02\/Slider_1600_1050_4.jpg\" \/>\n\t<meta property=\"og:image:width\" content=\"1600\" \/>\n\t<meta property=\"og:image:height\" content=\"1050\" \/>\n\t<meta property=\"og:image:type\" content=\"image\/jpeg\" \/>\n<meta name=\"twitter:card\" content=\"summary_large_image\" \/>\n<meta name=\"twitter:label1\" content=\"Estimated reading time\" \/>\n\t<meta name=\"twitter:data1\" content=\"3 minutes\" \/>\n<script type=\"application\/ld+json\" class=\"yoast-schema-graph\">{\"@context\":\"https:\\\/\\\/schema.org\",\"@graph\":[{\"@type\":\"WebPage\",\"@id\":\"https:\\\/\\\/greencottage.be\\\/en\\\/seminar-room-accomodation-in-the-green\\\/\",\"url\":\"https:\\\/\\\/greencottage.be\\\/en\\\/seminar-room-accomodation-in-the-green\\\/\",\"name\":\"Green Seminars & Team Buildings near BRUSSELS | Green Cottage\",\"isPartOf\":{\"@id\":\"https:\\\/\\\/greencottage.be\\\/en\\\/#website\"},\"primaryImageOfPage\":{\"@id\":\"https:\\\/\\\/greencottage.be\\\/en\\\/seminar-room-accomodation-in-the-green\\\/#primaryimage\"},\"image\":{\"@id\":\"https:\\\/\\\/greencottage.be\\\/en\\\/seminar-room-accomodation-in-the-green\\\/#primaryimage\"},\"thumbnailUrl\":\"https:\\\/\\\/greencottage.be\\\/wp-content\\\/uploads\\\/2018\\\/02\\\/Slider_1600_1050_4.jpg\",\"datePublished\":\"2018-03-01T01:49:38+00:00\",\"dateModified\":\"2025-09-29T13:06:49+00:00\",\"description\":\"GREEN COTTAGE: an estate in the heart of nature, close to Brussels, for your residential green seminars and team-building events - Catering & accommodation package\",\"breadcrumb\":{\"@id\":\"https:\\\/\\\/greencottage.be\\\/en\\\/seminar-room-accomodation-in-the-green\\\/#breadcrumb\"},\"inLanguage\":\"en-GB\",\"potentialAction\":[{\"@type\":\"ReadAction\",\"target\":[\"https:\\\/\\\/greencottage.be\\\/en\\\/seminar-room-accomodation-in-the-green\\\/\"]}]},{\"@type\":\"ImageObject\",\"inLanguage\":\"en-GB\",\"@id\":\"https:\\\/\\\/greencottage.be\\\/en\\\/seminar-room-accomodation-in-the-green\\\/#primaryimage\",\"url\":\"https:\\\/\\\/greencottage.be\\\/wp-content\\\/uploads\\\/2018\\\/02\\\/Slider_1600_1050_4.jpg\",\"contentUrl\":\"https:\\\/\\\/greencottage.be\\\/wp-content\\\/uploads\\\/2018\\\/02\\\/Slider_1600_1050_4.jpg\",\"width\":1600,\"height\":1050},{\"@type\":\"BreadcrumbList\",\"@id\":\"https:\\\/\\\/greencottage.be\\\/en\\\/seminar-room-accomodation-in-the-green\\\/#breadcrumb\",\"itemListElement\":[{\"@type\":\"ListItem\",\"position\":1,\"name\":\"Accueil\",\"item\":\"https:\\\/\\\/greencottage.be\\\/en\\\/\"},{\"@type\":\"ListItem\",\"position\":2,\"name\":\"An estate in the heart of nature\"}]},{\"@type\":\"WebSite\",\"@id\":\"https:\\\/\\\/greencottage.be\\\/en\\\/#website\",\"url\":\"https:\\\/\\\/greencottage.be\\\/en\\\/\",\"name\":\"Green Cottage\",\"description\":\"Salle de r\u00e9union \\\/ S\u00e9minaire au vert \u00e0 proximit\u00e9 de Bruxelles\",\"publisher\":{\"@id\":\"https:\\\/\\\/greencottage.be\\\/en\\\/#organization\"},\"potentialAction\":[{\"@type\":\"SearchAction\",\"target\":{\"@type\":\"EntryPoint\",\"urlTemplate\":\"https:\\\/\\\/greencottage.be\\\/en\\\/?s={search_term_string}\"},\"query-input\":{\"@type\":\"PropertyValueSpecification\",\"valueRequired\":true,\"valueName\":\"search_term_string\"}}],\"inLanguage\":\"en-GB\"},{\"@type\":\"Organization\",\"@id\":\"https:\\\/\\\/greencottage.be\\\/en\\\/#organization\",\"name\":\"Green Cottage\",\"url\":\"https:\\\/\\\/greencottage.be\\\/en\\\/\",\"logo\":{\"@type\":\"ImageObject\",\"inLanguage\":\"en-GB\",\"@id\":\"https:\\\/\\\/greencottage.be\\\/en\\\/#\\\/schema\\\/logo\\\/image\\\/\",\"url\":\"https:\\\/\\\/greencottage.be\\\/wp-content\\\/uploads\\\/2023\\\/11\\\/cropped-Greencottage_logo-01.png\",\"contentUrl\":\"https:\\\/\\\/greencottage.be\\\/wp-content\\\/uploads\\\/2023\\\/11\\\/cropped-Greencottage_logo-01.png\",\"width\":400,\"height\":302,\"caption\":\"Green Cottage\"},\"image\":{\"@id\":\"https:\\\/\\\/greencottage.be\\\/en\\\/#\\\/schema\\\/logo\\\/image\\\/\"},\"sameAs\":[\"https:\\\/\\\/www.facebook.com\\\/www.greencottage.be\"]}]}<\/script>\n<!-- \/ Yoast SEO plugin. -->","yoast_head_json":{"title":"Green Seminars & Team Buildings near BRUSSELS | Green Cottage","description":"GREEN COTTAGE: an estate in the heart of nature, close to Brussels, for your residential green seminars and team-building events - Catering & accommodation package","robots":{"index":"index","follow":"follow","max-snippet":"max-snippet:-1","max-image-preview":"max-image-preview:large","max-video-preview":"max-video-preview:-1"},"canonical":"https:\/\/greencottage.be\/en\/seminar-room-accomodation-in-the-green\/","og_locale":"en_GB","og_type":"article","og_title":"Green Seminars & Team Buildings near BRUSSELS | Green Cottage","og_description":"GREEN COTTAGE: an estate in the heart of nature, close to Brussels, for your residential green seminars and team-building events - Catering & accommodation package","og_url":"https:\/\/greencottage.be\/en\/seminar-room-accomodation-in-the-green\/","og_site_name":"Green Cottage","article_publisher":"https:\/\/www.facebook.com\/www.greencottage.be","article_modified_time":"2025-09-29T13:06:49+00:00","og_image":[{"width":1600,"height":1050,"url":"https:\/\/greencottage.be\/wp-content\/uploads\/2018\/02\/Slider_1600_1050_4.jpg","type":"image\/jpeg"}],"twitter_card":"summary_large_image","twitter_misc":{"Estimated reading time":"3 minutes"},"schema":{"@context":"https:\/\/schema.org","@graph":[{"@type":"WebPage","@id":"https:\/\/greencottage.be\/en\/seminar-room-accomodation-in-the-green\/","url":"https:\/\/greencottage.be\/en\/seminar-room-accomodation-in-the-green\/","name":"Green Seminars & Team Buildings near BRUSSELS | Green Cottage","isPartOf":{"@id":"https:\/\/greencottage.be\/en\/#website"},"primaryImageOfPage":{"@id":"https:\/\/greencottage.be\/en\/seminar-room-accomodation-in-the-green\/#primaryimage"},"image":{"@id":"https:\/\/greencottage.be\/en\/seminar-room-accomodation-in-the-green\/#primaryimage"},"thumbnailUrl":"https:\/\/greencottage.be\/wp-content\/uploads\/2018\/02\/Slider_1600_1050_4.jpg","datePublished":"2018-03-01T01:49:38+00:00","dateModified":"2025-09-29T13:06:49+00:00","description":"GREEN COTTAGE: an estate in the heart of nature, close to Brussels, for your residential green seminars and team-building events - Catering & accommodation package","breadcrumb":{"@id":"https:\/\/greencottage.be\/en\/seminar-room-accomodation-in-the-green\/#breadcrumb"},"inLanguage":"en-GB","potentialAction":[{"@type":"ReadAction","target":["https:\/\/greencottage.be\/en\/seminar-room-accomodation-in-the-green\/"]}]},{"@type":"ImageObject","inLanguage":"en-GB","@id":"https:\/\/greencottage.be\/en\/seminar-room-accomodation-in-the-green\/#primaryimage","url":"https:\/\/greencottage.be\/wp-content\/uploads\/2018\/02\/Slider_1600_1050_4.jpg","contentUrl":"https:\/\/greencottage.be\/wp-content\/uploads\/2018\/02\/Slider_1600_1050_4.jpg","width":1600,"height":1050},{"@type":"BreadcrumbList","@id":"https:\/\/greencottage.be\/en\/seminar-room-accomodation-in-the-green\/#breadcrumb","itemListElement":[{"@type":"ListItem","position":1,"name":"Accueil","item":"https:\/\/greencottage.be\/en\/"},{"@type":"ListItem","position":2,"name":"An estate in the heart of nature"}]},{"@type":"WebSite","@id":"https:\/\/greencottage.be\/en\/#website","url":"https:\/\/greencottage.be\/en\/","name":"Green Cottage","description":"Salle de r\u00e9union \/ S\u00e9minaire au vert \u00e0 proximit\u00e9 de Bruxelles","publisher":{"@id":"https:\/\/greencottage.be\/en\/#organization"},"potentialAction":[{"@type":"SearchAction","target":{"@type":"EntryPoint","urlTemplate":"https:\/\/greencottage.be\/en\/?s={search_term_string}"},"query-input":{"@type":"PropertyValueSpecification","valueRequired":true,"valueName":"search_term_string"}}],"inLanguage":"en-GB"},{"@type":"Organization","@id":"https:\/\/greencottage.be\/en\/#organization","name":"Green Cottage","url":"https:\/\/greencottage.be\/en\/","logo":{"@type":"ImageObject","inLanguage":"en-GB","@id":"https:\/\/greencottage.be\/en\/#\/schema\/logo\/image\/","url":"https:\/\/greencottage.be\/wp-content\/uploads\/2023\/11\/cropped-Greencottage_logo-01.png","contentUrl":"https:\/\/greencottage.be\/wp-content\/uploads\/2023\/11\/cropped-Greencottage_logo-01.png","width":400,"height":302,"caption":"Green Cottage"},"image":{"@id":"https:\/\/greencottage.be\/en\/#\/schema\/logo\/image\/"},"sameAs":["https:\/\/www.facebook.com\/www.greencottage.be"]}]}},"_links":{"self":[{"href":"https:\/\/greencottage.be\/en\/wp-json\/wp\/v2\/pages\/966","targetHints":{"allow":["GET"]}}],"collection":[{"href":"https:\/\/greencottage.be\/en\/wp-json\/wp\/v2\/pages"}],"about":[{"href":"https:\/\/greencottage.be\/en\/wp-json\/wp\/v2\/types\/page"}],"author":[{"embeddable":true,"href":"https:\/\/greencottage.be\/en\/wp-json\/wp\/v2\/users\/1"}],"replies":[{"embeddable":true,"href":"https:\/\/greencottage.be\/en\/wp-json\/wp\/v2\/comments?post=966"}],"version-history":[{"count":12,"href":"https:\/\/greencottage.be\/en\/wp-json\/wp\/v2\/pages\/966\/revisions"}],"predecessor-version":[{"id":7565,"href":"https:\/\/greencottage.be\/en\/wp-json\/wp\/v2\/pages\/966\/revisions\/7565"}],"wp:featuredmedia":[{"embeddable":true,"href":"https:\/\/greencottage.be\/en\/wp-json\/wp\/v2\/media\/632"}],"wp:attachment":[{"href":"https:\/\/greencottage.be\/en\/wp-json\/wp\/v2\/media?parent=966"}],"curies":[{"name":"wp","href":"https:\/\/api.w.org\/{rel}","templated":true}]}}