{"id":950,"date":"2018-02-14T11:50:20","date_gmt":"2018-02-14T10:50:20","guid":{"rendered":"https:\/\/greencottage.be\/?page_id=950"},"modified":"2025-09-29T15:05:00","modified_gmt":"2025-09-29T13:05:00","slug":"seminar-room-accomodation-brussels","status":"publish","type":"page","link":"https:\/\/greencottage.be\/en\/seminar-room-accomodation-brussels\/","title":{"rendered":"Our renovated farmhouse. Surrounded by nature near Brussels"},"content":{"rendered":"<blockquote><p>Located in the peaceful Flemish countryside, the Green Cottage is a 400 years old farmhouse which has been fully renovated into a luxurious B&amp;B.<\/p><\/blockquote>\n<p>The Green Cottage has a relaxing atmosphere where you can enjoy a well-deserved rest with your friends or family after a day sightseeing, walking or shopping.<\/p>\n<p>There are 8 Junior Suites available, including two special rooms with access and facilities for disabled people. All rooms are soundproof and equipped with a minibar.<\/p>\n<div id='gallery-1' class='gallery galleryid-950 gallery-columns-3 gallery-size-thumbnail'><figure class='gallery-item'>\n\t\t\t<div class='gallery-icon landscape'>\n\t\t\t\t<a href='https:\/\/greencottage.be\/wp-content\/uploads\/2022\/01\/greencottage-vergaderzaal-gastenkamer-brussel-luchthaven-atomium-heizel-s2-09.jpg'><img loading=\"lazy\" decoding=\"async\" width=\"330\" height=\"330\" src=\"https:\/\/greencottage.be\/wp-content\/uploads\/2022\/01\/greencottage-vergaderzaal-gastenkamer-brussel-luchthaven-atomium-heizel-s2-09-330x330.jpg\" class=\"attachment-thumbnail size-thumbnail\" alt=\"\" srcset=\"https:\/\/greencottage.be\/wp-content\/uploads\/2022\/01\/greencottage-vergaderzaal-gastenkamer-brussel-luchthaven-atomium-heizel-s2-09-330x330.jpg 330w, https:\/\/greencottage.be\/wp-content\/uploads\/2022\/01\/greencottage-vergaderzaal-gastenkamer-brussel-luchthaven-atomium-heizel-s2-09-50x50.jpg 50w\" sizes=\"auto, (max-width: 330px) 100vw, 330px\" \/><\/a>\n\t\t\t<\/div><\/figure><figure class='gallery-item'>\n\t\t\t<div class='gallery-icon portrait'>\n\t\t\t\t<a href='https:\/\/greencottage.be\/wp-content\/uploads\/2022\/01\/greencottage-chambre-d-hotes-bed-and-breakfast-bruxelles-aeroport-atomium-heysel-_28.jpg'><img loading=\"lazy\" decoding=\"async\" width=\"330\" height=\"330\" src=\"https:\/\/greencottage.be\/wp-content\/uploads\/2022\/01\/greencottage-chambre-d-hotes-bed-and-breakfast-bruxelles-aeroport-atomium-heysel-_28-330x330.jpg\" class=\"attachment-thumbnail size-thumbnail\" alt=\"\" srcset=\"https:\/\/greencottage.be\/wp-content\/uploads\/2022\/01\/greencottage-chambre-d-hotes-bed-and-breakfast-bruxelles-aeroport-atomium-heysel-_28-330x330.jpg 330w, https:\/\/greencottage.be\/wp-content\/uploads\/2022\/01\/greencottage-chambre-d-hotes-bed-and-breakfast-bruxelles-aeroport-atomium-heysel-_28-50x50.jpg 50w\" sizes=\"auto, (max-width: 330px) 100vw, 330px\" \/><\/a>\n\t\t\t<\/div><\/figure><figure class='gallery-item'>\n\t\t\t<div class='gallery-icon landscape'>\n\t\t\t\t<a href='https:\/\/greencottage.be\/wp-content\/uploads\/2022\/01\/greencottage-vergaderzaal-gastenkamer-brussel-luchthaven-atomium-heizel-s2-03.jpg'><img loading=\"lazy\" decoding=\"async\" width=\"330\" height=\"330\" src=\"https:\/\/greencottage.be\/wp-content\/uploads\/2022\/01\/greencottage-vergaderzaal-gastenkamer-brussel-luchthaven-atomium-heizel-s2-03-330x330.jpg\" class=\"attachment-thumbnail size-thumbnail\" alt=\"\" srcset=\"https:\/\/greencottage.be\/wp-content\/uploads\/2022\/01\/greencottage-vergaderzaal-gastenkamer-brussel-luchthaven-atomium-heizel-s2-03-330x330.jpg 330w, https:\/\/greencottage.be\/wp-content\/uploads\/2022\/01\/greencottage-vergaderzaal-gastenkamer-brussel-luchthaven-atomium-heizel-s2-03-50x50.jpg 50w\" sizes=\"auto, (max-width: 330px) 100vw, 330px\" \/><\/a>\n\t\t\t<\/div><\/figure><figure class='gallery-item'>\n\t\t\t<div class='gallery-icon portrait'>\n\t\t\t\t<a href='https:\/\/greencottage.be\/wp-content\/uploads\/2022\/01\/greencottage-chambre-d-hotes-bed-and-breakfast-bruxelles-aeroport-atomium-heysel-_DSF2797.jpg'><img loading=\"lazy\" decoding=\"async\" width=\"330\" height=\"330\" src=\"https:\/\/greencottage.be\/wp-content\/uploads\/2022\/01\/greencottage-chambre-d-hotes-bed-and-breakfast-bruxelles-aeroport-atomium-heysel-_DSF2797-330x330.jpg\" class=\"attachment-thumbnail size-thumbnail\" alt=\"\" srcset=\"https:\/\/greencottage.be\/wp-content\/uploads\/2022\/01\/greencottage-chambre-d-hotes-bed-and-breakfast-bruxelles-aeroport-atomium-heysel-_DSF2797-330x330.jpg 330w, https:\/\/greencottage.be\/wp-content\/uploads\/2022\/01\/greencottage-chambre-d-hotes-bed-and-breakfast-bruxelles-aeroport-atomium-heysel-_DSF2797-50x50.jpg 50w\" sizes=\"auto, (max-width: 330px) 100vw, 330px\" \/><\/a>\n\t\t\t<\/div><\/figure><figure class='gallery-item'>\n\t\t\t<div class='gallery-icon landscape'>\n\t\t\t\t<a href='https:\/\/greencottage.be\/wp-content\/uploads\/2022\/01\/greencottage-chambre-d-hotes-bed-and-breakfast-bruxelles-aeroport-atomium-heysel-_DSF2833.jpg'><img loading=\"lazy\" decoding=\"async\" width=\"330\" height=\"330\" src=\"https:\/\/greencottage.be\/wp-content\/uploads\/2022\/01\/greencottage-chambre-d-hotes-bed-and-breakfast-bruxelles-aeroport-atomium-heysel-_DSF2833-330x330.jpg\" class=\"attachment-thumbnail size-thumbnail\" alt=\"\" srcset=\"https:\/\/greencottage.be\/wp-content\/uploads\/2022\/01\/greencottage-chambre-d-hotes-bed-and-breakfast-bruxelles-aeroport-atomium-heysel-_DSF2833-330x330.jpg 330w, https:\/\/greencottage.be\/wp-content\/uploads\/2022\/01\/greencottage-chambre-d-hotes-bed-and-breakfast-bruxelles-aeroport-atomium-heysel-_DSF2833-50x50.jpg 50w\" sizes=\"auto, (max-width: 330px) 100vw, 330px\" \/><\/a>\n\t\t\t<\/div><\/figure><figure class='gallery-item'>\n\t\t\t<div class='gallery-icon portrait'>\n\t\t\t\t<a href='https:\/\/greencottage.be\/wp-content\/uploads\/2022\/01\/greencottage-chambre-d-hotes-bed-and-breakfast-bruxelles-aeroport-atomium-heysel-_42.jpg'><img loading=\"lazy\" decoding=\"async\" width=\"330\" height=\"330\" src=\"https:\/\/greencottage.be\/wp-content\/uploads\/2022\/01\/greencottage-chambre-d-hotes-bed-and-breakfast-bruxelles-aeroport-atomium-heysel-_42-330x330.jpg\" class=\"attachment-thumbnail size-thumbnail\" alt=\"\" srcset=\"https:\/\/greencottage.be\/wp-content\/uploads\/2022\/01\/greencottage-chambre-d-hotes-bed-and-breakfast-bruxelles-aeroport-atomium-heysel-_42-330x330.jpg 330w, https:\/\/greencottage.be\/wp-content\/uploads\/2022\/01\/greencottage-chambre-d-hotes-bed-and-breakfast-bruxelles-aeroport-atomium-heysel-_42-50x50.jpg 50w\" sizes=\"auto, (max-width: 330px) 100vw, 330px\" \/><\/a>\n\t\t\t<\/div><\/figure><figure class='gallery-item'>\n\t\t\t<div class='gallery-icon landscape'>\n\t\t\t\t<a href='https:\/\/greencottage.be\/wp-content\/uploads\/2022\/01\/greencottage-chambre-d-hotes-bed-and-breakfast-bruxelles-aeroport-atomium-heysel-_33.jpg'><img loading=\"lazy\" decoding=\"async\" width=\"330\" height=\"330\" src=\"https:\/\/greencottage.be\/wp-content\/uploads\/2022\/01\/greencottage-chambre-d-hotes-bed-and-breakfast-bruxelles-aeroport-atomium-heysel-_33-330x330.jpg\" class=\"attachment-thumbnail size-thumbnail\" alt=\"\" srcset=\"https:\/\/greencottage.be\/wp-content\/uploads\/2022\/01\/greencottage-chambre-d-hotes-bed-and-breakfast-bruxelles-aeroport-atomium-heysel-_33-330x330.jpg 330w, https:\/\/greencottage.be\/wp-content\/uploads\/2022\/01\/greencottage-chambre-d-hotes-bed-and-breakfast-bruxelles-aeroport-atomium-heysel-_33-50x50.jpg 50w\" sizes=\"auto, (max-width: 330px) 100vw, 330px\" \/><\/a>\n\t\t\t<\/div><\/figure>\n\t\t<\/div>\n\n","protected":false},"excerpt":{"rendered":"<p>Located in the peaceful Flemish countryside, the Green Cottage is a 400 years old farmhouse which has been fully renovated into a luxurious B&amp;B. The Green Cottage has a relaxing atmosphere where you can enjoy a well-deserved rest with your friends or family after a day sightseeing, walking or shopping. There are 8 Junior Suites [&hellip;]<\/p>\n","protected":false},"author":1,"featured_media":466,"parent":0,"menu_order":0,"comment_status":"closed","ping_status":"closed","template":"","meta":{"_genesis_hide_title":false,"_genesis_hide_breadcrumbs":false,"_genesis_hide_singular_image":false,"_genesis_hide_footer_widgets":false,"_genesis_custom_body_class":"no-title","_genesis_custom_post_class":"","_genesis_layout":"","footnotes":""},"class_list":{"0":"post-950","1":"page","2":"type-page","3":"status-publish","4":"has-post-thumbnail","6":"entry"},"yoast_head":"<!-- This site is optimized with the Yoast SEO plugin v27.6 - https:\/\/yoast.com\/product\/yoast-seo-wordpress\/ -->\n<title>Seminar &amp; Team building near Brussels - Flemish Brabant | Green Cottage<\/title>\n<meta name=\"description\" content=\"Rent a conference room, meeting room or a place for a team building in the green AND near Brussels? Discover our renovated farmhouse, the garden and the estate!\" \/>\n<meta name=\"robots\" content=\"index, follow, max-snippet:-1, max-image-preview:large, max-video-preview:-1\" \/>\n<link rel=\"canonical\" href=\"https:\/\/greencottage.be\/en\/seminar-room-accomodation-brussels\/\" \/>\n<meta property=\"og:locale\" content=\"en_GB\" \/>\n<meta property=\"og:type\" content=\"article\" \/>\n<meta property=\"og:title\" content=\"Seminar &amp; Team building near Brussels - Flemish Brabant | Green Cottage\" \/>\n<meta property=\"og:description\" content=\"Rent a conference room, meeting room or a place for a team building in the green AND near Brussels? Discover our renovated farmhouse, the garden and the estate!\" \/>\n<meta property=\"og:url\" content=\"https:\/\/greencottage.be\/en\/seminar-room-accomodation-brussels\/\" \/>\n<meta property=\"og:site_name\" content=\"Green Cottage\" \/>\n<meta property=\"article:publisher\" content=\"https:\/\/www.facebook.com\/www.greencottage.be\" \/>\n<meta property=\"article:modified_time\" content=\"2025-09-29T13:05:00+00:00\" \/>\n<meta property=\"og:image\" content=\"https:\/\/greencottage.be\/wp-content\/uploads\/2018\/02\/greencottage-salle-de-reunion-chambre-d-hote-bruxelles-ae\u0301roport-atomium-heysel-s2-05.jpg\" \/>\n\t<meta property=\"og:image:width\" content=\"1024\" \/>\n\t<meta property=\"og:image:height\" content=\"576\" \/>\n\t<meta property=\"og:image:type\" content=\"image\/jpeg\" \/>\n<meta name=\"twitter:card\" content=\"summary_large_image\" \/>\n<meta name=\"twitter:label1\" content=\"Estimated reading time\" \/>\n\t<meta name=\"twitter:data1\" content=\"1 minute\" \/>\n<script type=\"application\/ld+json\" class=\"yoast-schema-graph\">{\"@context\":\"https:\\\/\\\/schema.org\",\"@graph\":[{\"@type\":\"WebPage\",\"@id\":\"https:\\\/\\\/greencottage.be\\\/en\\\/seminar-room-accomodation-brussels\\\/\",\"url\":\"https:\\\/\\\/greencottage.be\\\/en\\\/seminar-room-accomodation-brussels\\\/\",\"name\":\"Seminar & Team building near Brussels - Flemish Brabant | Green Cottage\",\"isPartOf\":{\"@id\":\"https:\\\/\\\/greencottage.be\\\/en\\\/#website\"},\"primaryImageOfPage\":{\"@id\":\"https:\\\/\\\/greencottage.be\\\/en\\\/seminar-room-accomodation-brussels\\\/#primaryimage\"},\"image\":{\"@id\":\"https:\\\/\\\/greencottage.be\\\/en\\\/seminar-room-accomodation-brussels\\\/#primaryimage\"},\"thumbnailUrl\":\"https:\\\/\\\/greencottage.be\\\/wp-content\\\/uploads\\\/2018\\\/02\\\/greencottage-salle-de-reunion-chambre-d-hote-bruxelles-ae\u0301roport-atomium-heysel-s2-05.jpg\",\"datePublished\":\"2018-02-14T10:50:20+00:00\",\"dateModified\":\"2025-09-29T13:05:00+00:00\",\"description\":\"Rent a conference room, meeting room or a place for a team building in the green AND near Brussels? Discover our renovated farmhouse, the garden and the estate!\",\"breadcrumb\":{\"@id\":\"https:\\\/\\\/greencottage.be\\\/en\\\/seminar-room-accomodation-brussels\\\/#breadcrumb\"},\"inLanguage\":\"en-GB\",\"potentialAction\":[{\"@type\":\"ReadAction\",\"target\":[\"https:\\\/\\\/greencottage.be\\\/en\\\/seminar-room-accomodation-brussels\\\/\"]}]},{\"@type\":\"ImageObject\",\"inLanguage\":\"en-GB\",\"@id\":\"https:\\\/\\\/greencottage.be\\\/en\\\/seminar-room-accomodation-brussels\\\/#primaryimage\",\"url\":\"https:\\\/\\\/greencottage.be\\\/wp-content\\\/uploads\\\/2018\\\/02\\\/greencottage-salle-de-reunion-chambre-d-hote-bruxelles-ae\u0301roport-atomium-heysel-s2-05.jpg\",\"contentUrl\":\"https:\\\/\\\/greencottage.be\\\/wp-content\\\/uploads\\\/2018\\\/02\\\/greencottage-salle-de-reunion-chambre-d-hote-bruxelles-ae\u0301roport-atomium-heysel-s2-05.jpg\",\"width\":1024,\"height\":576,\"caption\":\"Greencottage Salle De Reunion Chambre D Hote Bruxelles A\u00e9roport Atomium Heysel\"},{\"@type\":\"BreadcrumbList\",\"@id\":\"https:\\\/\\\/greencottage.be\\\/en\\\/seminar-room-accomodation-brussels\\\/#breadcrumb\",\"itemListElement\":[{\"@type\":\"ListItem\",\"position\":1,\"name\":\"Accueil\",\"item\":\"https:\\\/\\\/greencottage.be\\\/en\\\/\"},{\"@type\":\"ListItem\",\"position\":2,\"name\":\"Our renovated farmhouse. Surrounded by nature near Brussels\"}]},{\"@type\":\"WebSite\",\"@id\":\"https:\\\/\\\/greencottage.be\\\/en\\\/#website\",\"url\":\"https:\\\/\\\/greencottage.be\\\/en\\\/\",\"name\":\"Green Cottage\",\"description\":\"Salle de r\u00e9union \\\/ S\u00e9minaire au vert \u00e0 proximit\u00e9 de Bruxelles\",\"publisher\":{\"@id\":\"https:\\\/\\\/greencottage.be\\\/en\\\/#organization\"},\"potentialAction\":[{\"@type\":\"SearchAction\",\"target\":{\"@type\":\"EntryPoint\",\"urlTemplate\":\"https:\\\/\\\/greencottage.be\\\/en\\\/?s={search_term_string}\"},\"query-input\":{\"@type\":\"PropertyValueSpecification\",\"valueRequired\":true,\"valueName\":\"search_term_string\"}}],\"inLanguage\":\"en-GB\"},{\"@type\":\"Organization\",\"@id\":\"https:\\\/\\\/greencottage.be\\\/en\\\/#organization\",\"name\":\"Green Cottage\",\"url\":\"https:\\\/\\\/greencottage.be\\\/en\\\/\",\"logo\":{\"@type\":\"ImageObject\",\"inLanguage\":\"en-GB\",\"@id\":\"https:\\\/\\\/greencottage.be\\\/en\\\/#\\\/schema\\\/logo\\\/image\\\/\",\"url\":\"https:\\\/\\\/greencottage.be\\\/wp-content\\\/uploads\\\/2023\\\/11\\\/cropped-Greencottage_logo-01.png\",\"contentUrl\":\"https:\\\/\\\/greencottage.be\\\/wp-content\\\/uploads\\\/2023\\\/11\\\/cropped-Greencottage_logo-01.png\",\"width\":400,\"height\":302,\"caption\":\"Green Cottage\"},\"image\":{\"@id\":\"https:\\\/\\\/greencottage.be\\\/en\\\/#\\\/schema\\\/logo\\\/image\\\/\"},\"sameAs\":[\"https:\\\/\\\/www.facebook.com\\\/www.greencottage.be\"]}]}<\/script>\n<!-- \/ Yoast SEO plugin. -->","yoast_head_json":{"title":"Seminar & Team building near Brussels - Flemish Brabant | Green Cottage","description":"Rent a conference room, meeting room or a place for a team building in the green AND near Brussels? Discover our renovated farmhouse, the garden and the estate!","robots":{"index":"index","follow":"follow","max-snippet":"max-snippet:-1","max-image-preview":"max-image-preview:large","max-video-preview":"max-video-preview:-1"},"canonical":"https:\/\/greencottage.be\/en\/seminar-room-accomodation-brussels\/","og_locale":"en_GB","og_type":"article","og_title":"Seminar & Team building near Brussels - Flemish Brabant | Green Cottage","og_description":"Rent a conference room, meeting room or a place for a team building in the green AND near Brussels? Discover our renovated farmhouse, the garden and the estate!","og_url":"https:\/\/greencottage.be\/en\/seminar-room-accomodation-brussels\/","og_site_name":"Green Cottage","article_publisher":"https:\/\/www.facebook.com\/www.greencottage.be","article_modified_time":"2025-09-29T13:05:00+00:00","og_image":[{"width":1024,"height":576,"url":"https:\/\/greencottage.be\/wp-content\/uploads\/2018\/02\/greencottage-salle-de-reunion-chambre-d-hote-bruxelles-ae\u0301roport-atomium-heysel-s2-05.jpg","type":"image\/jpeg"}],"twitter_card":"summary_large_image","twitter_misc":{"Estimated reading time":"1 minute"},"schema":{"@context":"https:\/\/schema.org","@graph":[{"@type":"WebPage","@id":"https:\/\/greencottage.be\/en\/seminar-room-accomodation-brussels\/","url":"https:\/\/greencottage.be\/en\/seminar-room-accomodation-brussels\/","name":"Seminar & Team building near Brussels - Flemish Brabant | Green Cottage","isPartOf":{"@id":"https:\/\/greencottage.be\/en\/#website"},"primaryImageOfPage":{"@id":"https:\/\/greencottage.be\/en\/seminar-room-accomodation-brussels\/#primaryimage"},"image":{"@id":"https:\/\/greencottage.be\/en\/seminar-room-accomodation-brussels\/#primaryimage"},"thumbnailUrl":"https:\/\/greencottage.be\/wp-content\/uploads\/2018\/02\/greencottage-salle-de-reunion-chambre-d-hote-bruxelles-ae\u0301roport-atomium-heysel-s2-05.jpg","datePublished":"2018-02-14T10:50:20+00:00","dateModified":"2025-09-29T13:05:00+00:00","description":"Rent a conference room, meeting room or a place for a team building in the green AND near Brussels? Discover our renovated farmhouse, the garden and the estate!","breadcrumb":{"@id":"https:\/\/greencottage.be\/en\/seminar-room-accomodation-brussels\/#breadcrumb"},"inLanguage":"en-GB","potentialAction":[{"@type":"ReadAction","target":["https:\/\/greencottage.be\/en\/seminar-room-accomodation-brussels\/"]}]},{"@type":"ImageObject","inLanguage":"en-GB","@id":"https:\/\/greencottage.be\/en\/seminar-room-accomodation-brussels\/#primaryimage","url":"https:\/\/greencottage.be\/wp-content\/uploads\/2018\/02\/greencottage-salle-de-reunion-chambre-d-hote-bruxelles-ae\u0301roport-atomium-heysel-s2-05.jpg","contentUrl":"https:\/\/greencottage.be\/wp-content\/uploads\/2018\/02\/greencottage-salle-de-reunion-chambre-d-hote-bruxelles-ae\u0301roport-atomium-heysel-s2-05.jpg","width":1024,"height":576,"caption":"Greencottage Salle De Reunion Chambre D Hote Bruxelles A\u00e9roport Atomium Heysel"},{"@type":"BreadcrumbList","@id":"https:\/\/greencottage.be\/en\/seminar-room-accomodation-brussels\/#breadcrumb","itemListElement":[{"@type":"ListItem","position":1,"name":"Accueil","item":"https:\/\/greencottage.be\/en\/"},{"@type":"ListItem","position":2,"name":"Our renovated farmhouse. Surrounded by nature near Brussels"}]},{"@type":"WebSite","@id":"https:\/\/greencottage.be\/en\/#website","url":"https:\/\/greencottage.be\/en\/","name":"Green Cottage","description":"Salle de r\u00e9union \/ S\u00e9minaire au vert \u00e0 proximit\u00e9 de Bruxelles","publisher":{"@id":"https:\/\/greencottage.be\/en\/#organization"},"potentialAction":[{"@type":"SearchAction","target":{"@type":"EntryPoint","urlTemplate":"https:\/\/greencottage.be\/en\/?s={search_term_string}"},"query-input":{"@type":"PropertyValueSpecification","valueRequired":true,"valueName":"search_term_string"}}],"inLanguage":"en-GB"},{"@type":"Organization","@id":"https:\/\/greencottage.be\/en\/#organization","name":"Green Cottage","url":"https:\/\/greencottage.be\/en\/","logo":{"@type":"ImageObject","inLanguage":"en-GB","@id":"https:\/\/greencottage.be\/en\/#\/schema\/logo\/image\/","url":"https:\/\/greencottage.be\/wp-content\/uploads\/2023\/11\/cropped-Greencottage_logo-01.png","contentUrl":"https:\/\/greencottage.be\/wp-content\/uploads\/2023\/11\/cropped-Greencottage_logo-01.png","width":400,"height":302,"caption":"Green Cottage"},"image":{"@id":"https:\/\/greencottage.be\/en\/#\/schema\/logo\/image\/"},"sameAs":["https:\/\/www.facebook.com\/www.greencottage.be"]}]}},"_links":{"self":[{"href":"https:\/\/greencottage.be\/en\/wp-json\/wp\/v2\/pages\/950","targetHints":{"allow":["GET"]}}],"collection":[{"href":"https:\/\/greencottage.be\/en\/wp-json\/wp\/v2\/pages"}],"about":[{"href":"https:\/\/greencottage.be\/en\/wp-json\/wp\/v2\/types\/page"}],"author":[{"embeddable":true,"href":"https:\/\/greencottage.be\/en\/wp-json\/wp\/v2\/users\/1"}],"replies":[{"embeddable":true,"href":"https:\/\/greencottage.be\/en\/wp-json\/wp\/v2\/comments?post=950"}],"version-history":[{"count":3,"href":"https:\/\/greencottage.be\/en\/wp-json\/wp\/v2\/pages\/950\/revisions"}],"predecessor-version":[{"id":4050,"href":"https:\/\/greencottage.be\/en\/wp-json\/wp\/v2\/pages\/950\/revisions\/4050"}],"wp:featuredmedia":[{"embeddable":true,"href":"https:\/\/greencottage.be\/en\/wp-json\/wp\/v2\/media\/466"}],"wp:attachment":[{"href":"https:\/\/greencottage.be\/en\/wp-json\/wp\/v2\/media?parent=950"}],"curies":[{"name":"wp","href":"https:\/\/api.w.org\/{rel}","templated":true}]}}