{"id":7616,"date":"2022-11-08T11:13:12","date_gmt":"2022-11-08T10:13:12","guid":{"rendered":"https:\/\/greencottage.be\/partners\/"},"modified":"2025-09-29T15:14:08","modified_gmt":"2025-09-29T13:14:08","slug":"partners","status":"publish","type":"page","link":"https:\/\/greencottage.be\/en\/partners\/","title":{"rendered":"Partners"},"content":{"rendered":"<div class='wbWidth'><div class='div_partners'><div class='partners_container'><a href='https:\/\/www.elle.be\/fr\/391375-essaouira-quelles-sont-les-meilleures-adresses-et-activites.html' target='_blank'><div class='card activite'>\n         <div class='card_thumbnail'><img loading=\"lazy\" decoding=\"async\" width=\"283\" height=\"132\" src=\"https:\/\/greencottage.be\/wp-content\/uploads\/2023\/04\/elle.jpg\" class=\"attachment-medium size-medium wp-post-image\" alt=\"Elle logo\" \/><\/div>\n        <div class='card_title'><h6>Elle Magazine<\/h6><\/div>\n         <div class='card_excerpt'>Elle Magazine est un magazine populaire qui offre une couverture compl\u00e8te de la mode, de la beaut\u00e9, de la sant\u00e9, de la culture et life style.<\/div>\n        <\/div><\/a><a href='https:\/\/aruba-essaouira.com' target='_blank'><div class='card activite'>\n         <div class='card_thumbnail'><img loading=\"lazy\" decoding=\"async\" width=\"600\" height=\"400\" src=\"https:\/\/greencottage.be\/wp-content\/uploads\/2022\/11\/green-essaouira-piscine-600x400.jpg\" class=\"attachment-medium size-medium wp-post-image\" alt=\"Green Essaouira Piscine\" srcset=\"https:\/\/greencottage.be\/wp-content\/uploads\/2022\/11\/green-essaouira-piscine-600x400.jpg 600w, https:\/\/greencottage.be\/wp-content\/uploads\/2022\/11\/green-essaouira-piscine-1024x683.jpg 1024w, https:\/\/greencottage.be\/wp-content\/uploads\/2022\/11\/green-essaouira-piscine-768x512.jpg 768w, https:\/\/greencottage.be\/wp-content\/uploads\/2022\/11\/green-essaouira-piscine-1536x1024.jpg 1536w, https:\/\/greencottage.be\/wp-content\/uploads\/2022\/11\/green-essaouira-piscine-1200x800.jpg 1200w, https:\/\/greencottage.be\/wp-content\/uploads\/2022\/11\/green-essaouira-piscine.jpg 1620w\" sizes=\"auto, (max-width: 600px) 100vw, 600px\" \/><\/div>\n        <div class='card_title'><h6>Aruba Essaouira<\/h6><\/div>\n         <div class='card_excerpt'>La villa \u201cARUBA ESSAOUIRA\u201d est une magnifique demeure de caract\u00e8re respectantl\u2019esprit authentique des casbahs d\u2019antan tout en disposantde toutes les accommodations modernes.<\/div>\n        <\/div><\/a><a href='https:\/\/rdecreation.be' target='_blank'><div class='card activite'>\n         <div class='card_thumbnail'><img loading=\"lazy\" decoding=\"async\" width=\"600\" height=\"400\" src=\"https:\/\/greencottage.be\/wp-content\/uploads\/2022\/11\/R-de-Creation_Agence-de-creation-600x400.jpeg\" class=\"attachment-medium size-medium wp-post-image\" alt=\"R De Creation Agence De Cr\u00e9ation\" srcset=\"https:\/\/greencottage.be\/wp-content\/uploads\/2022\/11\/R-de-Creation_Agence-de-creation-600x400.jpeg 600w, https:\/\/greencottage.be\/wp-content\/uploads\/2022\/11\/R-de-Creation_Agence-de-creation-1024x683.jpeg 1024w, https:\/\/greencottage.be\/wp-content\/uploads\/2022\/11\/R-de-Creation_Agence-de-creation-768x512.jpeg 768w, https:\/\/greencottage.be\/wp-content\/uploads\/2022\/11\/R-de-Creation_Agence-de-creation-1200x801.jpeg 1200w, https:\/\/greencottage.be\/wp-content\/uploads\/2022\/11\/R-de-Creation_Agence-de-creation.jpeg 1280w\" sizes=\"auto, (max-width: 600px) 100vw, 600px\" \/><\/div>\n        <div class='card_title'><h6>Rdecreation<\/h6><\/div>\n         <div class='card_excerpt'>Au carrefour du\u00a0studio graphique\u00a0et de l\u2019agence de communication, R de Cr\u00e9ation est VOTRE partenaire strat\u00e9gique en communication et d\u00e9finition d\u2019image de marque.<\/div>\n        <\/div><\/a><a href='https:\/\/amofordesign.be' target='_blank'><div class='card activite'>\n         <div class='card_thumbnail'><img loading=\"lazy\" decoding=\"async\" width=\"600\" height=\"417\" src=\"https:\/\/greencottage.be\/wp-content\/uploads\/2022\/11\/logoblue-600x417.png\" class=\"attachment-medium size-medium wp-post-image\" alt=\"Amofordesign logo\" srcset=\"https:\/\/greencottage.be\/wp-content\/uploads\/2022\/11\/logoblue-600x417.png 600w, https:\/\/greencottage.be\/wp-content\/uploads\/2022\/11\/logoblue.png 763w\" sizes=\"auto, (max-width: 600px) 100vw, 600px\" \/><\/div>\n        <div class='card_title'><h6>Amofordesign<\/h6><\/div>\n         <div class='card_excerpt'>Amofordesign est une agence sp\u00e9cialis\u00e9e en cr\u00e9ation de contenu digital \u00e0 destination des ind\u00e9pendants et entreprises<\/div>\n        <\/div><\/a><\/div><\/div><\/div>\n","protected":false},"excerpt":{"rendered":"","protected":false},"author":6,"featured_media":0,"parent":0,"menu_order":0,"comment_status":"closed","ping_status":"closed","template":"","meta":{"_genesis_hide_title":false,"_genesis_hide_breadcrumbs":false,"_genesis_hide_singular_image":false,"_genesis_hide_footer_widgets":false,"_genesis_custom_body_class":"","_genesis_custom_post_class":"","_genesis_layout":"","footnotes":""},"class_list":{"0":"post-7616","1":"page","2":"type-page","3":"status-publish","5":"entry","6":"has-post-thumbnail"},"yoast_head":"<!-- This site is optimized with the Yoast SEO plugin v27.5 - https:\/\/yoast.com\/product\/yoast-seo-wordpress\/ -->\n<title>Partners<\/title>\n<meta name=\"robots\" content=\"index, follow, max-snippet:-1, max-image-preview:large, max-video-preview:-1\" \/>\n<link rel=\"canonical\" href=\"https:\/\/greencottage.be\/en\/partners\/\" \/>\n<meta property=\"og:locale\" content=\"en_GB\" \/>\n<meta property=\"og:type\" content=\"article\" \/>\n<meta property=\"og:title\" content=\"Partners\" \/>\n<meta property=\"og:url\" content=\"https:\/\/greencottage.be\/en\/partners\/\" \/>\n<meta property=\"og:site_name\" content=\"Green Cottage\" \/>\n<meta property=\"article:publisher\" content=\"https:\/\/www.facebook.com\/www.greencottage.be\" \/>\n<meta property=\"article:modified_time\" content=\"2025-09-29T13:14:08+00:00\" \/>\n<meta name=\"twitter:card\" content=\"summary_large_image\" \/>\n<script type=\"application\/ld+json\" class=\"yoast-schema-graph\">{\"@context\":\"https:\\\/\\\/schema.org\",\"@graph\":[{\"@type\":\"WebPage\",\"@id\":\"https:\\\/\\\/greencottage.be\\\/en\\\/partners\\\/\",\"url\":\"https:\\\/\\\/greencottage.be\\\/en\\\/partners\\\/\",\"name\":\"Partners\",\"isPartOf\":{\"@id\":\"https:\\\/\\\/greencottage.be\\\/en\\\/#website\"},\"datePublished\":\"2022-11-08T10:13:12+00:00\",\"dateModified\":\"2025-09-29T13:14:08+00:00\",\"breadcrumb\":{\"@id\":\"https:\\\/\\\/greencottage.be\\\/en\\\/partners\\\/#breadcrumb\"},\"inLanguage\":\"en-GB\",\"potentialAction\":[{\"@type\":\"ReadAction\",\"target\":[\"https:\\\/\\\/greencottage.be\\\/en\\\/partners\\\/\"]}]},{\"@type\":\"BreadcrumbList\",\"@id\":\"https:\\\/\\\/greencottage.be\\\/en\\\/partners\\\/#breadcrumb\",\"itemListElement\":[{\"@type\":\"ListItem\",\"position\":1,\"name\":\"Accueil\",\"item\":\"https:\\\/\\\/greencottage.be\\\/en\\\/\"},{\"@type\":\"ListItem\",\"position\":2,\"name\":\"Partners\"}]},{\"@type\":\"WebSite\",\"@id\":\"https:\\\/\\\/greencottage.be\\\/en\\\/#website\",\"url\":\"https:\\\/\\\/greencottage.be\\\/en\\\/\",\"name\":\"Green Cottage\",\"description\":\"Salle de r\u00e9union \\\/ S\u00e9minaire au vert \u00e0 proximit\u00e9 de Bruxelles\",\"publisher\":{\"@id\":\"https:\\\/\\\/greencottage.be\\\/en\\\/#organization\"},\"potentialAction\":[{\"@type\":\"SearchAction\",\"target\":{\"@type\":\"EntryPoint\",\"urlTemplate\":\"https:\\\/\\\/greencottage.be\\\/en\\\/?s={search_term_string}\"},\"query-input\":{\"@type\":\"PropertyValueSpecification\",\"valueRequired\":true,\"valueName\":\"search_term_string\"}}],\"inLanguage\":\"en-GB\"},{\"@type\":\"Organization\",\"@id\":\"https:\\\/\\\/greencottage.be\\\/en\\\/#organization\",\"name\":\"Green Cottage\",\"url\":\"https:\\\/\\\/greencottage.be\\\/en\\\/\",\"logo\":{\"@type\":\"ImageObject\",\"inLanguage\":\"en-GB\",\"@id\":\"https:\\\/\\\/greencottage.be\\\/en\\\/#\\\/schema\\\/logo\\\/image\\\/\",\"url\":\"https:\\\/\\\/greencottage.be\\\/wp-content\\\/uploads\\\/2023\\\/11\\\/cropped-Greencottage_logo-01.png\",\"contentUrl\":\"https:\\\/\\\/greencottage.be\\\/wp-content\\\/uploads\\\/2023\\\/11\\\/cropped-Greencottage_logo-01.png\",\"width\":400,\"height\":302,\"caption\":\"Green Cottage\"},\"image\":{\"@id\":\"https:\\\/\\\/greencottage.be\\\/en\\\/#\\\/schema\\\/logo\\\/image\\\/\"},\"sameAs\":[\"https:\\\/\\\/www.facebook.com\\\/www.greencottage.be\"]}]}<\/script>\n<!-- \/ Yoast SEO plugin. -->","yoast_head_json":{"title":"Partners","robots":{"index":"index","follow":"follow","max-snippet":"max-snippet:-1","max-image-preview":"max-image-preview:large","max-video-preview":"max-video-preview:-1"},"canonical":"https:\/\/greencottage.be\/en\/partners\/","og_locale":"en_GB","og_type":"article","og_title":"Partners","og_url":"https:\/\/greencottage.be\/en\/partners\/","og_site_name":"Green Cottage","article_publisher":"https:\/\/www.facebook.com\/www.greencottage.be","article_modified_time":"2025-09-29T13:14:08+00:00","twitter_card":"summary_large_image","schema":{"@context":"https:\/\/schema.org","@graph":[{"@type":"WebPage","@id":"https:\/\/greencottage.be\/en\/partners\/","url":"https:\/\/greencottage.be\/en\/partners\/","name":"Partners","isPartOf":{"@id":"https:\/\/greencottage.be\/en\/#website"},"datePublished":"2022-11-08T10:13:12+00:00","dateModified":"2025-09-29T13:14:08+00:00","breadcrumb":{"@id":"https:\/\/greencottage.be\/en\/partners\/#breadcrumb"},"inLanguage":"en-GB","potentialAction":[{"@type":"ReadAction","target":["https:\/\/greencottage.be\/en\/partners\/"]}]},{"@type":"BreadcrumbList","@id":"https:\/\/greencottage.be\/en\/partners\/#breadcrumb","itemListElement":[{"@type":"ListItem","position":1,"name":"Accueil","item":"https:\/\/greencottage.be\/en\/"},{"@type":"ListItem","position":2,"name":"Partners"}]},{"@type":"WebSite","@id":"https:\/\/greencottage.be\/en\/#website","url":"https:\/\/greencottage.be\/en\/","name":"Green Cottage","description":"Salle de r\u00e9union \/ S\u00e9minaire au vert \u00e0 proximit\u00e9 de Bruxelles","publisher":{"@id":"https:\/\/greencottage.be\/en\/#organization"},"potentialAction":[{"@type":"SearchAction","target":{"@type":"EntryPoint","urlTemplate":"https:\/\/greencottage.be\/en\/?s={search_term_string}"},"query-input":{"@type":"PropertyValueSpecification","valueRequired":true,"valueName":"search_term_string"}}],"inLanguage":"en-GB"},{"@type":"Organization","@id":"https:\/\/greencottage.be\/en\/#organization","name":"Green Cottage","url":"https:\/\/greencottage.be\/en\/","logo":{"@type":"ImageObject","inLanguage":"en-GB","@id":"https:\/\/greencottage.be\/en\/#\/schema\/logo\/image\/","url":"https:\/\/greencottage.be\/wp-content\/uploads\/2023\/11\/cropped-Greencottage_logo-01.png","contentUrl":"https:\/\/greencottage.be\/wp-content\/uploads\/2023\/11\/cropped-Greencottage_logo-01.png","width":400,"height":302,"caption":"Green Cottage"},"image":{"@id":"https:\/\/greencottage.be\/en\/#\/schema\/logo\/image\/"},"sameAs":["https:\/\/www.facebook.com\/www.greencottage.be"]}]}},"_links":{"self":[{"href":"https:\/\/greencottage.be\/en\/wp-json\/wp\/v2\/pages\/7616","targetHints":{"allow":["GET"]}}],"collection":[{"href":"https:\/\/greencottage.be\/en\/wp-json\/wp\/v2\/pages"}],"about":[{"href":"https:\/\/greencottage.be\/en\/wp-json\/wp\/v2\/types\/page"}],"author":[{"embeddable":true,"href":"https:\/\/greencottage.be\/en\/wp-json\/wp\/v2\/users\/6"}],"replies":[{"embeddable":true,"href":"https:\/\/greencottage.be\/en\/wp-json\/wp\/v2\/comments?post=7616"}],"version-history":[{"count":1,"href":"https:\/\/greencottage.be\/en\/wp-json\/wp\/v2\/pages\/7616\/revisions"}],"predecessor-version":[{"id":7617,"href":"https:\/\/greencottage.be\/en\/wp-json\/wp\/v2\/pages\/7616\/revisions\/7617"}],"wp:attachment":[{"href":"https:\/\/greencottage.be\/en\/wp-json\/wp\/v2\/media?parent=7616"}],"curies":[{"name":"wp","href":"https:\/\/api.w.org\/{rel}","templated":true}]}}