{"id":6893,"date":"2024-09-12T10:41:27","date_gmt":"2024-09-12T08:41:27","guid":{"rendered":"https:\/\/greencottage.be\/event-venue-corporate-private\/"},"modified":"2025-08-26T14:32:38","modified_gmt":"2025-08-26T12:32:38","slug":"event-venue-corporate-private","status":"publish","type":"page","link":"https:\/\/greencottage.be\/en\/event-venue-corporate-private\/","title":{"rendered":"EVENT VENUE CORPORATE"},"content":{"rendered":"\n<p><strong>Exceptional Event Venue in a Green Setting Near Brussels for Your Professional and\/or private Gatherings<\/strong><\/p>\n\n<p>Discover an <strong>exceptional event venue<\/strong> surrounded by nature, just minutes away from Brussels perfect for all your <strong>professional meetings<\/strong> and <strong>corporate events<\/strong>. Whether you\u2019re planning a <strong>company kick-off<\/strong>, an incentive, a corporate dinner, a product presentation, or a creative brainstorming session, our unique setting meets all your needs.<\/p>\n\n<figure class=\"wp-block-gallery has-nested-images columns-default is-cropped wp-block-gallery-1 is-layout-flex wp-block-gallery-is-layout-flex\">\n<figure class=\"wp-block-image size-large\"><img decoding=\"async\" data-id=\"2644\" src=\"https:\/\/greencottage.be\/wp-content\/uploads\/2020\/09\/Endroit-chaleureux-pour-se&#x301;minaire-re&#x301;sidentiel-1024x683.jpg\" alt=\"Cozy venue for residential seminars\" class=\"wp-image-2644\"\/><\/figure>\n\n\n\n<figure class=\"wp-block-image size-large\"><img decoding=\"async\" data-id=\"2576\" src=\"https:\/\/greencottage.be\/wp-content\/uploads\/2020\/09\/Salle-de-re&#x301;union-au-vert-pre&#x300;s-de-Bruxelles-1024x683.jpg\" alt=\"Meeting room in the green near Brussels\" class=\"wp-image-2576\"\/><\/figure>\n\n\n\n<figure class=\"wp-block-image size-full\"><img decoding=\"async\" data-id=\"6868\" src=\"https:\/\/greencottage.be\/wp-content\/uploads\/2024\/09\/lien-evenement-greencottage.jpg\" alt=\"\" class=\"wp-image-6868\"\/><\/figure>\n<\/figure>\n\n<p>In a <strong>peaceful and green environment<\/strong>, it\u2019s the ideal place to combine work and relaxation. Treat your team to a memorable experience in an inspiring location close to Brussels, while enjoying our modern facilities and personalized service tailored to your <strong>corporate events<\/strong>.<\/p>\n\n<figure class=\"wp-block-gallery has-nested-images columns-default is-cropped wp-block-gallery-2 is-layout-flex wp-block-gallery-is-layout-flex\">\n<figure class=\"wp-block-image size-full\"><img decoding=\"async\" data-id=\"6148\" src=\"https:\/\/greencottage.be\/wp-content\/uploads\/2023\/06\/greencottage-barbecue-seminaire-exterieur.jpg\" alt=\"\" class=\"wp-image-6148\"\/><\/figure>\n\n\n\n<figure class=\"wp-block-image size-large\"><img loading=\"lazy\" decoding=\"async\" width=\"752\" height=\"1024\" data-id=\"6887\" src=\"https:\/\/greencottage.be\/wp-content\/uploads\/2024\/09\/greencottage-dinner-evenement-au-vert-752x1024.jpg\" alt=\"\" class=\"wp-image-6887\" srcset=\"https:\/\/greencottage.be\/wp-content\/uploads\/2024\/09\/greencottage-dinner-evenement-au-vert-752x1024.jpg 752w, https:\/\/greencottage.be\/wp-content\/uploads\/2024\/09\/greencottage-dinner-evenement-au-vert-440x600.jpg 440w, https:\/\/greencottage.be\/wp-content\/uploads\/2024\/09\/greencottage-dinner-evenement-au-vert-768x1046.jpg 768w, https:\/\/greencottage.be\/wp-content\/uploads\/2024\/09\/greencottage-dinner-evenement-au-vert-1128x1536.jpg 1128w, https:\/\/greencottage.be\/wp-content\/uploads\/2024\/09\/greencottage-dinner-evenement-au-vert-1503x2048.jpg 1503w, https:\/\/greencottage.be\/wp-content\/uploads\/2024\/09\/greencottage-dinner-evenement-au-vert-881x1200.jpg 881w, https:\/\/greencottage.be\/wp-content\/uploads\/2024\/09\/greencottage-dinner-evenement-au-vert.jpg 1546w\" sizes=\"auto, (max-width: 752px) 100vw, 752px\" \/><\/figure>\n\n\n\n<figure class=\"wp-block-image size-large\"><img loading=\"lazy\" decoding=\"async\" width=\"1024\" height=\"1024\" data-id=\"6880\" src=\"https:\/\/greencottage.be\/wp-content\/uploads\/2024\/09\/greencottage-evenement-en-exterieur-1024x1024.jpg\" alt=\"\" class=\"wp-image-6880\" srcset=\"https:\/\/greencottage.be\/wp-content\/uploads\/2024\/09\/greencottage-evenement-en-exterieur-1024x1024.jpg 1024w, https:\/\/greencottage.be\/wp-content\/uploads\/2024\/09\/greencottage-evenement-en-exterieur-600x600.jpg 600w, https:\/\/greencottage.be\/wp-content\/uploads\/2024\/09\/greencottage-evenement-en-exterieur-330x330.jpg 330w, https:\/\/greencottage.be\/wp-content\/uploads\/2024\/09\/greencottage-evenement-en-exterieur-768x768.jpg 768w, https:\/\/greencottage.be\/wp-content\/uploads\/2024\/09\/greencottage-evenement-en-exterieur-1536x1536.jpg 1536w, https:\/\/greencottage.be\/wp-content\/uploads\/2024\/09\/greencottage-evenement-en-exterieur-2048x2048.jpg 2048w, https:\/\/greencottage.be\/wp-content\/uploads\/2024\/09\/greencottage-evenement-en-exterieur-1200x1200.jpg 1200w, https:\/\/greencottage.be\/wp-content\/uploads\/2024\/09\/greencottage-evenement-en-exterieur-50x50.jpg 50w\" sizes=\"auto, (max-width: 1024px) 100vw, 1024px\" \/><\/figure>\n<\/figure>\n\n<div class=\"wp-block-columns are-vertically-aligned-center callToAction has-background is-layout-flex wp-container-core-columns-is-layout-9d6595d7 wp-block-columns-is-layout-flex\" style=\"background-color:#f1f1f1\">\n<div class=\"wp-block-column is-vertically-aligned-center is-layout-flow wp-block-column-is-layout-flow\" style=\"flex-basis:66.66%\">\n<h3 class=\"wp-block-heading has-text-align-left\" id=\"schedule-a-visit\" style=\"font-size:25px;line-height:1.15\">My event at Green Cottage<\/h3>\n\n\n\n<p>Book now to turn your events into a success!<\/p>\n<\/div>\n\n\n\n<div class=\"wp-block-column is-vertically-aligned-center is-layout-flow wp-block-column-is-layout-flow\" style=\"flex-basis:33.33%\">\n<div class=\"wp-block-buttons is-layout-flex wp-block-buttons-is-layout-flex\">\n<div class=\"wp-block-button has-custom-width wp-block-button__width-100 has-custom-font-size\" style=\"font-size:15px\"><a class=\"wp-block-button__link wp-element-button\" href=\"https:\/\/greencottage.be\/en\/contact-the-green-cottage\/\">I am contacting Green Cottage<\/a><\/div>\n<\/div>\n<\/div>\n<\/div>\n","protected":false},"excerpt":{"rendered":"<p>Exceptional Event Venue in a Green Setting Near Brussels for Your Professional and\/or private Gatherings Discover an exceptional event venue surrounded by nature, just minutes away from Brussels perfect for all your professional meetings and corporate events. Whether you\u2019re planning a company kick-off, an incentive, a corporate dinner, a product presentation, or a creative brainstorming [&hellip;]<\/p>\n","protected":false},"author":6,"featured_media":2654,"parent":0,"menu_order":0,"comment_status":"closed","ping_status":"closed","template":"","meta":{"_genesis_hide_title":false,"_genesis_hide_breadcrumbs":false,"_genesis_hide_singular_image":false,"_genesis_hide_footer_widgets":false,"_genesis_custom_body_class":"","_genesis_custom_post_class":"","_genesis_layout":"","footnotes":""},"class_list":{"0":"post-6893","1":"page","2":"type-page","3":"status-publish","4":"has-post-thumbnail","6":"entry"},"yoast_head":"<!-- This site is optimized with the Yoast SEO plugin v27.4 - https:\/\/yoast.com\/product\/yoast-seo-wordpress\/ -->\n<title>EVENT VENUE CORPORATE<\/title>\n<meta name=\"description\" content=\"Organize your private or corporate event, company meal, team building, or product presentation in a green setting near Brussels.\" \/>\n<meta name=\"robots\" content=\"index, follow, max-snippet:-1, max-image-preview:large, max-video-preview:-1\" \/>\n<link rel=\"canonical\" href=\"https:\/\/greencottage.be\/en\/event-venue-corporate-private\/\" \/>\n<meta property=\"og:locale\" content=\"en_GB\" \/>\n<meta property=\"og:type\" content=\"article\" \/>\n<meta property=\"og:title\" content=\"EVENT VENUE CORPORATE\" \/>\n<meta property=\"og:description\" content=\"Organize your private or corporate event, company meal, team building, or product presentation in a green setting near Brussels.\" \/>\n<meta property=\"og:url\" content=\"https:\/\/greencottage.be\/en\/event-venue-corporate-private\/\" \/>\n<meta property=\"og:site_name\" content=\"Green Cottage\" \/>\n<meta property=\"article:publisher\" content=\"https:\/\/www.facebook.com\/www.greencottage.be\" \/>\n<meta property=\"article:modified_time\" content=\"2025-08-26T12:32:38+00:00\" \/>\n<meta property=\"og:image\" content=\"https:\/\/greencottage.be\/wp-content\/uploads\/2020\/09\/Unique-location-for-the-organisation-of-seminars-near-Brussels.jpg\" \/>\n\t<meta property=\"og:image:width\" content=\"1620\" \/>\n\t<meta property=\"og:image:height\" content=\"1080\" \/>\n\t<meta property=\"og:image:type\" content=\"image\/jpeg\" \/>\n<meta name=\"twitter:card\" content=\"summary_large_image\" \/>\n<meta name=\"twitter:label1\" content=\"Estimated reading time\" \/>\n\t<meta name=\"twitter:data1\" content=\"3 minutes\" \/>\n<script type=\"application\/ld+json\" class=\"yoast-schema-graph\">{\"@context\":\"https:\\\/\\\/schema.org\",\"@graph\":[{\"@type\":\"WebPage\",\"@id\":\"https:\\\/\\\/greencottage.be\\\/en\\\/event-venue-corporate-private\\\/\",\"url\":\"https:\\\/\\\/greencottage.be\\\/en\\\/event-venue-corporate-private\\\/\",\"name\":\"EVENT VENUE CORPORATE\",\"isPartOf\":{\"@id\":\"https:\\\/\\\/greencottage.be\\\/en\\\/#website\"},\"primaryImageOfPage\":{\"@id\":\"https:\\\/\\\/greencottage.be\\\/en\\\/event-venue-corporate-private\\\/#primaryimage\"},\"image\":{\"@id\":\"https:\\\/\\\/greencottage.be\\\/en\\\/event-venue-corporate-private\\\/#primaryimage\"},\"thumbnailUrl\":\"https:\\\/\\\/greencottage.be\\\/wp-content\\\/uploads\\\/2020\\\/09\\\/Unique-location-for-the-organisation-of-seminars-near-Brussels.jpg\",\"datePublished\":\"2024-09-12T08:41:27+00:00\",\"dateModified\":\"2025-08-26T12:32:38+00:00\",\"description\":\"Organize your private or corporate event, company meal, team building, or product presentation in a green setting near Brussels.\",\"breadcrumb\":{\"@id\":\"https:\\\/\\\/greencottage.be\\\/en\\\/event-venue-corporate-private\\\/#breadcrumb\"},\"inLanguage\":\"en-GB\",\"potentialAction\":[{\"@type\":\"ReadAction\",\"target\":[\"https:\\\/\\\/greencottage.be\\\/en\\\/event-venue-corporate-private\\\/\"]}]},{\"@type\":\"ImageObject\",\"inLanguage\":\"en-GB\",\"@id\":\"https:\\\/\\\/greencottage.be\\\/en\\\/event-venue-corporate-private\\\/#primaryimage\",\"url\":\"https:\\\/\\\/greencottage.be\\\/wp-content\\\/uploads\\\/2020\\\/09\\\/Unique-location-for-the-organisation-of-seminars-near-Brussels.jpg\",\"contentUrl\":\"https:\\\/\\\/greencottage.be\\\/wp-content\\\/uploads\\\/2020\\\/09\\\/Unique-location-for-the-organisation-of-seminars-near-Brussels.jpg\",\"width\":1620,\"height\":1080,\"caption\":\"Unique location for the organisation of seminars near Brussels\"},{\"@type\":\"BreadcrumbList\",\"@id\":\"https:\\\/\\\/greencottage.be\\\/en\\\/event-venue-corporate-private\\\/#breadcrumb\",\"itemListElement\":[{\"@type\":\"ListItem\",\"position\":1,\"name\":\"Accueil\",\"item\":\"https:\\\/\\\/greencottage.be\\\/en\\\/\"},{\"@type\":\"ListItem\",\"position\":2,\"name\":\"EVENT VENUE CORPORATE\"}]},{\"@type\":\"WebSite\",\"@id\":\"https:\\\/\\\/greencottage.be\\\/en\\\/#website\",\"url\":\"https:\\\/\\\/greencottage.be\\\/en\\\/\",\"name\":\"Green Cottage\",\"description\":\"Salle de r\u00e9union \\\/ S\u00e9minaire au vert \u00e0 proximit\u00e9 de Bruxelles\",\"publisher\":{\"@id\":\"https:\\\/\\\/greencottage.be\\\/en\\\/#organization\"},\"potentialAction\":[{\"@type\":\"SearchAction\",\"target\":{\"@type\":\"EntryPoint\",\"urlTemplate\":\"https:\\\/\\\/greencottage.be\\\/en\\\/?s={search_term_string}\"},\"query-input\":{\"@type\":\"PropertyValueSpecification\",\"valueRequired\":true,\"valueName\":\"search_term_string\"}}],\"inLanguage\":\"en-GB\"},{\"@type\":\"Organization\",\"@id\":\"https:\\\/\\\/greencottage.be\\\/en\\\/#organization\",\"name\":\"Green Cottage\",\"url\":\"https:\\\/\\\/greencottage.be\\\/en\\\/\",\"logo\":{\"@type\":\"ImageObject\",\"inLanguage\":\"en-GB\",\"@id\":\"https:\\\/\\\/greencottage.be\\\/en\\\/#\\\/schema\\\/logo\\\/image\\\/\",\"url\":\"https:\\\/\\\/greencottage.be\\\/wp-content\\\/uploads\\\/2023\\\/11\\\/cropped-Greencottage_logo-01.png\",\"contentUrl\":\"https:\\\/\\\/greencottage.be\\\/wp-content\\\/uploads\\\/2023\\\/11\\\/cropped-Greencottage_logo-01.png\",\"width\":400,\"height\":302,\"caption\":\"Green Cottage\"},\"image\":{\"@id\":\"https:\\\/\\\/greencottage.be\\\/en\\\/#\\\/schema\\\/logo\\\/image\\\/\"},\"sameAs\":[\"https:\\\/\\\/www.facebook.com\\\/www.greencottage.be\"]}]}<\/script>\n<!-- \/ Yoast SEO plugin. -->","yoast_head_json":{"title":"EVENT VENUE CORPORATE","description":"Organize your private or corporate event, company meal, team building, or product presentation in a green setting near Brussels.","robots":{"index":"index","follow":"follow","max-snippet":"max-snippet:-1","max-image-preview":"max-image-preview:large","max-video-preview":"max-video-preview:-1"},"canonical":"https:\/\/greencottage.be\/en\/event-venue-corporate-private\/","og_locale":"en_GB","og_type":"article","og_title":"EVENT VENUE CORPORATE","og_description":"Organize your private or corporate event, company meal, team building, or product presentation in a green setting near Brussels.","og_url":"https:\/\/greencottage.be\/en\/event-venue-corporate-private\/","og_site_name":"Green Cottage","article_publisher":"https:\/\/www.facebook.com\/www.greencottage.be","article_modified_time":"2025-08-26T12:32:38+00:00","og_image":[{"width":1620,"height":1080,"url":"https:\/\/greencottage.be\/wp-content\/uploads\/2020\/09\/Unique-location-for-the-organisation-of-seminars-near-Brussels.jpg","type":"image\/jpeg"}],"twitter_card":"summary_large_image","twitter_misc":{"Estimated reading time":"3 minutes"},"schema":{"@context":"https:\/\/schema.org","@graph":[{"@type":"WebPage","@id":"https:\/\/greencottage.be\/en\/event-venue-corporate-private\/","url":"https:\/\/greencottage.be\/en\/event-venue-corporate-private\/","name":"EVENT VENUE CORPORATE","isPartOf":{"@id":"https:\/\/greencottage.be\/en\/#website"},"primaryImageOfPage":{"@id":"https:\/\/greencottage.be\/en\/event-venue-corporate-private\/#primaryimage"},"image":{"@id":"https:\/\/greencottage.be\/en\/event-venue-corporate-private\/#primaryimage"},"thumbnailUrl":"https:\/\/greencottage.be\/wp-content\/uploads\/2020\/09\/Unique-location-for-the-organisation-of-seminars-near-Brussels.jpg","datePublished":"2024-09-12T08:41:27+00:00","dateModified":"2025-08-26T12:32:38+00:00","description":"Organize your private or corporate event, company meal, team building, or product presentation in a green setting near Brussels.","breadcrumb":{"@id":"https:\/\/greencottage.be\/en\/event-venue-corporate-private\/#breadcrumb"},"inLanguage":"en-GB","potentialAction":[{"@type":"ReadAction","target":["https:\/\/greencottage.be\/en\/event-venue-corporate-private\/"]}]},{"@type":"ImageObject","inLanguage":"en-GB","@id":"https:\/\/greencottage.be\/en\/event-venue-corporate-private\/#primaryimage","url":"https:\/\/greencottage.be\/wp-content\/uploads\/2020\/09\/Unique-location-for-the-organisation-of-seminars-near-Brussels.jpg","contentUrl":"https:\/\/greencottage.be\/wp-content\/uploads\/2020\/09\/Unique-location-for-the-organisation-of-seminars-near-Brussels.jpg","width":1620,"height":1080,"caption":"Unique location for the organisation of seminars near Brussels"},{"@type":"BreadcrumbList","@id":"https:\/\/greencottage.be\/en\/event-venue-corporate-private\/#breadcrumb","itemListElement":[{"@type":"ListItem","position":1,"name":"Accueil","item":"https:\/\/greencottage.be\/en\/"},{"@type":"ListItem","position":2,"name":"EVENT VENUE CORPORATE"}]},{"@type":"WebSite","@id":"https:\/\/greencottage.be\/en\/#website","url":"https:\/\/greencottage.be\/en\/","name":"Green Cottage","description":"Salle de r\u00e9union \/ S\u00e9minaire au vert \u00e0 proximit\u00e9 de Bruxelles","publisher":{"@id":"https:\/\/greencottage.be\/en\/#organization"},"potentialAction":[{"@type":"SearchAction","target":{"@type":"EntryPoint","urlTemplate":"https:\/\/greencottage.be\/en\/?s={search_term_string}"},"query-input":{"@type":"PropertyValueSpecification","valueRequired":true,"valueName":"search_term_string"}}],"inLanguage":"en-GB"},{"@type":"Organization","@id":"https:\/\/greencottage.be\/en\/#organization","name":"Green Cottage","url":"https:\/\/greencottage.be\/en\/","logo":{"@type":"ImageObject","inLanguage":"en-GB","@id":"https:\/\/greencottage.be\/en\/#\/schema\/logo\/image\/","url":"https:\/\/greencottage.be\/wp-content\/uploads\/2023\/11\/cropped-Greencottage_logo-01.png","contentUrl":"https:\/\/greencottage.be\/wp-content\/uploads\/2023\/11\/cropped-Greencottage_logo-01.png","width":400,"height":302,"caption":"Green Cottage"},"image":{"@id":"https:\/\/greencottage.be\/en\/#\/schema\/logo\/image\/"},"sameAs":["https:\/\/www.facebook.com\/www.greencottage.be"]}]}},"_links":{"self":[{"href":"https:\/\/greencottage.be\/en\/wp-json\/wp\/v2\/pages\/6893","targetHints":{"allow":["GET"]}}],"collection":[{"href":"https:\/\/greencottage.be\/en\/wp-json\/wp\/v2\/pages"}],"about":[{"href":"https:\/\/greencottage.be\/en\/wp-json\/wp\/v2\/types\/page"}],"author":[{"embeddable":true,"href":"https:\/\/greencottage.be\/en\/wp-json\/wp\/v2\/users\/6"}],"replies":[{"embeddable":true,"href":"https:\/\/greencottage.be\/en\/wp-json\/wp\/v2\/comments?post=6893"}],"version-history":[{"count":4,"href":"https:\/\/greencottage.be\/en\/wp-json\/wp\/v2\/pages\/6893\/revisions"}],"predecessor-version":[{"id":7455,"href":"https:\/\/greencottage.be\/en\/wp-json\/wp\/v2\/pages\/6893\/revisions\/7455"}],"wp:featuredmedia":[{"embeddable":true,"href":"https:\/\/greencottage.be\/en\/wp-json\/wp\/v2\/media\/2654"}],"wp:attachment":[{"href":"https:\/\/greencottage.be\/en\/wp-json\/wp\/v2\/media?parent=6893"}],"curies":[{"name":"wp","href":"https:\/\/api.w.org\/{rel}","templated":true}]}}