{"id":6679,"date":"2023-12-20T11:35:33","date_gmt":"2023-12-20T10:35:33","guid":{"rendered":"https:\/\/greencottage.be\/elegance-at-the-king-baudouin-stadium-for-your-professional-events\/"},"modified":"2024-03-11T14:47:15","modified_gmt":"2024-03-11T13:47:15","slug":"elegance-at-the-king-baudouin-stadium-for-your-professional-events","status":"publish","type":"page","link":"https:\/\/greencottage.be\/en\/elegance-at-the-king-baudouin-stadium-for-your-professional-events\/","title":{"rendered":"Elegance at the King Baudouin Stadium for Your Professional Events!"},"content":{"rendered":"\n<div class=\"wp-block-columns is-layout-flex wp-container-core-columns-is-layout-9d6595d7 wp-block-columns-is-layout-flex\">\n<div class=\"wp-block-column is-vertically-aligned-top is-layout-flow wp-block-column-is-layout-flow\">\n<figure class=\"wp-block-image size-large\"><img loading=\"lazy\" decoding=\"async\" width=\"1024\" height=\"577\" src=\"https:\/\/greencottage.be\/wp-content\/uploads\/2023\/11\/Piste-terminee-1024x577.png\" alt=\"\" class=\"wp-image-6517\" srcset=\"https:\/\/greencottage.be\/wp-content\/uploads\/2023\/11\/Piste-terminee-1024x577.png 1024w, https:\/\/greencottage.be\/wp-content\/uploads\/2023\/11\/Piste-terminee-600x338.png 600w, https:\/\/greencottage.be\/wp-content\/uploads\/2023\/11\/Piste-terminee-768x432.png 768w, https:\/\/greencottage.be\/wp-content\/uploads\/2023\/11\/Piste-terminee-1536x865.png 1536w, https:\/\/greencottage.be\/wp-content\/uploads\/2023\/11\/Piste-terminee-2048x1153.png 2048w, https:\/\/greencottage.be\/wp-content\/uploads\/2023\/11\/Piste-terminee-1200x676.png 1200w\" sizes=\"auto, (max-width: 1024px) 100vw, 1024px\" \/><\/figure>\n<\/div>\n\n\n\n<div class=\"wp-block-column is-layout-flow wp-block-column-is-layout-flow\">\n<h2 class=\"wp-block-heading\">Discover the prestige of the King Baudouin Stadium:<\/h2>\n\n\n\n<p>Unique Prestige: Mythical place steeped in history<br\/>Flexible Capacities: From 50 to 200 people.<br\/>Central Location: Easy access to the heart of Brussels.<\/p>\n\n\n\n<p><strong>Book for exceptional professional events!<\/strong><\/p>\n<\/div>\n<\/div>\n\n<div class=\"wp-block-columns are-vertically-aligned-center callToAction has-background is-layout-flex wp-container-core-columns-is-layout-9d6595d7 wp-block-columns-is-layout-flex\" style=\"background-color:#f1f1f1\">\n<div class=\"wp-block-column is-vertically-aligned-center is-layout-flow wp-block-column-is-layout-flow\" style=\"flex-basis:66.66%\">\n<h2 class=\"wp-block-heading has-text-align-left\" id=\"schedule-a-visit\" style=\"font-size:25px;line-height:1.15\"><strong>Green Cottage <\/strong>&#8220;BUDGET&#8221;<\/h2>\n\n\n\n<p>I would like to have more information on the possibility of organizing a seminar at the <strong>&#8220;King Baudouin Stadium&#8221;.<\/strong><\/p>\n<\/div>\n\n\n\n<div class=\"wp-block-column is-vertically-aligned-center is-layout-flow wp-block-column-is-layout-flow\" style=\"flex-basis:33.33%\">\n<div class=\"wp-block-buttons is-layout-flex wp-block-buttons-is-layout-flex\">\n<div class=\"wp-block-button has-custom-width wp-block-button__width-100 has-custom-font-size\" style=\"font-size:15px\"><a class=\"wp-block-button__link wp-element-button\" href=\"https:\/\/greencottage.be\/en\/contact-the-green-cottage\/\" target=\"_blank\" rel=\"noreferrer noopener\">Organise my seminar<\/a><\/div>\n<\/div>\n<\/div>\n<\/div>\n\n<hr class=\"wp-block-separator has-alpha-channel-opacity\"\/>\n\n<div class=\"wp-block-columns is-layout-flex wp-container-core-columns-is-layout-9d6595d7 wp-block-columns-is-layout-flex\">\n<div class=\"wp-block-column is-layout-flow wp-block-column-is-layout-flow\">\n<h2 class=\"wp-block-heading\"><strong>Discover the Exclusivity at the King Baudouin Stadium for Your Corporate Events<\/strong><\/h2>\n\n\n\n<p>The Green Cottage also offers you the excitement of Brussels, Greencottage.be presents you with a unique opportunity to give an exceptional dimension to your corporate events. We are proud to announce the addition of two new prestigious rooms at the Mythical King Baudouin Stadium, offering an unrivaled experience for your seminars, conferences and professional meetings.<\/p>\n<\/div>\n\n\n\n<div class=\"wp-block-column is-layout-flow wp-block-column-is-layout-flow\">\n<p><\/p>\n\n\n\n<figure class=\"wp-block-image size-full\"><img loading=\"lazy\" decoding=\"async\" width=\"864\" height=\"486\" src=\"https:\/\/greencottage.be\/wp-content\/uploads\/2023\/12\/stade02.jpg\" alt=\"\" class=\"wp-image-6574\" srcset=\"https:\/\/greencottage.be\/wp-content\/uploads\/2023\/12\/stade02.jpg 864w, https:\/\/greencottage.be\/wp-content\/uploads\/2023\/12\/stade02-600x338.jpg 600w, https:\/\/greencottage.be\/wp-content\/uploads\/2023\/12\/stade02-768x432.jpg 768w\" sizes=\"auto, (max-width: 864px) 100vw, 864px\" \/><\/figure>\n<\/div>\n<\/div>\n\n<div class=\"wp-block-columns are-vertically-aligned-center callToAction has-background is-layout-flex wp-container-core-columns-is-layout-9d6595d7 wp-block-columns-is-layout-flex\" style=\"background-color:#f1f1f1\">\n<div class=\"wp-block-column is-vertically-aligned-center is-layout-flow wp-block-column-is-layout-flow\" style=\"flex-basis:66.66%\">\n<h2 class=\"wp-block-heading has-text-align-left\" id=\"schedule-a-visit\" style=\"font-size:25px;line-height:1.15\">Request a personalized quote for your seminar at the King Baudouin stadium!<\/h2>\n<\/div>\n\n\n\n<div class=\"wp-block-column is-vertically-aligned-center is-layout-flow wp-block-column-is-layout-flow\" style=\"flex-basis:33.33%\">\n<div class=\"wp-block-buttons is-layout-flex wp-block-buttons-is-layout-flex\">\n<div class=\"wp-block-button has-custom-width wp-block-button__width-100 has-custom-font-size\" style=\"font-size:15px\"><a class=\"wp-block-button__link wp-element-button\" href=\"https:\/\/greencottage.be\/en\/contact-the-green-cottage\/\" target=\"_blank\" rel=\"noreferrer noopener\">Organise my seminar<\/a><\/div>\n<\/div>\n<\/div>\n<\/div>\n\n<hr class=\"wp-block-separator has-alpha-channel-opacity\"\/>\n\n<div class=\"wp-block-columns is-layout-flex wp-container-core-columns-is-layout-9d6595d7 wp-block-columns-is-layout-flex\">\n<div class=\"wp-block-column is-vertically-aligned-top is-layout-flow wp-block-column-is-layout-flow\">\n<figure class=\"wp-block-image size-full\"><img loading=\"lazy\" decoding=\"async\" width=\"888\" height=\"500\" src=\"https:\/\/greencottage.be\/wp-content\/uploads\/2023\/12\/stade03.jpg\" alt=\"\" class=\"wp-image-6577\" srcset=\"https:\/\/greencottage.be\/wp-content\/uploads\/2023\/12\/stade03.jpg 888w, https:\/\/greencottage.be\/wp-content\/uploads\/2023\/12\/stade03-600x338.jpg 600w, https:\/\/greencottage.be\/wp-content\/uploads\/2023\/12\/stade03-768x432.jpg 768w\" sizes=\"auto, (max-width: 888px) 100vw, 888px\" \/><\/figure>\n<\/div>\n\n\n\n<div class=\"wp-block-column is-layout-flow wp-block-column-is-layout-flow\">\n<h3 class=\"wp-block-heading\">1. Unparalleled Prestige<\/h3>\n\n\n\n<p>Imagine your colleagues, clients and partners amazed by the prestigious atmosphere of the King Baudouin Stadium, a place imbued with history and grandeur. Let yourself be transported by the unique aura of this legendary location, providing an ideal backdrop for memorable corporate events.<\/p>\n<\/div>\n<\/div>\n\n<hr class=\"wp-block-separator has-alpha-channel-opacity\"\/>\n\n<div class=\"wp-block-columns is-layout-flex wp-container-core-columns-is-layout-9d6595d7 wp-block-columns-is-layout-flex\">\n<div class=\"wp-block-column is-vertically-aligned-top is-layout-flow wp-block-column-is-layout-flow\">\n<figure class=\"wp-block-image size-full\"><img loading=\"lazy\" decoding=\"async\" width=\"768\" height=\"494\" src=\"https:\/\/greencottage.be\/wp-content\/uploads\/2023\/12\/stade04.jpg\" alt=\"\" class=\"wp-image-6580\" srcset=\"https:\/\/greencottage.be\/wp-content\/uploads\/2023\/12\/stade04.jpg 768w, https:\/\/greencottage.be\/wp-content\/uploads\/2023\/12\/stade04-600x386.jpg 600w\" sizes=\"auto, (max-width: 768px) 100vw, 768px\" \/><\/figure>\n<\/div>\n\n\n\n<div class=\"wp-block-column is-layout-flow wp-block-column-is-layout-flow\">\n<h3 class=\"wp-block-heading\">2. Flexible Reception Capacities<\/h3>\n\n\n\n<p>With our two new rooms, we offer flexible reception capacities to meet your specific needs. Whether your event brings together 50 people or up to 200 guests, our spaces can be adapted to create the perfect ambiance. Take advantage of the versatility of our facilities to personalize your experience and impress your guests.<\/p>\n<\/div>\n<\/div>\n\n<hr class=\"wp-block-separator has-alpha-channel-opacity\"\/>\n\n<div class=\"wp-block-columns is-layout-flex wp-container-core-columns-is-layout-9d6595d7 wp-block-columns-is-layout-flex\">\n<div class=\"wp-block-column is-vertically-aligned-top is-layout-flow wp-block-column-is-layout-flow\">\n<figure class=\"wp-block-image size-full\"><img loading=\"lazy\" decoding=\"async\" width=\"768\" height=\"494\" src=\"https:\/\/greencottage.be\/wp-content\/uploads\/2023\/12\/stade05.jpg\" alt=\"\" class=\"wp-image-6583\" srcset=\"https:\/\/greencottage.be\/wp-content\/uploads\/2023\/12\/stade05.jpg 768w, https:\/\/greencottage.be\/wp-content\/uploads\/2023\/12\/stade05-600x386.jpg 600w\" sizes=\"auto, (max-width: 768px) 100vw, 768px\" \/><\/figure>\n<\/div>\n\n\n\n<div class=\"wp-block-column is-layout-flow wp-block-column-is-layout-flow\">\n<h3 class=\"wp-block-heading\">3. Strategic Location in the Heart of Brussels<\/h3>\n\n\n\n<p>Dive into the heart of the action ! Nestled in the center of Brussels, the King Baudouin Stadium offers optimal accessibility, making travel easier for your guests. Enjoy the excitement of the city while creating memorable moments in an exclusive and prestigious setting.<\/p>\n<\/div>\n<\/div>\n\n<hr class=\"wp-block-separator has-alpha-channel-opacity\"\/>\n\n<figure class=\"wp-block-image size-large\"><img loading=\"lazy\" decoding=\"async\" width=\"1024\" height=\"683\" src=\"https:\/\/greencottage.be\/wp-content\/uploads\/2023\/12\/stadium-meeting-1024x683.jpg\" alt=\"\" class=\"wp-image-6589\" srcset=\"https:\/\/greencottage.be\/wp-content\/uploads\/2023\/12\/stadium-meeting-1024x683.jpg 1024w, https:\/\/greencottage.be\/wp-content\/uploads\/2023\/12\/stadium-meeting-600x400.jpg 600w, https:\/\/greencottage.be\/wp-content\/uploads\/2023\/12\/stadium-meeting-768x512.jpg 768w, https:\/\/greencottage.be\/wp-content\/uploads\/2023\/12\/stadium-meeting-1536x1024.jpg 1536w, https:\/\/greencottage.be\/wp-content\/uploads\/2023\/12\/stadium-meeting-2048x1365.jpg 2048w, https:\/\/greencottage.be\/wp-content\/uploads\/2023\/12\/stadium-meeting-1200x800.jpg 1200w\" sizes=\"auto, (max-width: 1024px) 100vw, 1024px\" \/><\/figure>\n\n<p>Book now to guarantee the availability of these exclusive spaces and give your corporate events a distinctive touch at the Mythical King Baudouin Stadium. Let us make every moment an unforgettable experience.<\/p>\n","protected":false},"excerpt":{"rendered":"<p>Discover the prestige of the King Baudouin Stadium: Unique Prestige: Mythical place steeped in historyFlexible Capacities: From 50 to 200 people.Central Location: Easy access to the heart of Brussels. Book for exceptional professional events! Green Cottage &#8220;BUDGET&#8221; I would like to have more information on the possibility of organizing a seminar at the &#8220;King Baudouin [&hellip;]<\/p>\n","protected":false},"author":6,"featured_media":6519,"parent":0,"menu_order":0,"comment_status":"closed","ping_status":"closed","template":"","meta":{"_genesis_hide_title":false,"_genesis_hide_breadcrumbs":false,"_genesis_hide_singular_image":false,"_genesis_hide_footer_widgets":false,"_genesis_custom_body_class":"","_genesis_custom_post_class":"","_genesis_layout":"","footnotes":""},"class_list":{"0":"post-6679","1":"page","2":"type-page","3":"status-publish","4":"has-post-thumbnail","6":"entry"},"yoast_head":"<!-- This site is optimized with the Yoast SEO plugin v27.5 - https:\/\/yoast.com\/product\/yoast-seo-wordpress\/ -->\n<title>Elegance at the King Baudouin Stadium for Your Professional Events!<\/title>\n<meta name=\"robots\" content=\"index, follow, max-snippet:-1, max-image-preview:large, max-video-preview:-1\" \/>\n<link rel=\"canonical\" href=\"https:\/\/greencottage.be\/en\/elegance-at-the-king-baudouin-stadium-for-your-professional-events\/\" \/>\n<meta property=\"og:locale\" content=\"en_GB\" \/>\n<meta property=\"og:type\" content=\"article\" \/>\n<meta property=\"og:title\" content=\"Elegance at the King Baudouin Stadium for Your Professional Events!\" \/>\n<meta property=\"og:description\" content=\"Discover the prestige of the King Baudouin Stadium: Unique Prestige: Mythical place steeped in historyFlexible Capacities: From 50 to 200 people.Central Location: Easy access to the heart of Brussels. Book for exceptional professional events! Green Cottage &#8220;BUDGET&#8221; I would like to have more information on the possibility of organizing a seminar at the &#8220;King Baudouin [&hellip;]\" \/>\n<meta property=\"og:url\" content=\"https:\/\/greencottage.be\/en\/elegance-at-the-king-baudouin-stadium-for-your-professional-events\/\" \/>\n<meta property=\"og:site_name\" content=\"Green Cottage\" \/>\n<meta property=\"article:publisher\" content=\"https:\/\/www.facebook.com\/www.greencottage.be\" \/>\n<meta property=\"article:modified_time\" content=\"2024-03-11T13:47:15+00:00\" \/>\n<meta property=\"og:image\" content=\"https:\/\/greencottage.be\/wp-content\/uploads\/2023\/11\/Piste-terminee-1024x577.png\" \/>\n\t<meta property=\"og:image:width\" content=\"1024\" \/>\n\t<meta property=\"og:image:height\" content=\"577\" \/>\n\t<meta property=\"og:image:type\" content=\"image\/png\" \/>\n<meta name=\"twitter:card\" content=\"summary_large_image\" \/>\n<meta name=\"twitter:label1\" content=\"Estimated reading time\" \/>\n\t<meta name=\"twitter:data1\" content=\"2 minutes\" \/>\n<script type=\"application\/ld+json\" class=\"yoast-schema-graph\">{\"@context\":\"https:\\\/\\\/schema.org\",\"@graph\":[{\"@type\":\"WebPage\",\"@id\":\"https:\\\/\\\/greencottage.be\\\/en\\\/elegance-at-the-king-baudouin-stadium-for-your-professional-events\\\/\",\"url\":\"https:\\\/\\\/greencottage.be\\\/en\\\/elegance-at-the-king-baudouin-stadium-for-your-professional-events\\\/\",\"name\":\"Elegance at the King Baudouin Stadium for Your Professional Events!\",\"isPartOf\":{\"@id\":\"https:\\\/\\\/greencottage.be\\\/en\\\/#website\"},\"primaryImageOfPage\":{\"@id\":\"https:\\\/\\\/greencottage.be\\\/en\\\/elegance-at-the-king-baudouin-stadium-for-your-professional-events\\\/#primaryimage\"},\"image\":{\"@id\":\"https:\\\/\\\/greencottage.be\\\/en\\\/elegance-at-the-king-baudouin-stadium-for-your-professional-events\\\/#primaryimage\"},\"thumbnailUrl\":\"https:\\\/\\\/greencottage.be\\\/wp-content\\\/uploads\\\/2023\\\/11\\\/Piste-terminee.png\",\"datePublished\":\"2023-12-20T10:35:33+00:00\",\"dateModified\":\"2024-03-11T13:47:15+00:00\",\"breadcrumb\":{\"@id\":\"https:\\\/\\\/greencottage.be\\\/en\\\/elegance-at-the-king-baudouin-stadium-for-your-professional-events\\\/#breadcrumb\"},\"inLanguage\":\"en-GB\",\"potentialAction\":[{\"@type\":\"ReadAction\",\"target\":[\"https:\\\/\\\/greencottage.be\\\/en\\\/elegance-at-the-king-baudouin-stadium-for-your-professional-events\\\/\"]}]},{\"@type\":\"ImageObject\",\"inLanguage\":\"en-GB\",\"@id\":\"https:\\\/\\\/greencottage.be\\\/en\\\/elegance-at-the-king-baudouin-stadium-for-your-professional-events\\\/#primaryimage\",\"url\":\"https:\\\/\\\/greencottage.be\\\/wp-content\\\/uploads\\\/2023\\\/11\\\/Piste-terminee.png\",\"contentUrl\":\"https:\\\/\\\/greencottage.be\\\/wp-content\\\/uploads\\\/2023\\\/11\\\/Piste-terminee.png\",\"width\":4000,\"height\":2252,\"caption\":\"Stade s\u00e9minaire\"},{\"@type\":\"BreadcrumbList\",\"@id\":\"https:\\\/\\\/greencottage.be\\\/en\\\/elegance-at-the-king-baudouin-stadium-for-your-professional-events\\\/#breadcrumb\",\"itemListElement\":[{\"@type\":\"ListItem\",\"position\":1,\"name\":\"Accueil\",\"item\":\"https:\\\/\\\/greencottage.be\\\/en\\\/\"},{\"@type\":\"ListItem\",\"position\":2,\"name\":\"Elegance at the King Baudouin Stadium for Your Professional Events!\"}]},{\"@type\":\"WebSite\",\"@id\":\"https:\\\/\\\/greencottage.be\\\/en\\\/#website\",\"url\":\"https:\\\/\\\/greencottage.be\\\/en\\\/\",\"name\":\"Green Cottage\",\"description\":\"Salle de r\u00e9union \\\/ S\u00e9minaire au vert \u00e0 proximit\u00e9 de Bruxelles\",\"publisher\":{\"@id\":\"https:\\\/\\\/greencottage.be\\\/en\\\/#organization\"},\"potentialAction\":[{\"@type\":\"SearchAction\",\"target\":{\"@type\":\"EntryPoint\",\"urlTemplate\":\"https:\\\/\\\/greencottage.be\\\/en\\\/?s={search_term_string}\"},\"query-input\":{\"@type\":\"PropertyValueSpecification\",\"valueRequired\":true,\"valueName\":\"search_term_string\"}}],\"inLanguage\":\"en-GB\"},{\"@type\":\"Organization\",\"@id\":\"https:\\\/\\\/greencottage.be\\\/en\\\/#organization\",\"name\":\"Green Cottage\",\"url\":\"https:\\\/\\\/greencottage.be\\\/en\\\/\",\"logo\":{\"@type\":\"ImageObject\",\"inLanguage\":\"en-GB\",\"@id\":\"https:\\\/\\\/greencottage.be\\\/en\\\/#\\\/schema\\\/logo\\\/image\\\/\",\"url\":\"https:\\\/\\\/greencottage.be\\\/wp-content\\\/uploads\\\/2023\\\/11\\\/cropped-Greencottage_logo-01.png\",\"contentUrl\":\"https:\\\/\\\/greencottage.be\\\/wp-content\\\/uploads\\\/2023\\\/11\\\/cropped-Greencottage_logo-01.png\",\"width\":400,\"height\":302,\"caption\":\"Green Cottage\"},\"image\":{\"@id\":\"https:\\\/\\\/greencottage.be\\\/en\\\/#\\\/schema\\\/logo\\\/image\\\/\"},\"sameAs\":[\"https:\\\/\\\/www.facebook.com\\\/www.greencottage.be\"]}]}<\/script>\n<!-- \/ Yoast SEO plugin. -->","yoast_head_json":{"title":"Elegance at the King Baudouin Stadium for Your Professional Events!","robots":{"index":"index","follow":"follow","max-snippet":"max-snippet:-1","max-image-preview":"max-image-preview:large","max-video-preview":"max-video-preview:-1"},"canonical":"https:\/\/greencottage.be\/en\/elegance-at-the-king-baudouin-stadium-for-your-professional-events\/","og_locale":"en_GB","og_type":"article","og_title":"Elegance at the King Baudouin Stadium for Your Professional Events!","og_description":"Discover the prestige of the King Baudouin Stadium: Unique Prestige: Mythical place steeped in historyFlexible Capacities: From 50 to 200 people.Central Location: Easy access to the heart of Brussels. Book for exceptional professional events! Green Cottage &#8220;BUDGET&#8221; I would like to have more information on the possibility of organizing a seminar at the &#8220;King Baudouin [&hellip;]","og_url":"https:\/\/greencottage.be\/en\/elegance-at-the-king-baudouin-stadium-for-your-professional-events\/","og_site_name":"Green Cottage","article_publisher":"https:\/\/www.facebook.com\/www.greencottage.be","article_modified_time":"2024-03-11T13:47:15+00:00","og_image":[{"width":1024,"height":577,"url":"https:\/\/greencottage.be\/wp-content\/uploads\/2023\/11\/Piste-terminee-1024x577.png","type":"image\/png"}],"twitter_card":"summary_large_image","twitter_misc":{"Estimated reading time":"2 minutes"},"schema":{"@context":"https:\/\/schema.org","@graph":[{"@type":"WebPage","@id":"https:\/\/greencottage.be\/en\/elegance-at-the-king-baudouin-stadium-for-your-professional-events\/","url":"https:\/\/greencottage.be\/en\/elegance-at-the-king-baudouin-stadium-for-your-professional-events\/","name":"Elegance at the King Baudouin Stadium for Your Professional Events!","isPartOf":{"@id":"https:\/\/greencottage.be\/en\/#website"},"primaryImageOfPage":{"@id":"https:\/\/greencottage.be\/en\/elegance-at-the-king-baudouin-stadium-for-your-professional-events\/#primaryimage"},"image":{"@id":"https:\/\/greencottage.be\/en\/elegance-at-the-king-baudouin-stadium-for-your-professional-events\/#primaryimage"},"thumbnailUrl":"https:\/\/greencottage.be\/wp-content\/uploads\/2023\/11\/Piste-terminee.png","datePublished":"2023-12-20T10:35:33+00:00","dateModified":"2024-03-11T13:47:15+00:00","breadcrumb":{"@id":"https:\/\/greencottage.be\/en\/elegance-at-the-king-baudouin-stadium-for-your-professional-events\/#breadcrumb"},"inLanguage":"en-GB","potentialAction":[{"@type":"ReadAction","target":["https:\/\/greencottage.be\/en\/elegance-at-the-king-baudouin-stadium-for-your-professional-events\/"]}]},{"@type":"ImageObject","inLanguage":"en-GB","@id":"https:\/\/greencottage.be\/en\/elegance-at-the-king-baudouin-stadium-for-your-professional-events\/#primaryimage","url":"https:\/\/greencottage.be\/wp-content\/uploads\/2023\/11\/Piste-terminee.png","contentUrl":"https:\/\/greencottage.be\/wp-content\/uploads\/2023\/11\/Piste-terminee.png","width":4000,"height":2252,"caption":"Stade s\u00e9minaire"},{"@type":"BreadcrumbList","@id":"https:\/\/greencottage.be\/en\/elegance-at-the-king-baudouin-stadium-for-your-professional-events\/#breadcrumb","itemListElement":[{"@type":"ListItem","position":1,"name":"Accueil","item":"https:\/\/greencottage.be\/en\/"},{"@type":"ListItem","position":2,"name":"Elegance at the King Baudouin Stadium for Your Professional Events!"}]},{"@type":"WebSite","@id":"https:\/\/greencottage.be\/en\/#website","url":"https:\/\/greencottage.be\/en\/","name":"Green Cottage","description":"Salle de r\u00e9union \/ S\u00e9minaire au vert \u00e0 proximit\u00e9 de Bruxelles","publisher":{"@id":"https:\/\/greencottage.be\/en\/#organization"},"potentialAction":[{"@type":"SearchAction","target":{"@type":"EntryPoint","urlTemplate":"https:\/\/greencottage.be\/en\/?s={search_term_string}"},"query-input":{"@type":"PropertyValueSpecification","valueRequired":true,"valueName":"search_term_string"}}],"inLanguage":"en-GB"},{"@type":"Organization","@id":"https:\/\/greencottage.be\/en\/#organization","name":"Green Cottage","url":"https:\/\/greencottage.be\/en\/","logo":{"@type":"ImageObject","inLanguage":"en-GB","@id":"https:\/\/greencottage.be\/en\/#\/schema\/logo\/image\/","url":"https:\/\/greencottage.be\/wp-content\/uploads\/2023\/11\/cropped-Greencottage_logo-01.png","contentUrl":"https:\/\/greencottage.be\/wp-content\/uploads\/2023\/11\/cropped-Greencottage_logo-01.png","width":400,"height":302,"caption":"Green Cottage"},"image":{"@id":"https:\/\/greencottage.be\/en\/#\/schema\/logo\/image\/"},"sameAs":["https:\/\/www.facebook.com\/www.greencottage.be"]}]}},"_links":{"self":[{"href":"https:\/\/greencottage.be\/en\/wp-json\/wp\/v2\/pages\/6679","targetHints":{"allow":["GET"]}}],"collection":[{"href":"https:\/\/greencottage.be\/en\/wp-json\/wp\/v2\/pages"}],"about":[{"href":"https:\/\/greencottage.be\/en\/wp-json\/wp\/v2\/types\/page"}],"author":[{"embeddable":true,"href":"https:\/\/greencottage.be\/en\/wp-json\/wp\/v2\/users\/6"}],"replies":[{"embeddable":true,"href":"https:\/\/greencottage.be\/en\/wp-json\/wp\/v2\/comments?post=6679"}],"version-history":[{"count":1,"href":"https:\/\/greencottage.be\/en\/wp-json\/wp\/v2\/pages\/6679\/revisions"}],"predecessor-version":[{"id":6680,"href":"https:\/\/greencottage.be\/en\/wp-json\/wp\/v2\/pages\/6679\/revisions\/6680"}],"wp:featuredmedia":[{"embeddable":true,"href":"https:\/\/greencottage.be\/en\/wp-json\/wp\/v2\/media\/6519"}],"wp:attachment":[{"href":"https:\/\/greencottage.be\/en\/wp-json\/wp\/v2\/media?parent=6679"}],"curies":[{"name":"wp","href":"https:\/\/api.w.org\/{rel}","templated":true}]}}