{"id":6528,"date":"2023-10-31T12:04:36","date_gmt":"2023-10-31T11:04:36","guid":{"rendered":"https:\/\/greencottage.be\/seminar-room-with-accomodation-in-the-green-near-brussels-2\/"},"modified":"2025-09-29T15:06:45","modified_gmt":"2025-09-29T13:06:45","slug":"seminar-room-with-accomodation-in-the-green-near-brussels-2","status":"publish","type":"page","link":"https:\/\/greencottage.be\/en\/","title":{"rendered":"SEMINAR Room with ACCOMODATION in the GREEN, near BRUSSELS"},"content":{"rendered":"\n<div class=\"wp-block-cover is-light\"><span aria-hidden=\"true\" class=\"wp-block-cover__background has-background-dim-100 has-background-dim\" style=\"background-color:#f7f6f7\"><\/span><div class=\"wp-block-cover__inner-container is-layout-flow wp-block-cover-is-layout-flow\">\n<div style=\"height:100px\" aria-hidden=\"true\" class=\"wp-block-spacer\"><\/div>\n\n\n\n<div class=\"wp-block-columns are-vertically-aligned-center wrap is-layout-flex wp-container-core-columns-is-layout-9d6595d7 wp-block-columns-is-layout-flex\">\n<div class=\"wp-block-column is-vertically-aligned-center is-layout-flow wp-block-column-is-layout-flow\">\n<h3 class=\"wp-block-heading has-medium-font-size\" style=\"font-style:normal;font-weight:300\">CLOSE TO NATURE AND YET CLOSE TO ALL AMENITIES<\/h3>\n\n\n\n<p>20 minutes from <strong>Brussels Airport<\/strong> (Zaventem)<br\/>10 minutes from Brussels <strong>Ring<\/strong> (exit Wemmel \u2013 Merchtem)<br\/>Near from Zellik, Diegem, Asse, Grand-Bigard, Aalst, Gent, Anvers<br\/>10 minutes from <strong>Brussels Expo<\/strong> (Heysel)<br\/>10 minutes from <strong>Royal Greenhouses of Laeken<\/strong><br\/>10 minutes from the <strong>Atomium<\/strong><br\/>15 km from <strong>Grand-Place<\/strong> of Brussels<br\/>10 minutes walk from Mollem train <strong>Station<\/strong><br\/>15 minutes by train to Brussels <strong>Central Station<\/strong>.<\/p>\n\n\n\n<p class=\"button arrow-right linkBookingMap\"><a href=\"https:\/\/greencottage.be\/en\/contactez-le-green-cottage\/\">Request a quote<\/a><\/p>\n<\/div>\n\n\n\n<div class=\"wp-block-column is-vertically-aligned-center is-layout-flow wp-block-column-is-layout-flow\">\n<figure class=\"wp-block-image size-full\"><img loading=\"lazy\" decoding=\"async\" width=\"697\" height=\"811\" src=\"https:\/\/greencottage.be\/wp-content\/uploads\/2019\/06\/Green-Cottage-near-Brussels-Antwerp-Gent-Asse-Diegem-Brussels-international-airport-train-station-Brussels-expo-Heysel-Zellik-Asse-Groot-bijgaarden.png\" alt=\"\" class=\"wp-image-5357\" srcset=\"https:\/\/greencottage.be\/wp-content\/uploads\/2019\/06\/Green-Cottage-near-Brussels-Antwerp-Gent-Asse-Diegem-Brussels-international-airport-train-station-Brussels-expo-Heysel-Zellik-Asse-Groot-bijgaarden.png 697w, https:\/\/greencottage.be\/wp-content\/uploads\/2019\/06\/Green-Cottage-near-Brussels-Antwerp-Gent-Asse-Diegem-Brussels-international-airport-train-station-Brussels-expo-Heysel-Zellik-Asse-Groot-bijgaarden-516x600.png 516w, https:\/\/greencottage.be\/wp-content\/uploads\/2019\/06\/Green-Cottage-near-Brussels-Antwerp-Gent-Asse-Diegem-Brussels-international-airport-train-station-Brussels-expo-Heysel-Zellik-Asse-Groot-bijgaarden-258x300.png 258w\" sizes=\"auto, (max-width: 697px) 100vw, 697px\" \/><\/figure>\n<\/div>\n<\/div>\n\n\n\n<div style=\"height:100px\" aria-hidden=\"true\" class=\"wp-block-spacer\"><\/div>\n<\/div><\/div>\n","protected":false},"excerpt":{"rendered":"","protected":false},"author":6,"featured_media":0,"parent":0,"menu_order":0,"comment_status":"closed","ping_status":"closed","template":"template-home.php","meta":{"_genesis_hide_title":false,"_genesis_hide_breadcrumbs":false,"_genesis_hide_singular_image":false,"_genesis_hide_footer_widgets":false,"_genesis_custom_body_class":"","_genesis_custom_post_class":"","_genesis_layout":"","footnotes":""},"class_list":{"0":"post-6528","1":"page","2":"type-page","3":"status-publish","5":"entry"},"yoast_head":"<!-- This site is optimized with the Yoast SEO plugin v27.4 - https:\/\/yoast.com\/product\/yoast-seo-wordpress\/ -->\n<title>Green Cottage - MEETING &amp; SEMINAR room near BRUSSELS<\/title>\n<meta name=\"description\" content=\"Organize your meetings or residential seminar in the unique, natural setting of Green Cottage. We also offer original team building activities to strengthen your company&#039;s team spirit.\" \/>\n<meta name=\"robots\" content=\"index, follow, max-snippet:-1, max-image-preview:large, max-video-preview:-1\" \/>\n<link rel=\"canonical\" href=\"https:\/\/greencottage.be\/en\/\" \/>\n<meta property=\"og:locale\" content=\"en_GB\" \/>\n<meta property=\"og:type\" content=\"article\" \/>\n<meta property=\"og:title\" content=\"Green Cottage - MEETING &amp; SEMINAR room near BRUSSELS\" \/>\n<meta property=\"og:description\" content=\"Organize your meetings or residential seminar in the unique, natural setting of Green Cottage. We also offer original team building activities to strengthen your company&#039;s team spirit.\" \/>\n<meta property=\"og:url\" content=\"https:\/\/greencottage.be\/en\/\" \/>\n<meta property=\"og:site_name\" content=\"Green Cottage\" \/>\n<meta property=\"article:publisher\" content=\"https:\/\/www.facebook.com\/www.greencottage.be\" \/>\n<meta property=\"article:modified_time\" content=\"2025-09-29T13:06:45+00:00\" \/>\n<meta property=\"og:image\" content=\"https:\/\/greencottage.be\/wp-content\/uploads\/2019\/06\/Green-Cottage-near-Brussels-Antwerp-Gent-Asse-Diegem-Brussels-international-airport-train-station-Brussels-expo-Heysel-Zellik-Asse-Groot-bijgaarden.png\" \/>\n\t<meta property=\"og:image:width\" content=\"697\" \/>\n\t<meta property=\"og:image:height\" content=\"811\" \/>\n\t<meta property=\"og:image:type\" content=\"image\/png\" \/>\n<meta name=\"twitter:card\" content=\"summary_large_image\" \/>\n<meta name=\"twitter:label1\" content=\"Estimated reading time\" \/>\n\t<meta name=\"twitter:data1\" content=\"1 minute\" \/>\n<script type=\"application\/ld+json\" class=\"yoast-schema-graph\">{\"@context\":\"https:\\\/\\\/schema.org\",\"@graph\":[{\"@type\":\"WebPage\",\"@id\":\"https:\\\/\\\/greencottage.be\\\/en\\\/\",\"url\":\"https:\\\/\\\/greencottage.be\\\/en\\\/\",\"name\":\"Green Cottage - MEETING & SEMINAR room near BRUSSELS\",\"isPartOf\":{\"@id\":\"https:\\\/\\\/greencottage.be\\\/en\\\/#website\"},\"primaryImageOfPage\":{\"@id\":\"https:\\\/\\\/greencottage.be\\\/en\\\/#primaryimage\"},\"image\":{\"@id\":\"https:\\\/\\\/greencottage.be\\\/en\\\/#primaryimage\"},\"thumbnailUrl\":\"https:\\\/\\\/greencottage.be\\\/wp-content\\\/uploads\\\/2019\\\/06\\\/Green-Cottage-near-Brussels-Antwerp-Gent-Asse-Diegem-Brussels-international-airport-train-station-Brussels-expo-Heysel-Zellik-Asse-Groot-bijgaarden.png\",\"datePublished\":\"2023-10-31T11:04:36+00:00\",\"dateModified\":\"2025-09-29T13:06:45+00:00\",\"description\":\"Organize your meetings or residential seminar in the unique, natural setting of Green Cottage. We also offer original team building activities to strengthen your company's team spirit.\",\"breadcrumb\":{\"@id\":\"https:\\\/\\\/greencottage.be\\\/en\\\/#breadcrumb\"},\"inLanguage\":\"en-GB\",\"potentialAction\":[{\"@type\":\"ReadAction\",\"target\":[\"https:\\\/\\\/greencottage.be\\\/en\\\/\"]}]},{\"@type\":\"ImageObject\",\"inLanguage\":\"en-GB\",\"@id\":\"https:\\\/\\\/greencottage.be\\\/en\\\/#primaryimage\",\"url\":\"https:\\\/\\\/greencottage.be\\\/wp-content\\\/uploads\\\/2019\\\/06\\\/Green-Cottage-near-Brussels-Antwerp-Gent-Asse-Diegem-Brussels-international-airport-train-station-Brussels-expo-Heysel-Zellik-Asse-Groot-bijgaarden.png\",\"contentUrl\":\"https:\\\/\\\/greencottage.be\\\/wp-content\\\/uploads\\\/2019\\\/06\\\/Green-Cottage-near-Brussels-Antwerp-Gent-Asse-Diegem-Brussels-international-airport-train-station-Brussels-expo-Heysel-Zellik-Asse-Groot-bijgaarden.png\"},{\"@type\":\"BreadcrumbList\",\"@id\":\"https:\\\/\\\/greencottage.be\\\/en\\\/#breadcrumb\",\"itemListElement\":[{\"@type\":\"ListItem\",\"position\":1,\"name\":\"Accueil\",\"item\":\"https:\\\/\\\/greencottage.be\\\/en\\\/\"},{\"@type\":\"ListItem\",\"position\":2,\"name\":\"SEMINAR Room with ACCOMODATION in the GREEN, near BRUSSELS\"}]},{\"@type\":\"WebSite\",\"@id\":\"https:\\\/\\\/greencottage.be\\\/en\\\/#website\",\"url\":\"https:\\\/\\\/greencottage.be\\\/en\\\/\",\"name\":\"Green Cottage\",\"description\":\"Salle de r\u00e9union \\\/ S\u00e9minaire au vert \u00e0 proximit\u00e9 de Bruxelles\",\"publisher\":{\"@id\":\"https:\\\/\\\/greencottage.be\\\/en\\\/#organization\"},\"potentialAction\":[{\"@type\":\"SearchAction\",\"target\":{\"@type\":\"EntryPoint\",\"urlTemplate\":\"https:\\\/\\\/greencottage.be\\\/en\\\/?s={search_term_string}\"},\"query-input\":{\"@type\":\"PropertyValueSpecification\",\"valueRequired\":true,\"valueName\":\"search_term_string\"}}],\"inLanguage\":\"en-GB\"},{\"@type\":\"Organization\",\"@id\":\"https:\\\/\\\/greencottage.be\\\/en\\\/#organization\",\"name\":\"Green Cottage\",\"url\":\"https:\\\/\\\/greencottage.be\\\/en\\\/\",\"logo\":{\"@type\":\"ImageObject\",\"inLanguage\":\"en-GB\",\"@id\":\"https:\\\/\\\/greencottage.be\\\/en\\\/#\\\/schema\\\/logo\\\/image\\\/\",\"url\":\"https:\\\/\\\/greencottage.be\\\/wp-content\\\/uploads\\\/2023\\\/11\\\/cropped-Greencottage_logo-01.png\",\"contentUrl\":\"https:\\\/\\\/greencottage.be\\\/wp-content\\\/uploads\\\/2023\\\/11\\\/cropped-Greencottage_logo-01.png\",\"width\":400,\"height\":302,\"caption\":\"Green Cottage\"},\"image\":{\"@id\":\"https:\\\/\\\/greencottage.be\\\/en\\\/#\\\/schema\\\/logo\\\/image\\\/\"},\"sameAs\":[\"https:\\\/\\\/www.facebook.com\\\/www.greencottage.be\"]}]}<\/script>\n<!-- \/ Yoast SEO plugin. -->","yoast_head_json":{"title":"Green Cottage - MEETING & SEMINAR room near BRUSSELS","description":"Organize your meetings or residential seminar in the unique, natural setting of Green Cottage. We also offer original team building activities to strengthen your company's team spirit.","robots":{"index":"index","follow":"follow","max-snippet":"max-snippet:-1","max-image-preview":"max-image-preview:large","max-video-preview":"max-video-preview:-1"},"canonical":"https:\/\/greencottage.be\/en\/","og_locale":"en_GB","og_type":"article","og_title":"Green Cottage - MEETING & SEMINAR room near BRUSSELS","og_description":"Organize your meetings or residential seminar in the unique, natural setting of Green Cottage. We also offer original team building activities to strengthen your company's team spirit.","og_url":"https:\/\/greencottage.be\/en\/","og_site_name":"Green Cottage","article_publisher":"https:\/\/www.facebook.com\/www.greencottage.be","article_modified_time":"2025-09-29T13:06:45+00:00","og_image":[{"width":697,"height":811,"url":"https:\/\/greencottage.be\/wp-content\/uploads\/2019\/06\/Green-Cottage-near-Brussels-Antwerp-Gent-Asse-Diegem-Brussels-international-airport-train-station-Brussels-expo-Heysel-Zellik-Asse-Groot-bijgaarden.png","type":"image\/png"}],"twitter_card":"summary_large_image","twitter_misc":{"Estimated reading time":"1 minute"},"schema":{"@context":"https:\/\/schema.org","@graph":[{"@type":"WebPage","@id":"https:\/\/greencottage.be\/en\/","url":"https:\/\/greencottage.be\/en\/","name":"Green Cottage - MEETING & SEMINAR room near BRUSSELS","isPartOf":{"@id":"https:\/\/greencottage.be\/en\/#website"},"primaryImageOfPage":{"@id":"https:\/\/greencottage.be\/en\/#primaryimage"},"image":{"@id":"https:\/\/greencottage.be\/en\/#primaryimage"},"thumbnailUrl":"https:\/\/greencottage.be\/wp-content\/uploads\/2019\/06\/Green-Cottage-near-Brussels-Antwerp-Gent-Asse-Diegem-Brussels-international-airport-train-station-Brussels-expo-Heysel-Zellik-Asse-Groot-bijgaarden.png","datePublished":"2023-10-31T11:04:36+00:00","dateModified":"2025-09-29T13:06:45+00:00","description":"Organize your meetings or residential seminar in the unique, natural setting of Green Cottage. We also offer original team building activities to strengthen your company's team spirit.","breadcrumb":{"@id":"https:\/\/greencottage.be\/en\/#breadcrumb"},"inLanguage":"en-GB","potentialAction":[{"@type":"ReadAction","target":["https:\/\/greencottage.be\/en\/"]}]},{"@type":"ImageObject","inLanguage":"en-GB","@id":"https:\/\/greencottage.be\/en\/#primaryimage","url":"https:\/\/greencottage.be\/wp-content\/uploads\/2019\/06\/Green-Cottage-near-Brussels-Antwerp-Gent-Asse-Diegem-Brussels-international-airport-train-station-Brussels-expo-Heysel-Zellik-Asse-Groot-bijgaarden.png","contentUrl":"https:\/\/greencottage.be\/wp-content\/uploads\/2019\/06\/Green-Cottage-near-Brussels-Antwerp-Gent-Asse-Diegem-Brussels-international-airport-train-station-Brussels-expo-Heysel-Zellik-Asse-Groot-bijgaarden.png"},{"@type":"BreadcrumbList","@id":"https:\/\/greencottage.be\/en\/#breadcrumb","itemListElement":[{"@type":"ListItem","position":1,"name":"Accueil","item":"https:\/\/greencottage.be\/en\/"},{"@type":"ListItem","position":2,"name":"SEMINAR Room with ACCOMODATION in the GREEN, near BRUSSELS"}]},{"@type":"WebSite","@id":"https:\/\/greencottage.be\/en\/#website","url":"https:\/\/greencottage.be\/en\/","name":"Green Cottage","description":"Salle de r\u00e9union \/ S\u00e9minaire au vert \u00e0 proximit\u00e9 de Bruxelles","publisher":{"@id":"https:\/\/greencottage.be\/en\/#organization"},"potentialAction":[{"@type":"SearchAction","target":{"@type":"EntryPoint","urlTemplate":"https:\/\/greencottage.be\/en\/?s={search_term_string}"},"query-input":{"@type":"PropertyValueSpecification","valueRequired":true,"valueName":"search_term_string"}}],"inLanguage":"en-GB"},{"@type":"Organization","@id":"https:\/\/greencottage.be\/en\/#organization","name":"Green Cottage","url":"https:\/\/greencottage.be\/en\/","logo":{"@type":"ImageObject","inLanguage":"en-GB","@id":"https:\/\/greencottage.be\/en\/#\/schema\/logo\/image\/","url":"https:\/\/greencottage.be\/wp-content\/uploads\/2023\/11\/cropped-Greencottage_logo-01.png","contentUrl":"https:\/\/greencottage.be\/wp-content\/uploads\/2023\/11\/cropped-Greencottage_logo-01.png","width":400,"height":302,"caption":"Green Cottage"},"image":{"@id":"https:\/\/greencottage.be\/en\/#\/schema\/logo\/image\/"},"sameAs":["https:\/\/www.facebook.com\/www.greencottage.be"]}]}},"_links":{"self":[{"href":"https:\/\/greencottage.be\/en\/wp-json\/wp\/v2\/pages\/6528","targetHints":{"allow":["GET"]}}],"collection":[{"href":"https:\/\/greencottage.be\/en\/wp-json\/wp\/v2\/pages"}],"about":[{"href":"https:\/\/greencottage.be\/en\/wp-json\/wp\/v2\/types\/page"}],"author":[{"embeddable":true,"href":"https:\/\/greencottage.be\/en\/wp-json\/wp\/v2\/users\/6"}],"replies":[{"embeddable":true,"href":"https:\/\/greencottage.be\/en\/wp-json\/wp\/v2\/comments?post=6528"}],"version-history":[{"count":5,"href":"https:\/\/greencottage.be\/en\/wp-json\/wp\/v2\/pages\/6528\/revisions"}],"predecessor-version":[{"id":7597,"href":"https:\/\/greencottage.be\/en\/wp-json\/wp\/v2\/pages\/6528\/revisions\/7597"}],"wp:attachment":[{"href":"https:\/\/greencottage.be\/en\/wp-json\/wp\/v2\/media?parent=6528"}],"curies":[{"name":"wp","href":"https:\/\/api.w.org\/{rel}","templated":true}]}}