{"id":5981,"date":"2020-06-22T10:19:19","date_gmt":"2020-06-22T08:19:19","guid":{"rendered":"https:\/\/greencottage.be\/team-building-in-the-green-brussels\/unusual-teambuilding-carriage-ride\/"},"modified":"2023-02-27T11:36:47","modified_gmt":"2023-02-27T10:36:47","slug":"unusual-teambuilding-carriage-ride","status":"publish","type":"page","link":"https:\/\/greencottage.be\/en\/team-building-in-the-green-brussels\/unusual-teambuilding-carriage-ride\/","title":{"rendered":"Unusual teambuilding: Carriage ride"},"content":{"rendered":"\n<blockquote class=\"wp-block-quote is-layout-flow wp-block-quote-is-layout-flow\"><p>Digital detox \u2013 fun \u2013 relaxation \u2013 discovery \u2013 outdoors<\/p><\/blockquote>\n\n<p>Enjoy a moment of relaxation and friendship during an idyllic jaunt that will bond<br\/>your team. You&#8217;ll head off across the Flemish countryside to discover<br\/>the region&#8217;s charms and delight in time together as a team.<\/p>\n\n<figure class=\"wp-block-image size-large\"><img decoding=\"async\" src=\"https:\/\/greencottage.be\/wp-content\/uploads\/2020\/06\/Teambuilding_digitalde&#x301;tox_excursion-en-Cale&#x300;che.jpg\" alt=\"\" class=\"wp-image-2345\"\/><\/figure>\n<div class=\"wp-block-buttons is-layout-flex wp-block-buttons-is-layout-flex\"><\/div>\n\n<p><\/p>\n","protected":false},"excerpt":{"rendered":"<p>Digital detox \u2013 fun \u2013 relaxation \u2013 discovery \u2013 outdoors Enjoy a moment of relaxation and friendship during an idyllic jaunt that will bondyour team. You&#8217;ll head off across the Flemish countryside to discoverthe region&#8217;s charms and delight in time together as a team.<\/p>\n","protected":false},"author":1,"featured_media":5371,"parent":992,"menu_order":0,"comment_status":"closed","ping_status":"closed","template":"","meta":{"_genesis_hide_title":false,"_genesis_hide_breadcrumbs":false,"_genesis_hide_singular_image":false,"_genesis_hide_footer_widgets":false,"_genesis_custom_body_class":"","_genesis_custom_post_class":"","_genesis_layout":"","footnotes":""},"class_list":{"0":"post-5981","1":"page","2":"type-page","3":"status-publish","4":"has-post-thumbnail","6":"entry"},"yoast_head":"<!-- This site is optimized with the Yoast SEO plugin v27.4 - https:\/\/yoast.com\/product\/yoast-seo-wordpress\/ -->\n<title>Out-of-the-ordinary teambuilding: horse-drawn carriage ride !<\/title>\n<meta name=\"description\" content=\"An unusual team building for your teams? Out-of-the-ordinary team building: horse-drawn carriage ride The Green Cottage team building formula\" \/>\n<meta name=\"robots\" content=\"index, follow, max-snippet:-1, max-image-preview:large, max-video-preview:-1\" \/>\n<link rel=\"canonical\" href=\"https:\/\/greencottage.be\/en\/team-building-in-the-green-brussels\/unusual-teambuilding-carriage-ride\/\" \/>\n<meta property=\"og:locale\" content=\"en_GB\" \/>\n<meta property=\"og:type\" content=\"article\" \/>\n<meta property=\"og:title\" content=\"Out-of-the-ordinary teambuilding: horse-drawn carriage ride !\" \/>\n<meta property=\"og:description\" content=\"An unusual team building for your teams? Out-of-the-ordinary team building: horse-drawn carriage ride The Green Cottage team building formula\" \/>\n<meta property=\"og:url\" content=\"https:\/\/greencottage.be\/en\/team-building-in-the-green-brussels\/unusual-teambuilding-carriage-ride\/\" \/>\n<meta property=\"og:site_name\" content=\"Green Cottage\" \/>\n<meta property=\"article:publisher\" content=\"https:\/\/www.facebook.com\/www.greencottage.be\" \/>\n<meta property=\"article:modified_time\" content=\"2023-02-27T10:36:47+00:00\" \/>\n<meta property=\"og:image\" content=\"https:\/\/greencottage.be\/wp-content\/uploads\/2020\/06\/Teambuilding_digital-de\u0301tox_tour-en-cale\u0300che-scaled.jpg\" \/>\n\t<meta property=\"og:image:width\" content=\"2560\" \/>\n\t<meta property=\"og:image:height\" content=\"1707\" \/>\n\t<meta property=\"og:image:type\" content=\"image\/jpeg\" \/>\n<meta name=\"twitter:card\" content=\"summary_large_image\" \/>\n<script type=\"application\/ld+json\" class=\"yoast-schema-graph\">{\"@context\":\"https:\\\/\\\/schema.org\",\"@graph\":[{\"@type\":\"WebPage\",\"@id\":\"https:\\\/\\\/greencottage.be\\\/en\\\/team-building-in-the-green-brussels\\\/unusual-teambuilding-carriage-ride\\\/\",\"url\":\"https:\\\/\\\/greencottage.be\\\/en\\\/team-building-in-the-green-brussels\\\/unusual-teambuilding-carriage-ride\\\/\",\"name\":\"Out-of-the-ordinary teambuilding: horse-drawn carriage ride !\",\"isPartOf\":{\"@id\":\"https:\\\/\\\/greencottage.be\\\/en\\\/#website\"},\"primaryImageOfPage\":{\"@id\":\"https:\\\/\\\/greencottage.be\\\/en\\\/team-building-in-the-green-brussels\\\/unusual-teambuilding-carriage-ride\\\/#primaryimage\"},\"image\":{\"@id\":\"https:\\\/\\\/greencottage.be\\\/en\\\/team-building-in-the-green-brussels\\\/unusual-teambuilding-carriage-ride\\\/#primaryimage\"},\"thumbnailUrl\":\"https:\\\/\\\/greencottage.be\\\/wp-content\\\/uploads\\\/2020\\\/06\\\/Teambuilding_digital-de\u0301tox_tour-en-cale\u0300che-scaled.jpg\",\"datePublished\":\"2020-06-22T08:19:19+00:00\",\"dateModified\":\"2023-02-27T10:36:47+00:00\",\"description\":\"An unusual team building for your teams? Out-of-the-ordinary team building: horse-drawn carriage ride The Green Cottage team building formula\",\"breadcrumb\":{\"@id\":\"https:\\\/\\\/greencottage.be\\\/en\\\/team-building-in-the-green-brussels\\\/unusual-teambuilding-carriage-ride\\\/#breadcrumb\"},\"inLanguage\":\"en-GB\",\"potentialAction\":[{\"@type\":\"ReadAction\",\"target\":[\"https:\\\/\\\/greencottage.be\\\/en\\\/team-building-in-the-green-brussels\\\/unusual-teambuilding-carriage-ride\\\/\"]}]},{\"@type\":\"ImageObject\",\"inLanguage\":\"en-GB\",\"@id\":\"https:\\\/\\\/greencottage.be\\\/en\\\/team-building-in-the-green-brussels\\\/unusual-teambuilding-carriage-ride\\\/#primaryimage\",\"url\":\"https:\\\/\\\/greencottage.be\\\/wp-content\\\/uploads\\\/2020\\\/06\\\/Teambuilding_digital-de\u0301tox_tour-en-cale\u0300che-scaled.jpg\",\"contentUrl\":\"https:\\\/\\\/greencottage.be\\\/wp-content\\\/uploads\\\/2020\\\/06\\\/Teambuilding_digital-de\u0301tox_tour-en-cale\u0300che-scaled.jpg\",\"width\":2560,\"height\":1707,\"caption\":\"Teambuilding Digital D\u00e9tox Tour En Cal\u00e8che\"},{\"@type\":\"BreadcrumbList\",\"@id\":\"https:\\\/\\\/greencottage.be\\\/en\\\/team-building-in-the-green-brussels\\\/unusual-teambuilding-carriage-ride\\\/#breadcrumb\",\"itemListElement\":[{\"@type\":\"ListItem\",\"position\":1,\"name\":\"Accueil\",\"item\":\"https:\\\/\\\/greencottage.be\\\/en\\\/\"},{\"@type\":\"ListItem\",\"position\":2,\"name\":\"Team buildings in the green near Brussels\",\"item\":\"https:\\\/\\\/greencottage.be\\\/en\\\/team-building-in-the-green-brussels\\\/\"},{\"@type\":\"ListItem\",\"position\":3,\"name\":\"Unusual teambuilding: Carriage ride\"}]},{\"@type\":\"WebSite\",\"@id\":\"https:\\\/\\\/greencottage.be\\\/en\\\/#website\",\"url\":\"https:\\\/\\\/greencottage.be\\\/en\\\/\",\"name\":\"Green Cottage\",\"description\":\"Salle de r\u00e9union \\\/ S\u00e9minaire au vert \u00e0 proximit\u00e9 de Bruxelles\",\"publisher\":{\"@id\":\"https:\\\/\\\/greencottage.be\\\/en\\\/#organization\"},\"potentialAction\":[{\"@type\":\"SearchAction\",\"target\":{\"@type\":\"EntryPoint\",\"urlTemplate\":\"https:\\\/\\\/greencottage.be\\\/en\\\/?s={search_term_string}\"},\"query-input\":{\"@type\":\"PropertyValueSpecification\",\"valueRequired\":true,\"valueName\":\"search_term_string\"}}],\"inLanguage\":\"en-GB\"},{\"@type\":\"Organization\",\"@id\":\"https:\\\/\\\/greencottage.be\\\/en\\\/#organization\",\"name\":\"Green Cottage\",\"url\":\"https:\\\/\\\/greencottage.be\\\/en\\\/\",\"logo\":{\"@type\":\"ImageObject\",\"inLanguage\":\"en-GB\",\"@id\":\"https:\\\/\\\/greencottage.be\\\/en\\\/#\\\/schema\\\/logo\\\/image\\\/\",\"url\":\"https:\\\/\\\/greencottage.be\\\/wp-content\\\/uploads\\\/2023\\\/11\\\/cropped-Greencottage_logo-01.png\",\"contentUrl\":\"https:\\\/\\\/greencottage.be\\\/wp-content\\\/uploads\\\/2023\\\/11\\\/cropped-Greencottage_logo-01.png\",\"width\":400,\"height\":302,\"caption\":\"Green Cottage\"},\"image\":{\"@id\":\"https:\\\/\\\/greencottage.be\\\/en\\\/#\\\/schema\\\/logo\\\/image\\\/\"},\"sameAs\":[\"https:\\\/\\\/www.facebook.com\\\/www.greencottage.be\"]}]}<\/script>\n<!-- \/ Yoast SEO plugin. -->","yoast_head_json":{"title":"Out-of-the-ordinary teambuilding: horse-drawn carriage ride !","description":"An unusual team building for your teams? Out-of-the-ordinary team building: horse-drawn carriage ride The Green Cottage team building formula","robots":{"index":"index","follow":"follow","max-snippet":"max-snippet:-1","max-image-preview":"max-image-preview:large","max-video-preview":"max-video-preview:-1"},"canonical":"https:\/\/greencottage.be\/en\/team-building-in-the-green-brussels\/unusual-teambuilding-carriage-ride\/","og_locale":"en_GB","og_type":"article","og_title":"Out-of-the-ordinary teambuilding: horse-drawn carriage ride !","og_description":"An unusual team building for your teams? Out-of-the-ordinary team building: horse-drawn carriage ride The Green Cottage team building formula","og_url":"https:\/\/greencottage.be\/en\/team-building-in-the-green-brussels\/unusual-teambuilding-carriage-ride\/","og_site_name":"Green Cottage","article_publisher":"https:\/\/www.facebook.com\/www.greencottage.be","article_modified_time":"2023-02-27T10:36:47+00:00","og_image":[{"width":2560,"height":1707,"url":"https:\/\/greencottage.be\/wp-content\/uploads\/2020\/06\/Teambuilding_digital-de\u0301tox_tour-en-cale\u0300che-scaled.jpg","type":"image\/jpeg"}],"twitter_card":"summary_large_image","schema":{"@context":"https:\/\/schema.org","@graph":[{"@type":"WebPage","@id":"https:\/\/greencottage.be\/en\/team-building-in-the-green-brussels\/unusual-teambuilding-carriage-ride\/","url":"https:\/\/greencottage.be\/en\/team-building-in-the-green-brussels\/unusual-teambuilding-carriage-ride\/","name":"Out-of-the-ordinary teambuilding: horse-drawn carriage ride !","isPartOf":{"@id":"https:\/\/greencottage.be\/en\/#website"},"primaryImageOfPage":{"@id":"https:\/\/greencottage.be\/en\/team-building-in-the-green-brussels\/unusual-teambuilding-carriage-ride\/#primaryimage"},"image":{"@id":"https:\/\/greencottage.be\/en\/team-building-in-the-green-brussels\/unusual-teambuilding-carriage-ride\/#primaryimage"},"thumbnailUrl":"https:\/\/greencottage.be\/wp-content\/uploads\/2020\/06\/Teambuilding_digital-de\u0301tox_tour-en-cale\u0300che-scaled.jpg","datePublished":"2020-06-22T08:19:19+00:00","dateModified":"2023-02-27T10:36:47+00:00","description":"An unusual team building for your teams? Out-of-the-ordinary team building: horse-drawn carriage ride The Green Cottage team building formula","breadcrumb":{"@id":"https:\/\/greencottage.be\/en\/team-building-in-the-green-brussels\/unusual-teambuilding-carriage-ride\/#breadcrumb"},"inLanguage":"en-GB","potentialAction":[{"@type":"ReadAction","target":["https:\/\/greencottage.be\/en\/team-building-in-the-green-brussels\/unusual-teambuilding-carriage-ride\/"]}]},{"@type":"ImageObject","inLanguage":"en-GB","@id":"https:\/\/greencottage.be\/en\/team-building-in-the-green-brussels\/unusual-teambuilding-carriage-ride\/#primaryimage","url":"https:\/\/greencottage.be\/wp-content\/uploads\/2020\/06\/Teambuilding_digital-de\u0301tox_tour-en-cale\u0300che-scaled.jpg","contentUrl":"https:\/\/greencottage.be\/wp-content\/uploads\/2020\/06\/Teambuilding_digital-de\u0301tox_tour-en-cale\u0300che-scaled.jpg","width":2560,"height":1707,"caption":"Teambuilding Digital D\u00e9tox Tour En Cal\u00e8che"},{"@type":"BreadcrumbList","@id":"https:\/\/greencottage.be\/en\/team-building-in-the-green-brussels\/unusual-teambuilding-carriage-ride\/#breadcrumb","itemListElement":[{"@type":"ListItem","position":1,"name":"Accueil","item":"https:\/\/greencottage.be\/en\/"},{"@type":"ListItem","position":2,"name":"Team buildings in the green near Brussels","item":"https:\/\/greencottage.be\/en\/team-building-in-the-green-brussels\/"},{"@type":"ListItem","position":3,"name":"Unusual teambuilding: Carriage ride"}]},{"@type":"WebSite","@id":"https:\/\/greencottage.be\/en\/#website","url":"https:\/\/greencottage.be\/en\/","name":"Green Cottage","description":"Salle de r\u00e9union \/ S\u00e9minaire au vert \u00e0 proximit\u00e9 de Bruxelles","publisher":{"@id":"https:\/\/greencottage.be\/en\/#organization"},"potentialAction":[{"@type":"SearchAction","target":{"@type":"EntryPoint","urlTemplate":"https:\/\/greencottage.be\/en\/?s={search_term_string}"},"query-input":{"@type":"PropertyValueSpecification","valueRequired":true,"valueName":"search_term_string"}}],"inLanguage":"en-GB"},{"@type":"Organization","@id":"https:\/\/greencottage.be\/en\/#organization","name":"Green Cottage","url":"https:\/\/greencottage.be\/en\/","logo":{"@type":"ImageObject","inLanguage":"en-GB","@id":"https:\/\/greencottage.be\/en\/#\/schema\/logo\/image\/","url":"https:\/\/greencottage.be\/wp-content\/uploads\/2023\/11\/cropped-Greencottage_logo-01.png","contentUrl":"https:\/\/greencottage.be\/wp-content\/uploads\/2023\/11\/cropped-Greencottage_logo-01.png","width":400,"height":302,"caption":"Green Cottage"},"image":{"@id":"https:\/\/greencottage.be\/en\/#\/schema\/logo\/image\/"},"sameAs":["https:\/\/www.facebook.com\/www.greencottage.be"]}]}},"_links":{"self":[{"href":"https:\/\/greencottage.be\/en\/wp-json\/wp\/v2\/pages\/5981","targetHints":{"allow":["GET"]}}],"collection":[{"href":"https:\/\/greencottage.be\/en\/wp-json\/wp\/v2\/pages"}],"about":[{"href":"https:\/\/greencottage.be\/en\/wp-json\/wp\/v2\/types\/page"}],"author":[{"embeddable":true,"href":"https:\/\/greencottage.be\/en\/wp-json\/wp\/v2\/users\/1"}],"replies":[{"embeddable":true,"href":"https:\/\/greencottage.be\/en\/wp-json\/wp\/v2\/comments?post=5981"}],"version-history":[{"count":1,"href":"https:\/\/greencottage.be\/en\/wp-json\/wp\/v2\/pages\/5981\/revisions"}],"predecessor-version":[{"id":5982,"href":"https:\/\/greencottage.be\/en\/wp-json\/wp\/v2\/pages\/5981\/revisions\/5982"}],"up":[{"embeddable":true,"href":"https:\/\/greencottage.be\/en\/wp-json\/wp\/v2\/pages\/992"}],"wp:featuredmedia":[{"embeddable":true,"href":"https:\/\/greencottage.be\/en\/wp-json\/wp\/v2\/media\/5371"}],"wp:attachment":[{"href":"https:\/\/greencottage.be\/en\/wp-json\/wp\/v2\/media?parent=5981"}],"curies":[{"name":"wp","href":"https:\/\/api.w.org\/{rel}","templated":true}]}}