{"id":5977,"date":"2020-06-22T10:53:05","date_gmt":"2020-06-22T08:53:05","guid":{"rendered":"https:\/\/greencottage.be\/team-building-in-the-green-brussels\/out-of-the-ordinary-teambuilding-archery\/"},"modified":"2023-02-27T11:30:52","modified_gmt":"2023-02-27T10:30:52","slug":"out-of-the-ordinary-teambuilding-archery","status":"publish","type":"page","link":"https:\/\/greencottage.be\/en\/team-building-in-the-green-brussels\/out-of-the-ordinary-teambuilding-archery\/","title":{"rendered":"Out-of-the-ordinary teambuilding: archery"},"content":{"rendered":"\n<p>Digital detox \u2013 concentration \u2013 calmness \u2013 fun \u2013 outdoors (time: 1h)<\/p>\n\n<p>Initiate your teams in the ancestral art of archery! This discipline, deemed the ultimate precision sport, will make your staff muster up all their concentration and self-control. Skills that are definitely valuable in business!<\/p>\n\n<figure class=\"wp-block-image size-large\"><img loading=\"lazy\" decoding=\"async\" width=\"600\" height=\"600\" src=\"https:\/\/greencottage.be\/wp-content\/uploads\/2018\/03\/Archers.jpg\" alt=\"\" class=\"wp-image-790\" srcset=\"https:\/\/greencottage.be\/wp-content\/uploads\/2018\/03\/Archers.jpg 600w, https:\/\/greencottage.be\/wp-content\/uploads\/2018\/03\/Archers-330x330.jpg 330w, https:\/\/greencottage.be\/wp-content\/uploads\/2018\/03\/Archers-50x50.jpg 50w, https:\/\/greencottage.be\/wp-content\/uploads\/2018\/03\/Archers-300x300.jpg 300w\" sizes=\"auto, (max-width: 600px) 100vw, 600px\" \/><\/figure>","protected":false},"excerpt":{"rendered":"<p>Digital detox \u2013 concentration \u2013 calmness \u2013 fun \u2013 outdoors (time: 1h) Initiate your teams in the ancestral art of archery! This discipline, deemed the ultimate precision sport, will make your staff muster up all their concentration and self-control. Skills that are definitely valuable in business!<\/p>\n","protected":false},"author":1,"featured_media":5381,"parent":992,"menu_order":0,"comment_status":"closed","ping_status":"closed","template":"","meta":{"_genesis_hide_title":false,"_genesis_hide_breadcrumbs":false,"_genesis_hide_singular_image":false,"_genesis_hide_footer_widgets":false,"_genesis_custom_body_class":"","_genesis_custom_post_class":"","_genesis_layout":"","footnotes":""},"class_list":{"0":"post-5977","1":"page","2":"type-page","3":"status-publish","4":"has-post-thumbnail","6":"entry"},"yoast_head":"<!-- This site is optimized with the Yoast SEO plugin v27.4 - https:\/\/yoast.com\/product\/yoast-seo-wordpress\/ -->\n<title>Out-of-the-ordinary teambuilding: archery<\/title>\n<meta name=\"description\" content=\"An unusual team building for your teams? Develop self-control and accuracy with team archery safely! A few km from Brussels.\" \/>\n<meta name=\"robots\" content=\"index, follow, max-snippet:-1, max-image-preview:large, max-video-preview:-1\" \/>\n<link rel=\"canonical\" href=\"https:\/\/greencottage.be\/en\/team-building-in-the-green-brussels\/out-of-the-ordinary-teambuilding-archery\/\" \/>\n<meta property=\"og:locale\" content=\"en_GB\" \/>\n<meta property=\"og:type\" content=\"article\" \/>\n<meta property=\"og:title\" content=\"Out-of-the-ordinary teambuilding: archery\" \/>\n<meta property=\"og:description\" content=\"An unusual team building for your teams? Develop self-control and accuracy with team archery safely! A few km from Brussels.\" \/>\n<meta property=\"og:url\" content=\"https:\/\/greencottage.be\/en\/team-building-in-the-green-brussels\/out-of-the-ordinary-teambuilding-archery\/\" \/>\n<meta property=\"og:site_name\" content=\"Green Cottage\" \/>\n<meta property=\"article:publisher\" content=\"https:\/\/www.facebook.com\/www.greencottage.be\" \/>\n<meta property=\"article:modified_time\" content=\"2023-02-27T10:30:52+00:00\" \/>\n<meta property=\"og:image\" content=\"https:\/\/greencottage.be\/wp-content\/uploads\/2020\/06\/Teambuilding_concentration_tir\u00e0larc-scaled.jpg\" \/>\n\t<meta property=\"og:image:width\" content=\"2560\" \/>\n\t<meta property=\"og:image:height\" content=\"1707\" \/>\n\t<meta property=\"og:image:type\" content=\"image\/jpeg\" \/>\n<meta name=\"twitter:card\" content=\"summary_large_image\" \/>\n<script type=\"application\/ld+json\" class=\"yoast-schema-graph\">{\"@context\":\"https:\\\/\\\/schema.org\",\"@graph\":[{\"@type\":\"WebPage\",\"@id\":\"https:\\\/\\\/greencottage.be\\\/en\\\/team-building-in-the-green-brussels\\\/out-of-the-ordinary-teambuilding-archery\\\/\",\"url\":\"https:\\\/\\\/greencottage.be\\\/en\\\/team-building-in-the-green-brussels\\\/out-of-the-ordinary-teambuilding-archery\\\/\",\"name\":\"Out-of-the-ordinary teambuilding: archery\",\"isPartOf\":{\"@id\":\"https:\\\/\\\/greencottage.be\\\/en\\\/#website\"},\"primaryImageOfPage\":{\"@id\":\"https:\\\/\\\/greencottage.be\\\/en\\\/team-building-in-the-green-brussels\\\/out-of-the-ordinary-teambuilding-archery\\\/#primaryimage\"},\"image\":{\"@id\":\"https:\\\/\\\/greencottage.be\\\/en\\\/team-building-in-the-green-brussels\\\/out-of-the-ordinary-teambuilding-archery\\\/#primaryimage\"},\"thumbnailUrl\":\"https:\\\/\\\/greencottage.be\\\/wp-content\\\/uploads\\\/2020\\\/06\\\/Teambuilding_concentration_tir\u00e0larc-scaled.jpg\",\"datePublished\":\"2020-06-22T08:53:05+00:00\",\"dateModified\":\"2023-02-27T10:30:52+00:00\",\"description\":\"An unusual team building for your teams? Develop self-control and accuracy with team archery safely! A few km from Brussels.\",\"breadcrumb\":{\"@id\":\"https:\\\/\\\/greencottage.be\\\/en\\\/team-building-in-the-green-brussels\\\/out-of-the-ordinary-teambuilding-archery\\\/#breadcrumb\"},\"inLanguage\":\"en-GB\",\"potentialAction\":[{\"@type\":\"ReadAction\",\"target\":[\"https:\\\/\\\/greencottage.be\\\/en\\\/team-building-in-the-green-brussels\\\/out-of-the-ordinary-teambuilding-archery\\\/\"]}]},{\"@type\":\"ImageObject\",\"inLanguage\":\"en-GB\",\"@id\":\"https:\\\/\\\/greencottage.be\\\/en\\\/team-building-in-the-green-brussels\\\/out-of-the-ordinary-teambuilding-archery\\\/#primaryimage\",\"url\":\"https:\\\/\\\/greencottage.be\\\/wp-content\\\/uploads\\\/2020\\\/06\\\/Teambuilding_concentration_tir\u00e0larc-scaled.jpg\",\"contentUrl\":\"https:\\\/\\\/greencottage.be\\\/wp-content\\\/uploads\\\/2020\\\/06\\\/Teambuilding_concentration_tir\u00e0larc-scaled.jpg\",\"width\":2560,\"height\":1707,\"caption\":\"Teambuilding Concentration Tir\u00e0larc\"},{\"@type\":\"BreadcrumbList\",\"@id\":\"https:\\\/\\\/greencottage.be\\\/en\\\/team-building-in-the-green-brussels\\\/out-of-the-ordinary-teambuilding-archery\\\/#breadcrumb\",\"itemListElement\":[{\"@type\":\"ListItem\",\"position\":1,\"name\":\"Accueil\",\"item\":\"https:\\\/\\\/greencottage.be\\\/en\\\/\"},{\"@type\":\"ListItem\",\"position\":2,\"name\":\"Team buildings in the green near Brussels\",\"item\":\"https:\\\/\\\/greencottage.be\\\/en\\\/team-building-in-the-green-brussels\\\/\"},{\"@type\":\"ListItem\",\"position\":3,\"name\":\"Out-of-the-ordinary teambuilding: archery\"}]},{\"@type\":\"WebSite\",\"@id\":\"https:\\\/\\\/greencottage.be\\\/en\\\/#website\",\"url\":\"https:\\\/\\\/greencottage.be\\\/en\\\/\",\"name\":\"Green Cottage\",\"description\":\"Salle de r\u00e9union \\\/ S\u00e9minaire au vert \u00e0 proximit\u00e9 de Bruxelles\",\"publisher\":{\"@id\":\"https:\\\/\\\/greencottage.be\\\/en\\\/#organization\"},\"potentialAction\":[{\"@type\":\"SearchAction\",\"target\":{\"@type\":\"EntryPoint\",\"urlTemplate\":\"https:\\\/\\\/greencottage.be\\\/en\\\/?s={search_term_string}\"},\"query-input\":{\"@type\":\"PropertyValueSpecification\",\"valueRequired\":true,\"valueName\":\"search_term_string\"}}],\"inLanguage\":\"en-GB\"},{\"@type\":\"Organization\",\"@id\":\"https:\\\/\\\/greencottage.be\\\/en\\\/#organization\",\"name\":\"Green Cottage\",\"url\":\"https:\\\/\\\/greencottage.be\\\/en\\\/\",\"logo\":{\"@type\":\"ImageObject\",\"inLanguage\":\"en-GB\",\"@id\":\"https:\\\/\\\/greencottage.be\\\/en\\\/#\\\/schema\\\/logo\\\/image\\\/\",\"url\":\"https:\\\/\\\/greencottage.be\\\/wp-content\\\/uploads\\\/2023\\\/11\\\/cropped-Greencottage_logo-01.png\",\"contentUrl\":\"https:\\\/\\\/greencottage.be\\\/wp-content\\\/uploads\\\/2023\\\/11\\\/cropped-Greencottage_logo-01.png\",\"width\":400,\"height\":302,\"caption\":\"Green Cottage\"},\"image\":{\"@id\":\"https:\\\/\\\/greencottage.be\\\/en\\\/#\\\/schema\\\/logo\\\/image\\\/\"},\"sameAs\":[\"https:\\\/\\\/www.facebook.com\\\/www.greencottage.be\"]}]}<\/script>\n<!-- \/ Yoast SEO plugin. -->","yoast_head_json":{"title":"Out-of-the-ordinary teambuilding: archery","description":"An unusual team building for your teams? Develop self-control and accuracy with team archery safely! A few km from Brussels.","robots":{"index":"index","follow":"follow","max-snippet":"max-snippet:-1","max-image-preview":"max-image-preview:large","max-video-preview":"max-video-preview:-1"},"canonical":"https:\/\/greencottage.be\/en\/team-building-in-the-green-brussels\/out-of-the-ordinary-teambuilding-archery\/","og_locale":"en_GB","og_type":"article","og_title":"Out-of-the-ordinary teambuilding: archery","og_description":"An unusual team building for your teams? Develop self-control and accuracy with team archery safely! A few km from Brussels.","og_url":"https:\/\/greencottage.be\/en\/team-building-in-the-green-brussels\/out-of-the-ordinary-teambuilding-archery\/","og_site_name":"Green Cottage","article_publisher":"https:\/\/www.facebook.com\/www.greencottage.be","article_modified_time":"2023-02-27T10:30:52+00:00","og_image":[{"width":2560,"height":1707,"url":"https:\/\/greencottage.be\/wp-content\/uploads\/2020\/06\/Teambuilding_concentration_tir\u00e0larc-scaled.jpg","type":"image\/jpeg"}],"twitter_card":"summary_large_image","schema":{"@context":"https:\/\/schema.org","@graph":[{"@type":"WebPage","@id":"https:\/\/greencottage.be\/en\/team-building-in-the-green-brussels\/out-of-the-ordinary-teambuilding-archery\/","url":"https:\/\/greencottage.be\/en\/team-building-in-the-green-brussels\/out-of-the-ordinary-teambuilding-archery\/","name":"Out-of-the-ordinary teambuilding: archery","isPartOf":{"@id":"https:\/\/greencottage.be\/en\/#website"},"primaryImageOfPage":{"@id":"https:\/\/greencottage.be\/en\/team-building-in-the-green-brussels\/out-of-the-ordinary-teambuilding-archery\/#primaryimage"},"image":{"@id":"https:\/\/greencottage.be\/en\/team-building-in-the-green-brussels\/out-of-the-ordinary-teambuilding-archery\/#primaryimage"},"thumbnailUrl":"https:\/\/greencottage.be\/wp-content\/uploads\/2020\/06\/Teambuilding_concentration_tir\u00e0larc-scaled.jpg","datePublished":"2020-06-22T08:53:05+00:00","dateModified":"2023-02-27T10:30:52+00:00","description":"An unusual team building for your teams? Develop self-control and accuracy with team archery safely! A few km from Brussels.","breadcrumb":{"@id":"https:\/\/greencottage.be\/en\/team-building-in-the-green-brussels\/out-of-the-ordinary-teambuilding-archery\/#breadcrumb"},"inLanguage":"en-GB","potentialAction":[{"@type":"ReadAction","target":["https:\/\/greencottage.be\/en\/team-building-in-the-green-brussels\/out-of-the-ordinary-teambuilding-archery\/"]}]},{"@type":"ImageObject","inLanguage":"en-GB","@id":"https:\/\/greencottage.be\/en\/team-building-in-the-green-brussels\/out-of-the-ordinary-teambuilding-archery\/#primaryimage","url":"https:\/\/greencottage.be\/wp-content\/uploads\/2020\/06\/Teambuilding_concentration_tir\u00e0larc-scaled.jpg","contentUrl":"https:\/\/greencottage.be\/wp-content\/uploads\/2020\/06\/Teambuilding_concentration_tir\u00e0larc-scaled.jpg","width":2560,"height":1707,"caption":"Teambuilding Concentration Tir\u00e0larc"},{"@type":"BreadcrumbList","@id":"https:\/\/greencottage.be\/en\/team-building-in-the-green-brussels\/out-of-the-ordinary-teambuilding-archery\/#breadcrumb","itemListElement":[{"@type":"ListItem","position":1,"name":"Accueil","item":"https:\/\/greencottage.be\/en\/"},{"@type":"ListItem","position":2,"name":"Team buildings in the green near Brussels","item":"https:\/\/greencottage.be\/en\/team-building-in-the-green-brussels\/"},{"@type":"ListItem","position":3,"name":"Out-of-the-ordinary teambuilding: archery"}]},{"@type":"WebSite","@id":"https:\/\/greencottage.be\/en\/#website","url":"https:\/\/greencottage.be\/en\/","name":"Green Cottage","description":"Salle de r\u00e9union \/ S\u00e9minaire au vert \u00e0 proximit\u00e9 de Bruxelles","publisher":{"@id":"https:\/\/greencottage.be\/en\/#organization"},"potentialAction":[{"@type":"SearchAction","target":{"@type":"EntryPoint","urlTemplate":"https:\/\/greencottage.be\/en\/?s={search_term_string}"},"query-input":{"@type":"PropertyValueSpecification","valueRequired":true,"valueName":"search_term_string"}}],"inLanguage":"en-GB"},{"@type":"Organization","@id":"https:\/\/greencottage.be\/en\/#organization","name":"Green Cottage","url":"https:\/\/greencottage.be\/en\/","logo":{"@type":"ImageObject","inLanguage":"en-GB","@id":"https:\/\/greencottage.be\/en\/#\/schema\/logo\/image\/","url":"https:\/\/greencottage.be\/wp-content\/uploads\/2023\/11\/cropped-Greencottage_logo-01.png","contentUrl":"https:\/\/greencottage.be\/wp-content\/uploads\/2023\/11\/cropped-Greencottage_logo-01.png","width":400,"height":302,"caption":"Green Cottage"},"image":{"@id":"https:\/\/greencottage.be\/en\/#\/schema\/logo\/image\/"},"sameAs":["https:\/\/www.facebook.com\/www.greencottage.be"]}]}},"_links":{"self":[{"href":"https:\/\/greencottage.be\/en\/wp-json\/wp\/v2\/pages\/5977","targetHints":{"allow":["GET"]}}],"collection":[{"href":"https:\/\/greencottage.be\/en\/wp-json\/wp\/v2\/pages"}],"about":[{"href":"https:\/\/greencottage.be\/en\/wp-json\/wp\/v2\/types\/page"}],"author":[{"embeddable":true,"href":"https:\/\/greencottage.be\/en\/wp-json\/wp\/v2\/users\/1"}],"replies":[{"embeddable":true,"href":"https:\/\/greencottage.be\/en\/wp-json\/wp\/v2\/comments?post=5977"}],"version-history":[{"count":1,"href":"https:\/\/greencottage.be\/en\/wp-json\/wp\/v2\/pages\/5977\/revisions"}],"predecessor-version":[{"id":5978,"href":"https:\/\/greencottage.be\/en\/wp-json\/wp\/v2\/pages\/5977\/revisions\/5978"}],"up":[{"embeddable":true,"href":"https:\/\/greencottage.be\/en\/wp-json\/wp\/v2\/pages\/992"}],"wp:featuredmedia":[{"embeddable":true,"href":"https:\/\/greencottage.be\/en\/wp-json\/wp\/v2\/media\/5381"}],"wp:attachment":[{"href":"https:\/\/greencottage.be\/en\/wp-json\/wp\/v2\/media?parent=5977"}],"curies":[{"name":"wp","href":"https:\/\/api.w.org\/{rel}","templated":true}]}}