{"id":5904,"date":"2022-11-08T10:36:09","date_gmt":"2022-11-08T09:36:09","guid":{"rendered":"https:\/\/greencottage.be\/outstanding-international-seminars\/"},"modified":"2025-09-29T15:14:16","modified_gmt":"2025-09-29T13:14:16","slug":"outstanding-international-seminars","status":"publish","type":"page","link":"https:\/\/greencottage.be\/en\/outstanding-international-seminars\/","title":{"rendered":"Outstanding international seminars"},"content":{"rendered":"\n<div class=\"wp-block-columns is-layout-flex wp-container-core-columns-is-layout-9d6595d7 wp-block-columns-is-layout-flex\">\n<div class=\"wp-block-column is-vertically-aligned-top is-layout-flow wp-block-column-is-layout-flow\">\n<figure class=\"wp-block-image size-large\"><img loading=\"lazy\" decoding=\"async\" width=\"1024\" height=\"683\" src=\"https:\/\/greencottage.be\/wp-content\/uploads\/2022\/11\/green-essaouira-hall-1024x683.jpg\" alt=\"\" class=\"wp-image-4719\" srcset=\"https:\/\/greencottage.be\/wp-content\/uploads\/2022\/11\/green-essaouira-hall-1024x683.jpg 1024w, https:\/\/greencottage.be\/wp-content\/uploads\/2022\/11\/green-essaouira-hall-600x400.jpg 600w, https:\/\/greencottage.be\/wp-content\/uploads\/2022\/11\/green-essaouira-hall-768x512.jpg 768w, https:\/\/greencottage.be\/wp-content\/uploads\/2022\/11\/green-essaouira-hall.jpg 1080w\" sizes=\"auto, (max-width: 1024px) 100vw, 1024px\" \/><\/figure>\n<\/div>\n\n\n\n<div class=\"wp-block-column is-layout-flow wp-block-column-is-layout-flow\">\n<p>Green Cottage Essaouira &#8220;ARUBA ESSAOUIRA&#8221; is a beautiful and characterful estate that remains true to the authentic spirit of old kasbahs, while also offering all the modern amenities needed for your business seminars and team-building activities. Its authenticity and tranquillity make it the ideal place for your events, for a team outing in nature, and for strengthening bonds within an extraordinary location. <br\/><br\/>Your colleagues will no doubt appreciate the serenity and hospitality of this charming and magical setting.<\/p>\n<\/div>\n<\/div>\n\n<div class=\"wp-block-columns are-vertically-aligned-center callToAction has-background is-layout-flex wp-container-core-columns-is-layout-9d6595d7 wp-block-columns-is-layout-flex\" style=\"background-color:#f1f1f1\">\n<div class=\"wp-block-column is-vertically-aligned-center is-layout-flow wp-block-column-is-layout-flow\" style=\"flex-basis:66.66%\">\n<h2 class=\"wp-block-heading has-text-align-left\" id=\"schedule-a-visit\" style=\"font-size:25px;line-height:1.15\"><strong>Green Cottage Essaouira <\/strong><br\/><strong>&#8220;ARUBA ESSAOUIRA&#8221;<\/strong><\/h2>\n\n\n\n<p>I wish to have more information on the possibility of organizing a seminar at the <strong>Green Cottage Essaouira<\/strong>&#8220;.<\/p>\n<\/div>\n\n\n\n<div class=\"wp-block-column is-vertically-aligned-center is-layout-flow wp-block-column-is-layout-flow\" style=\"flex-basis:33.33%\">\n<div class=\"wp-block-buttons is-layout-flex wp-block-buttons-is-layout-flex\">\n<div class=\"wp-block-button has-custom-width wp-block-button__width-100 has-custom-font-size\" style=\"font-size:15px\"><a class=\"wp-block-button__link wp-element-button\" href=\"https:\/\/aruba-essaouira.com\/\" target=\"_blank\" rel=\"noreferrer noopener\">Organise my seminar<\/a><\/div>\n<\/div>\n<\/div>\n<\/div>\n\n<hr class=\"wp-block-separator has-alpha-channel-opacity\"\/>\n\n<figure class=\"wp-block-image size-large\"><img loading=\"lazy\" decoding=\"async\" width=\"1024\" height=\"683\" src=\"https:\/\/greencottage.be\/wp-content\/uploads\/2022\/11\/green-essaouira-piscine-1024x683.jpg\" alt=\"\" class=\"wp-image-4718\" srcset=\"https:\/\/greencottage.be\/wp-content\/uploads\/2022\/11\/green-essaouira-piscine-1024x683.jpg 1024w, https:\/\/greencottage.be\/wp-content\/uploads\/2022\/11\/green-essaouira-piscine-600x400.jpg 600w, https:\/\/greencottage.be\/wp-content\/uploads\/2022\/11\/green-essaouira-piscine-768x512.jpg 768w, https:\/\/greencottage.be\/wp-content\/uploads\/2022\/11\/green-essaouira-piscine-1536x1024.jpg 1536w, https:\/\/greencottage.be\/wp-content\/uploads\/2022\/11\/green-essaouira-piscine-1200x800.jpg 1200w, https:\/\/greencottage.be\/wp-content\/uploads\/2022\/11\/green-essaouira-piscine.jpg 1620w\" sizes=\"auto, (max-width: 1024px) 100vw, 1024px\" \/><\/figure>\n\n<hr class=\"wp-block-separator has-alpha-channel-opacity\"\/>\n\n<div class=\"wp-block-columns is-layout-flex wp-container-core-columns-is-layout-9d6595d7 wp-block-columns-is-layout-flex\">\n<div class=\"wp-block-column is-layout-flow wp-block-column-is-layout-flow\">\n<p><strong>Services<\/strong><\/p>\n\n\n\n<p>Motivating business seminars with team-building activities in Essaouira, Morocco!<\/p>\n\n\n\n<ul class=\"wp-block-list\">\n<li>Exclusive accommodation, private environment.<\/li>\n\n\n\n<li>Free WiFi, full-service experience.<\/li>\n\n\n\n<li>5 spacious rooms, private bathrooms.<\/li>\n\n\n\n<li>Large terrace, barbecue facilities.<\/li>\n\n\n\n<li>Poolhouse, petanque court.<\/li>\n\n\n\n<li>Customised team-building activities.<\/li>\n\n\n\n<li>Relaxation extras: yoga classes, massages.<\/li>\n\n\n\n<li>Combine work and pleasure.<\/li>\n\n\n\n<li>Authentic Moroccan hospitality.<\/li>\n\n\n\n<li>Strengthen team bonds.<\/li>\n<\/ul>\n<\/div>\n\n\n\n<div class=\"wp-block-column is-layout-flow wp-block-column-is-layout-flow\">\n<p><\/p>\n\n\n\n<figure class=\"wp-block-image size-large\"><img loading=\"lazy\" decoding=\"async\" width=\"1024\" height=\"683\" src=\"https:\/\/greencottage.be\/wp-content\/uploads\/2022\/11\/green-essaouira-salle-a-manger-1024x683.jpg\" alt=\"\" class=\"wp-image-4720\" srcset=\"https:\/\/greencottage.be\/wp-content\/uploads\/2022\/11\/green-essaouira-salle-a-manger-1024x683.jpg 1024w, https:\/\/greencottage.be\/wp-content\/uploads\/2022\/11\/green-essaouira-salle-a-manger-600x400.jpg 600w, https:\/\/greencottage.be\/wp-content\/uploads\/2022\/11\/green-essaouira-salle-a-manger-768x512.jpg 768w, https:\/\/greencottage.be\/wp-content\/uploads\/2022\/11\/green-essaouira-salle-a-manger.jpg 1080w\" sizes=\"auto, (max-width: 1024px) 100vw, 1024px\" \/><\/figure>\n<\/div>\n<\/div>\n\n<div class=\"wp-block-columns are-vertically-aligned-center callToAction has-background is-layout-flex wp-container-core-columns-is-layout-9d6595d7 wp-block-columns-is-layout-flex\" style=\"background-color:#f1f1f1\">\n<div class=\"wp-block-column is-vertically-aligned-center is-layout-flow wp-block-column-is-layout-flow\" style=\"flex-basis:66.66%\">\n<h2 class=\"wp-block-heading has-text-align-left\" id=\"schedule-a-visit\" style=\"font-size:25px;line-height:1.15\">Request a custom quote for an inspiring experience in Morocco!<\/h2>\n<\/div>\n\n\n\n<div class=\"wp-block-column is-vertically-aligned-center is-layout-flow wp-block-column-is-layout-flow\" style=\"flex-basis:33.33%\">\n<div class=\"wp-block-buttons is-layout-flex wp-block-buttons-is-layout-flex\">\n<div class=\"wp-block-button has-custom-width wp-block-button__width-100 has-custom-font-size\" style=\"font-size:15px\"><a class=\"wp-block-button__link wp-element-button\" href=\"https:\/\/aruba-essaouira.com\/\" target=\"_blank\" rel=\"noreferrer noopener\">Organize my experience<\/a><\/div>\n<\/div>\n<\/div>\n<\/div>\n\n<hr class=\"wp-block-separator has-alpha-channel-opacity\"\/>\n\n<div class=\"wp-block-columns is-layout-flex wp-container-core-columns-is-layout-9d6595d7 wp-block-columns-is-layout-flex\">\n<div class=\"wp-block-column is-vertically-aligned-top is-layout-flow wp-block-column-is-layout-flow\">\n<figure class=\"wp-block-image size-large\"><img loading=\"lazy\" decoding=\"async\" width=\"1024\" height=\"683\" src=\"https:\/\/greencottage.be\/wp-content\/uploads\/2022\/11\/green-essaouira-golf-1024x683.jpg\" alt=\"\" class=\"wp-image-4728\" srcset=\"https:\/\/greencottage.be\/wp-content\/uploads\/2022\/11\/green-essaouira-golf-1024x683.jpg 1024w, https:\/\/greencottage.be\/wp-content\/uploads\/2022\/11\/green-essaouira-golf-600x400.jpg 600w, https:\/\/greencottage.be\/wp-content\/uploads\/2022\/11\/green-essaouira-golf-768x512.jpg 768w, https:\/\/greencottage.be\/wp-content\/uploads\/2022\/11\/green-essaouira-golf-1200x801.jpg 1200w, https:\/\/greencottage.be\/wp-content\/uploads\/2022\/11\/green-essaouira-golf.jpg 1280w\" sizes=\"auto, (max-width: 1024px) 100vw, 1024px\" \/><\/figure>\n<\/div>\n\n\n\n<div class=\"wp-block-column is-layout-flow wp-block-column-is-layout-flow\">\n<p>Green Cottage Essaouira is the perfect place for your business trips. <\/p>\n\n\n\n<p>Located in the countryside and away from prying eyes, its ideal location 15 kilometres from the Mogador golf course, and its lush surroundings adorned with bougainvilleas, olive trees, argan trees, and other plants from the region are all elements that will appeal to your clients, partners, and colleagues. <\/p>\n\n\n\n<p>A successful stay for all your foreign delegations. Your business events and activities will undoubtedly be unforgettable in this magical place.<\/p>\n<\/div>\n<\/div>\n\n<hr class=\"wp-block-separator has-alpha-channel-opacity\"\/>\n\n<p><\/p>\n","protected":false},"excerpt":{"rendered":"<p>Green Cottage Essaouira &#8220;ARUBA ESSAOUIRA&#8221; is a beautiful and characterful estate that remains true to the authentic spirit of old kasbahs, while also offering all the modern amenities needed for your business seminars and team-building activities. Its authenticity and tranquillity make it the ideal place for your events, for a team outing in nature, and [&hellip;]<\/p>\n","protected":false},"author":6,"featured_media":5781,"parent":0,"menu_order":0,"comment_status":"closed","ping_status":"closed","template":"","meta":{"_genesis_hide_title":false,"_genesis_hide_breadcrumbs":false,"_genesis_hide_singular_image":false,"_genesis_hide_footer_widgets":false,"_genesis_custom_body_class":"","_genesis_custom_post_class":"","_genesis_layout":"","footnotes":""},"class_list":{"0":"post-5904","1":"page","2":"type-page","3":"status-publish","4":"has-post-thumbnail","6":"entry"},"yoast_head":"<!-- This site is optimized with the Yoast SEO plugin v27.5 - https:\/\/yoast.com\/product\/yoast-seo-wordpress\/ -->\n<title>Outstanding international seminars<\/title>\n<meta name=\"robots\" content=\"index, follow, max-snippet:-1, max-image-preview:large, max-video-preview:-1\" \/>\n<link rel=\"canonical\" href=\"https:\/\/greencottage.be\/en\/outstanding-international-seminars\/\" \/>\n<meta property=\"og:locale\" content=\"en_GB\" \/>\n<meta property=\"og:type\" content=\"article\" \/>\n<meta property=\"og:title\" content=\"Outstanding international seminars\" \/>\n<meta property=\"og:description\" content=\"Green Cottage Essaouira &#8220;ARUBA ESSAOUIRA&#8221; is a beautiful and characterful estate that remains true to the authentic spirit of old kasbahs, while also offering all the modern amenities needed for your business seminars and team-building activities. Its authenticity and tranquillity make it the ideal place for your events, for a team outing in nature, and [&hellip;]\" \/>\n<meta property=\"og:url\" content=\"https:\/\/greencottage.be\/en\/outstanding-international-seminars\/\" \/>\n<meta property=\"og:site_name\" content=\"Green Cottage\" \/>\n<meta property=\"article:publisher\" content=\"https:\/\/www.facebook.com\/www.greencottage.be\" \/>\n<meta property=\"article:modified_time\" content=\"2025-09-29T13:14:16+00:00\" \/>\n<meta property=\"og:image\" content=\"https:\/\/greencottage.be\/wp-content\/uploads\/2022\/11\/green-essaouira-header.jpg\" \/>\n\t<meta property=\"og:image:width\" content=\"1620\" \/>\n\t<meta property=\"og:image:height\" content=\"1080\" \/>\n\t<meta property=\"og:image:type\" content=\"image\/jpeg\" \/>\n<meta name=\"twitter:card\" content=\"summary_large_image\" \/>\n<meta name=\"twitter:label1\" content=\"Estimated reading time\" \/>\n\t<meta name=\"twitter:data1\" content=\"1 minute\" \/>\n<script type=\"application\/ld+json\" class=\"yoast-schema-graph\">{\"@context\":\"https:\\\/\\\/schema.org\",\"@graph\":[{\"@type\":\"WebPage\",\"@id\":\"https:\\\/\\\/greencottage.be\\\/en\\\/outstanding-international-seminars\\\/\",\"url\":\"https:\\\/\\\/greencottage.be\\\/en\\\/outstanding-international-seminars\\\/\",\"name\":\"Outstanding international seminars\",\"isPartOf\":{\"@id\":\"https:\\\/\\\/greencottage.be\\\/en\\\/#website\"},\"primaryImageOfPage\":{\"@id\":\"https:\\\/\\\/greencottage.be\\\/en\\\/outstanding-international-seminars\\\/#primaryimage\"},\"image\":{\"@id\":\"https:\\\/\\\/greencottage.be\\\/en\\\/outstanding-international-seminars\\\/#primaryimage\"},\"thumbnailUrl\":\"https:\\\/\\\/greencottage.be\\\/wp-content\\\/uploads\\\/2022\\\/11\\\/green-essaouira-header.jpg\",\"datePublished\":\"2022-11-08T09:36:09+00:00\",\"dateModified\":\"2025-09-29T13:14:16+00:00\",\"breadcrumb\":{\"@id\":\"https:\\\/\\\/greencottage.be\\\/en\\\/outstanding-international-seminars\\\/#breadcrumb\"},\"inLanguage\":\"en-GB\",\"potentialAction\":[{\"@type\":\"ReadAction\",\"target\":[\"https:\\\/\\\/greencottage.be\\\/en\\\/outstanding-international-seminars\\\/\"]}]},{\"@type\":\"ImageObject\",\"inLanguage\":\"en-GB\",\"@id\":\"https:\\\/\\\/greencottage.be\\\/en\\\/outstanding-international-seminars\\\/#primaryimage\",\"url\":\"https:\\\/\\\/greencottage.be\\\/wp-content\\\/uploads\\\/2022\\\/11\\\/green-essaouira-header.jpg\",\"contentUrl\":\"https:\\\/\\\/greencottage.be\\\/wp-content\\\/uploads\\\/2022\\\/11\\\/green-essaouira-header.jpg\",\"width\":1620,\"height\":1080,\"caption\":\"Green Essaouira Header\"},{\"@type\":\"BreadcrumbList\",\"@id\":\"https:\\\/\\\/greencottage.be\\\/en\\\/outstanding-international-seminars\\\/#breadcrumb\",\"itemListElement\":[{\"@type\":\"ListItem\",\"position\":1,\"name\":\"Accueil\",\"item\":\"https:\\\/\\\/greencottage.be\\\/en\\\/\"},{\"@type\":\"ListItem\",\"position\":2,\"name\":\"Outstanding international seminars\"}]},{\"@type\":\"WebSite\",\"@id\":\"https:\\\/\\\/greencottage.be\\\/en\\\/#website\",\"url\":\"https:\\\/\\\/greencottage.be\\\/en\\\/\",\"name\":\"Green Cottage\",\"description\":\"Salle de r\u00e9union \\\/ S\u00e9minaire au vert \u00e0 proximit\u00e9 de Bruxelles\",\"publisher\":{\"@id\":\"https:\\\/\\\/greencottage.be\\\/en\\\/#organization\"},\"potentialAction\":[{\"@type\":\"SearchAction\",\"target\":{\"@type\":\"EntryPoint\",\"urlTemplate\":\"https:\\\/\\\/greencottage.be\\\/en\\\/?s={search_term_string}\"},\"query-input\":{\"@type\":\"PropertyValueSpecification\",\"valueRequired\":true,\"valueName\":\"search_term_string\"}}],\"inLanguage\":\"en-GB\"},{\"@type\":\"Organization\",\"@id\":\"https:\\\/\\\/greencottage.be\\\/en\\\/#organization\",\"name\":\"Green Cottage\",\"url\":\"https:\\\/\\\/greencottage.be\\\/en\\\/\",\"logo\":{\"@type\":\"ImageObject\",\"inLanguage\":\"en-GB\",\"@id\":\"https:\\\/\\\/greencottage.be\\\/en\\\/#\\\/schema\\\/logo\\\/image\\\/\",\"url\":\"https:\\\/\\\/greencottage.be\\\/wp-content\\\/uploads\\\/2023\\\/11\\\/cropped-Greencottage_logo-01.png\",\"contentUrl\":\"https:\\\/\\\/greencottage.be\\\/wp-content\\\/uploads\\\/2023\\\/11\\\/cropped-Greencottage_logo-01.png\",\"width\":400,\"height\":302,\"caption\":\"Green Cottage\"},\"image\":{\"@id\":\"https:\\\/\\\/greencottage.be\\\/en\\\/#\\\/schema\\\/logo\\\/image\\\/\"},\"sameAs\":[\"https:\\\/\\\/www.facebook.com\\\/www.greencottage.be\"]}]}<\/script>\n<!-- \/ Yoast SEO plugin. -->","yoast_head_json":{"title":"Outstanding international seminars","robots":{"index":"index","follow":"follow","max-snippet":"max-snippet:-1","max-image-preview":"max-image-preview:large","max-video-preview":"max-video-preview:-1"},"canonical":"https:\/\/greencottage.be\/en\/outstanding-international-seminars\/","og_locale":"en_GB","og_type":"article","og_title":"Outstanding international seminars","og_description":"Green Cottage Essaouira &#8220;ARUBA ESSAOUIRA&#8221; is a beautiful and characterful estate that remains true to the authentic spirit of old kasbahs, while also offering all the modern amenities needed for your business seminars and team-building activities. Its authenticity and tranquillity make it the ideal place for your events, for a team outing in nature, and [&hellip;]","og_url":"https:\/\/greencottage.be\/en\/outstanding-international-seminars\/","og_site_name":"Green Cottage","article_publisher":"https:\/\/www.facebook.com\/www.greencottage.be","article_modified_time":"2025-09-29T13:14:16+00:00","og_image":[{"width":1620,"height":1080,"url":"https:\/\/greencottage.be\/wp-content\/uploads\/2022\/11\/green-essaouira-header.jpg","type":"image\/jpeg"}],"twitter_card":"summary_large_image","twitter_misc":{"Estimated reading time":"1 minute"},"schema":{"@context":"https:\/\/schema.org","@graph":[{"@type":"WebPage","@id":"https:\/\/greencottage.be\/en\/outstanding-international-seminars\/","url":"https:\/\/greencottage.be\/en\/outstanding-international-seminars\/","name":"Outstanding international seminars","isPartOf":{"@id":"https:\/\/greencottage.be\/en\/#website"},"primaryImageOfPage":{"@id":"https:\/\/greencottage.be\/en\/outstanding-international-seminars\/#primaryimage"},"image":{"@id":"https:\/\/greencottage.be\/en\/outstanding-international-seminars\/#primaryimage"},"thumbnailUrl":"https:\/\/greencottage.be\/wp-content\/uploads\/2022\/11\/green-essaouira-header.jpg","datePublished":"2022-11-08T09:36:09+00:00","dateModified":"2025-09-29T13:14:16+00:00","breadcrumb":{"@id":"https:\/\/greencottage.be\/en\/outstanding-international-seminars\/#breadcrumb"},"inLanguage":"en-GB","potentialAction":[{"@type":"ReadAction","target":["https:\/\/greencottage.be\/en\/outstanding-international-seminars\/"]}]},{"@type":"ImageObject","inLanguage":"en-GB","@id":"https:\/\/greencottage.be\/en\/outstanding-international-seminars\/#primaryimage","url":"https:\/\/greencottage.be\/wp-content\/uploads\/2022\/11\/green-essaouira-header.jpg","contentUrl":"https:\/\/greencottage.be\/wp-content\/uploads\/2022\/11\/green-essaouira-header.jpg","width":1620,"height":1080,"caption":"Green Essaouira Header"},{"@type":"BreadcrumbList","@id":"https:\/\/greencottage.be\/en\/outstanding-international-seminars\/#breadcrumb","itemListElement":[{"@type":"ListItem","position":1,"name":"Accueil","item":"https:\/\/greencottage.be\/en\/"},{"@type":"ListItem","position":2,"name":"Outstanding international seminars"}]},{"@type":"WebSite","@id":"https:\/\/greencottage.be\/en\/#website","url":"https:\/\/greencottage.be\/en\/","name":"Green Cottage","description":"Salle de r\u00e9union \/ S\u00e9minaire au vert \u00e0 proximit\u00e9 de Bruxelles","publisher":{"@id":"https:\/\/greencottage.be\/en\/#organization"},"potentialAction":[{"@type":"SearchAction","target":{"@type":"EntryPoint","urlTemplate":"https:\/\/greencottage.be\/en\/?s={search_term_string}"},"query-input":{"@type":"PropertyValueSpecification","valueRequired":true,"valueName":"search_term_string"}}],"inLanguage":"en-GB"},{"@type":"Organization","@id":"https:\/\/greencottage.be\/en\/#organization","name":"Green Cottage","url":"https:\/\/greencottage.be\/en\/","logo":{"@type":"ImageObject","inLanguage":"en-GB","@id":"https:\/\/greencottage.be\/en\/#\/schema\/logo\/image\/","url":"https:\/\/greencottage.be\/wp-content\/uploads\/2023\/11\/cropped-Greencottage_logo-01.png","contentUrl":"https:\/\/greencottage.be\/wp-content\/uploads\/2023\/11\/cropped-Greencottage_logo-01.png","width":400,"height":302,"caption":"Green Cottage"},"image":{"@id":"https:\/\/greencottage.be\/en\/#\/schema\/logo\/image\/"},"sameAs":["https:\/\/www.facebook.com\/www.greencottage.be"]}]}},"_links":{"self":[{"href":"https:\/\/greencottage.be\/en\/wp-json\/wp\/v2\/pages\/5904","targetHints":{"allow":["GET"]}}],"collection":[{"href":"https:\/\/greencottage.be\/en\/wp-json\/wp\/v2\/pages"}],"about":[{"href":"https:\/\/greencottage.be\/en\/wp-json\/wp\/v2\/types\/page"}],"author":[{"embeddable":true,"href":"https:\/\/greencottage.be\/en\/wp-json\/wp\/v2\/users\/6"}],"replies":[{"embeddable":true,"href":"https:\/\/greencottage.be\/en\/wp-json\/wp\/v2\/comments?post=5904"}],"version-history":[{"count":3,"href":"https:\/\/greencottage.be\/en\/wp-json\/wp\/v2\/pages\/5904\/revisions"}],"predecessor-version":[{"id":7619,"href":"https:\/\/greencottage.be\/en\/wp-json\/wp\/v2\/pages\/5904\/revisions\/7619"}],"wp:featuredmedia":[{"embeddable":true,"href":"https:\/\/greencottage.be\/en\/wp-json\/wp\/v2\/media\/5781"}],"wp:attachment":[{"href":"https:\/\/greencottage.be\/en\/wp-json\/wp\/v2\/media?parent=5904"}],"curies":[{"name":"wp","href":"https:\/\/api.w.org\/{rel}","templated":true}]}}