{"id":4652,"date":"2022-06-22T15:40:47","date_gmt":"2022-06-22T13:40:47","guid":{"rendered":"https:\/\/greencottage.be\/?page_id=4652"},"modified":"2025-09-29T15:14:16","modified_gmt":"2025-09-29T13:14:16","slug":"eco-responsible-meeting-and-seminar-venue","status":"publish","type":"page","link":"https:\/\/greencottage.be\/en\/eco-responsible-meeting-and-seminar-venue\/","title":{"rendered":"Eco-responsible meeting and seminar rooms"},"content":{"rendered":"\n<h1 class=\"wp-block-heading\">Seminars, meetings and team-building in an eco-responsible venue<\/h1>\n\n<p>Green Cottage is committed to offering you an <strong>eco-responsible<\/strong> venue for meetings, <strong>seminars <\/strong>and <strong>team-building<\/strong> events.<br\/>To ensure that your corporate events are in line with your CSR commitments, we have to act too: become an eco-friendly venue!<br\/><br\/>Like you, we are committed to an <strong>eco-responsible<\/strong> trajectory to encourage the organization of environmentally-friendly <strong>seminars <\/strong>and <strong>team-buildings<\/strong>.<br\/><br\/>Green Cottage&#8217;s strong points in terms of <strong>eco-responsible<\/strong> commitments are :<\/p>\n\n<ul class=\"wp-block-list\"><li>proximity: so close to Brussels, yet so close to nature,<\/li><li>biodiversity: the estate is 40,000 m\u00b2 of reforested land, a haven for flora and fauna,<\/li><li>low-tech<strong> team-building<\/strong> activities, with a low carbon footprint,<\/li><li>the hunt for plastic packaging and waste,<\/li><li>vegetarian alternatives for more <strong>eco-responsible<\/strong> meals.<\/li><\/ul>\n\n<p>We&#8217;re not perfect. We&#8217;re not perfect.<br\/>We still have many projects and areas for improvement to make Green Cottage even more <strong>eco-responsible<\/strong> and committed to the transition.<\/p>\n\n<div style=\"height:30px\" aria-hidden=\"true\" class=\"wp-block-spacer\"><\/div>\n\n<hr class=\"wp-block-separator has-alpha-channel-opacity\"\/>\n\n<div class=\"wp-block-media-text alignwide is-stacked-on-mobile is-image-fill\" id=\"seminaire-residentiel\"><figure class=\"wp-block-media-text__media\" style=\"background-image:url(https:\/\/greencottage.be\/wp-content\/uploads\/2022\/06\/abeille-un-havre-de-biodiversite-1024x684.jpg);background-position:70% 47%\"><img loading=\"lazy\" decoding=\"async\" width=\"1024\" height=\"684\" src=\"https:\/\/greencottage.be\/wp-content\/uploads\/2022\/06\/abeille-un-havre-de-biodiversite-1024x684.jpg\" alt=\"\" class=\"wp-image-4578 size-full\" srcset=\"https:\/\/greencottage.be\/wp-content\/uploads\/2022\/06\/abeille-un-havre-de-biodiversite-1024x684.jpg 1024w, https:\/\/greencottage.be\/wp-content\/uploads\/2022\/06\/abeille-un-havre-de-biodiversite-600x400.jpg 600w, https:\/\/greencottage.be\/wp-content\/uploads\/2022\/06\/abeille-un-havre-de-biodiversite-768x513.jpg 768w, https:\/\/greencottage.be\/wp-content\/uploads\/2022\/06\/abeille-un-havre-de-biodiversite-1536x1026.jpg 1536w, https:\/\/greencottage.be\/wp-content\/uploads\/2022\/06\/abeille-un-havre-de-biodiversite-1200x801.jpg 1200w, https:\/\/greencottage.be\/wp-content\/uploads\/2022\/06\/abeille-un-havre-de-biodiversite.jpg 1900w\" sizes=\"auto, (max-width: 1024px) 100vw, 1024px\" \/><\/figure><div class=\"wp-block-media-text__content\">\n<h2 class=\"wp-block-heading\">A haven for biodiversity<\/h2>\n\n\n\n<p>4 hectares, that&#8217;s a lot!<br\/>The Green Cottage is privileged to be housed in a paradise for birds, small mammals, deer, amphibians, reptiles, insects&#8230; not to mention all the plant species that unfold before our eyes.<br\/>A regularly maintained pond serves as a stopover for Egyptian geese, Canada ducks, mallards&#8230;<br\/>Every year, children from the neighboring school come to discover the richness of the estate.<br\/><br\/>We benefit from a source of drinking water.<br\/>We are connected to a wastewater treatment plant.<br\/>We apply sustainable management techniques and have abandoned the last gestures that lacked coherence.<\/p>\n\n\n\n<p>Since the creation of the <a href=\"https:\/\/greencottage.be\/fr\/location-seminaire-residentiel-au-vert\/\" target=\"_blank\" rel=\"noreferrer noopener\">Green Cottage<\/a>, we have replanted a multitude of trees.<br\/>One of our future projects is to make an inventory of all the biodiversity that has made its home in the same place as us!<\/p>\n\n\n\n<div style=\"height:30px\" aria-hidden=\"true\" class=\"wp-block-spacer\"><\/div>\n<\/div><\/div>\n\n<div style=\"height:30px\" aria-hidden=\"true\" class=\"wp-block-spacer\"><\/div>\n\n<hr class=\"wp-block-separator has-alpha-channel-opacity\"\/>\n\n<div class=\"wp-block-media-text alignwide has-media-on-the-right is-stacked-on-mobile is-image-fill\" id=\"seminaire-residentiel\"><figure class=\"wp-block-media-text__media\" style=\"background-image:url(https:\/\/greencottage.be\/wp-content\/uploads\/2022\/06\/un-chemin-vers-le-zero-dechet-1024x683.jpg);background-position:50% 50%\"><img loading=\"lazy\" decoding=\"async\" width=\"1024\" height=\"683\" src=\"https:\/\/greencottage.be\/wp-content\/uploads\/2022\/06\/un-chemin-vers-le-zero-dechet-1024x683.jpg\" alt=\"\" class=\"wp-image-4579 size-full\" srcset=\"https:\/\/greencottage.be\/wp-content\/uploads\/2022\/06\/un-chemin-vers-le-zero-dechet-1024x683.jpg 1024w, https:\/\/greencottage.be\/wp-content\/uploads\/2022\/06\/un-chemin-vers-le-zero-dechet-600x400.jpg 600w, https:\/\/greencottage.be\/wp-content\/uploads\/2022\/06\/un-chemin-vers-le-zero-dechet-768x513.jpg 768w, https:\/\/greencottage.be\/wp-content\/uploads\/2022\/06\/un-chemin-vers-le-zero-dechet-1536x1025.jpg 1536w, https:\/\/greencottage.be\/wp-content\/uploads\/2022\/06\/un-chemin-vers-le-zero-dechet-1200x801.jpg 1200w, https:\/\/greencottage.be\/wp-content\/uploads\/2022\/06\/un-chemin-vers-le-zero-dechet.jpg 1900w\" sizes=\"auto, (max-width: 1024px) 100vw, 1024px\" \/><\/figure><div class=\"wp-block-media-text__content\">\n<h2 class=\"wp-block-heading\">A path to zero waste.<\/h2>\n\n\n\n<p>We started by eliminating all plastic bottles. We opt for glass bottles or aluminum cans to guarantee maximum reusability or recyclability.<br\/>We systematically offer a healthy version of your snacks and meals.<br\/>Bulk purchases, local suppliers, home preparation: wherever possible, we give preference to these choices.<br\/>Food waste is recycled.<br\/>In the event of cancellation, meals are donated to Brussels charities.<\/p>\n\n\n\n<div style=\"height:30px\" aria-hidden=\"true\" class=\"wp-block-spacer\"><\/div>\n<\/div><\/div>\n\n<div style=\"height:30px\" aria-hidden=\"true\" class=\"wp-block-spacer\"><\/div>\n\n<hr class=\"wp-block-separator has-alpha-channel-opacity\"\/>\n\n<div class=\"wp-block-media-text alignwide is-stacked-on-mobile is-image-fill\" id=\"seminaire-residentiel\"><figure class=\"wp-block-media-text__media\" style=\"background-image:url(https:\/\/greencottage.be\/wp-content\/uploads\/2022\/06\/activites-low-tech-respectueuse-de-l-environnement-1024x683.jpg);background-position:50% 50%\"><img loading=\"lazy\" decoding=\"async\" width=\"1024\" height=\"683\" src=\"https:\/\/greencottage.be\/wp-content\/uploads\/2022\/06\/activites-low-tech-respectueuse-de-l-environnement-1024x683.jpg\" alt=\"\" class=\"wp-image-4580 size-full\" srcset=\"https:\/\/greencottage.be\/wp-content\/uploads\/2022\/06\/activites-low-tech-respectueuse-de-l-environnement-1024x683.jpg 1024w, https:\/\/greencottage.be\/wp-content\/uploads\/2022\/06\/activites-low-tech-respectueuse-de-l-environnement-600x400.jpg 600w, https:\/\/greencottage.be\/wp-content\/uploads\/2022\/06\/activites-low-tech-respectueuse-de-l-environnement-768x512.jpg 768w, https:\/\/greencottage.be\/wp-content\/uploads\/2022\/06\/activites-low-tech-respectueuse-de-l-environnement-1536x1024.jpg 1536w, https:\/\/greencottage.be\/wp-content\/uploads\/2022\/06\/activites-low-tech-respectueuse-de-l-environnement-1200x800.jpg 1200w, https:\/\/greencottage.be\/wp-content\/uploads\/2022\/06\/activites-low-tech-respectueuse-de-l-environnement.jpg 1900w\" sizes=\"auto, (max-width: 1024px) 100vw, 1024px\" \/><\/figure><div class=\"wp-block-media-text__content\">\n<h2 class=\"wp-block-heading\">Low-tech, environmentally-friendly activities<\/h2>\n\n\n\n<p>At Green Cottage, we&#8217;ve opted for <a href=\"https:\/\/greencottage.be\/fr\/teambuilding-au-vert-bruxelles\/\" target=\"_blank\" rel=\"noreferrer noopener\"><strong>team building<\/strong><\/a> activities.<\/p>\n\n\n\n<p>Simple activities, using natural resources, with little transformation, energy and waste from manufacture to use.<br\/>Sheep-driving, horse-drawn carriage rides, fire-walking&#8230; are more <strong>eco-responsible<\/strong> activities that you can combine with your environmental awareness sessions.<br\/>Clayshooting, for its part, uses technology to&#8230; produce no more waste (the clays are not broken, therefore not replaced! )<\/p>\n\n\n\n<div style=\"height:30px\" aria-hidden=\"true\" class=\"wp-block-spacer\"><\/div>\n<\/div><\/div>\n\n<div style=\"height:30px\" aria-hidden=\"true\" class=\"wp-block-spacer\"><\/div>\n\n<hr class=\"wp-block-separator has-alpha-channel-opacity\"\/>\n\n<div class=\"wp-block-media-text alignwide has-media-on-the-right is-stacked-on-mobile is-image-fill\" id=\"seminaire-residentiel\"><figure class=\"wp-block-media-text__media\" style=\"background-image:url(https:\/\/greencottage.be\/wp-content\/uploads\/2022\/06\/alternatives-vegetariennes-pour-eslres-repas-683x1024.jpg);background-position:50% 50%\"><img loading=\"lazy\" decoding=\"async\" width=\"683\" height=\"1024\" src=\"https:\/\/greencottage.be\/wp-content\/uploads\/2022\/06\/alternatives-vegetariennes-pour-eslres-repas-683x1024.jpg\" alt=\"\" class=\"wp-image-4581 size-full\" srcset=\"https:\/\/greencottage.be\/wp-content\/uploads\/2022\/06\/alternatives-vegetariennes-pour-eslres-repas-683x1024.jpg 683w, https:\/\/greencottage.be\/wp-content\/uploads\/2022\/06\/alternatives-vegetariennes-pour-eslres-repas-400x600.jpg 400w, https:\/\/greencottage.be\/wp-content\/uploads\/2022\/06\/alternatives-vegetariennes-pour-eslres-repas-768x1152.jpg 768w, https:\/\/greencottage.be\/wp-content\/uploads\/2022\/06\/alternatives-vegetariennes-pour-eslres-repas-1024x1536.jpg 1024w, https:\/\/greencottage.be\/wp-content\/uploads\/2022\/06\/alternatives-vegetariennes-pour-eslres-repas-1365x2048.jpg 1365w, https:\/\/greencottage.be\/wp-content\/uploads\/2022\/06\/alternatives-vegetariennes-pour-eslres-repas-800x1200.jpg 800w, https:\/\/greencottage.be\/wp-content\/uploads\/2022\/06\/alternatives-vegetariennes-pour-eslres-repas-scaled.jpg 1707w\" sizes=\"auto, (max-width: 683px) 100vw, 683px\" \/><\/figure><div class=\"wp-block-media-text__content\">\n<h2 class=\"wp-block-heading\">Vegetarian alternatives for meals<\/h2>\n\n\n\n<p>The barbecue is a mainstay of our festive habits, and yet&#8230;<br\/>We systematically offer vegetarian accompaniments to invite you to discover a different cuisine, and to meet the needs of those who have already taken the plunge! Together with you, we can adapt our menus to achieve<a href=\"https:\/\/greencottage.be\/fr\/location-salle-catering\/\" target=\"_blank\" rel=\"noreferrer noopener\">a meal with as little carbon as possible<\/a>.<\/p>\n<\/div><\/div>\n\n<div style=\"height:30px\" aria-hidden=\"true\" class=\"wp-block-spacer\"><\/div>\n\n<hr class=\"wp-block-separator has-alpha-channel-opacity\"\/>\n\n<h2 class=\"wp-block-heading\">What about your commitment to an eco-responsible seminar?<\/h2>\n\n<p><em>We&#8217;ve got work to do.<br\/>We also need your help.<br\/><br\/><strong>Mobility <\/strong>: carpool, hire a coach, use public transport to get to us. Ultimate challenge: come on foot!<\/em><\/p>\n\n<p><em><strong>Food <\/strong>: let us tempt you with vegetarian alternatives and reduce the meat portions on offer. Accept 100% lochock-full snacks. Let&#8217;s do away with pre-packaged single portions.<\/em><\/p>\n\n<p><em><strong>Energy<\/strong>: make yourself at home, pay attention to everything! Turn off the lights behind you. Close the window when you turn on the heating, switch off your computer&#8230; All these little gestures count too!<\/em><\/p>\n\n<p><em><strong>Dialogue<\/strong>: how about a chat? How far do you want<\/em><a href=\"https:\/\/greencottage.be\/fr\/seminaire-au-vert-bruxelles\/\" target=\"_blank\" rel=\"noreferrer noopener\"><strong>your seminar <\/strong><\/a>to be <strong><em>eco-responsible<\/em><\/strong><em>, and how far should respect for the environment go in your seminar?<\/em><\/p>\n\n<figure class=\"wp-block-image size-large\"><img loading=\"lazy\" decoding=\"async\" width=\"1024\" height=\"668\" src=\"https:\/\/greencottage.be\/wp-content\/uploads\/2022\/06\/zero-waste-1024x668.jpg\" alt=\"\" class=\"wp-image-4576\" srcset=\"https:\/\/greencottage.be\/wp-content\/uploads\/2022\/06\/zero-waste-1024x668.jpg 1024w, https:\/\/greencottage.be\/wp-content\/uploads\/2022\/06\/zero-waste-600x391.jpg 600w, https:\/\/greencottage.be\/wp-content\/uploads\/2022\/06\/zero-waste-768x501.jpg 768w, https:\/\/greencottage.be\/wp-content\/uploads\/2022\/06\/zero-waste-1536x1002.jpg 1536w, https:\/\/greencottage.be\/wp-content\/uploads\/2022\/06\/zero-waste-1200x783.jpg 1200w, https:\/\/greencottage.be\/wp-content\/uploads\/2022\/06\/zero-waste.jpg 1900w\" sizes=\"auto, (max-width: 1024px) 100vw, 1024px\" \/><\/figure>\n","protected":false},"excerpt":{"rendered":"<p>Seminars, meetings and team-building in an eco-responsible venue Green Cottage is committed to offering you an eco-responsible venue for meetings, seminars and team-building events.To ensure that your corporate events are in line with your CSR commitments, we have to act too: become an eco-friendly venue! Like you, we are committed to an eco-responsible trajectory to [&hellip;]<\/p>\n","protected":false},"author":6,"featured_media":4577,"parent":0,"menu_order":0,"comment_status":"closed","ping_status":"closed","template":"","meta":{"_genesis_hide_title":false,"_genesis_hide_breadcrumbs":false,"_genesis_hide_singular_image":false,"_genesis_hide_footer_widgets":false,"_genesis_custom_body_class":"","_genesis_custom_post_class":"","_genesis_layout":"","footnotes":""},"class_list":{"0":"post-4652","1":"page","2":"type-page","3":"status-publish","4":"has-post-thumbnail","6":"entry"},"yoast_head":"<!-- This site is optimized with the Yoast SEO plugin v27.6 - https:\/\/yoast.com\/product\/yoast-seo-wordpress\/ -->\n<title>Eco-responsible meeting and seminar rooms<\/title>\n<meta name=\"description\" content=\"Like you, we&#039;re committed to an eco-responsible approach to organizing environmentally-friendly seminars and team-buildings.\" \/>\n<meta name=\"robots\" content=\"index, follow, max-snippet:-1, max-image-preview:large, max-video-preview:-1\" \/>\n<link rel=\"canonical\" href=\"https:\/\/greencottage.be\/en\/eco-responsible-meeting-and-seminar-venue\/\" \/>\n<meta property=\"og:locale\" content=\"en_GB\" \/>\n<meta property=\"og:type\" content=\"article\" \/>\n<meta property=\"og:title\" content=\"Eco-responsible meeting and seminar rooms\" \/>\n<meta property=\"og:description\" content=\"Like you, we&#039;re committed to an eco-responsible approach to organizing environmentally-friendly seminars and team-buildings.\" \/>\n<meta property=\"og:url\" content=\"https:\/\/greencottage.be\/en\/eco-responsible-meeting-and-seminar-venue\/\" \/>\n<meta property=\"og:site_name\" content=\"Green Cottage\" \/>\n<meta property=\"article:publisher\" content=\"https:\/\/www.facebook.com\/www.greencottage.be\" \/>\n<meta property=\"article:modified_time\" content=\"2025-09-29T13:14:16+00:00\" \/>\n<meta property=\"og:image\" content=\"https:\/\/greencottage.be\/wp-content\/uploads\/2022\/06\/un-havre-de-biodiversite.jpg\" \/>\n\t<meta property=\"og:image:width\" content=\"1900\" \/>\n\t<meta property=\"og:image:height\" content=\"1267\" \/>\n\t<meta property=\"og:image:type\" content=\"image\/jpeg\" \/>\n<meta name=\"twitter:card\" content=\"summary_large_image\" \/>\n<meta name=\"twitter:label1\" content=\"Estimated reading time\" \/>\n\t<meta name=\"twitter:data1\" content=\"5 minutes\" \/>\n<script type=\"application\/ld+json\" class=\"yoast-schema-graph\">{\"@context\":\"https:\\\/\\\/schema.org\",\"@graph\":[{\"@type\":\"WebPage\",\"@id\":\"https:\\\/\\\/greencottage.be\\\/en\\\/eco-responsible-meeting-and-seminar-venue\\\/\",\"url\":\"https:\\\/\\\/greencottage.be\\\/en\\\/eco-responsible-meeting-and-seminar-venue\\\/\",\"name\":\"Eco-responsible meeting and seminar rooms\",\"isPartOf\":{\"@id\":\"https:\\\/\\\/greencottage.be\\\/en\\\/#website\"},\"primaryImageOfPage\":{\"@id\":\"https:\\\/\\\/greencottage.be\\\/en\\\/eco-responsible-meeting-and-seminar-venue\\\/#primaryimage\"},\"image\":{\"@id\":\"https:\\\/\\\/greencottage.be\\\/en\\\/eco-responsible-meeting-and-seminar-venue\\\/#primaryimage\"},\"thumbnailUrl\":\"https:\\\/\\\/greencottage.be\\\/wp-content\\\/uploads\\\/2022\\\/06\\\/un-havre-de-biodiversite.jpg\",\"datePublished\":\"2022-06-22T13:40:47+00:00\",\"dateModified\":\"2025-09-29T13:14:16+00:00\",\"description\":\"Like you, we're committed to an eco-responsible approach to organizing environmentally-friendly seminars and team-buildings.\",\"breadcrumb\":{\"@id\":\"https:\\\/\\\/greencottage.be\\\/en\\\/eco-responsible-meeting-and-seminar-venue\\\/#breadcrumb\"},\"inLanguage\":\"en-GB\",\"potentialAction\":[{\"@type\":\"ReadAction\",\"target\":[\"https:\\\/\\\/greencottage.be\\\/en\\\/eco-responsible-meeting-and-seminar-venue\\\/\"]}]},{\"@type\":\"ImageObject\",\"inLanguage\":\"en-GB\",\"@id\":\"https:\\\/\\\/greencottage.be\\\/en\\\/eco-responsible-meeting-and-seminar-venue\\\/#primaryimage\",\"url\":\"https:\\\/\\\/greencottage.be\\\/wp-content\\\/uploads\\\/2022\\\/06\\\/un-havre-de-biodiversite.jpg\",\"contentUrl\":\"https:\\\/\\\/greencottage.be\\\/wp-content\\\/uploads\\\/2022\\\/06\\\/un-havre-de-biodiversite.jpg\",\"width\":1900,\"height\":1267,\"caption\":\"Un Havre De Biodiversite\"},{\"@type\":\"BreadcrumbList\",\"@id\":\"https:\\\/\\\/greencottage.be\\\/en\\\/eco-responsible-meeting-and-seminar-venue\\\/#breadcrumb\",\"itemListElement\":[{\"@type\":\"ListItem\",\"position\":1,\"name\":\"Accueil\",\"item\":\"https:\\\/\\\/greencottage.be\\\/en\\\/\"},{\"@type\":\"ListItem\",\"position\":2,\"name\":\"Eco-responsible meeting and seminar rooms\"}]},{\"@type\":\"WebSite\",\"@id\":\"https:\\\/\\\/greencottage.be\\\/en\\\/#website\",\"url\":\"https:\\\/\\\/greencottage.be\\\/en\\\/\",\"name\":\"Green Cottage\",\"description\":\"Salle de r\u00e9union \\\/ S\u00e9minaire au vert \u00e0 proximit\u00e9 de Bruxelles\",\"publisher\":{\"@id\":\"https:\\\/\\\/greencottage.be\\\/en\\\/#organization\"},\"potentialAction\":[{\"@type\":\"SearchAction\",\"target\":{\"@type\":\"EntryPoint\",\"urlTemplate\":\"https:\\\/\\\/greencottage.be\\\/en\\\/?s={search_term_string}\"},\"query-input\":{\"@type\":\"PropertyValueSpecification\",\"valueRequired\":true,\"valueName\":\"search_term_string\"}}],\"inLanguage\":\"en-GB\"},{\"@type\":\"Organization\",\"@id\":\"https:\\\/\\\/greencottage.be\\\/en\\\/#organization\",\"name\":\"Green Cottage\",\"url\":\"https:\\\/\\\/greencottage.be\\\/en\\\/\",\"logo\":{\"@type\":\"ImageObject\",\"inLanguage\":\"en-GB\",\"@id\":\"https:\\\/\\\/greencottage.be\\\/en\\\/#\\\/schema\\\/logo\\\/image\\\/\",\"url\":\"https:\\\/\\\/greencottage.be\\\/wp-content\\\/uploads\\\/2023\\\/11\\\/cropped-Greencottage_logo-01.png\",\"contentUrl\":\"https:\\\/\\\/greencottage.be\\\/wp-content\\\/uploads\\\/2023\\\/11\\\/cropped-Greencottage_logo-01.png\",\"width\":400,\"height\":302,\"caption\":\"Green Cottage\"},\"image\":{\"@id\":\"https:\\\/\\\/greencottage.be\\\/en\\\/#\\\/schema\\\/logo\\\/image\\\/\"},\"sameAs\":[\"https:\\\/\\\/www.facebook.com\\\/www.greencottage.be\"]}]}<\/script>\n<!-- \/ Yoast SEO plugin. -->","yoast_head_json":{"title":"Eco-responsible meeting and seminar rooms","description":"Like you, we're committed to an eco-responsible approach to organizing environmentally-friendly seminars and team-buildings.","robots":{"index":"index","follow":"follow","max-snippet":"max-snippet:-1","max-image-preview":"max-image-preview:large","max-video-preview":"max-video-preview:-1"},"canonical":"https:\/\/greencottage.be\/en\/eco-responsible-meeting-and-seminar-venue\/","og_locale":"en_GB","og_type":"article","og_title":"Eco-responsible meeting and seminar rooms","og_description":"Like you, we're committed to an eco-responsible approach to organizing environmentally-friendly seminars and team-buildings.","og_url":"https:\/\/greencottage.be\/en\/eco-responsible-meeting-and-seminar-venue\/","og_site_name":"Green Cottage","article_publisher":"https:\/\/www.facebook.com\/www.greencottage.be","article_modified_time":"2025-09-29T13:14:16+00:00","og_image":[{"width":1900,"height":1267,"url":"https:\/\/greencottage.be\/wp-content\/uploads\/2022\/06\/un-havre-de-biodiversite.jpg","type":"image\/jpeg"}],"twitter_card":"summary_large_image","twitter_misc":{"Estimated reading time":"5 minutes"},"schema":{"@context":"https:\/\/schema.org","@graph":[{"@type":"WebPage","@id":"https:\/\/greencottage.be\/en\/eco-responsible-meeting-and-seminar-venue\/","url":"https:\/\/greencottage.be\/en\/eco-responsible-meeting-and-seminar-venue\/","name":"Eco-responsible meeting and seminar rooms","isPartOf":{"@id":"https:\/\/greencottage.be\/en\/#website"},"primaryImageOfPage":{"@id":"https:\/\/greencottage.be\/en\/eco-responsible-meeting-and-seminar-venue\/#primaryimage"},"image":{"@id":"https:\/\/greencottage.be\/en\/eco-responsible-meeting-and-seminar-venue\/#primaryimage"},"thumbnailUrl":"https:\/\/greencottage.be\/wp-content\/uploads\/2022\/06\/un-havre-de-biodiversite.jpg","datePublished":"2022-06-22T13:40:47+00:00","dateModified":"2025-09-29T13:14:16+00:00","description":"Like you, we're committed to an eco-responsible approach to organizing environmentally-friendly seminars and team-buildings.","breadcrumb":{"@id":"https:\/\/greencottage.be\/en\/eco-responsible-meeting-and-seminar-venue\/#breadcrumb"},"inLanguage":"en-GB","potentialAction":[{"@type":"ReadAction","target":["https:\/\/greencottage.be\/en\/eco-responsible-meeting-and-seminar-venue\/"]}]},{"@type":"ImageObject","inLanguage":"en-GB","@id":"https:\/\/greencottage.be\/en\/eco-responsible-meeting-and-seminar-venue\/#primaryimage","url":"https:\/\/greencottage.be\/wp-content\/uploads\/2022\/06\/un-havre-de-biodiversite.jpg","contentUrl":"https:\/\/greencottage.be\/wp-content\/uploads\/2022\/06\/un-havre-de-biodiversite.jpg","width":1900,"height":1267,"caption":"Un Havre De Biodiversite"},{"@type":"BreadcrumbList","@id":"https:\/\/greencottage.be\/en\/eco-responsible-meeting-and-seminar-venue\/#breadcrumb","itemListElement":[{"@type":"ListItem","position":1,"name":"Accueil","item":"https:\/\/greencottage.be\/en\/"},{"@type":"ListItem","position":2,"name":"Eco-responsible meeting and seminar rooms"}]},{"@type":"WebSite","@id":"https:\/\/greencottage.be\/en\/#website","url":"https:\/\/greencottage.be\/en\/","name":"Green Cottage","description":"Salle de r\u00e9union \/ S\u00e9minaire au vert \u00e0 proximit\u00e9 de Bruxelles","publisher":{"@id":"https:\/\/greencottage.be\/en\/#organization"},"potentialAction":[{"@type":"SearchAction","target":{"@type":"EntryPoint","urlTemplate":"https:\/\/greencottage.be\/en\/?s={search_term_string}"},"query-input":{"@type":"PropertyValueSpecification","valueRequired":true,"valueName":"search_term_string"}}],"inLanguage":"en-GB"},{"@type":"Organization","@id":"https:\/\/greencottage.be\/en\/#organization","name":"Green Cottage","url":"https:\/\/greencottage.be\/en\/","logo":{"@type":"ImageObject","inLanguage":"en-GB","@id":"https:\/\/greencottage.be\/en\/#\/schema\/logo\/image\/","url":"https:\/\/greencottage.be\/wp-content\/uploads\/2023\/11\/cropped-Greencottage_logo-01.png","contentUrl":"https:\/\/greencottage.be\/wp-content\/uploads\/2023\/11\/cropped-Greencottage_logo-01.png","width":400,"height":302,"caption":"Green Cottage"},"image":{"@id":"https:\/\/greencottage.be\/en\/#\/schema\/logo\/image\/"},"sameAs":["https:\/\/www.facebook.com\/www.greencottage.be"]}]}},"_links":{"self":[{"href":"https:\/\/greencottage.be\/en\/wp-json\/wp\/v2\/pages\/4652","targetHints":{"allow":["GET"]}}],"collection":[{"href":"https:\/\/greencottage.be\/en\/wp-json\/wp\/v2\/pages"}],"about":[{"href":"https:\/\/greencottage.be\/en\/wp-json\/wp\/v2\/types\/page"}],"author":[{"embeddable":true,"href":"https:\/\/greencottage.be\/en\/wp-json\/wp\/v2\/users\/6"}],"replies":[{"embeddable":true,"href":"https:\/\/greencottage.be\/en\/wp-json\/wp\/v2\/comments?post=4652"}],"version-history":[{"count":3,"href":"https:\/\/greencottage.be\/en\/wp-json\/wp\/v2\/pages\/4652\/revisions"}],"predecessor-version":[{"id":7622,"href":"https:\/\/greencottage.be\/en\/wp-json\/wp\/v2\/pages\/4652\/revisions\/7622"}],"wp:featuredmedia":[{"embeddable":true,"href":"https:\/\/greencottage.be\/en\/wp-json\/wp\/v2\/media\/4577"}],"wp:attachment":[{"href":"https:\/\/greencottage.be\/en\/wp-json\/wp\/v2\/media?parent=4652"}],"curies":[{"name":"wp","href":"https:\/\/api.w.org\/{rel}","templated":true}]}}